{"id":3406,"date":"2017-12-27T20:32:55","date_gmt":"2017-12-27T20:32:55","guid":{"rendered":"https:\/\/www.steinberglawfirm.com\/?page_id=3406"},"modified":"2023-01-18T23:18:06","modified_gmt":"2023-01-18T23:18:06","slug":"goose-creek","status":"publish","type":"page","link":"https:\/\/steinberglawfirm-staging.clmcloud.app\/es\/ubicaciones\/goose-creek\/","title":{"rendered":"Goose Creek, South Carolina Abogados de lesiones"},"content":{"rendered":"<h1 class=\"wp-block-heading\">Goose Creek, South Carolina Abogados de lesiones personales<\/h1>\n\n\n\n<div style=\"height:15px\" aria-hidden=\"true\" class=\"wp-block-spacer\"><\/div>\n\n\n\n<p>Si ha sufrido lesiones en un accidente, es posible que pueda obtener una indemnizaci\u00f3n por da\u00f1os y perjuicios de los responsables de sus lesiones. Sin embargo, s\u00f3lo tiene una oportunidad de presentar una <a href=\"https:\/\/www.steinberglawfirm.com\/locations\/goose-creek\/personal-injury-attorneys\/\" target=\"_blank\" rel=\"noopener\">Goose Creek caso de da\u00f1os personales<\/a> contra una parte negligente. As\u00ed, <a href=\"https:\/\/www.steinberglawfirm.com\/\" target=\"_blank\" rel=\"noopener\">elegir qu\u00e9 bufete de abogados de lesiones personales Goose Creek<\/a> que le represente es una decisi\u00f3n crucial. Aunque t\u00e9cnicamente no se necesita un abogado para llevar un caso de lesiones personales, a las v\u00edctimas de accidentes que contratan a un abogado con experiencia en lesiones les va mejor que a las que lo hacen solas.<\/p>\n\n\n\n<p><a href=\"https:\/\/www.steinberglawfirm.com\/about-us\/\" target=\"_blank\" rel=\"noopener\">Los clientes contratan el Steinberg Law Firm<\/a> porque somos miembros de confianza de la comunidad Goose Creek desde hace m\u00e1s de 85 a\u00f1os. Estamos orgullosos de aplicar el mismo nivel de cuidado y convicci\u00f3n a cada cliente que atendemos. Ya sea que estemos manejando un <a href=\"https:\/\/www.steinberglawfirm.com\/practice-areas\/workers-compensation\/\" target=\"_blank\" rel=\"noopener\">reclamaci\u00f3n de indemnizaci\u00f3n de los trabajadores<\/a>, <a href=\"https:\/\/www.steinberglawfirm.com\/practice-areas\/auto-accidents\/\" target=\"_blank\" rel=\"noopener\">caso de accidente de coche<\/a>o <a href=\"https:\/\/www.steinberglawfirm.com\/practice-areas\/\" target=\"_blank\" rel=\"noopener\">otro asunto de da\u00f1os personales<\/a>Tratamos cada caso de la manera m\u00e1s profesional y cuidadosa posible. Estamos aqu\u00ed para servirle, y nuestros experimentados abogados trabajan duro para conseguir la justicia y la compensaci\u00f3n que usted merece seg\u00fan la ley.<\/p>\n\n\n\n<p><strong>Qui\u00e9n recibe una indemnizaci\u00f3n tras una lesi\u00f3n Goose Creek<\/strong><\/p>\n\n\n\n<p>Seg\u00fan un estudio reciente, el 70 por ciento de los demandantes por lesiones personales recibieron alg\u00fan tipo de indemnizaci\u00f3n, ya sea a trav\u00e9s de un acuerdo o de un juicio.<\/p>\n\n\n\n<p>- El 96% de estos casos se resolvieron mediante un acuerdo de conciliaci\u00f3n previo al juicio.<\/p>\n\n\n\n<p>La cantidad que recibi\u00f3 cada demandante por sus lesiones fue la siguiente:<\/p>\n\n\n\n<p>- El 16% de las v\u00edctimas de accidentes recibieron menos de $3.000<br>- El 37% de las v\u00edctimas de accidentes recibieron entre $3.000 y $10.000<br>- El 21% de las v\u00edctimas de accidentes recibieron entre $10.001 y $25.000<br>- El 10% de las v\u00edctimas de accidentes recibieron entre $25.001 y $75.000<br>- El 16% de las v\u00edctimas de accidentes recibieron m\u00e1s de $75.001<\/p>\n\n\n\n<p>Por t\u00e9rmino medio, a las v\u00edctimas de accidentes representadas por abogados les fue mejor que a las que no estaban representadas:<\/p>\n\n\n\n<p>- El 91% de las v\u00edctimas de accidentes que fueron representadas por un abogado recibieron una indemnizaci\u00f3n<br>- El 51% de las v\u00edctimas de accidentes que no estaban representadas por un abogado recibieron una indemnizaci\u00f3n<\/p>\n\n\n\n<p>En el caso de las v\u00edctimas de accidentes que obtuvieron una indemnizaci\u00f3n por sus lesiones, la cuant\u00eda media fue mayor en el caso de los representados por un abogado:<\/p>\n\n\n\n<p>- La recuperaci\u00f3n media de las v\u00edctimas de accidentes representadas por un abogado: $77,600<br>- La indemnizaci\u00f3n media para las v\u00edctimas de accidentes sin representaci\u00f3n: $17.600<\/p>\n\n\n\n<p>Las v\u00edctimas de accidentes que aceptaron la primera oferta de acuerdo obtuvieron una indemnizaci\u00f3n considerablemente menor por sus lesiones:<\/p>\n\n\n\n<p>- V\u00edctimas de accidentes que aceptaron el primer acuerdo: $11,800<br>- V\u00edctimas de accidentes que aceptaron una oferta de acuerdo posterior: $42,500<\/p>\n\n\n\n<p><strong>Tipos de casos de lesiones personales de Goose Greek que manejamos<\/strong><\/p>\n\n\n\n<p>Algunos bufetes de abogados especializados en lesiones personales prefieren centrarse en recoger la fruta m\u00e1s f\u00e1cil, es decir, aquellos casos que pueden dar lugar a acuerdos r\u00e1pidos y sencillos. Sin embargo, en el Steinberg Law Firm actuamos con un enfoque diferente: queremos ayudar a todas las v\u00edctimas de accidentes a recuperar la indemnizaci\u00f3n que necesitan y merecen tras sufrir lesiones graves. Nuestro <a href=\"https:\/\/www.steinberglawfirm.com\/practice-areas\/personal-injury\/\" target=\"_blank\" rel=\"noopener\">abogados especializados en lesiones personales<\/a> representar a los clientes en todo tipo de reclamaciones, incluyendo:<\/p>\n\n\n\n<p>- <a href=\"https:\/\/www.steinberglawfirm.com\/locations\/goose-creek\/car-accident-lawyer\/\" target=\"_blank\" rel=\"noopener\">Goose Creek Demandas por accidentes de tr\u00e1fico<\/a><br>- <a href=\"https:\/\/www.steinberglawfirm.com\/locations\/goose-creek\/personal-injury-attorneys\/\" target=\"_blank\" rel=\"noopener\">Goose Creek Casos de da\u00f1os personales<\/a><br>- <a href=\"https:\/\/www.steinberglawfirm.com\/locations\/goose-creek\/slip-and-fall-attorney\/\" target=\"_blank\" rel=\"noopener\">Goose Creek Resbalones y ca\u00eddas<\/a><br>- <a href=\"https:\/\/www.steinberglawfirm.com\/locations\/goose-creek\/work-injury-lawyers\/\" target=\"_blank\" rel=\"noopener\">Goose Creek Reclamaciones de indemnizaci\u00f3n de los trabajadores<\/a><br>- <a href=\"https:\/\/www.steinberglawfirm.com\/locations\/goose-creek\/wrongful-death-attorneys\/\" target=\"_blank\" rel=\"noopener\">Goose Creek Demandas por homicidio involuntario<\/a><br>- <a href=\"https:\/\/www.steinberglawfirm.com\/locations\/goose-creek\/nursing-home-abuse-and-negligence\/\" target=\"_blank\" rel=\"noopener\">Goose Creek Casos de abuso y negligencia en residencias de ancianos<\/a><\/p>\n\n\n\n<p>Independientemente del tipo de accidente que haya causado sus lesiones, podemos ayudarle. <a href=\"https:\/\/www.steinberglawfirm.com\/attorney\/\" target=\"_blank\" rel=\"noopener\">Nuestros abogados son expertos en todas las \u00e1reas de la ley de lesiones personales South Carolina<\/a>y estamos deseando reunirnos con usted para discutir c\u00f3mo podemos ayudarle en su camino hacia la recuperaci\u00f3n.<\/p>\n\n\n\n<p><strong>La larga historia de \u00e9xitos del Steinberg Law Firm<\/strong><\/p>\n\n\n\n<p>En el Steinberg Law Firm sabemos que cada v\u00edctima de un accidente es \u00fanica. Y no hay dos accidentes que afecten a una v\u00edctima de la misma manera. Por lo tanto, los da\u00f1os que pueden estar disponibles a trav\u00e9s de un caso de lesiones personales Goose Creek ser\u00e1 diferente en cada caso. Algunas de nuestras victorias recientes incluyen las siguientes:<\/p>\n\n\n\n<p>- $3,850,000 en un caso de compensaci\u00f3n de trabajadores que involucra un accidente de cami\u00f3n de plataforma<br>- $3,150,000 en un <a href=\"https:\/\/www.steinberglawfirm.com\/locations\/goose-creek\/truck-accident-lawyers\/\" target=\"_blank\" rel=\"noopener\">accidente de cami\u00f3n con un cami\u00f3n de 18 ruedas<\/a><br>- $2.750.000 en un caso de defecto de producto relacionado con el mal funcionamiento de un elevador de tijera<br>- $1.680.000 en un caso de indemnizaci\u00f3n laboral de un cliente que sufri\u00f3 una grave lesi\u00f3n cerebral<br>- $1.650.000 en un accidente con un cami\u00f3n de 12 ruedas<br>- $1.450.000 en un caso derivado de una colisi\u00f3n automovil\u00edstica mortal<br>- $1.590.000 en un accidente de explosi\u00f3n de una caldera<br>- $1.000.000 en un caso en el que un peat\u00f3n fue atropellado por un cami\u00f3n de 18 ruedas<br>- $1.000.000 en un caso de negligencia m\u00e9dica en el que un m\u00e9dico no diagnostic\u00f3 el c\u00e1ncer de un paciente<br>- $925.000 en un caso de colisi\u00f3n de motos<br>- $925.000 en un caso de accidente de barco<\/p>\n\n\n\n<p>Estos premios son importantes, y aunque <a href=\"https:\/\/www.steinberglawfirm.com\/results\/\" target=\"_blank\" rel=\"noopener\">nos enorgullecemos de obtener importantes indemnizaciones para nuestros clientes<\/a>nuestra verdadera pasi\u00f3n es ayudar al mayor n\u00famero de clientes posible, independientemente del valor potencial de su caso. En el Steinberg Law Firm, nuestro objetivo principal es ayudarle en su camino hacia la recuperaci\u00f3n.<\/p>\n\n\n\n<p><strong>C\u00f3mo pueden ayudar los abogados de Steinberg Law Firm&nbsp;<\/strong><\/p>\n\n\n\n<p>Si decide dejar que el Steinberg Law Firm le ayude con su caso, nos comprometemos a hacer todo lo posible para ayudarle a obtener la m\u00e1xima cantidad de compensaci\u00f3n por sus lesiones. Aunque cada caso es diferente, nuestros abogados pueden ayudarle de la siguiente manera:<\/p>\n\n\n\n<p>- Explicar el proceso de da\u00f1os personales Goose Creek<br>- Ayudarle a entender la ley en lo que respecta a su caso<br>- Proporcionarle una idea de los da\u00f1os y perjuicios que puede recuperar<br>- Investigar su reclamaci\u00f3n, incluyendo la visita al lugar de los hechos, la toma de fotograf\u00edas, el interrogatorio de testigos y la obtenci\u00f3n de historiales m\u00e9dicos y laborales.<br>- Redactar y enviar una carta de demanda a la parte culpable, explicando el accidente y el alcance de sus lesiones<br>- Negociar con la compa\u00f1\u00eda de seguros con la esperanza de obtener una oferta de acuerdo favorable<br>- Gestionar todas las mociones previas al juicio relativas a la admisibilidad de las pruebas<br>- Litigar su caso ante un juez o un jurado<br>- Argumentar de forma convincente el importe m\u00e1ximo de los da\u00f1os<\/p>\n\n\n\n<p>Desde el momento en que se ponga en contacto con Steinberg Law Firm, dispondr\u00e1 de un aliado especializado que le ayudar\u00e1 a exigir responsabilidades a los causantes de sus da\u00f1os. En cada paso del proceso, tambi\u00e9n estaremos disponibles para responder a sus preguntas y abordar sus preocupaciones.<\/p>\n\n\n\n<h2 class=\"wp-block-heading\">P\u00f3ngase en contacto con los abogados de lesiones Goose Creek en el Steinberg Law Firm hoy<\/h2>\n\n\n\n<p>Si usted o un ser querido se ha lesionado, nuestro <a href=\"https:\/\/www.steinberglawfirm.com\/locations\/goose-creek\/personal-injury-attorneys\/\" target=\"_blank\" rel=\"noopener\">Goose Creek abogados de lesiones personales<\/a> quieren ayudar. <a href=\"https:\/\/www.steinberglawfirm.com\/practice-areas\/\" target=\"_blank\" rel=\"noopener\">Representamos a clientes en todo tipo de reclamaciones por lesiones<\/a>incluyendo los que implican <a href=\"https:\/\/www.steinberglawfirm.com\/practice-areas\/premises-liability\/slip-and-fall\/\" target=\"_blank\" rel=\"noopener\">resbalones y ca\u00eddas<\/a>, <a href=\"https:\/\/www.steinberglawfirm.com\/practice-areas\/auto-accidents\/\" target=\"_blank\" rel=\"noopener\">accidentes de tr\u00e1fico<\/a>, <a href=\"https:\/\/www.steinberglawfirm.com\/practice-areas\/medical-malpractice\/\" target=\"_blank\" rel=\"noopener\">negligencia m\u00e9dica<\/a>, <a href=\"https:\/\/www.steinberglawfirm.com\/practice-areas\/nursing-home-abuse\/\" target=\"_blank\" rel=\"noopener\">abuso en residencias de ancianos<\/a>, <a href=\"https:\/\/www.steinberglawfirm.com\/practice-areas\/construction-defect\/\" target=\"_blank\" rel=\"noopener\">defectos de construcci\u00f3n<\/a> y <a href=\"https:\/\/www.steinberglawfirm.com\/practice-areas\/wrongful-death\/\" target=\"_blank\" rel=\"noopener\">muerte por negligencia<\/a>. Nuestro <a href=\"https:\/\/www.steinberglawfirm.com\/attorney\/\" target=\"_blank\" rel=\"noopener\">el equipo de abogados es un h\u00e1bil negociador y un agresivo litigante<\/a> y puede pasar de un papel a otro seg\u00fan sea necesario para promover sus intereses en cada etapa del proceso.<\/p>\n\n\n\n<p>En el <a href=\"https:\/\/www.steinberglawfirm.com\/\" target=\"_blank\" rel=\"noopener\">Abeto de la Ley Steinberg<\/a>m, nuestros abogados han <a href=\"https:\/\/www.steinberglawfirm.com\/about-us\/\" target=\"_blank\" rel=\"noopener\">m\u00e1s de 200 a\u00f1os de experiencia colectiva<\/a> manejando casi todo tipo de casos de lesiones personales imaginables. Dada esta amplia base de experiencia, es probable que hayamos manejado un caso como el suyo. Para saber m\u00e1s sobre c\u00f3mo podemos ayudarle a reclamar una indemnizaci\u00f3n basada en las lesiones que usted o su ser querido han sufrido, <a href=\"tel:843-720-2800\">llame al 843-720-2800<\/a>o <a href=\"https:\/\/www.steinberglawfirm.com\/contact-us\/\" target=\"_blank\" rel=\"noopener\">contacte con nosotros a trav\u00e9s de nuestro formulario online<\/a>.<\/p>","protected":false},"excerpt":{"rendered":"<p>Goose Creek, South Carolina Abogados de lesiones personales Si usted ha sido lesionado en un accidente, puede ser capaz de recuperar los da\u00f1os monetarios de los que fueron responsables de sus lesiones. Sin embargo, s\u00f3lo tiene una oportunidad de presentar un caso de lesiones personales Goose Creek contra una parte negligente. Por lo tanto, la elecci\u00f3n de un abogado de lesiones personales Goose Creek...<\/p>","protected":false},"author":1,"featured_media":20555,"parent":13547,"menu_order":0,"comment_status":"closed","ping_status":"closed","template":"","meta":{"_acf_changed":false,"footnotes":""},"class_list":["post-3406","page","type-page","status-publish","has-post-thumbnail","hentry"],"acf":[],"_links":{"self":[{"href":"https:\/\/steinberglawfirm-staging.clmcloud.app\/es\/wp-json\/wp\/v2\/pages\/3406"}],"collection":[{"href":"https:\/\/steinberglawfirm-staging.clmcloud.app\/es\/wp-json\/wp\/v2\/pages"}],"about":[{"href":"https:\/\/steinberglawfirm-staging.clmcloud.app\/es\/wp-json\/wp\/v2\/types\/page"}],"author":[{"embeddable":true,"href":"https:\/\/steinberglawfirm-staging.clmcloud.app\/es\/wp-json\/wp\/v2\/users\/1"}],"replies":[{"embeddable":true,"href":"https:\/\/steinberglawfirm-staging.clmcloud.app\/es\/wp-json\/wp\/v2\/comments?post=3406"}],"version-history":[{"count":8,"href":"https:\/\/steinberglawfirm-staging.clmcloud.app\/es\/wp-json\/wp\/v2\/pages\/3406\/revisions"}],"predecessor-version":[{"id":23921,"href":"https:\/\/steinberglawfirm-staging.clmcloud.app\/es\/wp-json\/wp\/v2\/pages\/3406\/revisions\/23921"}],"up":[{"embeddable":true,"href":"https:\/\/steinberglawfirm-staging.clmcloud.app\/es\/wp-json\/wp\/v2\/pages\/13547"}],"wp:featuredmedia":[{"embeddable":true,"href":"https:\/\/steinberglawfirm-staging.clmcloud.app\/es\/wp-json\/wp\/v2\/media\/20555"}],"wp:attachment":[{"href":"https:\/\/steinberglawfirm-staging.clmcloud.app\/es\/wp-json\/wp\/v2\/media?parent=3406"}],"curies":[{"name":"wp","href":"https:\/\/api.w.org\/{rel}","templated":true}]}}