{"id":3377,"date":"2017-12-12T21:20:44","date_gmt":"2017-12-12T21:20:44","guid":{"rendered":"https:\/\/www.steinberglawfirm.com\/?page_id=3375"},"modified":"2022-04-19T00:42:33","modified_gmt":"2022-04-19T00:42:33","slug":"yellow-cab-car-accident-attorney","status":"publish","type":"page","link":"https:\/\/steinberglawfirm-staging.clmcloud.app\/es\/lesiones-personales\/accidentes-de-trafico-2\/amarillo-auto-accidente-abogado\/","title":{"rendered":"Charleston Accidentes de taxi amarillo"},"content":{"rendered":"<h1 class=\"wp-block-heading\">Charleston Abogados de accidentes de coche de Yellow Cab<\/h1>\n\n\n\n<div style=\"height:15px\" aria-hidden=\"true\" class=\"wp-block-spacer\"><\/div>\n\n\n\n<p>Los accidentes de taxis amarillos ocurren en todas las ciudades del pa\u00eds, y las leyes relativas a estos accidentes difieren de una localidad a otra, dependiendo de la prescripci\u00f3n, las leyes locales que rigen el uso de los taxis y la protecci\u00f3n de los derechos del cliente, y la responsabilidad que est\u00e1 involucrada. Puede suponer un reto decidir qui\u00e9n es el responsable de causar un accidente de coche de taxi amarillo.<\/p>\n\n\n\n<p>En algunos casos, los taxistas son propietarios de sus taxis, en cuyo caso, son totalmente responsables de lo ocurrido en un accidente de coche de taxi amarillo. Se aplica una excepci\u00f3n cuando el accidente se produce debido a una pieza defectuosa o a una reparaci\u00f3n negligente. En este caso, el fabricante de la pieza o el mec\u00e1nico que llev\u00f3 a cabo la reparaci\u00f3n podr\u00edan ser considerados responsables. En muchos casos, los taxistas simplemente alquilan el taxi a la compa\u00f1\u00eda de taxis, y en caso de accidente, tanto el conductor como la compa\u00f1\u00eda pueden ser considerados responsables. Hay algunos casos en los que las empresas de taxis son propietarias del veh\u00edculo y contratan a los conductores. La responsabilidad recae entonces en la empresa de taxis.<\/p>\n\n\n\n<p>Un accidente de coche de taxi amarillo puede ocurrir cuando el taxi golpea el coche en el que usted est\u00e1 conduciendo o viajando como pasajero. O el taxi en el que usted es pasajero puede verse involucrado en un accidente que es culpa del conductor del taxi o de otro conductor. En el primer caso, tendr\u00e1 que demostrar la responsabilidad y los da\u00f1os. En el segundo, en el que usted es pasajero de un taxi y sufre lesiones en un accidente, la cuesti\u00f3n principal ser\u00e1 probablemente la cuant\u00eda de los da\u00f1os. Usted presentar\u00eda una demanda contra la compa\u00f1\u00eda de taxis amarillos o el operador del otro veh\u00edculo, u otra parte culpable.<\/p>\n\n\n\n<p>La mayor\u00eda de los estados exigen que los conductores de taxis amarillos cuenten con un m\u00ednimo de 1TP3250.000 a 1TP3500.000 de cobertura de lesiones por accidente. Sin embargo, esta cantidad puede ser insuficiente para cubrir lesiones catastr\u00f3ficas.<\/p>\n\n\n\n<h2 class=\"wp-block-heading\">Abogado de accidentes de coche que representa a Charleston<\/h2>\n\n\n\n<p>Si fueras <a href=\"https:\/\/www.steinberglawfirm.com\/practice-areas\/auto-accidents\/\" target=\"_blank\" rel=\"noopener\">herido en un accidente de coche de un taxi amarillo<\/a>, <a href=\"https:\/\/www.steinberglawfirm.com\/contact-us\/\" target=\"_blank\" rel=\"noopener\">llame a los abogados expertos en accidentes de tr\u00e1fico<\/a> en <a href=\"https:\/\/www.steinberglawfirm.com\/\" target=\"_blank\" rel=\"noopener\">Steinberg Law Firm<\/a> al (843) 720-2800. Ellos poseen el conocimiento y la experiencia necesaria para ayudarle a comprender el sistema legal y sus derechos bajo la ley. Ellos construir\u00e1n su caso para lograr la resoluci\u00f3n m\u00e1s favorable para usted y su familia.<\/p>","protected":false},"excerpt":{"rendered":"<p>Charleston Abogados de accidentes de coche de taxi amarillo Los accidentes de taxi amarillo, o taxi, ocurren en todas las ciudades de la naci\u00f3n, y las leyes relativas a tales accidentes difieren de una localidad a otra, dependiendo de la ley de prescripci\u00f3n, las leyes locales que rigen el uso de los taxis y la protecci\u00f3n de los derechos del cliente, y...<\/p>","protected":false},"author":1,"featured_media":15191,"parent":760,"menu_order":0,"comment_status":"closed","ping_status":"closed","template":"","meta":{"_acf_changed":false,"footnotes":""},"class_list":["post-3377","page","type-page","status-publish","has-post-thumbnail","hentry"],"acf":[],"_links":{"self":[{"href":"https:\/\/steinberglawfirm-staging.clmcloud.app\/es\/wp-json\/wp\/v2\/pages\/3377"}],"collection":[{"href":"https:\/\/steinberglawfirm-staging.clmcloud.app\/es\/wp-json\/wp\/v2\/pages"}],"about":[{"href":"https:\/\/steinberglawfirm-staging.clmcloud.app\/es\/wp-json\/wp\/v2\/types\/page"}],"author":[{"embeddable":true,"href":"https:\/\/steinberglawfirm-staging.clmcloud.app\/es\/wp-json\/wp\/v2\/users\/1"}],"replies":[{"embeddable":true,"href":"https:\/\/steinberglawfirm-staging.clmcloud.app\/es\/wp-json\/wp\/v2\/comments?post=3377"}],"version-history":[{"count":3,"href":"https:\/\/steinberglawfirm-staging.clmcloud.app\/es\/wp-json\/wp\/v2\/pages\/3377\/revisions"}],"predecessor-version":[{"id":19888,"href":"https:\/\/steinberglawfirm-staging.clmcloud.app\/es\/wp-json\/wp\/v2\/pages\/3377\/revisions\/19888"}],"up":[{"embeddable":true,"href":"https:\/\/steinberglawfirm-staging.clmcloud.app\/es\/wp-json\/wp\/v2\/pages\/760"}],"wp:featuredmedia":[{"embeddable":true,"href":"https:\/\/steinberglawfirm-staging.clmcloud.app\/es\/wp-json\/wp\/v2\/media\/15191"}],"wp:attachment":[{"href":"https:\/\/steinberglawfirm-staging.clmcloud.app\/es\/wp-json\/wp\/v2\/media?parent=3377"}],"curies":[{"name":"wp","href":"https:\/\/api.w.org\/{rel}","templated":true}]}}