{"id":3376,"date":"2017-12-12T21:11:09","date_gmt":"2017-12-12T21:11:09","guid":{"rendered":"https:\/\/www.steinberglawfirm.com\/?page_id=3372"},"modified":"2022-04-19T00:36:49","modified_gmt":"2022-04-19T00:36:49","slug":"lyft-car-accident-attorney","status":"publish","type":"page","link":"https:\/\/steinberglawfirm-staging.clmcloud.app\/es\/lesiones-personales\/accidentes-de-trafico-2\/lyft-car-accident-attorney\/","title":{"rendered":"Charleston Abogados de accidentes de Lyft"},"content":{"rendered":"<h1 class=\"wp-block-heading\">Charleston Abogados de accidentes de coche de Lyft<\/h1>\n\n\n\n<div style=\"height:20px\" aria-hidden=\"true\" class=\"wp-block-spacer\"><\/div>\n\n\n\n<p>Las aplicaciones para compartir coche, como Lyft, han ganado en popularidad en la \u00faltima media d\u00e9cada. Las aplicaciones de transporte compartido no solo son c\u00f3modas, sino tambi\u00e9n f\u00e1ciles de usar y menos costosas que otros medios de transporte.<\/p>\n\n\n\n<p>Con un aumento de Lyft y otras empresas de viajes compartidos en la carretera tiene sentido que es probable que est\u00e9n involucrados en accidentes. Los accidentes que involucran a los conductores de Lyft son bastante similares a los choques entre veh\u00edculos regulares, pero hay algunas diferencias cruciales si usted espera ser capaz de recuperar la compensaci\u00f3n por lesiones y\/o da\u00f1os. South Carolina ha registrado m\u00e1s muertes en accidentes de tr\u00e1fico que cualquier otro estado, y en Charleston en 2016, 130.000 personas murieron en colisiones. El n\u00famero de colisiones South Carolina en la \u00faltima d\u00e9cada se sit\u00faa en 141.599.<\/p>\n\n\n\n<p>La mayor diferencia a tener en cuenta es que si est\u00e1s involucrado en una colisi\u00f3n con un conductor de Lyft, puedes presentar una reclamaci\u00f3n contra su p\u00f3liza de seguro personal, su p\u00f3liza de seguro de trabajo o el seguro de otro conductor culpable. Es complicado y depende en gran medida de las circunstancias del accidente. Lo primero que hay que determinar en un accidente con un conductor de Lyft es qu\u00e9 p\u00f3liza de seguro cubre el accidente. Muchas v\u00edctimas se preguntan si pueden presentar una reclamaci\u00f3n contra la propia empresa de transporte compartido despu\u00e9s de un accidente. Lyft se protege de la responsabilidad mediante la contrataci\u00f3n de los conductores como contratistas independientes, no empleados.<\/p>\n\n\n\n<p><strong>Lo que debes saber sobre los conductores de Lyft y el seguro<\/strong><br>Los conductores de Lyft deben tener un seguro de coche personal que cumpla o supere las normas m\u00ednimas de South Carolina. Es importante tener en cuenta que el seguro personal de un conductor a menudo no cubre un conductor si est\u00e1n utilizando un veh\u00edculo como un servicio de alquiler. Si se considera que un conductor de Lyft es culpable de un accidente, su reclamaci\u00f3n depende de si ese conductor estaba fuera o dentro de servicio. Si usted es un pasajero lesionado, las reclamaciones se pueden hacer contra la p\u00f3liza de seguro de Lyft y la p\u00f3liza del otro conductor basado en la culpa compartida para la colisi\u00f3n.<\/p>\n\n\n\n<p>El seguro comercial de Lyft cubre a los conductores en algunas situaciones, como:<\/p>\n\n\n\n<ul class=\"wp-block-list\"><li>El conductor s\u00f3lo est\u00e1 de servicio cuando est\u00e1 conectado a la aplicaci\u00f3n. Si no est\u00e1 conectado, Lyft ofrece una cobertura de responsabilidad cero.<\/li><li>Si el conductor est\u00e1 conectado pero no ha aceptado una solicitud de viaje, la cobertura de Lyft, en caso de accidente, ofrece hasta $50.000 por persona y accidente, hasta un total de $100.000 y $25.000 en da\u00f1os materiales.<\/li><li>Si el conductor lleva un pasajero y hay un accidente, Lyft proporciona $1 mill\u00f3n de cobertura de responsabilidad civil\/accidente y da\u00f1os materiales.<\/li><\/ul>\n\n\n\n<div style=\"height:20px\" aria-hidden=\"true\" class=\"wp-block-spacer\"><\/div>\n\n\n\n<h2 class=\"wp-block-heading\">Abogado de accidente de coche que representa Charleston y \u00e1reas cercanas de South Carolina<\/h2>\n\n\n\n<div style=\"height:20px\" aria-hidden=\"true\" class=\"wp-block-spacer\"><\/div>\n\n\n\n<p><strong>Si conduce en Charleston, South Carolina debe conocer estas leyes<\/strong><br>South Carolina sigue un sistema de seguro de culpa: el conductor culpable de un accidente es el responsable de pagar los da\u00f1os del perjudicado.<\/p>\n\n\n\n<p>South Carolina tambi\u00e9n se adhiere a las leyes de culpa comparativa - si un accidente da lugar a una reclamaci\u00f3n por negligencia, el tribunal debe encontrar el demandante 50 por ciento o menos de culpa por el accidente. Si el demandante es m\u00e1s del 50% responsable de la colisi\u00f3n, pierde el derecho a la recuperaci\u00f3n. Si el demandante tiene un 50% o menos de culpa, puede recibir una parte de la indemnizaci\u00f3n.<\/p>\n\n\n\n<p>South Carolina El plazo de prescripci\u00f3n, o l\u00edmite de tiempo, para presentar una reclamaci\u00f3n por accidente es de 3 a\u00f1os a partir del accidente. Hay excepciones en las que las reclamaciones deben presentarse en un plazo de 2 a\u00f1os. Su abogado puede informarle sobre los plazos de prescripci\u00f3n, as\u00ed que act\u00fae con rapidez para <a href=\"https:\/\/www.steinberglawfirm.com\/contact-us\/\" target=\"_blank\" rel=\"noopener\">contacte con un abogado con experiencia<\/a>. Si usted fue herido en un accidente de Lyft, p\u00f3ngase en contacto con un <strong><a href=\"https:\/\/www.steinberglawfirm.com\/\" target=\"_blank\" rel=\"noopener\">Charleston Abogado de accidentes de Lyft<\/a><\/strong> en el Steinberg Law Firm.<\/p>","protected":false},"excerpt":{"rendered":"<p>Charleston Lyft Abogados de Accidentes de Coche Las aplicaciones de transporte compartido, como Lyft, han crecido en popularidad en la \u00faltima media d\u00e9cada. Las aplicaciones de viajes compartidos no s\u00f3lo son convenientes, sino que tambi\u00e9n son f\u00e1ciles de usar y menos costosas que otros medios de transporte. Con un aumento de Lyft y otras compa\u00f1\u00edas de viajes compartidos en la carretera tiene sentido...<\/p>","protected":false},"author":1,"featured_media":15191,"parent":760,"menu_order":0,"comment_status":"closed","ping_status":"closed","template":"","meta":{"_acf_changed":false,"footnotes":""},"class_list":["post-3376","page","type-page","status-publish","has-post-thumbnail","hentry"],"acf":[],"_links":{"self":[{"href":"https:\/\/steinberglawfirm-staging.clmcloud.app\/es\/wp-json\/wp\/v2\/pages\/3376"}],"collection":[{"href":"https:\/\/steinberglawfirm-staging.clmcloud.app\/es\/wp-json\/wp\/v2\/pages"}],"about":[{"href":"https:\/\/steinberglawfirm-staging.clmcloud.app\/es\/wp-json\/wp\/v2\/types\/page"}],"author":[{"embeddable":true,"href":"https:\/\/steinberglawfirm-staging.clmcloud.app\/es\/wp-json\/wp\/v2\/users\/1"}],"replies":[{"embeddable":true,"href":"https:\/\/steinberglawfirm-staging.clmcloud.app\/es\/wp-json\/wp\/v2\/comments?post=3376"}],"version-history":[{"count":5,"href":"https:\/\/steinberglawfirm-staging.clmcloud.app\/es\/wp-json\/wp\/v2\/pages\/3376\/revisions"}],"predecessor-version":[{"id":19877,"href":"https:\/\/steinberglawfirm-staging.clmcloud.app\/es\/wp-json\/wp\/v2\/pages\/3376\/revisions\/19877"}],"up":[{"embeddable":true,"href":"https:\/\/steinberglawfirm-staging.clmcloud.app\/es\/wp-json\/wp\/v2\/pages\/760"}],"wp:featuredmedia":[{"embeddable":true,"href":"https:\/\/steinberglawfirm-staging.clmcloud.app\/es\/wp-json\/wp\/v2\/media\/15191"}],"wp:attachment":[{"href":"https:\/\/steinberglawfirm-staging.clmcloud.app\/es\/wp-json\/wp\/v2\/media?parent=3376"}],"curies":[{"name":"wp","href":"https:\/\/api.w.org\/{rel}","templated":true}]}}