{"id":3375,"date":"2017-12-12T21:03:00","date_gmt":"2017-12-12T21:03:00","guid":{"rendered":"https:\/\/www.steinberglawfirm.com\/?page_id=3370"},"modified":"2022-04-19T00:40:57","modified_gmt":"2022-04-19T00:40:57","slug":"uber-car-accident-attorney","status":"publish","type":"page","link":"https:\/\/steinberglawfirm-staging.clmcloud.app\/es\/lesiones-personales\/accidentes-de-trafico-2\/uber-car-accident-attorney\/","title":{"rendered":"Charleston Abogados de accidentes de Uber"},"content":{"rendered":"<h1 class=\"wp-block-heading\">Charleston Abogados de accidentes de coche de Uber<\/h1>\n\n\n\n<div style=\"height:20px\" aria-hidden=\"true\" class=\"wp-block-spacer\"><\/div>\n\n\n\n<p>Uber es un servicio de transporte compartido disponible en la mayor\u00eda de las grandes ciudades de Estados Unidos. De hecho, Uber est\u00e1 creando competencia con otras formas de transporte en Charleston, South Carolina tambi\u00e9n. Sin embargo, con la creciente popularidad de los servicios de transporte compartido, es importante recordar que en un accidente en el que est\u00e9 involucrado un veh\u00edculo Uber, puede haber varias complicaciones al tratar de obtener una compensaci\u00f3n.<\/p>\n\n\n\n<p>Uber designa a sus conductores como contratistas independientes y, por tanto, no se les considera empleados de la propia empresa. Esto significa que hay dos tipos diferentes de seguro de responsabilidad civil que hay que tener en cuenta en caso de accidente: El seguro de Uber y el del conductor. En South Carolina, el seguro de responsabilidad civil m\u00ednimo exigido es de $25.000.<\/p>\n\n\n\n<p>Uber cuenta con $1 millones en cobertura de responsabilidad civil, sin seguro y con seguro insuficiente. Esto significa que si te ves involucrado en un accidente con un veh\u00edculo Uber, tienes a tu disposici\u00f3n $1 millones para cubrir los gastos m\u00e9dicos y los da\u00f1os. Sin embargo, los conductores de Uber son contratistas independientes, lo que significa que la empresa niega la responsabilidad por los da\u00f1os causados por cualquier acto intencionado por parte de uno de sus conductores.<\/p>\n\n\n\n<p>Si usted se encuentra en un coche atropellado por un veh\u00edculo Uber, tiene que averiguar si el conductor de Uber estaba en activo o fuera de servicio, es decir, si llevaba una tarifa o estaba entre tarifas. Si hab\u00eda un pasajero en el veh\u00edculo Uber, entra en juego la p\u00f3liza de seguro comercial de $1 millones. Sin embargo, si el conductor no estaba de servicio o estaba entre recogidas, el \u00fanico seguro que puede ser accesible en relaci\u00f3n con una reclamaci\u00f3n por accidente ser\u00eda el seguro personal del conductor.<\/p>\n\n\n\n<p>En el caso de un accidente con un veh\u00edculo Uber, el conductor es personalmente responsable (en algunos casos), as\u00ed como la compa\u00f1\u00eda de seguros de responsabilidad civil que ofrece cobertura para los conductores de Uber. Esta dualidad de la cobertura del seguro y los diferentes escenarios cuando se aplica el seguro comercial frente al seguro privado puede ser dif\u00edcil de navegar, pero un abogado con experiencia en Steinberg Law Firm puede ayudarle a dirigir su caso.<\/p>\n\n\n\n<p><strong>Tipos de accidentes de Uber<\/strong><br>Los accidentes que involucran a un conductor de Uber pueden ocurrir cuando:<\/p>\n\n\n\n<ul class=\"wp-block-list\"><li>El conductor est\u00e1 fuera de servicio: una reclamaci\u00f3n por accidente ser\u00eda como cualquier otra reclamaci\u00f3n por accidente de coche porque el veh\u00edculo del conductor de Uber no es un veh\u00edculo comercial.<\/li><li>El conductor est\u00e1 de servicio, pero no tiene pasajeros - una reclamaci\u00f3n por accidente ir\u00eda a trav\u00e9s del seguro privado del conductor, porque el conductor no est\u00e1 trabajando para Uber durante el tiempo de inactividad.<\/li><li>El conductor est\u00e1 de servicio y tiene pasajeros a bordo: una reclamaci\u00f3n por accidente probablemente implicar\u00eda al seguro comercial de Uber.<\/li><\/ul>\n\n\n\n<div style=\"height:20px\" aria-hidden=\"true\" class=\"wp-block-spacer\"><\/div>\n\n\n\n<p>&nbsp;<br><strong>Si conduce en Charleston, South Carolina debe conocer estas leyes<\/strong><br>South Carolina sigue un sistema de seguro de culpa - el conductor culpable de un accidente, es el responsable de pagar los da\u00f1os de la parte lesionada. Es importante recordar que South Carolina tambi\u00e9n se adhiere a las leyes de culpa comparativa - si un accidente da lugar a una demanda por negligencia, el tribunal debe encontrar el demandante 50 por ciento o menos de culpa por el accidente. Si el demandante es m\u00e1s del 50% responsable de la colisi\u00f3n, pierde el derecho a la recuperaci\u00f3n. Si el demandante tiene un 50% o menos de culpa, puede recibir una parte de la indemnizaci\u00f3n.<\/p>\n\n\n\n<p>South Carolina El plazo de prescripci\u00f3n para presentar una reclamaci\u00f3n por accidente es de 3 a\u00f1os a partir del accidente. Hay excepciones en las que las reclamaciones deben presentarse en un plazo de 2 a\u00f1os.<\/p>\n\n\n\n<div style=\"height:20px\" aria-hidden=\"true\" class=\"wp-block-spacer\"><\/div>\n\n\n\n<h2 class=\"wp-block-heading\">Abogado de accidente de coche que representa Charleston y \u00e1reas cercanas de South Carolina<\/h2>\n\n\n\n<p>Si se ha lesionado en un <a href=\"https:\/\/www.steinberglawfirm.com\/practice-areas\/auto-accidents\/\" target=\"_blank\" rel=\"noopener\">Accidente de coche con Uber<\/a>, p\u00f3ngase en contacto con un <strong><a href=\"https:\/\/www.steinberglawfirm.com\/\" target=\"_blank\" rel=\"noopener\">Abogado de accidentes de Uber<\/a><\/strong> hoy en el Steinberg Law Firm para obtener la indemnizaci\u00f3n que se merece.<\/p>","protected":false},"excerpt":{"rendered":"<p>Charleston Abogados de accidentes de coche Uber es un servicio de transporte disponible en la mayor\u00eda de las ciudades importantes de Estados Unidos. De hecho, Uber est\u00e1 creando competencia con otras formas de transporte en Charleston, South Carolina tambi\u00e9n. Sin embargo, con la creciente popularidad de los servicios de viaje compartido, es importante recordar que en un accidente que involucra a un veh\u00edculo Uber...<\/p>","protected":false},"author":1,"featured_media":15191,"parent":760,"menu_order":0,"comment_status":"closed","ping_status":"closed","template":"","meta":{"_acf_changed":false,"footnotes":""},"class_list":["post-3375","page","type-page","status-publish","has-post-thumbnail","hentry"],"acf":[],"_links":{"self":[{"href":"https:\/\/steinberglawfirm-staging.clmcloud.app\/es\/wp-json\/wp\/v2\/pages\/3375"}],"collection":[{"href":"https:\/\/steinberglawfirm-staging.clmcloud.app\/es\/wp-json\/wp\/v2\/pages"}],"about":[{"href":"https:\/\/steinberglawfirm-staging.clmcloud.app\/es\/wp-json\/wp\/v2\/types\/page"}],"author":[{"embeddable":true,"href":"https:\/\/steinberglawfirm-staging.clmcloud.app\/es\/wp-json\/wp\/v2\/users\/1"}],"replies":[{"embeddable":true,"href":"https:\/\/steinberglawfirm-staging.clmcloud.app\/es\/wp-json\/wp\/v2\/comments?post=3375"}],"version-history":[{"count":3,"href":"https:\/\/steinberglawfirm-staging.clmcloud.app\/es\/wp-json\/wp\/v2\/pages\/3375\/revisions"}],"predecessor-version":[{"id":19885,"href":"https:\/\/steinberglawfirm-staging.clmcloud.app\/es\/wp-json\/wp\/v2\/pages\/3375\/revisions\/19885"}],"up":[{"embeddable":true,"href":"https:\/\/steinberglawfirm-staging.clmcloud.app\/es\/wp-json\/wp\/v2\/pages\/760"}],"wp:featuredmedia":[{"embeddable":true,"href":"https:\/\/steinberglawfirm-staging.clmcloud.app\/es\/wp-json\/wp\/v2\/media\/15191"}],"wp:attachment":[{"href":"https:\/\/steinberglawfirm-staging.clmcloud.app\/es\/wp-json\/wp\/v2\/media?parent=3375"}],"curies":[{"name":"wp","href":"https:\/\/api.w.org\/{rel}","templated":true}]}}