{"id":3372,"date":"2017-06-22T13:28:17","date_gmt":"2017-06-22T13:28:17","guid":{"rendered":"https:\/\/67.43.6.64\/~steinberglawfirm\/?page_id=215"},"modified":"2024-09-04T00:20:49","modified_gmt":"2024-09-04T00:20:49","slug":"giving-back","status":"publish","type":"page","link":"https:\/\/steinberglawfirm-staging.clmcloud.app\/es\/dar-back\/","title":{"rendered":"Steinberg devuelve el dinero"},"content":{"rendered":"<h4>\n\t\tEl Steinberg Law Firm est\u00e1 orgulloso de apoyar a nuestra comunidad\n\t<\/h4>\n\t\t6,105\n\t<p>Horas de voluntariado<\/p>\n\t\t$25,500\n\t<p>Becas concedidas<\/p>\n\t\t53\n\t<p>Campa\u00f1as de donaci\u00f3n<\/p>\n\t\t$615,969K\n\t<p>Donaciones concedidas<\/p>\n<h3>\n\t\tOrgullo por el servicio\n\t<\/h3>\n\t<p>Aunque el Steinberg Law Firm es m\u00e1s conocido por proteger los derechos de las personas lesionadas, tambi\u00e9n nos sentimos orgullosos de nuestro servicio a la comunidad Charleston. Durante m\u00e1s de 95 a\u00f1os, hemos hecho nuestra misi\u00f3n de devolver a las organizaciones locales en todo el Lowcountry que se dedican a mejorar la vida de los dem\u00e1s.<\/p>\n<p>Nuestros abogados est\u00e1n siempre dispuestos a trabajar con organizaciones sin \u00e1nimo de lucro de la zona para ayudar a crear programas para los miembros, apoyar los eventos de la iglesia, o hablar con sus grupos empresariales o sindicales. Apoyamos con pasi\u00f3n la alfabetizaci\u00f3n y la educaci\u00f3n infantil, el bienestar de las mujeres, los servicios de educaci\u00f3n para adultos, los veteranos, la salud y el bienestar, la seguridad p\u00fablica y la educaci\u00f3n del p\u00fablico sobre sus derechos.<\/p>\n<p>El Steinberg Law Firm est\u00e1 aqu\u00ed para ayudar. Nuestra pasi\u00f3n por ayudar y capacitar a las personas es la base de todo lo que hacemos.<\/p>\n<h2>\n\t\tNos centramos en nuestra Comunidad en estos \u00e1mbitos:\n\t<\/h2>\n\t<iframe loading=\"lazy\" src=\"https:\/\/player.vimeo.com\/video\/306923199?h=134546c292\" width=\"640\" height=\"360\" frameborder=\"0\" allow=\"autoplay; fullscreen; picture-in-picture\" allowfullscreen><\/iframe>\n\t<ul>\n\t\t<li>\t\t\t\t\n\t\t<h4>Hambre y bienestar<\/h4><\/li><li>\t\t\t\t\n\t\t<h4>Educaci\u00f3n<\/h4><\/li><li>\t\t\t\t\n\t\t<h4>Salud y bienestar de los ni\u00f1os<\/h4><\/li><li>\t\t\t\t\n\t\t<h4>Veteranos<\/h4><\/li><li>\t\t\t\t\n\t\t<h4>Salud y bienestar de las mujeres<\/h4><\/li>\t<\/ul>\n\t\t\t\t<img loading=\"lazy\" decoding=\"async\" src=\"https:\/\/www.steinberglawfirm.com\/wp-content\/uploads\/2018\/02\/Steinberg-Law-Firm-Scholarship-e1519755961860.jpg\" alt=\"Beca Steinberg Law Firm\" itemprop=\"image\" height=\"320\" width=\"960\" title=\"Beca Steinberg Law Firm\" onerror=\"this.style.display='none'\"  \/>\n<h3>\n\t\tEl programa de becas del bufete Steinberg\n\t<\/h3>\n\t<p>Cinco residentes South Carolina que planean asistir a una instituci\u00f3n de ense\u00f1anza superior de cuatro a\u00f1os en el oto\u00f1o, o son estudiantes universitarios o estudiantes de derecho actuales recibir\u00e1n una beca $1,000 este a\u00f1o. Nuestro comit\u00e9 de becas tiene en cuenta el promedio de los estudiantes, las actividades extracurriculares, los honores y un ensayo escrito.<\/p>\n\t\t\t<a href=\"https:\/\/www.steinberglawfirm.com\/giving-back\/the-steinberg-law-firm-scholarship-program\/\" title=\"Click Here\" target=\"_self\" role=\"button\" aria-label=\"M\u00e1s informaci\u00f3n\" rel=\"noopener\">\n\t\t\t\t\t\t\tM\u00e1s informaci\u00f3n\n\t\t<\/a>\n\t\t\t\t\t<a href=\"https:\/\/www.youtube.com\/watch?v=OUyS7gVuNHc\" aria-label=\"uabb-video-gallery\" data-fancybox=\"uabb-video-gallery\" data-url=\"https:\/\/www.youtube.com\/embed\/OUyS7gVuNHc?autoplay=1&#038;version=3&#038;enablejsapi=1\" class=\"uabb-video-gallery-fancybox uabb-vg__play_full\" target=\"_blank\" rel=\"noopener\">\t\t\t\t\t\t\n\t\t\t\t\t<\/a>\t\t\t\t\n\t\t\t\t\t<a href=\"https:\/\/www.youtube.com\/watch?v=d7CLC_eu048\" aria-label=\"uabb-video-gallery\" data-fancybox=\"uabb-video-gallery\" data-url=\"https:\/\/www.youtube.com\/embed\/d7CLC_eu048?autoplay=1&#038;version=3&#038;enablejsapi=1\" class=\"uabb-video-gallery-fancybox uabb-vg__play_full\" target=\"_blank\" rel=\"noopener\">\t\t\t\t\t\t\n\t\t\t\t\t<\/a>\t\t\t\t\n\t\t\t\t\t<a href=\"https:\/\/www.youtube.com\/watch?v=O2PmFo7mgqQ\" aria-label=\"uabb-video-gallery\" data-fancybox=\"uabb-video-gallery\" data-url=\"https:\/\/www.youtube.com\/embed\/O2PmFo7mgqQ?autoplay=1&#038;version=3&#038;enablejsapi=1\" class=\"uabb-video-gallery-fancybox uabb-vg__play_full\" target=\"_blank\" rel=\"noopener\">\t\t\t\t\t\t\n\t\t\t\t\t<\/a>\t\t\t\t\n\t\t\t\t\t<a href=\"https:\/\/www.youtube.com\/watch?v=tSiQWvA2X0M\" aria-label=\"uabb-video-gallery\" data-fancybox=\"uabb-video-gallery\" data-url=\"https:\/\/www.youtube.com\/embed\/tSiQWvA2X0M?autoplay=1&#038;version=3&#038;enablejsapi=1\" class=\"uabb-video-gallery-fancybox uabb-vg__play_full\" target=\"_blank\" rel=\"noopener\">\t\t\t\t\t\t\n\t\t\t\t\t<\/a>\t\t\t\t\n\t\t\t\t\t<a href=\"https:\/\/www.youtube.com\/watch?v=eRIzPHv4XwY\" aria-label=\"uabb-video-gallery\" data-fancybox=\"uabb-video-gallery\" data-url=\"https:\/\/www.youtube.com\/embed\/eRIzPHv4XwY?autoplay=1&#038;version=3&#038;enablejsapi=1\" class=\"uabb-video-gallery-fancybox uabb-vg__play_full\" target=\"_blank\" rel=\"noopener\">\t\t\t\t\t\t\n\t\t\t\t\t<\/a>\t\t\t\t\n\t\t\t\t\t<a href=\"https:\/\/www.youtube.com\/watch?v=_lF6Bamw81Y\" aria-label=\"uabb-video-gallery\" data-fancybox=\"uabb-video-gallery\" data-url=\"https:\/\/www.youtube.com\/embed\/_lF6Bamw81Y?autoplay=1&#038;version=3&#038;enablejsapi=1\" class=\"uabb-video-gallery-fancybox uabb-vg__play_full\" target=\"_blank\" rel=\"noopener\">\t\t\t\t\t\t\n\t\t\t\t\t<\/a>\t\t\t\t\n\t\t\t\t\t<a href=\"https:\/\/www.youtube.com\/watch?v=q1LgHFZe3xE\" aria-label=\"uabb-video-gallery\" data-fancybox=\"uabb-video-gallery\" data-url=\"https:\/\/www.youtube.com\/embed\/q1LgHFZe3xE?autoplay=1&#038;version=3&#038;enablejsapi=1\" class=\"uabb-video-gallery-fancybox uabb-vg__play_full\" target=\"_blank\" rel=\"noopener\">\t\t\t\t\t\t\n\t\t\t\t\t<\/a>\t\t\t\t\n\t\t\t\t\t<a href=\"https:\/\/www.youtube.com\/watch?v=qbGaUxbwOiE\" aria-label=\"uabb-video-gallery\" data-fancybox=\"uabb-video-gallery\" data-url=\"https:\/\/www.youtube.com\/embed\/qbGaUxbwOiE?autoplay=1&#038;version=3&#038;enablejsapi=1\" class=\"uabb-video-gallery-fancybox uabb-vg__play_full\" target=\"_blank\" rel=\"noopener\">\t\t\t\t\t\t\n\t\t\t\t\t<\/a>\t\t\t\t\n<h6>\n\t\tNoticias y actualizaciones de la comunidad\n\t<\/h6>\n\t\t\t<a href=\"https:\/\/www.steinberglawfirm.com\/blog\/category\/attorney-news\/\" target=\"_blank\" rel=\"noopener\">Noticias de abogados<\/a>\t\t\t<h3>\n\t\t\t\t<a href=\"https:\/\/www.steinberglawfirm.com\/blog\/steinberg-law-firm-promotes-attorney-kelly-m-alfreds-to-partner\/\" title=\"Steinberg Law Firm Asciende a Socio al Abogado Kelly M. Alfreds\" tabindex=\"0\">Steinberg Law Firm Asciende a Socio al Abogado Kelly M. Alfreds<\/a>\t\t\t<\/h3>\n\t\t\t<a href=\"https:\/\/www.steinberglawfirm.com\/blog\/category\/attorney-news\/\" target=\"_blank\" rel=\"noopener\">Noticias de abogados<\/a>\t\t\t<h3>\n\t\t\t\t<a href=\"https:\/\/www.steinberglawfirm.com\/blog\/introducing-attorney-wilson-jackson\/\" title=\"Presentamos al abogado Wilson Jackson: Uniendo fuerzas con Steinberg Law Firm para luchar por la justicia\" tabindex=\"0\">Presentamos al abogado Wilson Jackson: Uniendo fuerzas con Steinberg Law Firm para luchar por la justicia<\/a>\t\t\t<\/h3>","protected":false},"excerpt":{"rendered":"<p>The Steinberg Law Firm se enorgullece de apoyar a nuestra comunidad 6.105 horas de voluntariado $25.500 becas concedidas 53 campa\u00f1as de donaci\u00f3n $615.969K donaciones concedidas Orgullosos del servicio Aunque el Steinberg Law Firm es m\u00e1s conocido por proteger los derechos de las personas lesionadas, tambi\u00e9n nos enorgullecemos de nuestro servicio a la comunidad Charleston. Desde hace m\u00e1s de 95...<\/p>","protected":false},"author":1,"featured_media":5716,"parent":0,"menu_order":0,"comment_status":"closed","ping_status":"closed","template":"","meta":{"_acf_changed":false,"footnotes":""},"class_list":["post-3372","page","type-page","status-publish","has-post-thumbnail","hentry"],"acf":[],"_links":{"self":[{"href":"https:\/\/steinberglawfirm-staging.clmcloud.app\/es\/wp-json\/wp\/v2\/pages\/3372"}],"collection":[{"href":"https:\/\/steinberglawfirm-staging.clmcloud.app\/es\/wp-json\/wp\/v2\/pages"}],"about":[{"href":"https:\/\/steinberglawfirm-staging.clmcloud.app\/es\/wp-json\/wp\/v2\/types\/page"}],"author":[{"embeddable":true,"href":"https:\/\/steinberglawfirm-staging.clmcloud.app\/es\/wp-json\/wp\/v2\/users\/1"}],"replies":[{"embeddable":true,"href":"https:\/\/steinberglawfirm-staging.clmcloud.app\/es\/wp-json\/wp\/v2\/comments?post=3372"}],"version-history":[{"count":22,"href":"https:\/\/steinberglawfirm-staging.clmcloud.app\/es\/wp-json\/wp\/v2\/pages\/3372\/revisions"}],"predecessor-version":[{"id":31637,"href":"https:\/\/steinberglawfirm-staging.clmcloud.app\/es\/wp-json\/wp\/v2\/pages\/3372\/revisions\/31637"}],"wp:featuredmedia":[{"embeddable":true,"href":"https:\/\/steinberglawfirm-staging.clmcloud.app\/es\/wp-json\/wp\/v2\/media\/5716"}],"wp:attachment":[{"href":"https:\/\/steinberglawfirm-staging.clmcloud.app\/es\/wp-json\/wp\/v2\/media?parent=3372"}],"curies":[{"name":"wp","href":"https:\/\/api.w.org\/{rel}","templated":true}]}}