{"id":3347,"date":"2017-12-04T22:43:21","date_gmt":"2017-12-04T22:43:21","guid":{"rendered":"https:\/\/www.steinberglawfirm.com\/?page_id=3347"},"modified":"2022-04-27T21:46:50","modified_gmt":"2022-04-27T21:46:50","slug":"wrongful-death-lawyers","status":"publish","type":"page","link":"https:\/\/steinberglawfirm-staging.clmcloud.app\/es\/ubicaciones\/charleston\/abogados-especializados-en-muertes-por-negligencia\/","title":{"rendered":"Charleston Abogados de Muerte Injusta"},"content":{"rendered":"<h1 class=\"wp-block-heading\">Charleston Abogados de Muerte Injusta<\/h1>\n\n\n\n<p>En el Charleston, la muerte por negligencia se define como una muerte que es el tipo de situaci\u00f3n en la que se podr\u00eda presentar una reclamaci\u00f3n por da\u00f1os personales si la v\u00edctima hubiera sobrevivido. Otra parte suele presentar demandas por homicidio culposo ante los tribunales. Hay dos tipos de acciones que pueden presentarse en caso de muerte por negligencia: una acci\u00f3n de muerte por negligencia y una acci\u00f3n de supervivencia. Las demandas por homicidio culposo compensan a la familia por la p\u00e9rdida del ser querido y las acciones de supervivencia se ocupan de las reclamaciones que el fallecido hubiera tenido a su familia.<\/p>\n\n\n\n<p>Las reclamaciones por muerte por negligencia presentadas en el Charleston deben ser presentadas por un administrador\/ejecutor del plan de sucesi\u00f3n del fallecido. A menudo hay un administrador\/ejecutor nombrado en el testamento de una persona. Sin embargo, si no hay un plan de sucesi\u00f3n y no hay un administrador\/ejecutor, o si la persona nombrada no quiere servir en esa capacidad, el tribunal puede nombrar a una persona. Una demanda por homicidio culposo tambi\u00e9n debe presentarse dentro de los tres a\u00f1os siguientes a la fecha de la muerte del difunto. Si la demanda no se presenta dentro de ese plazo, no ser\u00e1 atendida por el tribunal y no habr\u00e1 m\u00e1s recursos legales disponibles.<\/p>\n\n\n\n<p>El administrador\/ejecutor es tambi\u00e9n la persona que se encarga de presentar una demanda por homicidio culposo ante los tribunales para obtener una indemnizaci\u00f3n para la afligida familia que queda atr\u00e1s.<\/p>\n\n\n\n<p>\u00bfQui\u00e9n recupera los da\u00f1os en un caso de muerte por negligencia en el Charleston? La lista incluye:<\/p>\n\n\n\n<ul class=\"wp-block-list\"><li>C\u00f3nyuge<\/li><li>Ni\u00f1os<\/li><li>Padres si no hay c\u00f3nyuge o hijos<\/li><li>Herederos de derecho si no hay c\u00f3nyuge, padres o hijos<\/li><li>Padres con un hijo adulto fallecido*<\/li><\/ul>\n\n\n\n<p>&nbsp;* La excepci\u00f3n en este caso es que si un padre abandon\u00f3 a su hijo antes de que cumpliera los 18 a\u00f1os, los padres no pueden reclamar una indemnizaci\u00f3n en un juicio por homicidio culposo, aunque el hijo fuera mayor de edad en el momento de la muerte.<\/p>\n\n\n\n<p>La indemnizaci\u00f3n por da\u00f1os y perjuicios en un caso de muerte por negligencia Charleston es exclusivamente econ\u00f3mica y puede incluir una compensaci\u00f3n por:<\/p>\n\n\n\n<ul class=\"wp-block-list\"><li>P\u00e9rdida de salarios y prestaciones<\/li><li>Da\u00f1os a la propiedad<\/li><li>Otras p\u00e9rdidas econ\u00f3micas relacionadas con el fallecimiento<\/li><li>Gastos m\u00e9dicos relacionados con una enfermedad o lesi\u00f3n final<\/li><li>Gastos de funeral y entierro<\/li><li>P\u00e9rdida de conocimientos y experiencia de la v\u00edctima<\/li><li>P\u00e9rdida de la compa\u00f1\u00eda de la v\u00edctima, de sus cuidados<\/li><li>Angustia mental, dolor y sufrimiento de los familiares del superviviente<\/li><li>Da\u00f1os ejemplares\/punitivos para castigar al demandado y disuadir a otros<\/li><\/ul>\n\n\n\n<p>&nbsp;<br>Es importante entender que una demanda por homicidio culposo no se basa en otra acci\u00f3n il\u00edcita (agravio) como la negligencia. Una demanda por homicidio culposo es una causa de acci\u00f3n separada por el da\u00f1o causado a una familia por un acusado. En este tipo de demanda, el demandante debe demostrar que la negligencia del demandado fue la causa directa o pr\u00f3xima de la muerte por negligencia de la v\u00edctima. En otras palabras, la negligencia en un caso de muerte por negligencia debe ser la causa de una muerte y no s\u00f3lo de una lesi\u00f3n.<\/p>\n\n\n\n<p>Las acciones de supervivencia, presentadas en nombre del patrimonio y no de la familia, permiten al patrimonio de la v\u00edctima presentar reclamaciones que el fallecido podr\u00eda haber presentado en vida. Esta es un \u00e1rea de la ley muy compleja y es extremadamente importante consultar con un abogado experto en muerte por negligencia para entender lo que implica la presentaci\u00f3n de una demanda por muerte por negligencia, qu\u00e9 da\u00f1os pueden o no pueden ser recuperados y cu\u00e1l puede ser el resultado.<\/p>\n\n\n\n<p>Para saber c\u00f3mo nuestros experimentados abogados pueden luchar por usted y su familia despu\u00e9s de una muerte por negligencia, llame al <a href=\"https:\/\/www.steinberglawfirm.com\/\" target=\"_blank\" rel=\"noopener\">Steinberg Law Firm, LLC<\/a>, en <a href=\"tel:1-843-720-2800\">843-720-2800<\/a> para un <a href=\"https:\/\/www.steinberglawfirm.com\/free-consultation\/\" target=\"_blank\" rel=\"noopener\">Revisi\u00f3n de casos GRATUITA<\/a>. Prestamos servicio a Charleston, Goose Creek, Summerville y alrededores.<\/p>","protected":false},"excerpt":{"rendered":"<p>Charleston Abogados de homicidio culposo En Charleston, el homicidio culposo se define como una muerte que es el tipo de situaci\u00f3n en la que se podr\u00eda presentar una demanda por lesiones personales si la v\u00edctima hubiera sobrevivido. Otra parte suele llevar a los tribunales las reclamaciones por homicidio culposo. Hay dos tipos de acciones que se pueden presentar en el advenimiento...<\/p>","protected":false},"author":1,"featured_media":20044,"parent":3313,"menu_order":0,"comment_status":"closed","ping_status":"closed","template":"","meta":{"_acf_changed":false,"footnotes":""},"class_list":["post-3347","page","type-page","status-publish","has-post-thumbnail","hentry"],"acf":[],"_links":{"self":[{"href":"https:\/\/steinberglawfirm-staging.clmcloud.app\/es\/wp-json\/wp\/v2\/pages\/3347"}],"collection":[{"href":"https:\/\/steinberglawfirm-staging.clmcloud.app\/es\/wp-json\/wp\/v2\/pages"}],"about":[{"href":"https:\/\/steinberglawfirm-staging.clmcloud.app\/es\/wp-json\/wp\/v2\/types\/page"}],"author":[{"embeddable":true,"href":"https:\/\/steinberglawfirm-staging.clmcloud.app\/es\/wp-json\/wp\/v2\/users\/1"}],"replies":[{"embeddable":true,"href":"https:\/\/steinberglawfirm-staging.clmcloud.app\/es\/wp-json\/wp\/v2\/comments?post=3347"}],"version-history":[{"count":4,"href":"https:\/\/steinberglawfirm-staging.clmcloud.app\/es\/wp-json\/wp\/v2\/pages\/3347\/revisions"}],"predecessor-version":[{"id":21408,"href":"https:\/\/steinberglawfirm-staging.clmcloud.app\/es\/wp-json\/wp\/v2\/pages\/3347\/revisions\/21408"}],"up":[{"embeddable":true,"href":"https:\/\/steinberglawfirm-staging.clmcloud.app\/es\/wp-json\/wp\/v2\/pages\/3313"}],"wp:featuredmedia":[{"embeddable":true,"href":"https:\/\/steinberglawfirm-staging.clmcloud.app\/es\/wp-json\/wp\/v2\/media\/20044"}],"wp:attachment":[{"href":"https:\/\/steinberglawfirm-staging.clmcloud.app\/es\/wp-json\/wp\/v2\/media?parent=3347"}],"curies":[{"name":"wp","href":"https:\/\/api.w.org\/{rel}","templated":true}]}}