{"id":3334,"date":"2017-12-01T20:12:21","date_gmt":"2017-12-01T20:12:21","guid":{"rendered":"https:\/\/www.steinberglawfirm.com\/?page_id=3334"},"modified":"2022-04-27T21:46:06","modified_gmt":"2022-04-27T21:46:06","slug":"slip-and-fall-accidents-lawyers","status":"publish","type":"page","link":"https:\/\/steinberglawfirm-staging.clmcloud.app\/es\/ubicaciones\/charleston\/abogados-especializados-en-accidentes-de-resbalones-y-caidas\/","title":{"rendered":"Charleston Abogados de accidentes por resbalones y ca\u00eddas"},"content":{"rendered":"<h1 class=\"wp-block-heading\">Charleston Abogados de accidentes por resbalones y ca\u00eddas<\/h1>\n\n\n\n<p>Las lesiones personales son muy comunes, y pueden ocurrir en cualquier momento, en cualquier lugar y pueden tomar una variedad de formas dependiendo de la naturaleza del accidente. Algunos ejemplos de los tipos de lesiones que los abogados de lesiones personales ven m\u00e1s a menudo incluyen:<\/p>\n\n\n\n<ul class=\"wp-block-list\"><li>Lesiones por mordedura de animales<\/li><li>Accidentes de tr\u00e1fico<\/li><li>Lesiones por productos defectuosos<\/li><li>Lesiones por accidente de moto<\/li><li>Lesiones como resultado del abuso y la negligencia en el hogar de ancianos<\/li><li>Lesiones por resbalones y ca\u00eddas<\/li><\/ul>\n\n\n\n<p>&nbsp;<br>Cumplir con la carga de la prueba y lidiar con el proceso legal de un caso de accidente de resbal\u00f3n y ca\u00edda puede ser dif\u00edcil. Es importante buscar asesoramiento legal experimentado de un abogado de lesiones personales por resbal\u00f3n y ca\u00edda para evaluar los detalles de su caso y para ayudarle a buscar la justicia y un acuerdo justo y equitativo o veredicto de la corte.<\/p>\n\n\n\n<p>Cuando un accidente de resbal\u00f3n y ca\u00edda fue el resultado de una negligencia por parte del due\u00f1o de la propiedad o de la parte responsable del mantenimiento de la misma, los demandantes\/v\u00edctimas suelen obtener un acuerdo o una indemnizaci\u00f3n por las p\u00e9rdidas\/lesiones que han sufrido.<\/p>\n\n\n\n<p>Las demandas por resbalones y ca\u00eddas giran en torno a la doctrina de la negligencia, en la que el demandante alega que sufri\u00f3 lesiones como resultado directo de que el demandado no actu\u00f3 de forma responsable y no cumpli\u00f3 con su deber de cuidado. Para probar efectivamente la negligencia en un caso de resbal\u00f3n y ca\u00edda, la v\u00edctima debe probar que una persona razonablemente prudente, en la misma situaci\u00f3n que el demandado, habr\u00eda actuado de manera diferente en circunstancias similares.<\/p>\n\n\n\n<p>Los casos de lesiones personales pueden ser presentados bajo dos doctrinas: la doctrina de la responsabilidad estricta y la doctrina del da\u00f1o intencional. En la doctrina de la responsabilidad estricta, una parte es considerada responsable por una lesi\u00f3n, ya sea que haya tenido la intenci\u00f3n o no de da\u00f1ar a alguien por negligencia. Si se presenta un caso bajo esta doctrina, la v\u00edctima\/demandante debe demostrar que ha sufrido un da\u00f1o mental, emocional y\/o f\u00edsico real.<\/p>\n\n\n\n<p>En un caso planteado seg\u00fan la doctrina del dolo se alega que una lesi\u00f3n fue causada por un acto deliberado de otro. En estos casos, adem\u00e1s de la indemnizaci\u00f3n tradicional, pueden concederse da\u00f1os punitivos.<\/p>\n\n\n\n<p>Son muchas las causas de los accidentes por resbalones y ca\u00eddas:<\/p>\n\n\n\n<ul class=\"wp-block-list\"><li>Suelos resbaladizos<\/li><li>Mala iluminaci\u00f3n<\/li><li>Vertidos<\/li><li>Moqueta rota<\/li><li>Escaleras irregulares<\/li><li>Escombros en las pasarelas, pasillos y escaleras<\/li><li>No hay pasamanos en las escaleras<\/li><li>El pavimento agrietado y agitado<\/li><li>Pasillos helados, aparcamientos, escaleras<\/li><li>Suelo desgastado, rasgado, astillado<\/li><li>Infracciones del c\u00f3digo de construcci\u00f3n<\/li><\/ul>\n\n\n\n<p>&nbsp;<br>Si ha resbalado y se ha ca\u00eddo como resultado de la negligencia de otra persona, puede tener derecho a reclamar una indemnizaci\u00f3n. Aseg\u00farese de tomar fotos del peligro que supuestamente ha causado la ca\u00edda, consiga los nombres de los testigos, si es posible, acuda a un m\u00e9dico inmediatamente y pida un informe m\u00e9dico. No acepte ninguna oferta de acuerdo de una compa\u00f1\u00eda de seguros o de la persona o parte que supuestamente caus\u00f3 su accidente. Hable con su abogado.<\/p>\n\n\n\n<p>Para saber c\u00f3mo nuestros experimentados abogados pueden luchar por usted y su familia despu\u00e9s de un accidente por resbal\u00f3n y ca\u00edda, llame al <a href=\"https:\/\/www.steinberglawfirm.com\/\" target=\"_blank\" rel=\"noopener\">Steinberg Law Firm, LLC<\/a>en el 843-720-2800 para una <a href=\"https:\/\/www.steinberglawfirm.com\/free-consultation\/\" target=\"_blank\" rel=\"noopener\">revisi\u00f3n gratuita del caso<\/a>. Prestamos servicio a Charleston, Goose Creek, Summerville y alrededores.<\/p>","protected":false},"excerpt":{"rendered":"<p>Charleston Abogados de accidentes de resbalones y ca\u00eddas Las lesiones personales son muy comunes, y pueden ocurrir en cualquier momento, en cualquier lugar y pueden tomar una variedad de formas dependiendo de la naturaleza del accidente. Algunos ejemplos de los tipos de lesiones que los abogados de lesiones personales ven m\u00e1s a menudo incluyen: Mordeduras de animales Accidentes automovil\u00edsticos Productos defectuosos...<\/p>","protected":false},"author":1,"featured_media":15300,"parent":3313,"menu_order":0,"comment_status":"closed","ping_status":"closed","template":"","meta":{"_acf_changed":false,"footnotes":""},"class_list":["post-3334","page","type-page","status-publish","has-post-thumbnail","hentry"],"acf":[],"_links":{"self":[{"href":"https:\/\/steinberglawfirm-staging.clmcloud.app\/es\/wp-json\/wp\/v2\/pages\/3334"}],"collection":[{"href":"https:\/\/steinberglawfirm-staging.clmcloud.app\/es\/wp-json\/wp\/v2\/pages"}],"about":[{"href":"https:\/\/steinberglawfirm-staging.clmcloud.app\/es\/wp-json\/wp\/v2\/types\/page"}],"author":[{"embeddable":true,"href":"https:\/\/steinberglawfirm-staging.clmcloud.app\/es\/wp-json\/wp\/v2\/users\/1"}],"replies":[{"embeddable":true,"href":"https:\/\/steinberglawfirm-staging.clmcloud.app\/es\/wp-json\/wp\/v2\/comments?post=3334"}],"version-history":[{"count":4,"href":"https:\/\/steinberglawfirm-staging.clmcloud.app\/es\/wp-json\/wp\/v2\/pages\/3334\/revisions"}],"predecessor-version":[{"id":21405,"href":"https:\/\/steinberglawfirm-staging.clmcloud.app\/es\/wp-json\/wp\/v2\/pages\/3334\/revisions\/21405"}],"up":[{"embeddable":true,"href":"https:\/\/steinberglawfirm-staging.clmcloud.app\/es\/wp-json\/wp\/v2\/pages\/3313"}],"wp:featuredmedia":[{"embeddable":true,"href":"https:\/\/steinberglawfirm-staging.clmcloud.app\/es\/wp-json\/wp\/v2\/media\/15300"}],"wp:attachment":[{"href":"https:\/\/steinberglawfirm-staging.clmcloud.app\/es\/wp-json\/wp\/v2\/media?parent=3334"}],"curies":[{"name":"wp","href":"https:\/\/api.w.org\/{rel}","templated":true}]}}