{"id":3331,"date":"2017-12-01T20:00:10","date_gmt":"2017-12-01T20:00:10","guid":{"rendered":"https:\/\/www.steinberglawfirm.com\/?page_id=3331"},"modified":"2022-04-27T21:45:11","modified_gmt":"2022-04-27T21:45:11","slug":"car-accident-lawyers","status":"publish","type":"page","link":"https:\/\/steinberglawfirm-staging.clmcloud.app\/es\/ubicaciones\/charleston\/abogados-accidentes-de-coche\/","title":{"rendered":"Charleston Abogados de accidentes de tr\u00e1fico"},"content":{"rendered":"<h1 class=\"wp-block-heading\">Charleston Abogados de accidentes de tr\u00e1fico<\/h1>\n\n\n\n<p>Miles de residentes de Charleston resultan heridos en accidentes de tr\u00e1fico causados por la negligencia de otros. Muchas de las v\u00edctimas de estas colisiones quedan con lesiones que les afectan para el resto de sus vidas. Si las lesiones sufridas fueron catastr\u00f3ficas, las v\u00edctimas pueden luchar con discapacidades a largo plazo que les dificultan realizar las tareas de la vida diaria o volver al trabajo.<\/p>\n\n\n\n<p>Si ha resultado herido en un accidente de tr\u00e1fico, puede obtener una indemnizaci\u00f3n por las p\u00e9rdidas (McNeil v. United States, 519 F.Supp. 283 (D.S.C. 1981)) que haya sufrido, como por ejemplo<\/p>\n\n\n\n<ul class=\"wp-block-list\"><li>Dolor emocional, sufrimiento<\/li><li>Dolor f\u00edsico, sufrimiento<\/li><li>Dolor y sufrimiento pasados y futuros<\/li><li>Gastos m\u00e9dicos, pasados y futuros<\/li><li>Discapacidad, deformidad<\/li><li>Gastos de rehabilitaci\u00f3n<\/li><li>P\u00e9rdida de ingresos, p\u00e9rdida de salarios<\/li><li>P\u00e9rdida de calidad de vida<\/li><li>P\u00e9rdida de la sociedad y del confort del c\u00f3nyuge<\/li><\/ul>\n\n\n\n<p>&nbsp;<br>Si el accidente en el que estuvo involucrado fue el resultado de la imprudencia o el descuido de otra persona, es importante hablar con un abogado con experiencia en accidentes automovil\u00edsticos. La imprudencia, el descuido o la negligencia al causar un accidente puede ser el resultado de:<\/p>\n\n\n\n<ul class=\"wp-block-list\"><li>Conducci\u00f3n distra\u00edda<\/li><li>Error del conductor<\/li><li>No ceder el derecho de paso<\/li><li>Tailgating<\/li><li>Saltarse las se\u00f1ales de stop o los sem\u00e1foros en rojo<\/li><li>No conducir de acuerdo con las condiciones de la carretera<\/li><li>DUI\/DWI<\/li><li>Conducir con sue\u00f1o<\/li><li>Exceso de velocidad<\/li><\/ul>\n\n\n\n<p>&nbsp;<br>En los casos en los que el demandado haya actuado de forma imprudente, intencionada o maliciosa, tambi\u00e9n pueden concederse da\u00f1os punitivos. Los da\u00f1os punitivos pretenden castigar a la parte responsable y evitar que otros cometan los mismos actos.<br><strong><br>Plazos de presentaci\u00f3n de demandas por accidente de tr\u00e1fico Charleston<\/strong><br>Charleston, al igual que la mayor\u00eda de las ciudades, tiene plazos de prescripci\u00f3n, lo que significa que hay l\u00edmites de tiempo para presentar una demanda por lesiones personales. En general, hay un plazo de prescripci\u00f3n de tres a\u00f1os en relaci\u00f3n con una demanda por lesiones personales. Tambi\u00e9n hay muchas excepciones, dependiendo de los detalles del accidente. Su abogado experto en accidentes de coche puede explicarle cu\u00e1les son los plazos y c\u00f3mo proceder con una demanda.<\/p>\n\n\n\n<p>Hay que tener en cuenta que existen diferentes plazos de prescripci\u00f3n para diversas reclamaciones por negligencia contra una agencia gubernamental y\/o el gobierno federal. Si un demandante fue lesionado por un empleado del estado, es probable que su reclamaci\u00f3n caiga bajo la Ley de Reclamaciones por Agravios South Carolina. Si una v\u00edctima fue lesionada por un empleado del gobierno federal, su reclamaci\u00f3n probablemente caer\u00eda bajo la Ley Federal de Reclamaciones por Agravios.<\/p>\n\n\n\n<h2 class=\"wp-block-heading\">Abogado de accidentes de coche que representa a Charleston<\/h2>\n\n\n\n<p>Para saber c\u00f3mo nuestros experimentados abogados pueden luchar por usted y su familia despu\u00e9s de un grave accidente de coche, llame al <a href=\"https:\/\/www.steinberglawfirm.com\/\" target=\"_blank\" rel=\"noopener\">Steinberg Law Firm, LLC<\/a>en el 843-720-2800 para una <a href=\"https:\/\/www.steinberglawfirm.com\/free-consultation\/\" target=\"_blank\" rel=\"noopener\">Revisi\u00f3n de casos GRATUITA<\/a>. Prestamos servicio a Charleston, Goose Creek, Summerville y alrededores.<\/p>","protected":false},"excerpt":{"rendered":"<p>Abogados de accidentes de coche en Charleston Miles de residentes de Charleston resultan heridos en accidentes de coche causados por la negligencia de otros. Muchas de las v\u00edctimas de estas colisiones quedan con lesiones que les afectan para el resto de sus vidas. Si las lesiones sufridas fueron catastr\u00f3ficas, las v\u00edctimas pueden luchar con discapacidades a largo plazo que hacen dif\u00edcil...<\/p>","protected":false},"author":1,"featured_media":19679,"parent":3313,"menu_order":0,"comment_status":"closed","ping_status":"closed","template":"","meta":{"_acf_changed":false,"footnotes":""},"class_list":["post-3331","page","type-page","status-publish","has-post-thumbnail","hentry"],"acf":[],"_links":{"self":[{"href":"https:\/\/steinberglawfirm-staging.clmcloud.app\/es\/wp-json\/wp\/v2\/pages\/3331"}],"collection":[{"href":"https:\/\/steinberglawfirm-staging.clmcloud.app\/es\/wp-json\/wp\/v2\/pages"}],"about":[{"href":"https:\/\/steinberglawfirm-staging.clmcloud.app\/es\/wp-json\/wp\/v2\/types\/page"}],"author":[{"embeddable":true,"href":"https:\/\/steinberglawfirm-staging.clmcloud.app\/es\/wp-json\/wp\/v2\/users\/1"}],"replies":[{"embeddable":true,"href":"https:\/\/steinberglawfirm-staging.clmcloud.app\/es\/wp-json\/wp\/v2\/comments?post=3331"}],"version-history":[{"count":4,"href":"https:\/\/steinberglawfirm-staging.clmcloud.app\/es\/wp-json\/wp\/v2\/pages\/3331\/revisions"}],"predecessor-version":[{"id":21401,"href":"https:\/\/steinberglawfirm-staging.clmcloud.app\/es\/wp-json\/wp\/v2\/pages\/3331\/revisions\/21401"}],"up":[{"embeddable":true,"href":"https:\/\/steinberglawfirm-staging.clmcloud.app\/es\/wp-json\/wp\/v2\/pages\/3313"}],"wp:featuredmedia":[{"embeddable":true,"href":"https:\/\/steinberglawfirm-staging.clmcloud.app\/es\/wp-json\/wp\/v2\/media\/19679"}],"wp:attachment":[{"href":"https:\/\/steinberglawfirm-staging.clmcloud.app\/es\/wp-json\/wp\/v2\/media?parent=3331"}],"curies":[{"name":"wp","href":"https:\/\/api.w.org\/{rel}","templated":true}]}}