{"id":3322,"date":"2017-11-30T19:12:39","date_gmt":"2017-11-30T19:12:39","guid":{"rendered":"https:\/\/www.steinberglawfirm.com\/?page_id=3322"},"modified":"2023-09-14T17:54:59","modified_gmt":"2023-09-14T17:54:59","slug":"personal-injury-lawyers","status":"publish","type":"page","link":"https:\/\/steinberglawfirm-staging.clmcloud.app\/es\/ubicaciones\/charleston\/abogados-especializados-en-danos-personales\/","title":{"rendered":"Charleston Abogados de lesiones personales"},"content":{"rendered":"<h1 class=\"wp-block-heading\">Charleston Abogados de lesiones personales<\/h1>\n\n\n\n<p>Cuando te has visto involucrado en un accidente que te ha lesionado <a href=\"https:\/\/www.steinberglawfirm.com\/contact-us\/\" target=\"_blank\" rel=\"noopener\">contactar con un abogado de lesiones personales Charleston<\/a>. Los abogados de la <a href=\"https:\/\/www.steinberglawfirm.com\/\" target=\"_blank\" rel=\"noopener\">Steinberg Law Firm<\/a> tienen las habilidades y la experiencia en la ley de lesiones personales y luchar\u00e1n para obtener la compensaci\u00f3n que usted merece. Si el descuido de otra persona result\u00f3 en sus lesiones, usted no deber\u00eda tener que lidiar con todas las consecuencias de esa lesi\u00f3n sin una compensaci\u00f3n justa y equitativa.<\/p>\n\n\n\n<p>El derecho de da\u00f1os personales es un amplio nicho en el que <a href=\"https:\/\/www.steinberglawfirm.com\/attorney\/\" target=\"_blank\" rel=\"noopener\">nuestros abogados<\/a> trabajan estrechamente con demandantes que han sufrido lesiones en accidentes evitables, como:<\/p>\n\n\n\n<ul class=\"wp-block-list\">\n<li><a href=\"https:\/\/www.steinberglawfirm.com\/locations\/charleston\/car-accident-lawyers\/\" target=\"_blank\" rel=\"noopener\">Accidentes de tr\u00e1fico<\/a><\/li>\n\n\n\n<li><a href=\"https:\/\/www.steinberglawfirm.com\/locations\/charleston\/slip-and-fall-accidents-lawyers\/\" target=\"_blank\" rel=\"noopener\">Lesiones por resbalones y ca\u00eddas<\/a><\/li>\n\n\n\n<li><a href=\"https:\/\/www.steinberglawfirm.com\/locations\/charleston\/workers-compensation-lawyers\/\" target=\"_blank\" rel=\"noopener\">Lesiones en el lugar de trabajo<\/a><\/li>\n\n\n\n<li><a href=\"https:\/\/www.steinberglawfirm.com\/locations\/charleston\/wrongful-death-lawyers\/\" target=\"_blank\" rel=\"noopener\">Muerte por negligencia<\/a><\/li>\n\n\n\n<li><a href=\"https:\/\/www.steinberglawfirm.com\/personal-injury\/serious-injury-cases\/traumatic-brain-injury\/\" target=\"_blank\" rel=\"noopener\">Lesiones cerebrales<\/a><\/li>\n\n\n\n<li><a href=\"https:\/\/www.steinberglawfirm.com\/personal-injury\/head-brain-and-spine-injuries\/\" target=\"_blank\" rel=\"noopener\">Lesiones en la cabeza y la columna vertebral<\/a><\/li>\n\n\n\n<li><a href=\"https:\/\/www.steinberglawfirm.com\/personal-injury\/serious-injury-cases\/traumatic-amputation-injuries\/\" target=\"_blank\" rel=\"noopener\">Amputaciones\/p\u00e9rdida de extremidades<\/a><\/li>\n\n\n\n<li><a href=\"https:\/\/www.steinberglawfirm.com\/personal-injury\/personal-injury-lawyers\/scarring-and-disfigurement\/\" target=\"_blank\" rel=\"noopener\">Desfiguraci\u00f3n\/cicatrizaci\u00f3n<\/a><\/li>\n\n\n\n<li><a href=\"https:\/\/www.steinberglawfirm.com\/personal-injury\/dog-bites\/\" target=\"_blank\" rel=\"noopener\">Mordeduras de perro<\/a><\/li>\n\n\n\n<li><a href=\"https:\/\/www.steinberglawfirm.com\/personal-injury\/motorcycle-accidents\/\" target=\"_blank\" rel=\"noopener\">Accidentes de moto<\/a><\/li>\n\n\n\n<li><a href=\"https:\/\/www.steinberglawfirm.com\/personal-injury\/premises-liability\/\" target=\"_blank\" rel=\"noopener\">Responsabilidad civil de los locales<\/a><\/li>\n\n\n\n<li><a href=\"https:\/\/www.steinberglawfirm.com\/locations\/charleston\/truck-accident-lawyer\/\" target=\"_blank\" rel=\"noopener\">Accidentes de cami\u00f3n<\/a><\/li>\n\n\n\n<li><a href=\"https:\/\/www.steinberglawfirm.com\/locations\/charleston\/nursing-home-abuse-and-negligence\/\" target=\"_blank\" rel=\"noopener\">Abuso en residencias de ancianos<\/a><\/li>\n\n\n\n<li><a href=\"https:\/\/www.steinberglawfirm.com\/personal-injury\/dangerous-products\/\" target=\"_blank\" rel=\"noopener\">Productos defectuosos o peligrosos<\/a><\/li>\n<\/ul>\n\n\n\n<p>Una lesi\u00f3n personal suele implicar una lesi\u00f3n f\u00edsica y\/o emocional para la v\u00edctima y\/o da\u00f1os a la propiedad de la v\u00edctima. Una de las siguientes acciones, o una combinaci\u00f3n de ellas, suele ser la causa de los accidentes con lesiones personales:<\/p>\n\n\n\n<ul class=\"wp-block-list\">\n<li>La conducta il\u00edcita intencionada de alguien<\/li>\n\n\n\n<li>Un producto defectuoso<\/li>\n\n\n\n<li>La conducta negligente, descuidada o imprudente de alguien<\/li>\n\n\n\n<li>Una actividad o condici\u00f3n extremadamente peligrosa<\/li>\n<\/ul>\n\n\n\n<p>Si ha sido v\u00edctima de la negligencia de otra persona, tiene derecho a <a href=\"https:\/\/www.steinberglawfirm.com\/results\/\" target=\"_blank\" rel=\"noopener\">recuperar la compensaci\u00f3n por cualquier lesi\u00f3n<\/a> que pueda haber sufrido. Este derecho se rige por el derecho com\u00fan y la legislaci\u00f3n estatal, as\u00ed como por la legislaci\u00f3n federal. Una v\u00edctima en una demanda por lesiones personales se denomina \"demandante\" y la entidad o individuo que caus\u00f3 el accidente se denomina \"demandado\".<\/p>\n\n\n\n<p>La negligencia, tal y como se define en el caso judicial Proctor v. Department of Health and Environmental Control, 2006 WL 706734 (S.C.App.), es la falta de la debida diligencia o cuidado razonable, que es aquel cuidado que una persona razonablemente cuidadosa emplear\u00eda en circunstancias similares.<\/p>\n\n\n\n<p>Para obtener una indemnizaci\u00f3n en el Charleston por una demanda de negligencia por da\u00f1os personales hay cuatro elementos que debe probar el demandante. Estos elementos, enumerados en Adrade v. Johnson, 356 S.C. 238, 245, 588 S.E.2d 588, 592 (2003) son:<\/p>\n\n\n\n<ul class=\"wp-block-list\">\n<li>Deber de diligencia del demandado hacia el demandante<\/li>\n\n\n\n<li>La demandada incumpli\u00f3 el deber de diligencia<\/li>\n\n\n\n<li>El incumplimiento del demandado caus\u00f3 las lesiones del demandante<\/li>\n\n\n\n<li>Las lesiones del demandante eran razonablemente previsibles por el demandado y, por tanto, la causa pr\u00f3xima o legal de las mismas<\/li>\n<\/ul>\n\n\n\n<p>El demandante debe probar los elementos de una reclamaci\u00f3n por la preponderancia de las pruebas o el mayor peso de las pruebas. En otras palabras, el demandante debe probar una reclamaci\u00f3n por m\u00e1s del 50%. Tambi\u00e9n es importante se\u00f1alar que en el Charleston, la ley reconoce la negligencia contributiva. Esto es cuando la negligencia de un demandante contribuye o causa, en todo o en parte, la lesi\u00f3n del demandante. Cuando la negligencia del demandante contribuye a su lesi\u00f3n, entra en juego la ley de negligencia comparativa. Nelson v. Concrete Supply Co., 303 S.C. 243, 399 S.E.2d 783 (1991).<\/p>\n\n\n\n<p>Si la negligencia del demandante es mayor que la del demandado, el demandante no podr\u00e1 obtener una indemnizaci\u00f3n. Sin embargo, si la negligencia del demandante est\u00e1 a la par con la del demandado o es menor que \u00e9sta, la indemnizaci\u00f3n de la v\u00edctima\/demandante se reduce en el porcentaje de la negligencia evaluada. Dicho de otro modo, si el demandante fue responsable de un accidente en un 52%, la indemnizaci\u00f3n que se le conceda se reducir\u00e1 en un 52%.<\/p>\n\n\n\n<p>Para saber c\u00f3mo nuestro <a href=\"https:\/\/www.steinberglawfirm.com\/personal-injury\/personal-injury-lawyers\/\" target=\"_blank\" rel=\"noopener\">abogados expertos en lesiones personales Charleston<\/a> puede luchar por usted y su familia despu\u00e9s de una lesi\u00f3n grave, llame al <a href=\"https:\/\/www.steinberglawfirm.com\/\" target=\"_blank\" rel=\"noopener\">Steinberg Law Firm, LLC<\/a>, en <a href=\"tel:1-843-720-2800\">843-720-2800<\/a> para un <a href=\"https:\/\/www.steinberglawfirm.com\/free-consultation\/\" target=\"_blank\" rel=\"noopener\">Revisi\u00f3n de casos GRATUITA<\/a>. Prestamos servicio a Charleston, Goose Creek, Summerville y alrededores.<\/p>","protected":false},"excerpt":{"rendered":"<p>Charleston Abogados de lesiones personales Cuando usted ha estado involucrado en un accidente que lo ha lesionado contacte a un abogado de lesiones personales de Charleston. Los abogados de la Steinberg Law Firm tienen las habilidades y la experiencia en la ley de lesiones personales y luchar\u00e1n para obtener la compensaci\u00f3n que usted merece. Si el descuido de otra persona ha provocado sus lesiones,...<\/p>","protected":false},"author":1,"featured_media":0,"parent":3313,"menu_order":0,"comment_status":"closed","ping_status":"closed","template":"","meta":{"_acf_changed":false,"footnotes":""},"class_list":["post-3322","page","type-page","status-publish","hentry"],"acf":[],"_links":{"self":[{"href":"https:\/\/steinberglawfirm-staging.clmcloud.app\/es\/wp-json\/wp\/v2\/pages\/3322"}],"collection":[{"href":"https:\/\/steinberglawfirm-staging.clmcloud.app\/es\/wp-json\/wp\/v2\/pages"}],"about":[{"href":"https:\/\/steinberglawfirm-staging.clmcloud.app\/es\/wp-json\/wp\/v2\/types\/page"}],"author":[{"embeddable":true,"href":"https:\/\/steinberglawfirm-staging.clmcloud.app\/es\/wp-json\/wp\/v2\/users\/1"}],"replies":[{"embeddable":true,"href":"https:\/\/steinberglawfirm-staging.clmcloud.app\/es\/wp-json\/wp\/v2\/comments?post=3322"}],"version-history":[{"count":6,"href":"https:\/\/steinberglawfirm-staging.clmcloud.app\/es\/wp-json\/wp\/v2\/pages\/3322\/revisions"}],"predecessor-version":[{"id":26991,"href":"https:\/\/steinberglawfirm-staging.clmcloud.app\/es\/wp-json\/wp\/v2\/pages\/3322\/revisions\/26991"}],"up":[{"embeddable":true,"href":"https:\/\/steinberglawfirm-staging.clmcloud.app\/es\/wp-json\/wp\/v2\/pages\/3313"}],"wp:attachment":[{"href":"https:\/\/steinberglawfirm-staging.clmcloud.app\/es\/wp-json\/wp\/v2\/media?parent=3322"}],"curies":[{"name":"wp","href":"https:\/\/api.w.org\/{rel}","templated":true}]}}