{"id":3313,"date":"2017-11-22T23:23:09","date_gmt":"2017-11-22T23:23:09","guid":{"rendered":"https:\/\/www.steinberglawfirm.com\/?page_id=3313"},"modified":"2022-04-21T21:54:38","modified_gmt":"2022-04-21T21:54:38","slug":"charleston","status":"publish","type":"page","link":"https:\/\/steinberglawfirm-staging.clmcloud.app\/es\/ubicaciones\/charleston\/","title":{"rendered":"Charleston, South Carolina"},"content":{"rendered":"<h1 class=\"wp-block-heading\">Charleston, South Carolina Abogados de lesiones<\/h1>\n\n\n\n<p>Los clientes contratan al Steinberg Law Firm porque somos un miembro de confianza de esta comunidad desde hace m\u00e1s de 85 a\u00f1os. Aplicamos el mismo nivel de cuidado y convicci\u00f3n a cada cliente que atendemos. Ya sea que estemos manejando un reclamo de compensaci\u00f3n de trabajadores, un reclamo de accidente de auto, un reclamo de lesiones personales, o cualquier otro asunto, tratamos cada caso tan profesionalmente y cuidadosamente como podemos. Estamos aqu\u00ed para servirle, y nuestros abogados experimentados trabajan duro para obtener la justicia y la compensaci\u00f3n que usted merece bajo la ley.<\/p>\n\n\n<ul class=\"list-pages-shortcode child-pages\"><li class=\"page_item page-item-3331 page_item_has_children\"><a href=\"https:\/\/steinberglawfirm-staging.clmcloud.app\/es\/ubicaciones\/charleston\/abogados-accidentes-de-coche\/\">Charleston Abogados de accidentes de tr\u00e1fico<\/a>\n<ul class='children'>\n\t<li class=\"page_item page-item-31566\"><a href=\"https:\/\/steinberglawfirm-staging.clmcloud.app\/es\/ubicaciones\/charleston\/abogados-accidentes-de-coche\/accidente-por-conducir-ebrio\/\">Charleston Abogados de accidentes por conducir ebrio<\/a><\/li>\n\t<li class=\"page_item page-item-24203\"><a href=\"https:\/\/steinberglawfirm-staging.clmcloud.app\/es\/ubicaciones\/charleston\/abogados-accidentes-de-coche\/west-ashley-fatal-car-accident-attorneys\/\">West Ashley Abogados de accidente de coche fatal<\/a><\/li>\n<\/ul>\n<\/li>\n<li class=\"page_item page-item-22701\"><a href=\"https:\/\/steinberglawfirm-staging.clmcloud.app\/es\/ubicaciones\/charleston\/aumento-de-las-lesiones-en-motos-electricas-y-bicicletas\/\">Charleston Aumentan las lesiones en patinetes y bicicletas el\u00e9ctricas<\/a><\/li>\n<li class=\"page_item page-item-3322\"><a href=\"https:\/\/steinberglawfirm-staging.clmcloud.app\/es\/ubicaciones\/charleston\/abogados-especializados-en-danos-personales\/\">Charleston Abogados de lesiones personales<\/a><\/li>\n<li class=\"page_item page-item-3334\"><a href=\"https:\/\/steinberglawfirm-staging.clmcloud.app\/es\/ubicaciones\/charleston\/abogados-especializados-en-accidentes-de-resbalones-y-caidas\/\">Charleston Abogados de accidentes por resbalones y ca\u00eddas<\/a><\/li>\n<li class=\"page_item page-item-26966\"><a href=\"https:\/\/steinberglawfirm-staging.clmcloud.app\/es\/ubicaciones\/charleston\/camion-accidente-abogado-2\/\">Charleston Abogado de accidente de cami\u00f3n<\/a><\/li>\n<li class=\"page_item page-item-3339 page_item_has_children\"><a href=\"https:\/\/steinberglawfirm-staging.clmcloud.app\/es\/ubicaciones\/charleston\/abogados-especializados-en-indemnizaciones-laborales-2\/\">Charleston Abogados especialistas en indemnizaci\u00f3n laboral<\/a>\n<ul class='children'>\n\t<li class=\"page_item page-item-30412\"><a href=\"https:\/\/steinberglawfirm-staging.clmcloud.app\/es\/ubicaciones\/charleston\/abogados-especializados-en-indemnizaciones-laborales-2\/abogados-de-accidentes-de-conductores-de-reparto\/\">Charleston, South Carolina Accidentes de repartidores<\/a><\/li>\n<\/ul>\n<\/li>\n<li class=\"page_item page-item-3347\"><a href=\"https:\/\/steinberglawfirm-staging.clmcloud.app\/es\/ubicaciones\/charleston\/abogados-especializados-en-muertes-por-negligencia\/\">Charleston Abogados de Muerte Injusta<\/a><\/li>\n<li class=\"page_item page-item-3540\"><a href=\"https:\/\/steinberglawfirm-staging.clmcloud.app\/es\/ubicaciones\/charleston\/abuso-y-negligencia-en-hogares-de-ancianos-2\/\">Abuso y negligencia en residencias de ancianos<\/a><\/li>\n<\/ul>","protected":false},"excerpt":{"rendered":"<p>Charleston, South Carolina Abogados de lesiones Los clientes contratan al Steinberg Law Firm porque hemos sido un miembro de confianza de esta comunidad durante m\u00e1s de 85 a\u00f1os. Aplicamos el mismo nivel de cuidado y convicci\u00f3n a cada cliente que atendemos. Ya sea que estemos manejando un reclamo de compensaci\u00f3n de trabajadores, reclamo de accidente de auto, reclamo de lesiones personales, o...<\/p>","protected":false},"author":1,"featured_media":19677,"parent":13547,"menu_order":0,"comment_status":"closed","ping_status":"closed","template":"","meta":{"_acf_changed":false,"footnotes":""},"class_list":["post-3313","page","type-page","status-publish","has-post-thumbnail","hentry"],"acf":[],"_links":{"self":[{"href":"https:\/\/steinberglawfirm-staging.clmcloud.app\/es\/wp-json\/wp\/v2\/pages\/3313"}],"collection":[{"href":"https:\/\/steinberglawfirm-staging.clmcloud.app\/es\/wp-json\/wp\/v2\/pages"}],"about":[{"href":"https:\/\/steinberglawfirm-staging.clmcloud.app\/es\/wp-json\/wp\/v2\/types\/page"}],"author":[{"embeddable":true,"href":"https:\/\/steinberglawfirm-staging.clmcloud.app\/es\/wp-json\/wp\/v2\/users\/1"}],"replies":[{"embeddable":true,"href":"https:\/\/steinberglawfirm-staging.clmcloud.app\/es\/wp-json\/wp\/v2\/comments?post=3313"}],"version-history":[{"count":4,"href":"https:\/\/steinberglawfirm-staging.clmcloud.app\/es\/wp-json\/wp\/v2\/pages\/3313\/revisions"}],"predecessor-version":[{"id":20540,"href":"https:\/\/steinberglawfirm-staging.clmcloud.app\/es\/wp-json\/wp\/v2\/pages\/3313\/revisions\/20540"}],"up":[{"embeddable":true,"href":"https:\/\/steinberglawfirm-staging.clmcloud.app\/es\/wp-json\/wp\/v2\/pages\/13547"}],"wp:featuredmedia":[{"embeddable":true,"href":"https:\/\/steinberglawfirm-staging.clmcloud.app\/es\/wp-json\/wp\/v2\/media\/19677"}],"wp:attachment":[{"href":"https:\/\/steinberglawfirm-staging.clmcloud.app\/es\/wp-json\/wp\/v2\/media?parent=3313"}],"curies":[{"name":"wp","href":"https:\/\/api.w.org\/{rel}","templated":true}]}}