{"id":327,"date":"2018-04-18T04:06:59","date_gmt":"2018-04-18T04:06:59","guid":{"rendered":"https:\/\/www.steinberglawfirm.com\/?page_id=327"},"modified":"2022-05-02T21:38:19","modified_gmt":"2022-05-02T21:38:19","slug":"the-steinberg-legacy","status":"publish","type":"page","link":"https:\/\/steinberglawfirm-staging.clmcloud.app\/es\/el-legado-de-steinberg\/","title":{"rendered":"El legado del Steinberg"},"content":{"rendered":"<a href=\"\/es\/contact\/\" target=\"_self\" role=\"button\" rel=\"noopener\">\n\t\t\t\t\t\t\tOBTENGA UNA CONSULTA GRATUITA\n\t\t\t\t\t<\/a>\n<h1>\n\t\tEl legado del Steinberg\n\t<\/h1>\n\t<p>Irving Steinberg fund\u00f3 la Steinberg Law Firm en 1927. Como uno de los primeros abogados jud\u00edos de la Charleston, Steinberg experiment\u00f3 la discriminaci\u00f3n y esto le inspir\u00f3 para ayudar a otros grupos privados de derechos durante esa \u00e9poca: los afroamericanos y los trabajadores inmigrantes.<\/p>\n<p>El bufete empez\u00f3 a ocuparse de casos penales y civiles, y a principios de la d\u00e9cada de 1920, Steinberg se interes\u00f3 por ayudar a los trabajadores lesionados. Sin embargo, en aquella \u00e9poca no exist\u00edan leyes de compensaci\u00f3n a los trabajadores. Steinberg y otros abogados de South Carolina reunieron entonces estatutos de otros estados y presionaron para que se a\u00f1adiera una ley similar en South Carolina en 1936.<\/p>\n<p>Durante las dos d\u00e9cadas siguientes, el bufete creci\u00f3 hasta incluir a los socios Irving Levkoff, Hugo Spitz y Charles Goldberg, y el equipo continu\u00f3 con su compromiso de hacer avanzar las leyes de compensaci\u00f3n a los trabajadores. Estos abogados fundaron varias organizaciones de la industria que siguen activas hoy en d\u00eda, incluyendo la Asociaci\u00f3n de Justicia de Carolina del Sur (formalmente la Asociaci\u00f3n de Abogados Litigantes de Carolina del Sur) y los Defensores de los Trabajadores Lesionados.<\/p>\n<p>Steinberg sigui\u00f3 luchando por los derechos de las personas lesionadas hasta su muerte en 1980. Su legado perdura en el bufete que a\u00fan lleva su nombre.<\/p>\n\t<iframe loading=\"lazy\" src=\"https:\/\/player.vimeo.com\/video\/683498509?h=39eb637d5d&#038;title=0&#038;byline=0&#038;portrait=0\" width=\"640\" height=\"360\" frameborder=\"0\" allow=\"autoplay; fullscreen; picture-in-picture\" allowfullscreen><\/iframe>\n\t<p>Desde finales de la d\u00e9cada de 1970, Steinberg ha a\u00f1adido nueve socios a la firma: David Pearlman (1976), Tom White (1980), J. Kevin Holmes (1985), Malcolm Crosland (1987), Steven Goldberg (1993), Michael Jordan (2014), Benjamin Akery (2016) y Catie Dunn Meehan (2022). El bufete cuenta con tres oficinas en Charleston, Goose Creek y Summerville para atender a las crecientes comunidades del Lowcountry.<\/p>\n<p>Los abogados de Steinberg han recibido numerosas distinciones, entre ellas:<\/p>\n<ul>\n<li>S\u00faper Abogados<\/li>\n<li>Mejores abogados de Estados Unidos seg\u00fan U.S.News &amp; World Report<\/li>\n<li>Premio Gedney M. Howe, Jr. Premio a la excelencia en el servicio p\u00fablico<\/li>\n<li>El premio SC Leadership in Law<\/li>\n<li>Votado como el mejor bufete de compensaci\u00f3n laboral en SC, entre otras distinciones<\/li>\n<li>Premios Charleston Choice<\/li>\n<\/ul>\n<p>La empresa se dedica a retribuir a la comunidad ayudando a numerosas organizaciones ben\u00e9ficas en South Carolina. M\u00e1s informaci\u00f3n sobre nuestro servicio a la comunidad <a href=\"https:\/\/www.steinberglawfirm.com\/giving-back\/\" target=\"_blank\" rel=\"noopener\">aqu\u00ed<\/a>.<\/p>\n<h3>\n\t\t\u00c1reas de pr\u00e1ctica\n\t<\/h3>\n<h3>\n\t\tResultados\n\t<\/h3>\n<h6>\n\t\tHEMOS RECUPERADO M\u00c1S DE $500 MILLONES PARA CLIENTES EN LOS \u00daLTIMOS 10 A\u00d1OS, INCLUYENDO:\n\t<\/h6>\n<h4>\n\t\t$3.15 Millones\n\t<\/h4>\n<h5>\n\t\tLiquidaci\u00f3n por accidente de tr\u00e1fico\n\t<\/h5>\n<h4>\n\t\t$3.85 Millones\n\t<\/h4>\n<h5>\n\t\tCaso de compensaci\u00f3n a los trabajadores\n\t<\/h5>\n<h2>\n\t\tAbogados de lesiones personales que representan a Charleston y \u00e1reas cercanas de South Carolina\n\t<\/h2>\n\t\t<img decoding=\"async\" src=\"https:\/\/www.steinberglawfirm.com\/wp-content\/uploads\/2021\/03\/play.svg\" alt=\"Bot\u00f3n de reproducci\u00f3n\" title=\"\">\n<h4>\n\t\tEl legado Steinberg Law Firm\n\t<\/h4>\n\t<h2>\n\t\t\t\tHomenaje a nuestros antiguos dirigentes\n\t\t\t<\/h2>\n\t<a href=\"https:\/\/www.steinberglawfirm.com\/the-steinberg-legacy\/tributes-to-our-former-leaders\/inving-steinberg\/\" target=\"_self\" aria-label=\"Ir a https:\/\/www.steinberglawfirm.com\/the-steinberg-legacy\/tributes-to-our-former-leaders\/inving-steinberg\/\" rel=\"noopener\"><\/a>\n\t\t\t<h5>Irving Steinberg<\/h5>\t\t\n\t\t\t\t<img decoding=\"async\" src=\"https:\/\/www.steinberglawfirm.com\/wp-content\/uploads\/2022\/04\/irving-steinberg.jpg\" alt=\"Irving Steinberg\" title=\"irving-steinberg\" itemprop=\"image\"\/>\n\t<a href=\"https:\/\/www.steinberglawfirm.com\/the-steinberg-legacy\/tributes-to-our-former-leaders\/charles-goldberg\/\" target=\"_self\" aria-label=\"Ir a https:\/\/www.steinberglawfirm.com\/the-steinberg-legacy\/tributes-to-our-former-leaders\/charles-goldberg\/\" rel=\"noopener\"><\/a>\n\t\t\t<h5>Charles S. Goldberg, Esq<\/h5>\t\t\n\t\t\t\t<img decoding=\"async\" src=\"https:\/\/www.steinberglawfirm.com\/wp-content\/uploads\/2019\/02\/Charles-S.-Goldberg-1.png\" alt=\"Charles S. Goldberg\" title=\"Charles S. Goldberg\" itemprop=\"image\"\/>\n\t<a href=\"https:\/\/www.steinberglawfirm.com\/the-steinberg-legacy\/tributes-to-our-former-leaders\/hugo-max-spitz\/\" target=\"_self\" aria-label=\"Ir a https:\/\/www.steinberglawfirm.com\/the-steinberg-legacy\/tributes-to-our-former-leaders\/hugo-max-spitz\/\" rel=\"noopener\"><\/a>\n\t\t\t<h5>Juez Hugo Max Spitz<\/h5>\t\t\n\t\t\t\t<img decoding=\"async\" src=\"https:\/\/www.steinberglawfirm.com\/wp-content\/uploads\/2018\/03\/Hugo-Spitz.jpg\" alt=\"Juez Hugo Spitz Steinberg Law Firm Charleston South Carolina\" title=\"Juez Hugo Spitz Steinberg Law Firm Charleston South Carolina\" itemprop=\"image\"\/>\n\t<p><img decoding=\"async\" title=\"Calificado por Super Lawyers\" src=\"https:\/\/www.steinberglawfirm.com\/wp-content\/uploads\/2021\/04\/superlawyers.png\" alt=\"Calificado por Super Lawyers\" width=\"210\" \/><img loading=\"lazy\" decoding=\"async\" src=\"https:\/\/www.steinberglawfirm.com\/wp-content\/uploads\/2021\/04\/million-dollar-clubs.png\" alt=\"Defensores multimillonarios\" width=\"210\" height=\"140\" title=\"\"><img loading=\"lazy\" decoding=\"async\" src=\"https:\/\/www.steinberglawfirm.com\/wp-content\/uploads\/2021\/04\/10-best.png\" alt=\"10 Mejor satisfacci\u00f3n del cliente\" width=\"210\" height=\"140\" title=\"\"><img loading=\"lazy\" decoding=\"async\" src=\"https:\/\/www.steinberglawfirm.com\/wp-content\/uploads\/2019\/11\/best-law-firms-2020.jpg\" alt=\"Los mejores bufetes de abogados de US News\" width=\"185\" height=\"185\" title=\"\"><img loading=\"lazy\" decoding=\"async\" src=\"https:\/\/www.steinberglawfirm.com\/wp-content\/uploads\/2021\/04\/bbb.png\" alt=\"Clasificaci\u00f3n A+ del Better Business Bureau\" width=\"210\" height=\"140\" title=\"\"><img loading=\"lazy\" decoding=\"async\" src=\"https:\/\/www.steinberglawfirm.com\/wp-content\/uploads\/2021\/04\/av-reviewed-5.jpg\" alt=\"AV Preeminente 5 Estrellas\" width=\"210\" height=\"105\" title=\"\"><img loading=\"lazy\" decoding=\"async\" src=\"https:\/\/www.steinberglawfirm.com\/wp-content\/uploads\/2021\/04\/national-trial-lawyers.png\" alt=\"Los 100 mejores abogados litigantes\" width=\"210\" height=\"105\" title=\"\"><img loading=\"lazy\" decoding=\"async\" src=\"https:\/\/www.steinberglawfirm.com\/wp-content\/uploads\/2021\/04\/avvo.jpg\" alt=\"AVVO 10\/10\" width=\"210\" height=\"105\" title=\"\"><img loading=\"lazy\" decoding=\"async\" src=\"https:\/\/www.steinberglawfirm.com\/wp-content\/uploads\/2021\/04\/best-lawyers.jpg\" alt=\"Incluido en la lista de los mejores abogados\" width=\"210\" height=\"105\" title=\"\"><img loading=\"lazy\" decoding=\"async\" src=\"https:\/\/www.steinberglawfirm.com\/wp-content\/uploads\/2021\/04\/top-one-percent.jpg\" alt=\"El 1 por ciento de los bufetes nacionales m\u00e1s importantes\" width=\"210\" height=\"105\" title=\"\"><img loading=\"lazy\" decoding=\"async\" src=\"https:\/\/www.steinberglawfirm.com\/wp-content\/uploads\/2021\/09\/CharlestonChoiceLogoWinner-21.png\" alt=\"Charleston&#039;s Choice 2021 Ganador\" width=\"160\" height=\"80\" title=\"\"><img loading=\"lazy\" decoding=\"async\" src=\"https:\/\/www.steinberglawfirm.com\/wp-content\/uploads\/2021\/09\/CharlestonChoiceLogoFinalist-21.png\" alt=\"Charleston&#039;s Choice 2021 Finalista\" width=\"160\" height=\"80\" title=\"\"><img loading=\"lazy\" decoding=\"async\" src=\"https:\/\/www.steinberglawfirm.com\/wp-content\/uploads\/2021\/12\/thumbnail_2021_Personal_Injury_Badge_3_1_250x244.jpeg\" alt=\"Lo mejor de lo mejor Los 10 mejores abogados de lesiones personales de 2021\" width=\"160\" height=\"80\" title=\"\"><\/p>","protected":false},"excerpt":{"rendered":"<p>OBTENGA UNA CONSULTA GRATUITA El legado de Steinberg Irving Steinberg fund\u00f3 Steinberg Law Firm en 1927. Como uno de los primeros abogados jud\u00edos en Charleston, Steinberg experiment\u00f3 la discriminaci\u00f3n y esto le inspir\u00f3 para ayudar a otros grupos privados de derechos durante ese tiempo: los afroamericanos y los trabajadores migrantes. El bufete empez\u00f3 a ocuparse de casos penales y civiles, y en...<\/p>","protected":false},"author":1,"featured_media":18772,"parent":0,"menu_order":0,"comment_status":"closed","ping_status":"closed","template":"","meta":{"_acf_changed":false,"footnotes":""},"class_list":["post-327","page","type-page","status-publish","has-post-thumbnail","hentry"],"acf":[],"_links":{"self":[{"href":"https:\/\/steinberglawfirm-staging.clmcloud.app\/es\/wp-json\/wp\/v2\/pages\/327"}],"collection":[{"href":"https:\/\/steinberglawfirm-staging.clmcloud.app\/es\/wp-json\/wp\/v2\/pages"}],"about":[{"href":"https:\/\/steinberglawfirm-staging.clmcloud.app\/es\/wp-json\/wp\/v2\/types\/page"}],"author":[{"embeddable":true,"href":"https:\/\/steinberglawfirm-staging.clmcloud.app\/es\/wp-json\/wp\/v2\/users\/1"}],"replies":[{"embeddable":true,"href":"https:\/\/steinberglawfirm-staging.clmcloud.app\/es\/wp-json\/wp\/v2\/comments?post=327"}],"version-history":[{"count":18,"href":"https:\/\/steinberglawfirm-staging.clmcloud.app\/es\/wp-json\/wp\/v2\/pages\/327\/revisions"}],"predecessor-version":[{"id":21683,"href":"https:\/\/steinberglawfirm-staging.clmcloud.app\/es\/wp-json\/wp\/v2\/pages\/327\/revisions\/21683"}],"wp:featuredmedia":[{"embeddable":true,"href":"https:\/\/steinberglawfirm-staging.clmcloud.app\/es\/wp-json\/wp\/v2\/media\/18772"}],"wp:attachment":[{"href":"https:\/\/steinberglawfirm-staging.clmcloud.app\/es\/wp-json\/wp\/v2\/media?parent=327"}],"curies":[{"name":"wp","href":"https:\/\/api.w.org\/{rel}","templated":true}]}}