{"id":3225,"date":"2017-10-20T21:07:14","date_gmt":"2017-10-20T21:07:14","guid":{"rendered":"https:\/\/www.steinberglawfirm.com\/?page_id=3225"},"modified":"2024-08-19T13:59:04","modified_gmt":"2024-08-19T13:59:04","slug":"free-resource","status":"publish","type":"page","link":"https:\/\/steinberglawfirm-staging.clmcloud.app\/es\/recurso-libre\/","title":{"rendered":"Recursos gratuitos"},"content":{"rendered":"<h1 class=\"wp-block-heading\">Recursos gratuitos para el \u00e1rea Charleston<\/h1>\n\n\n\n<h2 class=\"wp-block-heading\">Charleston, South Carolina Abogados de lesiones personales<\/h2>\n\n\n\n<p>Nuestro <a href=\"https:\/\/www.steinberglawfirm.com\/personal-injury\/personal-injury-lawyers\/\" target=\"_blank\" rel=\"noopener\">abogados expertos en lesiones Charleston<\/a> nos esforzamos por ofrecer el mejor servicio a nuestros clientes, amigos y compa\u00f1eros de la zona Charleston. Aunque no siempre podemos ayudarle con su situaci\u00f3n particular, hacemos todo lo posible por orientarle en la direcci\u00f3n correcta. Consulte nuestra lista de recursos locales gratuitos para encontrar la ayuda que necesita. Si tiene alguna pregunta, no dude en ponerse en contacto con nosotros. <a href=\"tel:1-843-720-2800\">llame a nuestra oficina al 843-720-2800<\/a> para m\u00e1s informaci\u00f3n.<\/p>\n\n\n\n<h3 class=\"wp-block-heading\">Asistencia a los veteranos<\/h3>\n\n\n\n<ul class=\"wp-block-list\">\n<li><a href=\"https:\/\/scserves.americaserves.org\/\" target=\"_blank\" rel=\"noreferrer noopener\">SCServes Veterans Assistance - One Stop Shop Connection<\/a><\/li>\n\n\n\n<li><a href=\"https:\/\/www.tricountyveteranssupportnetwork.org\/index.html\" target=\"_blank\" rel=\"noreferrer noopener\">L\u00ednea de crisis para veteranos<\/a> &#8211; <a href=\"tel:1-843-410-3616\">(843) 410-3616<\/a><\/li>\n\n\n\n<li><a href=\"https:\/\/psoinc.org\/\" target=\"_blank\" rel=\"noreferrer noopener\">Servicio de referencia para veteranos - Proyecto Street Outreach<\/a><\/li>\n\n\n\n<li><a href=\"https:\/\/www.redcross.org\/volunteer\/volunteer-opportunities\/hero-care-network.html\" target=\"_blank\" rel=\"noreferrer noopener\">Red Hero Care<\/a><\/li>\n\n\n\n<li><a href=\"https:\/\/thenavigationcenter.org\/\" target=\"_blank\" rel=\"noreferrer noopener\">Conexi\u00f3n con la comunidad militar&nbsp;<\/a><\/li>\n\n\n\n<li><a href=\"https:\/\/www.veteransondeck.org\/\" target=\"_blank\" rel=\"noreferrer noopener\">Terapia de vela para veteranos en cubierta&nbsp;<\/a><\/li>\n\n\n\n<li><a href=\"https:\/\/www.va.gov\/directory\/guide\/facility.asp?ID=411\" target=\"_blank\" rel=\"noreferrer noopener\">Charleston Centro de Veteranos<\/a> &#8211; <a href=\"tel:1-843-780-7000\">(843) 789-7000<\/a><\/li>\n\n\n\n<li><a href=\"https:\/\/www.resumebuilder.com\/veterans-resume-and-job-hunting-guide\/\" data-type=\"link\" data-id=\"https:\/\/www.resumebuilder.com\/veterans-resume-and-job-hunting-guide\/\" target=\"_blank\" rel=\"noopener\">Gu\u00eda para veteranos sobre CV y b\u00fasqueda de empleo<\/a><\/li>\n<\/ul>\n\n\n\n<h3 class=\"wp-block-heading\">Ayuda para alimentos y ropa<\/h3>\n\n\n\n<ul class=\"wp-block-list\">\n<li><a href=\"https:\/\/northpalm.org\/missions-outreach\/\" target=\"_blank\" rel=\"noreferrer noopener\">Centro de Beneficencia de Open Windows en la Iglesia de la Comunidad de la Palma North<\/a><\/li>\n\n\n\n<li><a href=\"https:\/\/neighborstogethersc.org\/\" target=\"_blank\" rel=\"noreferrer noopener\">Vecinos Juntos<\/a><\/li>\n\n\n\n<li><a href=\"https:\/\/www.lowcountryfoodbank.org\/\" target=\"_blank\" rel=\"noreferrer noopener\">Banco de Alimentos de Lowcountry<\/a><\/li>\n<\/ul>\n\n\n\n<h3 class=\"wp-block-heading\">Recursos gratuitos de salud y seguridad<\/h3>\n\n\n\n<ul class=\"wp-block-list\">\n<li><a href=\"https:\/\/aging.sc.gov\/\" target=\"_blank\" rel=\"noreferrer noopener\">Directorio de servicios para personas mayores y discapacitadas<\/a> - <a href=\"tel:1-800-894-0415\">(800) 894-0415<\/a><\/li>\n\n\n\n<li><a href=\"https:\/\/www.daodas.sc.gov\/treatment\/local-providers\/\" target=\"_blank\" rel=\"noreferrer noopener\">Proveedores de tratamiento contra el alcoholismo y la drogadicci\u00f3n<\/a> - <a href=\"tel:1-843-958-3300\">(843) 958-3300<\/a><\/li>\n\n\n\n<li><a href=\"https:\/\/sober.com\/aa-meetings\/south-carolina\/charleston-south-carolina\/\" target=\"_blank\" rel=\"noopener\">Charleston Reuniones de AA - Encuentre una reuni\u00f3n<\/a><\/li>\n\n\n\n<li><a href=\"https:\/\/dss.sc.gov\/child-support\/contact-us\/\" target=\"_blank\" rel=\"noreferrer noopener\">L\u00ednea de informaci\u00f3n sobre pensi\u00f3n alimenticia<\/a> - <a href=\"tel:1-843-202-6888\">(843) 202-6888<\/a><\/li>\n\n\n\n<li><a href=\"https:\/\/www.communitycommons.org\/entities\/92767d50-94a9-4bfd-acc6-946f0364e3e0\" target=\"_blank\" rel=\"noreferrer noopener\">Red de Evaluaci\u00f3n Comunitaria<\/a><\/li>\n\n\n\n<li><a href=\"https:\/\/catch.sled.sc.gov\/images\/SLEDCATCHFormfillable.pdf\" target=\"_blank\" rel=\"noreferrer noopener\">Comprobaci\u00f3n de los antecedentes penales<\/a> (descargar formulario)<\/li>\n\n\n\n<li><a href=\"https:\/\/app.ddsn.sc.gov\/public\/directory\/landing.do\" target=\"_blank\" rel=\"noreferrer noopener\">B\u00fasqueda de proveedores\/servicios para discapacidades y necesidades especiales<\/a><\/li>\n\n\n\n<li><a href=\"https:\/\/scor.sled.sc.gov\/ConditionsOfUse.Aspx\" target=\"_blank\" rel=\"noreferrer noopener\">Registro de delincuentes sexuales<\/a><\/li>\n\n\n\n<li><a href=\"https:\/\/www.dppps.sc.gov\/Offender-Supervision\/Offender-Search\" target=\"_blank\" rel=\"noreferrer noopener\">B\u00fasqueda de delincuentes supervisados<\/a><\/li>\n\n\n\n<li><a href=\"https:\/\/sc.gov\/e11\" target=\"_blank\" rel=\"noreferrer noopener\">Servicios e11<\/a><\/li>\n\n\n\n<li><a href=\"https:\/\/www.weather.gov\/chs\/\" target=\"_blank\" rel=\"noreferrer noopener\">Servicio Meteorol\u00f3gico Nacional<\/a> - <a href=\"tel:1-843-554-4851\">(843) 554-4851<\/a><\/li>\n\n\n\n<li><a href=\"https:\/\/sc.gov\/court-payments\" target=\"_blank\" rel=\"noreferrer noopener\">Pagar multas de tr\u00e1fico en l\u00ednea<\/a><\/li>\n\n\n\n<li><a href=\"https:\/\/www.scag.gov\/inside-the-office\/legal-services-division\/securities\/\" target=\"_blank\" rel=\"noreferrer noopener\">Registrar una reclamaci\u00f3n de valores<\/a><\/li>\n\n\n\n<li><a href=\"https:\/\/ssl.sc.gov\/DSSFatherRegistry\/FatherReg\/RegIndex.aspx\" target=\"_blank\" rel=\"noreferrer noopener\">Registro de Padres Responsables<\/a><\/li>\n\n\n\n<li><a href=\"https:\/\/sos.sc.gov\/online-filings\/business-entities\/file-and-search-online\" target=\"_blank\" rel=\"noreferrer noopener\">B\u00fasqueda r\u00e1pida en el servicio SC Access<\/a><\/li>\n\n\n\n<li><a href=\"https:\/\/www.sled.sc.gov\/\" target=\"_blank\" rel=\"noreferrer noopener\">South Carolina Divisi\u00f3n de Fuerzas de Seguridad<\/a> - <a href=\"tel:1-803-737-9000\">(803) 737-9000<\/a><\/li>\n\n\n\n<li><a href=\"https:\/\/www.511sc.org\/\" target=\"_blank\" rel=\"noreferrer noopener\">Informaci\u00f3n sobre tr\u00e1fico y viajes<\/a><\/li>\n\n\n\n<li><a href=\"https:\/\/www.scdhec.gov\/apps\/health\/ControlledSubstanceVerification\/\" target=\"_blank\" rel=\"noreferrer noopener\">Verificar el registro de sustancias controladas<\/a> - <a href=\"tel:1-803-896-0635\">(803) 896-0635<\/a><\/li>\n<\/ul>\n\n\n\n<h3 class=\"wp-block-heading\">Recursos sanitarios<\/h3>\n\n\n\n<ul class=\"wp-block-list\">\n<li><a href=\"https:\/\/fetterhealthcare.org\/\" target=\"_blank\" rel=\"noreferrer noopener\">Red de Asistencia Sanitaria Fetter<\/a> - <a href=\"tel:1-843-722-4112\">(843) 722-4112<\/a><\/li>\n\n\n\n<li><a href=\"https:\/\/www.scdhhs.gov\/Health-Resources\/FreeClinics\" target=\"_blank\" rel=\"noreferrer noopener\">Cl\u00ednicas comunitarias de atenci\u00f3n sanitaria gratuita de SC<\/a> - <a href=\"tel:1-803-319-7962\">(803) 319-7962<\/a><\/li>\n<\/ul>\n\n\n\n<h3 class=\"wp-block-heading\">Recursos financieros <\/h3>\n\n\n\n<ul class=\"wp-block-list\">\n<li><a href=\"https:\/\/www.charleston-sc.gov\/233\/Housing-Community-Development\" target=\"_blank\" rel=\"noreferrer noopener\">Charleston Ayuda al alquiler y a la vivienda<\/a><\/li>\n\n\n\n<li><a href=\"https:\/\/dss.sc.gov\/assistance-programs\/\" target=\"_blank\" rel=\"noreferrer noopener\">South Carolina Programas de ayuda y asistencia financiera<\/a><\/li>\n<\/ul>\n\n\n\n<h3 class=\"wp-block-heading\">Recursos de asesoramiento<\/h3>\n\n\n\n<ul class=\"wp-block-list\">\n<li><a href=\"https:\/\/www.charlestondorchestermhc.org\/\" target=\"_blank\" rel=\"noreferrer noopener\">Charleston Centro de Salud Mental de Dorchester<\/a> - <a href=\"tel:1-843-414-2351\">843-414-2351<\/a><\/li>\n\n\n\n<li><a href=\"https:\/\/www.nami.org\/Local-NAMI\/Details?state=SC&amp;local=d2b45fce-8495-4db6-9d0c-2fe57c680433\" target=\"_blank\" rel=\"noreferrer noopener\">NAMI Charleston<\/a> - <a href=\"tel:1-843-781-1009\">(843) 871-1009<\/a><\/li>\n<\/ul>\n\n\n\n<h3 class=\"wp-block-heading\">Recursos de la Seguridad Social para la discapacidad<\/h3>\n\n\n\n<ul class=\"wp-block-list\">\n<li><a href=\"https:\/\/secure.ssa.gov\/iClaim\/dib\" target=\"_blank\" rel=\"noreferrer noopener\">Solicite en l\u00ednea las prestaciones por incapacidad de la Seguridad Social<\/a><\/li>\n\n\n\n<li><a href=\"https:\/\/www.ssa.gov\/myaccount\/?URL=\/apps6z\/IAPS\/applicationStatus\" target=\"_blank\" rel=\"noreferrer noopener\">Comprobar el estado de su solicitud de incapacidad de la Seguridad Social<\/a><\/li>\n\n\n\n<li><a href=\"https:\/\/secure.ssa.gov\/iApplsRe\/start\" target=\"_blank\" rel=\"noreferrer noopener\">Presentar un recurso en l\u00ednea<\/a><\/li>\n\n\n\n<li><a href=\"https:\/\/secure.ssa.gov\/ICON\/main.jsp#officeResults\" target=\"_blank\" rel=\"noreferrer noopener\">Encontrar una oficina de la Seguridad Social cerca de usted<\/a><\/li>\n\n\n\n<li><a href=\"https:\/\/secure.ssa.gov\/iClaim\/rib\" target=\"_blank\" rel=\"noreferrer noopener\">Solicitar en l\u00ednea las prestaciones de Medicare<\/a><\/li>\n\n\n\n<li><a href=\"https:\/\/www.ssa.gov\/\" target=\"_blank\" rel=\"noreferrer noopener\">Visite el sitio web de la Administraci\u00f3n de la Seguridad Social<\/a><\/li>\n\n\n\n<li><a href=\"https:\/\/disability.gov\/\" target=\"_blank\" rel=\"noreferrer noopener\">Visite Disability.gov para obtener m\u00e1s recursos<\/a><\/li>\n<\/ul>\n\n\n\n<h3 class=\"wp-block-heading\">Recursos de transporte<\/h3>\n\n\n\n<ul class=\"wp-block-list\">\n<li><a href=\"https:\/\/ridetricountylink.com\/contact-us\/\" target=\"_blank\" rel=\"noreferrer noopener\">Enlace al Tricounty<\/a><\/li>\n\n\n\n<li><a href=\"https:\/\/www.ridecarta.com\/\" target=\"_blank\" rel=\"noreferrer noopener\">CARTA<\/a><\/li>\n\n\n\n<li><a href=\"https:\/\/bcdcog.com\/mobility-management\/\" target=\"_blank\" rel=\"noreferrer noopener\">Movilidad del BCDCOG<\/a><\/li>\n<\/ul>\n\n\n\n<h3 class=\"wp-block-heading\">Recursos para la indemnizaci\u00f3n de los trabajadores<\/h3>\n\n\n\n<ul class=\"wp-block-list\">\n<li><a href=\"https:\/\/wcc.sc.gov\/\" target=\"_blank\" rel=\"noreferrer noopener\">South Carolina Comisi\u00f3n de indemnizaci\u00f3n de los trabajadores<\/a><\/li>\n\n\n\n<li><a href=\"https:\/\/injuredworkersadvocates.com\/\" target=\"_blank\" rel=\"noreferrer noopener\">Defensores de los trabajadores lesionados<\/a><\/li>\n\n\n\n<li><a href=\"https:\/\/wcc.sc.gov\/forms\" target=\"_blank\" rel=\"noreferrer noopener\">Descargar los formularios de indemnizaci\u00f3n por accidente de trabajo<\/a><\/li>\n\n\n\n<li><a href=\"https:\/\/www.osha.gov\/\" target=\"_blank\" rel=\"noreferrer noopener\">Sitio web de la OSHA<\/a><\/li>\n\n\n\n<li><a href=\"https:\/\/www.wilg.org\/\" target=\"_blank\" rel=\"noreferrer noopener\">Grupo de Derecho y Defensa de los Trabajadores<\/a><\/li>\n<\/ul>\n\n\n\n<h3 class=\"wp-block-heading\">Recursos para accidentes de tr\u00e1fico<\/h3>\n\n\n\n<ul class=\"wp-block-list\">\n<li><a href=\"https:\/\/scdmvonline.com\/\" target=\"_blank\" rel=\"noreferrer noopener\">South Carolina Departamento de Veh\u00edculos de Motor<\/a><\/li>\n\n\n\n<li><a href=\"https:\/\/www.scdot.org\/\" target=\"_blank\" rel=\"noreferrer noopener\">South Carolina Departamento de Transporte<\/a><\/li>\n\n\n\n<li><a href=\"https:\/\/www.charleston-sc.gov\/index.aspx?NID=973\" target=\"_blank\" rel=\"noreferrer noopener\">Charleston Departamento de Polic\u00eda<\/a><\/li>\n\n\n\n<li><a href=\"https:\/\/www.northcharleston.org\/Residents\/Police.aspx\" target=\"_blank\" rel=\"noreferrer noopener\">North Charleston Polic\u00eda y Seguridad P\u00fablica<\/a><\/li>\n\n\n\n<li><a href=\"https:\/\/www.summervillepolice.com\/contact-us\/\" target=\"_blank\" rel=\"noreferrer noopener\">Summerville Departamento de Polic\u00eda<\/a><\/li>\n<\/ul>\n\n\n\n<h3 class=\"wp-block-heading\">Recursos legales<\/h3>\n\n\n\n<ul class=\"wp-block-list\">\n<li><a href=\"https:\/\/www.scbar.org\/public\/get-legal-help\/find-lawyer-or-mediator\/\" target=\"_blank\" rel=\"noreferrer noopener\">Servicio de referencia de abogados del Colegio de Abogados de SC<\/a> - <a href=\"tel:1-800-868-2284\">1-800-868-2284<\/a><\/li>\n\n\n\n<li><a href=\"https:\/\/charlestoncountybar.org\/\" target=\"_blank\" rel=\"noreferrer noopener\">Charleston Bar del condado<\/a> - <a href=\"tel:1-843-881-6666\">(843) 881-6666<\/a><\/li>\n\n\n\n<li><a href=\"https:\/\/www.barassociationdirectory.com\/sc\/berkeley-county-bar-association\/\" target=\"_blank\" rel=\"noreferrer noopener\">Colegio de Abogados del Condado de Berkeley<\/a> &#8211; <a href=\"tel:1-843-761-5626\">(843) 761-5626<\/a><\/li>\n\n\n\n<li><a href=\"https:\/\/clerkofcourt.charlestoncounty.org\/\" target=\"_blank\" rel=\"noreferrer noopener\">Charleston Secretario del Tribunal del Condado<\/a> - <a href=\"tel:1-843-958-5000\">(843) 958-5000<\/a><\/li>\n\n\n\n<li><a href=\"https:\/\/www.sccourts.org\/supreme\/courtAdministration.cfm\" target=\"_blank\" rel=\"noreferrer noopener\">South Carolina Administraci\u00f3n judicial<\/a> - <a href=\"tel:1-803-734-1800\">(803) 734-1800<\/a><\/li>\n\n\n\n<li><a href=\"https:\/\/www.scbar.org\/\" target=\"_blank\" rel=\"noreferrer noopener\">South Carolina Barra<\/a> - <a href=\"tel:1-803-799-6653\">(803) 799-6653<\/a><\/li>\n\n\n\n<li><a href=\"https:\/\/www.sccourts.org\/\" target=\"_blank\" rel=\"noreferrer noopener\">South Carolina Recursos del Departamento Judicial<\/a><\/li>\n\n\n\n<li><a href=\"https:\/\/www.law.cornell.edu\/uniform\/ucc\" target=\"_blank\" rel=\"noreferrer noopener\">Instituto de Informaci\u00f3n Jur\u00eddica<\/a><\/li>\n\n\n\n<li><a href=\"https:\/\/www.uscourts.gov\/\" target=\"_blank\" rel=\"noreferrer noopener\">Tribunales de EE.UU.<\/a><\/li>\n<\/ul>\n\n\n\n<h3 class=\"wp-block-heading\">Recursos para mayores<\/h3>\n\n\n\n<ul class=\"wp-block-list\">\n<li><a href=\"https:\/\/www.caring.com\/best-identity-theft-protection\/\" target=\"_blank\" rel=\"noreferrer noopener\">Servicios de protecci\u00f3n frente al robo de identidad<\/a><\/li>\n<\/ul>","protected":false},"excerpt":{"rendered":"<p>Recursos gratuitos para el \u00e1rea de Charleston Charleston, South Carolina Abogados de lesiones personales Nuestros experimentados abogados de lesiones de Charleston se esfuerzan por proporcionar el mejor servicio para nuestros clientes, amigos y compa\u00f1eros del \u00e1rea de Charleston. Aunque no siempre podemos ayudarle en su situaci\u00f3n particular, hacemos lo posible por orientarle en la direcci\u00f3n correcta. Por favor, revise nuestra...<\/p>","protected":false},"author":1,"featured_media":5589,"parent":0,"menu_order":0,"comment_status":"closed","ping_status":"closed","template":"","meta":{"_acf_changed":false,"footnotes":""},"class_list":["post-3225","page","type-page","status-publish","has-post-thumbnail","hentry"],"acf":[],"_links":{"self":[{"href":"https:\/\/steinberglawfirm-staging.clmcloud.app\/es\/wp-json\/wp\/v2\/pages\/3225"}],"collection":[{"href":"https:\/\/steinberglawfirm-staging.clmcloud.app\/es\/wp-json\/wp\/v2\/pages"}],"about":[{"href":"https:\/\/steinberglawfirm-staging.clmcloud.app\/es\/wp-json\/wp\/v2\/types\/page"}],"author":[{"embeddable":true,"href":"https:\/\/steinberglawfirm-staging.clmcloud.app\/es\/wp-json\/wp\/v2\/users\/1"}],"replies":[{"embeddable":true,"href":"https:\/\/steinberglawfirm-staging.clmcloud.app\/es\/wp-json\/wp\/v2\/comments?post=3225"}],"version-history":[{"count":22,"href":"https:\/\/steinberglawfirm-staging.clmcloud.app\/es\/wp-json\/wp\/v2\/pages\/3225\/revisions"}],"predecessor-version":[{"id":31689,"href":"https:\/\/steinberglawfirm-staging.clmcloud.app\/es\/wp-json\/wp\/v2\/pages\/3225\/revisions\/31689"}],"wp:featuredmedia":[{"embeddable":true,"href":"https:\/\/steinberglawfirm-staging.clmcloud.app\/es\/wp-json\/wp\/v2\/media\/5589"}],"wp:attachment":[{"href":"https:\/\/steinberglawfirm-staging.clmcloud.app\/es\/wp-json\/wp\/v2\/media?parent=3225"}],"curies":[{"name":"wp","href":"https:\/\/api.w.org\/{rel}","templated":true}]}}