{"id":31643,"date":"2024-08-14T20:38:58","date_gmt":"2024-08-14T20:38:58","guid":{"rendered":"https:\/\/www.steinberglawfirm.com\/?page_id=31643"},"modified":"2024-08-14T20:39:01","modified_gmt":"2024-08-14T20:39:01","slug":"rv-accident-attorneys","status":"publish","type":"page","link":"https:\/\/steinberglawfirm-staging.clmcloud.app\/es\/lesiones-personales\/abogados-de-accidentes-de-rv\/","title":{"rendered":"South Carolina Abogados de accidentes de veh\u00edculos recreativos"},"content":{"rendered":"<h1 class=\"wp-block-heading\">South Carolina Abogados de accidentes de veh\u00edculos recreativos<\/h1>\n\n\n\n<h2 class=\"wp-block-heading\"><em>Compasivo South Carolina Lesiones Abogados lucha para proteger los derechos de los clientes despu\u00e9s de un accidente de RV<\/em><\/h2>\n\n\n\n<p>Los veh\u00edculos de recreo (RVs) vienen en muchas formas, desde peque\u00f1os remolques hasta autocaravanas de tama\u00f1o completo. Estos veh\u00edculos llenan las carreteras del South Carolina cuando los veraneantes disfrutan del soleado clima y los pintorescos paisajes del estado.<\/p>\n\n\n\n<p>El tama\u00f1o y el peso de los veh\u00edculos recreativos y autocaravanas de gran tama\u00f1o les confieren la potencia necesaria para causar da\u00f1os importantes en caso de accidente. Los remolques pueden balancearse o soltarse, causando lesiones y otros problemas. Si se produce un accidente con un veh\u00edculo recreativo o una autocaravana, las lesiones graves pueden dar lugar a m\u00faltiples visitas a la consulta del m\u00e9dico y requerir tratamiento continuo o intervenciones quir\u00fargicas.&nbsp;<\/p>\n\n\n\n<p>Si ha sufrido lesiones en un accidente de veh\u00edculo recreativo South Carolina, hable con un <a href=\"https:\/\/www.steinberglawfirm.com\/\" target=\"_blank\" rel=\"noopener\">abogado con experiencia en lesiones personales<\/a> hoy. En <a href=\"https:\/\/www.steinberglawfirm.com\/attorney\/\" target=\"_blank\" rel=\"noopener\">equipo en el Steinberg Law Firm<\/a> puede ayudar.&nbsp;<\/p>\n\n\n\n<h3 class=\"wp-block-heading\">Tipos de veh\u00edculos recreativos<\/h3>\n\n\n\n<p>El t\u00e9rmino \"veh\u00edculo recreativo\" abarca diversos veh\u00edculos de acampada, viaje y vivienda. Entre ellos se encuentran las autocaravanas, los autocares, los remolques y los veh\u00edculos transformados.&nbsp;<\/p>\n\n\n\n<h4 class=\"wp-block-heading\">Autocaravanas y autocares<\/h4>\n\n\n\n<p>Las autocaravanas y los autocares incluyen un espacio habitable y el motor y el asiento del conductor dentro del mismo veh\u00edculo. Tambi\u00e9n se conocen como furgonetas camper o autocares.&nbsp;<\/p>\n\n\n\n<p>La definici\u00f3n exacta de estos veh\u00edculos -y el tipo de permiso que se necesita para conducir uno- var\u00eda seg\u00fan el estado. En general, los campings KOA reconocen tres clases de veh\u00edculos recreativos motorizados:<\/p>\n\n\n\n<p><strong>Autocaravanas de clase A <\/strong>suelen tener seis ruedas. Estas autocaravanas y autocares pueden ser desde modelos b\u00e1sicos hasta veh\u00edculos de lujo dise\u00f1ados a medida con precios de seis cifras.&nbsp;<\/p>\n\n\n\n<figure class=\"wp-block-image size-large is-resized\"><img loading=\"lazy\" decoding=\"async\" width=\"1024\" height=\"575\" src=\"https:\/\/www.steinberglawfirm.com\/wp-content\/uploads\/2024\/08\/Class-A-Motorhome-1024x575.jpeg\" alt=\"Autocaravana de clase A\" class=\"wp-image-31650\" style=\"width:840px;height:auto\" title=\"\" srcset=\"https:\/\/steinberglawfirm-staging.clmcloud.app\/wp-content\/uploads\/2024\/08\/Class-A-Motorhome-1024x575.jpeg 1024w, https:\/\/steinberglawfirm-staging.clmcloud.app\/wp-content\/uploads\/2024\/08\/Class-A-Motorhome-300x168.jpeg 300w, https:\/\/steinberglawfirm-staging.clmcloud.app\/wp-content\/uploads\/2024\/08\/Class-A-Motorhome-768x431.jpeg 768w, https:\/\/steinberglawfirm-staging.clmcloud.app\/wp-content\/uploads\/2024\/08\/Class-A-Motorhome-1536x863.jpeg 1536w, https:\/\/steinberglawfirm-staging.clmcloud.app\/wp-content\/uploads\/2024\/08\/Class-A-Motorhome-2048x1150.jpeg 2048w, https:\/\/steinberglawfirm-staging.clmcloud.app\/wp-content\/uploads\/2024\/08\/Class-A-Motorhome-18x10.jpeg 18w, https:\/\/steinberglawfirm-staging.clmcloud.app\/wp-content\/uploads\/2024\/08\/Class-A-Motorhome-500x281.jpeg 500w, https:\/\/steinberglawfirm-staging.clmcloud.app\/wp-content\/uploads\/2024\/08\/Class-A-Motorhome-800x449.jpeg 800w, https:\/\/steinberglawfirm-staging.clmcloud.app\/wp-content\/uploads\/2024\/08\/Class-A-Motorhome-150x84.jpeg 150w\" sizes=\"(max-width: 1024px) 100vw, 1024px\" \/><\/figure>\n\n\n\n<p><strong>Autocaravanas de clase B <\/strong>suelen ser m\u00e1s peque\u00f1os que los modelos de Clase A. Pueden parecerse m\u00e1s a una furgoneta. Algunas autocaravanas de Clase B parten de bastidores b\u00e1sicos de furgoneta; los fabricantes de veh\u00edculos recreativos elevan la altura del techo, instalan accesorios y electrodom\u00e9sticos, e incluso pueden alargar el chasis para convertir el veh\u00edculo en una autocaravana.&nbsp;<\/p>\n\n\n\n<figure class=\"wp-block-image size-large\"><img loading=\"lazy\" decoding=\"async\" width=\"1024\" height=\"650\" src=\"https:\/\/www.steinberglawfirm.com\/wp-content\/uploads\/2024\/08\/Class-B-Motorhome-2-1024x650.jpeg\" alt=\"Autocaravana de clase B\" class=\"wp-image-31662\" title=\"\" srcset=\"https:\/\/steinberglawfirm-staging.clmcloud.app\/wp-content\/uploads\/2024\/08\/Class-B-Motorhome-2-1024x650.jpeg 1024w, https:\/\/steinberglawfirm-staging.clmcloud.app\/wp-content\/uploads\/2024\/08\/Class-B-Motorhome-2-300x191.jpeg 300w, https:\/\/steinberglawfirm-staging.clmcloud.app\/wp-content\/uploads\/2024\/08\/Class-B-Motorhome-2-768x488.jpeg 768w, https:\/\/steinberglawfirm-staging.clmcloud.app\/wp-content\/uploads\/2024\/08\/Class-B-Motorhome-2-1536x975.jpeg 1536w, https:\/\/steinberglawfirm-staging.clmcloud.app\/wp-content\/uploads\/2024\/08\/Class-B-Motorhome-2-2048x1300.jpeg 2048w, https:\/\/steinberglawfirm-staging.clmcloud.app\/wp-content\/uploads\/2024\/08\/Class-B-Motorhome-2-18x12.jpeg 18w, https:\/\/steinberglawfirm-staging.clmcloud.app\/wp-content\/uploads\/2024\/08\/Class-B-Motorhome-2-472x300.jpeg 472w, https:\/\/steinberglawfirm-staging.clmcloud.app\/wp-content\/uploads\/2024\/08\/Class-B-Motorhome-2-724x460.jpeg 724w, https:\/\/steinberglawfirm-staging.clmcloud.app\/wp-content\/uploads\/2024\/08\/Class-B-Motorhome-2-150x95.jpeg 150w\" sizes=\"(max-width: 1024px) 100vw, 1024px\" \/><\/figure>\n\n\n\n<p><strong>Autocaravanas de clase C <\/strong>suelen distinguirse por la secci\u00f3n \"dormitorio\" que cuelga sobre la cabina delantera. Las autocaravanas de Clase C pueden partir de un chasis de cami\u00f3n en lugar de un chasis de furgoneta, conservando su aspecto \"de cami\u00f3n\" una vez terminadas. La autocaravana \"Super C\" combina las caracter\u00edsticas de cami\u00f3n de la Clase C con un motor de alta resistencia, lo que la hace popular entre los viajeros que esperan enfrentarse a terrenos dif\u00edciles o que desean remolcar su veh\u00edculo de pasajeros u otro remolque mientras viajan.<\/p>\n\n\n\n<figure class=\"wp-block-image size-large\"><img loading=\"lazy\" decoding=\"async\" width=\"1024\" height=\"563\" src=\"https:\/\/www.steinberglawfirm.com\/wp-content\/uploads\/2024\/08\/Class-C-Motorhome-1024x563.jpeg\" alt=\"Autocaravana Clase C\" class=\"wp-image-31654\" title=\"\" srcset=\"https:\/\/steinberglawfirm-staging.clmcloud.app\/wp-content\/uploads\/2024\/08\/Class-C-Motorhome-1024x563.jpeg 1024w, https:\/\/steinberglawfirm-staging.clmcloud.app\/wp-content\/uploads\/2024\/08\/Class-C-Motorhome-300x165.jpeg 300w, https:\/\/steinberglawfirm-staging.clmcloud.app\/wp-content\/uploads\/2024\/08\/Class-C-Motorhome-768x422.jpeg 768w, https:\/\/steinberglawfirm-staging.clmcloud.app\/wp-content\/uploads\/2024\/08\/Class-C-Motorhome-1536x844.jpeg 1536w, https:\/\/steinberglawfirm-staging.clmcloud.app\/wp-content\/uploads\/2024\/08\/Class-C-Motorhome-2048x1125.jpeg 2048w, https:\/\/steinberglawfirm-staging.clmcloud.app\/wp-content\/uploads\/2024\/08\/Class-C-Motorhome-18x10.jpeg 18w, https:\/\/steinberglawfirm-staging.clmcloud.app\/wp-content\/uploads\/2024\/08\/Class-C-Motorhome-500x275.jpeg 500w, https:\/\/steinberglawfirm-staging.clmcloud.app\/wp-content\/uploads\/2024\/08\/Class-C-Motorhome-800x440.jpeg 800w, https:\/\/steinberglawfirm-staging.clmcloud.app\/wp-content\/uploads\/2024\/08\/Class-C-Motorhome-150x82.jpeg 150w\" sizes=\"(max-width: 1024px) 100vw, 1024px\" \/><\/figure>\n\n\n\n<p>Todas estas autocaravanas incluyen espacio para conducir dentro del espacio habitable. Aunque resulta c\u00f3modo, esta disposici\u00f3n tambi\u00e9n puede aumentar el riesgo de distracci\u00f3n del conductor.&nbsp;<\/p>\n\n\n\n<p>La ley federal permite que los pasajeros de la autocaravana viajen en asientos dentro del espacio habitable, incluso si esos asientos no requieren cinturones de seguridad. Sin embargo, lo m\u00e1s seguro es que los pasajeros lleven puesto el cintur\u00f3n de seguridad en todo momento cuando el veh\u00edculo est\u00e9 viajando.&nbsp;<\/p>\n\n\n\n<h4 class=\"wp-block-heading\">Remolques<\/h4>\n\n\n\n<p>Algunas familias optan por los veh\u00edculos recreativos remolcables en lugar de elegir una autocaravana. Los remolques de viaje remolcables var\u00edan en tama\u00f1o y precio. Los remolques de quinta rueda m\u00e1s grandes son los que ofrecen m\u00e1s espacio, pero tambi\u00e9n son los que m\u00e1s peso aportan al veh\u00edculo y los m\u00e1s dif\u00edciles de arrastrar.&nbsp;<\/p>\n\n\n\n<p>Los remolques de camping m\u00e1s peque\u00f1os tambi\u00e9n son populares en South Carolina. Muchos remolques de camping son desplegables. Cuando se abre, el remolque proporciona espacio adicional para dormir o realizar actividades de interior. Estos remolques tambi\u00e9n se conocen como remolques tienda o remolques pop-up. Las versiones m\u00e1s peque\u00f1as pueden ofrecer espacio para una sola cama en su interior y suelen tener forma de l\u00e1grima, lo que les ha valido el t\u00edtulo de \"remolques l\u00e1grima\".&nbsp;<\/p>\n\n\n\n<p>Los viajeros de verano tambi\u00e9n pueden complementar su capacidad de carga con remolques deportivos utilitarios, tambi\u00e9n conocidos como RV deportivos utilitarios o \"toy haulers\". Estos remolques combinan espacio habitable con espacio para transportar motos de cross, carritos de golf y equipos similares.&nbsp;<\/p>\n\n\n\n<p>Las autocaravanas no suelen remolcarse detr\u00e1s de un <a href=\"https:\/\/www.steinberglawfirm.com\/personal-injury\/truck-accidents\/pickup-truck-accidents\/\" target=\"_blank\" rel=\"noopener\">camioneta<\/a>. En lugar de eso, caben en la parte trasera de un cami\u00f3n, convirtiendo la camioneta en una furgoneta camper temporal. Tambi\u00e9n son una opci\u00f3n popular entre los viajeros que buscan flexibilidad y comodidad en la carretera.&nbsp;<\/p>\n\n\n\n<h4 class=\"wp-block-heading\">Veh\u00edculos transformados<\/h4>\n\n\n\n<p>Las transformaciones de veh\u00edculos camper \"h\u00e1galo usted mismo\" son cada vez m\u00e1s populares. La compra de una furgoneta, SUV, <a href=\"https:\/\/www.steinberglawfirm.com\/personal-injury\/auto-accidents\/minivan-safety-dangers-recent-test-results-south-carolina\/\" target=\"_blank\" rel=\"noopener\">monovolumen<\/a>o <a href=\"https:\/\/www.steinberglawfirm.com\/personal-injury\/truck-accidents\/pickup-truck-accidents\/do-modifications-to-pickup-trucks-make-them-more-dangerous\/\" target=\"_blank\" rel=\"noopener\">recogida<\/a> y convertirlo en un espacio vital port\u00e1til es un proyecto divertido para muchos viajeros. Ofrece la oportunidad de personalizar el veh\u00edculo y utilizarlo como espacio para viajar y vivir.&nbsp;<\/p>\n\n\n\n<p>Sin embargo, conducir estos veh\u00edculos transformados puede plantear dificultades. Las transformaciones modifican el peso y la maniobrabilidad del veh\u00edculo en carretera. En caso de accidente, los costes de los da\u00f1os a los bienes personales y a los accesorios personalizados pueden aumentar. Para quienes viven a tiempo completo en sus veh\u00edculos transformados, un siniestro total significa que el conductor no s\u00f3lo se queda sin veh\u00edculo, sino tambi\u00e9n sin un lugar donde vivir.&nbsp;<\/p>\n\n\n\n<h3 class=\"wp-block-heading\">Causas comunes de accidentes de veh\u00edculos recreativos en South Carolina<\/h3>\n\n\n\n<p>Muchos accidentes de veh\u00edculos recreativos se deben a los mismos factores que los dem\u00e1s. <a href=\"https:\/\/www.steinberglawfirm.com\/personal-injury\/auto-accidents\/\" target=\"_blank\" rel=\"noopener\">accidentes de tr\u00e1fico<\/a>. <a href=\"https:\/\/www.steinberglawfirm.com\/personal-injury\/auto-accidents\/speeding-car-accidents\/\" target=\"_blank\" rel=\"noopener\">Exceso de velocidad<\/a>, <a href=\"https:\/\/www.steinberglawfirm.com\/personal-injury\/auto-accidents\/drunk-driving-accident\/\" target=\"_blank\" rel=\"noopener\">intoxicaci\u00f3n<\/a>, <a href=\"https:\/\/www.steinberglawfirm.com\/personal-injury\/auto-accidents\/distracted-driving-accidents\/\" target=\"_blank\" rel=\"noopener\">distracci\u00f3n<\/a>, <a href=\"https:\/\/www.steinberglawfirm.com\/personal-injury\/auto-accidents\/car-defects-or-malfunctions\/\" target=\"_blank\" rel=\"noopener\">defectos ocultos de los veh\u00edculos<\/a>y cuestiones similares pueden provocar un accidente en un veh\u00edculo recreativo, al igual que en cualquier otro veh\u00edculo.<\/p>\n\n\n\n<p>Las caracter\u00edsticas \u00fanicas de los veh\u00edculos recreativos y las personas que los eligen pueden hacer que estos accidentes sean m\u00e1s peligrosos que los accidentes de veh\u00edculos ordinarios. El tama\u00f1o y el impulso de un veh\u00edculo recreativo, su elevado centro de gravedad, los defectos ocultos y la inexperiencia del conductor pueden aumentar tanto el riesgo como la gravedad de un accidente.&nbsp;<\/p>\n\n\n\n<h4 class=\"wp-block-heading\">Velocidad y tama\u00f1o<\/h4>\n\n\n\n<p>En un choque, el impulso de los veh\u00edculos afecta a la fuerza transferida a los cuerpos de los conductores, pasajeros y otras personas. Los veh\u00edculos recreativos pueden causar m\u00e1s da\u00f1os en un accidente de tr\u00e1fico que muchos veh\u00edculos de pasajeros debido a su mayor velocidad y tama\u00f1o.&nbsp;<\/p>\n\n\n\n<p>Tambi\u00e9n es m\u00e1s probable que los veh\u00edculos recreativos circulen a mayor velocidad en carreteras South Carolina. Los conductores que no est\u00e1n familiarizados con una autocaravana pueden no darse cuenta de que el veh\u00edculo necesita una mayor distancia para reducir la velocidad y detenerse que su veh\u00edculo de pasajeros habitual. Los conductores que transportan remolques o autocaravanas con sus coches habituales tambi\u00e9n necesitan tiempo para aprender c\u00f3mo su veh\u00edculo maneja el peso adicional de la caravana. Como resultado, estos conductores pueden acelerar inadvertidamente cuando cambian los l\u00edmites de velocidad o pueden tener problemas para detenerse a tiempo para evitar un accidente.&nbsp;<\/p>\n\n\n\n<p>Los veh\u00edculos recreativos a baja velocidad tambi\u00e9n pueden ser peligrosos. Un veh\u00edculo recreativo lento puede provocar retenciones de tr\u00e1fico. Los veh\u00edculos recreativos lentos pueden ser dif\u00edciles de adelantar, especialmente cuando su tama\u00f1o impide al conductor ver la carretera.&nbsp;<\/p>\n\n\n\n<h4 class=\"wp-block-heading\">Centro de gravedad alto<\/h4>\n\n\n\n<p>Las autocaravanas, los veh\u00edculos transformados y los camiones con caravana tienen un centro de gravedad m\u00e1s alto que los veh\u00edculos de pasajeros convencionales o los camiones sin caravana. Este centro de gravedad m\u00e1s alto hace que el veh\u00edculo sea m\u00e1s propenso a volcar, especialmente durante maniobras de emergencia como frenadas o virajes bruscos.&nbsp;<\/p>\n\n\n\n<p>Incluso un conductor experimentado puede iniciar un vuelco si frena o da un volantazo demasiado r\u00e1pido. Un vuelco puede da\u00f1ar a otros veh\u00edculos a su paso, causando lesiones graves.&nbsp;<\/p>\n\n\n\n<h4 class=\"wp-block-heading\">Alquileres<\/h4>\n\n\n\n<p>En South Carolina y otros estados, muchos viajeros alquilan una autocaravana en lugar de comprarla. Los conductores de alquiler pueden tener poca o ninguna experiencia al volante de una autocaravana.&nbsp;<\/p>\n\n\n\n<p>Esta falta de experiencia puede causar muchos problemas. Los conductores pueden no estar familiarizados con los \u00e1ngulos muertos del veh\u00edculo e incorporarse o girar sin darse cuenta de que no pueden ver a otros veh\u00edculos o peatones. Los conductores de veh\u00edculos de alquiler pueden no reducir la velocidad o detenerse con seguridad porque no est\u00e1n preparados para la distancia de frenado adicional que requiere un veh\u00edculo recreativo. Incluso pueden provocar un accidente por vuelco si no saben c\u00f3mo manejar el alto centro de gravedad del veh\u00edculo.&nbsp;<\/p>\n\n\n\n<p>Incluso los conductores de veh\u00edculos recreativos experimentados y cuidadosos pueden tener problemas con los veh\u00edculos de alquiler. Una empresa de alquiler debe asegurarse de que sus veh\u00edculos reciben un mantenimiento regular y reparaciones r\u00e1pidas. Si los problemas se pasan por alto debido a inspecciones tard\u00edas o no se reparan, un conductor puede verse involucrado en un accidente que no podr\u00eda haber evitado.&nbsp;<\/p>\n\n\n\n<h4 class=\"wp-block-heading\">Permiso de conducir<\/h4>\n\n\n\n<p>Las normas sobre permisos de conducir para veh\u00edculos recreativos var\u00edan seg\u00fan el estado. En South Carolina, los conductores deben tener una licencia de conducir Clase E o Clase F si el peso bruto del veh\u00edculo (GVW) de su RV es superior a 26.000 libras.<\/p>\n\n\n\n<p>El peso bruto del veh\u00edculo tambi\u00e9n se llama \"peso en vac\u00edo\". Es el peso del veh\u00edculo cuando no lleva pasajeros ni carga. Es importante distinguir el peso bruto del veh\u00edculo de la clasificaci\u00f3n de peso bruto del veh\u00edculo (GVWR), que mide cu\u00e1nto puede transportar el veh\u00edculo.&nbsp;<\/p>\n\n\n\n<p>Cualquier remolque que contenga espacio habitable debe estar registrado y llevar una matr\u00edcula actualizada. El Departamento de Veh\u00edculos de Motor South Carolina puede emitir placas para remolques camper y remolques de viaje, as\u00ed como para remolques de ganado con habit\u00e1culos anexos.<\/p>\n\n\n\n<h3 class=\"wp-block-heading\">Normas de seguridad para veh\u00edculos recreativos en South Carolina<\/h3>\n\n\n\n<p>El SCDMV ofrece un <a href=\"https:\/\/www.scdmvonline.com\/Forms-And-Manuals#:~:text=Supervised%20Driving%20Program-,RV%20Manual,-Large%20Non%2Dcommercial\" target=\"_blank\" rel=\"noreferrer noopener\">Manual del veh\u00edculo recreativo<\/a> para preparar a los conductores de veh\u00edculos recreativos para los requisitos de licencia de Clase E o Clase F. Tambi\u00e9n proporciona informaci\u00f3n \u00fatil para cualquier persona que conduce o remolca un veh\u00edculo recreativo en el estado.&nbsp;<\/p>\n\n\n\n<p>El manual se centra en varios puntos de seguridad que surgen con frecuencia en los casos de accidentes de veh\u00edculos recreativos.<\/p>\n\n\n\n<ul class=\"wp-block-list\">\n<li><strong>Visibilidad. <\/strong>Utilizar los faros desde el amanecer hasta el anochecer y en condiciones meteorol\u00f3gicas adversas o de baja visibilidad puede ayudar a otros conductores, ciclistas y peatones a detectar su veh\u00edculo y evitar un accidente. Tambi\u00e9n puede ayudarle a ver a los dem\u00e1s en la carretera a tiempo para evitar un accidente.&nbsp;<\/li>\n\n\n\n<li><strong>Neum\u00e1ticos y ruedas. <\/strong>Cada a\u00f1o se producen muchos accidentes graves por problemas con los neum\u00e1ticos o las ruedas. Inspeccionar los neum\u00e1ticos y las ruedas puede ayudarle a detectar problemas visibles. Las empresas de alquiler y los fabricantes de veh\u00edculos recreativos tambi\u00e9n deben asegurarse de que no haya problemas ocultos. <a href=\"https:\/\/www.steinberglawfirm.com\/personal-injury\/auto-accidents\/car-defects-or-malfunctions\/defective-product-exploding-tire-attorneys\/\" target=\"_blank\" rel=\"noopener\">problemas con los neum\u00e1ticos o las ruedas<\/a> puede provocar un fallo.&nbsp;<\/li>\n\n\n\n<li><strong>Espejos. <\/strong>Utilizar los retrovisores laterales de un veh\u00edculo recreativo para ver la parte trasera del veh\u00edculo suele suponer un reto para los conductores inexpertos. Los grandes \"\u00e1ngulos muertos\" de los veh\u00edculos de tama\u00f1o normal, incluso con estos retrovisores, tambi\u00e9n pueden plantear riesgos.&nbsp;<\/li>\n\n\n\n<li><strong>Capacidad de carga. <\/strong>Como todos los veh\u00edculos, los veh\u00edculos recreativos, ya sean autocaravanas o caravanas remolcadas, tienen l\u00edmites m\u00e1ximos de carga. Es importante cargar estos veh\u00edculos dentro de sus l\u00edmites y asegurar las cargas para evitar que se desplacen durante el viaje.&nbsp;<\/li>\n\n\n\n<li><strong>Cinturones de seguridad. <\/strong>El SCDMV recomienda que todas las personas que viajen en un veh\u00edculo recreativo lleven puesto el cintur\u00f3n de seguridad en todo momento cuando el veh\u00edculo est\u00e9 en movimiento. Las personas o los animales dom\u00e9sticos sin cintur\u00f3n pueden sufrir lesiones graves si se produce un accidente. Las normas federales de seguridad no exigen cinturones de seguridad en todos los asientos de los veh\u00edculos recreativos. Por ejemplo, los asientos corridos de la zona de comedor no est\u00e1n obligados a llevar cintur\u00f3n de seguridad. Los pasajeros no est\u00e1n obligados a llevar cintur\u00f3n de seguridad en estos asientos.&nbsp;<\/li>\n\n\n\n<li><strong>L\u00edmites de velocidad. <\/strong>Al igual que los dem\u00e1s veh\u00edculos, los veh\u00edculos recreativos deben respetar las leyes sobre l\u00edmites de velocidad South Carolina. No pueden sobrepasar los l\u00edmites de velocidad indicados. Los veh\u00edculos recreativos tambi\u00e9n deben evitar circular tan despacio que obstaculicen el tr\u00e1fico o supongan un riesgo para la seguridad. Los veh\u00edculos recreativos que circulen despacio deben utilizar las luces para indicar que van despacio.&nbsp;<\/li>\n<\/ul>\n\n\n\n<p>Otros peligros tambi\u00e9n pueden rodear a los veh\u00edculos recreativos en la carretera. Despu\u00e9s de un accidente con lesiones, es importante <a href=\"https:\/\/www.steinberglawfirm.com\/contact-us\/\" target=\"_blank\" rel=\"noopener\">hablar con un abogado con experiencia South Carolina RV accidente<\/a>. Su abogado puede ayudarle a determinar qui\u00e9n es el responsable del accidente y a buscar la indemnizaci\u00f3n que necesita.&nbsp;&nbsp;<\/p>\n\n\n\n<h2 class=\"wp-block-heading\">Hable con un abogado con experiencia South Carolina RV accidente de hoy<\/h2>\n\n\n\n<p>Para la mayor\u00eda de los viajeros, un veh\u00edculo recreativo significa diversi\u00f3n y aventura. Sin embargo, un conductor distra\u00eddo en la carretera, un peat\u00f3n o ciclista poco atento o un defecto oculto en el veh\u00edculo pueden convertir unas vacaciones divertidas en una tragedia.&nbsp;<\/p>\n\n\n\n<p>Si usted o alguien que usted ama fue herido en un accidente de RV, llegar a la Steinberg Law Firm hoy para un no-costo, sin obligaci\u00f3n de consulta. <a href=\"tel:1-843-720-2800\">Ll\u00e1manos<\/a> o <a href=\"https:\/\/www.steinberglawfirm.com\/contact-us\/\" target=\"_blank\" rel=\"noopener\">utilice nuestro formulario en l\u00ednea<\/a> para programar su conversaci\u00f3n con uno de nuestros <a href=\"https:\/\/www.steinberglawfirm.com\/personal-injury\/personal-injury-lawyers\/\" target=\"_blank\" rel=\"noopener\">abogados expertos en lesiones personales<\/a>.<\/p>","protected":false},"excerpt":{"rendered":"<p>South Carolina Abogados de Accidentes de RV Compasivos South Carolina Abogados de Lesiones Luchan para Proteger los Derechos de los Clientes Despu\u00e9s de un Accidente de RV Los veh\u00edculos recreativos (RV) vienen en muchas formas, desde peque\u00f1os remolques de l\u00e1grima a autocaravanas de tama\u00f1o completo. Estos veh\u00edculos llenan las carreteras South Carolina como turistas disfrutan del clima soleado del estado y el paisaje pintoresco. El tama\u00f1o y el peso de los...<\/p>","protected":false},"author":1,"featured_media":31657,"parent":565,"menu_order":0,"comment_status":"closed","ping_status":"closed","template":"","meta":{"_acf_changed":false,"footnotes":""},"class_list":["post-31643","page","type-page","status-publish","has-post-thumbnail","hentry"],"acf":[],"_links":{"self":[{"href":"https:\/\/steinberglawfirm-staging.clmcloud.app\/es\/wp-json\/wp\/v2\/pages\/31643"}],"collection":[{"href":"https:\/\/steinberglawfirm-staging.clmcloud.app\/es\/wp-json\/wp\/v2\/pages"}],"about":[{"href":"https:\/\/steinberglawfirm-staging.clmcloud.app\/es\/wp-json\/wp\/v2\/types\/page"}],"author":[{"embeddable":true,"href":"https:\/\/steinberglawfirm-staging.clmcloud.app\/es\/wp-json\/wp\/v2\/users\/1"}],"replies":[{"embeddable":true,"href":"https:\/\/steinberglawfirm-staging.clmcloud.app\/es\/wp-json\/wp\/v2\/comments?post=31643"}],"version-history":[{"count":7,"href":"https:\/\/steinberglawfirm-staging.clmcloud.app\/es\/wp-json\/wp\/v2\/pages\/31643\/revisions"}],"predecessor-version":[{"id":31664,"href":"https:\/\/steinberglawfirm-staging.clmcloud.app\/es\/wp-json\/wp\/v2\/pages\/31643\/revisions\/31664"}],"up":[{"embeddable":true,"href":"https:\/\/steinberglawfirm-staging.clmcloud.app\/es\/wp-json\/wp\/v2\/pages\/565"}],"wp:featuredmedia":[{"embeddable":true,"href":"https:\/\/steinberglawfirm-staging.clmcloud.app\/es\/wp-json\/wp\/v2\/media\/31657"}],"wp:attachment":[{"href":"https:\/\/steinberglawfirm-staging.clmcloud.app\/es\/wp-json\/wp\/v2\/media?parent=31643"}],"curies":[{"name":"wp","href":"https:\/\/api.w.org\/{rel}","templated":true}]}}