{"id":31634,"date":"2024-08-13T22:20:50","date_gmt":"2024-08-13T22:20:50","guid":{"rendered":"https:\/\/www.steinberglawfirm.com\/?page_id=31634"},"modified":"2024-08-13T22:20:58","modified_gmt":"2024-08-13T22:20:58","slug":"injury-after-wandering-elopement-or-escape","status":"publish","type":"page","link":"https:\/\/steinberglawfirm-staging.clmcloud.app\/es\/lesiones-personales\/negligencia-en-residencias-de-ancianos\/lesion-tras-fuga-o-evasion-por-vagabundeo\/","title":{"rendered":"Nursing Home Injury Attorneys - Muertes tras deambular, fugarse o escapar"},"content":{"rendered":"<h1 class=\"wp-block-heading\">Nursing Home Injury Attorneys - Muertes tras deambular, fugarse o escapar<\/h1>\n\n\n\n<h2 class=\"wp-block-heading\"><em>Los abogados expertos en lesiones en residencias de ancianos South Carolina ayudan a las familias a buscar justicia tras lesiones por vagabundeo<\/em><\/h2>\n\n\n\n<p>Muchos ancianos South de Carolina necesitan cuidados especializados a medida que envejecen. Para estas personas, quedarse en casa ya no es una opci\u00f3n porque no pueden mantenerse seguras por s\u00ed mismas.&nbsp;<\/p>\n\n\n\n<p>Cuando una familia busca una residencia de ancianos South Carolina, busca un lugar que pueda proteger a su ser querido que ya no puede valerse por s\u00ed mismo. Si un residente de una residencia de ancianos se escapa de un hogar de ancianos, lamentablemente puede resultar en una fatalidad.<\/p>\n\n\n\n<p>Si su ser querido se resbal\u00f3 al pasar por delante del personal de la residencia, sali\u00f3 de ella y se lesion\u00f3, hable con un <a href=\"https:\/\/www.steinberglawfirm.com\/personal-injury\/nursing-home-neglect\/\" target=\"_blank\" rel=\"noopener\">abogado con experiencia en fugas de residencias de ancianos South Carolina<\/a> hoy.\u00a0<\/p>\n\n\n\n<h3 class=\"wp-block-heading\">Los riesgos a los que pueden enfrentarse los residentes en residencias South Carolina\u00a0<\/h3>\n\n\n\n<p>Los residentes en residencias de ancianos necesitan supervisi\u00f3n regular para sus rutinas diarias. Entre las afecciones t\u00edpicas que pueden impedir a una persona mayor realizar sus rutinas diarias se encuentran los problemas de memoria, la dificultad para pensar con claridad y las deficiencias visuales o auditivas.&nbsp;<\/p>\n\n\n\n<p>Adem\u00e1s, algunos residentes de residencias de ancianos South Carolina no entienden por qu\u00e9 necesitan que otros les ayuden a mantenerse a salvo, o por qu\u00e9 necesitan permanecer en una zona segura de una residencia de ancianos. Los residentes pueden salir de su espacio vital a otra zona de una residencia de ancianos, donde pueden sufrir <a href=\"https:\/\/www.steinberglawfirm.com\/personal-injury\/nursing-home-neglect\/south-carolina-fatalities-deaths\/\" target=\"_blank\" rel=\"noopener\">lesiones graves que pueden provocar la muerte<\/a>. Es posible que abandonen por completo las instalaciones y se pierdan por calles desconocidas, se <a href=\"https:\/\/www.steinberglawfirm.com\/personal-injury\/auto-accidents\/pedestrian-accident\/\" target=\"_blank\" rel=\"noopener\">herido de tr\u00e1fico<\/a>ser agredido, sufrir un <a href=\"https:\/\/www.steinberglawfirm.com\/personal-injury\/premises-liability\/slip-and-fall\/\" target=\"_blank\" rel=\"noopener\">accidente por tropiezo y ca\u00edda<\/a>o <a href=\"https:\/\/www.steinberglawfirm.com\/personal-injury\/personal-injury-lawyers\/\" target=\"_blank\" rel=\"noopener\">sufrir otras lesiones<\/a>.\u00a0<\/p>\n\n\n\n<p>Los estudios sobre fugas de residencias de ancianos revelan que es m\u00e1s probable que las fugas acaben en muerte que otros tipos de deambulaci\u00f3n entre los ancianos. No en todos los casos la persona mayor abandona la residencia. La \"fuga\", en la que la persona mayor abandona su hogar o residencia, es el tipo m\u00e1s peligroso de deambulaci\u00f3n, con el mayor riesgo de lesiones.&nbsp;<\/p>\n\n\n\n<p>Las estad\u00edsticas sobre fugas, vagabundeo o fugas de hogares de ancianos estiman que el 20 por ciento de todos los estadounidenses mayores con demencia \"deambulan\" o se alejan de su hogar o entorno de atenci\u00f3n al menos una vez mientras tienen demencia. En los hogares de ancianos, este n\u00famero parece ser mayor; aproximadamente el 31 por ciento de los residentes de hogares de ancianos con demencia deambular\u00e1n al menos una vez.&nbsp;<\/p>\n\n\n\n<h3 class=\"wp-block-heading\">Las consecuencias de la negligencia en residencias de ancianos para sus seres queridos en South Carolina<\/h3>\n\n\n\n<p>Seg\u00fan la Radio P\u00fablica de South Carolina, los Centros de Servicios de Medicare y Medicaid exigen que las enfermeras tituladas de las residencias de ancianos trabajen 8 horas consecutivas cada d\u00eda y est\u00e9n supervisadas las 24 horas del d\u00eda por una enfermera titulada de cualquier otro nivel. Por desgracia, esto no siempre es coherente. Las residencias de ancianos South Carolina se enfrentan a problemas constantes de falta de personal, personal sin formaci\u00f3n, supervisi\u00f3n inadecuada de los residentes y otras cuestiones.&nbsp;<\/p>\n\n\n\n<p>Todas las residencias de ancianos est\u00e1n obligadas a <a href=\"https:\/\/www.steinberglawfirm.com\/personal-injury\/nursing-home-neglect\/nursing-home-staffing-issue\/\" target=\"_blank\" rel=\"noopener\">42 CFR \u00a7 483.35<\/a>. Para crear un entorno seguro para sus residentes, las residencias de ancianos deben disponer de videovigilancia, control en las habitaciones, medidas de seguridad contra incendios y seguridad perimetral. Las c\u00e1maras pueden ayudar al personal de enfermer\u00eda a vigilar a sus residentes cuando est\u00e1n fuera de sus habitaciones. Adem\u00e1s, los sensores de movimiento en las habitaciones o los botones de servicio pueden ayudar a los residentes a alertar al personal de la residencia.<br><br>En el caso de los residentes con problemas de memoria, como la demencia, la seguridad del per\u00edmetro puede ayudar a mantenerlos m\u00e1s seguros. Un ejemplo de ello puede ser que un miembro del equipo tenga un PIN o una tarjeta-llave para acceder a determinadas partes del centro, controlando as\u00ed por d\u00f3nde pueden entrar y salir los residentes. Otra opci\u00f3n son las pulseras con alarma que avisan al personal si un residente sale de su unidad de cuidados de la memoria. Si una residencia de ancianos no cuenta con las medidas de seguridad adecuadas, un ser querido puede escaparse de la residencia y enfrentarse a una muerte desafortunada si no se le encuentra a tiempo.&nbsp;<\/p>\n\n\n\n<h3 class=\"wp-block-heading\">Tipos de muerte Factores asociados a las fugas de residencias de ancianos<\/h3>\n\n\n\n<p>Entre las lesiones m\u00e1s comunes que sufren los residentes tras escapar de su residencia de ancianos se incluyen las siguientes:<\/p>\n\n\n\n<ul class=\"wp-block-list\">\n<li><strong>Ca\u00eddas. <\/strong>Seg\u00fan un art\u00edculo del Washington Post, se descubri\u00f3 que los residentes ca\u00edan en zanjas, se ca\u00edan en la carretera y eran atropellados por un coche, o ca\u00edan a una masa de agua y se ahogaban.\u00a0<\/li>\n\n\n\n<li><strong>Fracturas. <\/strong>El riesgo de <a href=\"https:\/\/www.steinberglawfirm.com\/personal-injury\/nursing-home-abuse\/falls-and-fractures-in-south-carolina-nursing-homes\/\" target=\"_blank\" rel=\"noopener\">hueso roto<\/a> es el doble para los que deambulan que para los que permanecen en sus residencias.\u00a0<\/li>\n\n\n\n<li><strong>Lesiones en la cabeza. <\/strong>Una ca\u00edda durante una huida puede provocar lesiones en la cabeza, el cuello, la espalda o la m\u00e9dula espinal que, por desgracia, pueden conducir a la muerte.<\/li>\n<\/ul>\n\n\n\n<p>Los factores de riesgo asociados a la deambulaci\u00f3n y la fuga incluyen:<\/p>\n\n\n\n<ul class=\"wp-block-list\">\n<li><strong>Deterioro cognitivo. <\/strong>Los residentes con demencia son m\u00e1s propensos a deambular, aunque cualquier residente de una residencia de ancianos puede hacerlo.\u00a0<\/li>\n\n\n\n<li><strong>Cambios medioambientales. <\/strong>El traslado a una nueva residencia o a una nueva habitaci\u00f3n dentro de una residencia, los cambios de medicaci\u00f3n y los cambios de horario o de rutina pueden provocar confusi\u00f3n y ganas de deambular.\u00a0<\/li>\n\n\n\n<li><strong>Intentos anteriores. <\/strong>El 72% de los pacientes que deambulan una vez volver\u00e1n a hacerlo.\u00a0<\/li>\n<\/ul>\n\n\n\n<p>Estos factores de riesgo pueden agravarse mutuamente. En un estudio sobre vagabundos \"cr\u00f3nicos\", por ejemplo, el 45% intent\u00f3 abandonar las instalaciones en las 48 horas siguientes a su ingreso en una nueva residencia de ancianos, una combinaci\u00f3n de haber intentado fugarse previamente y un cambio ambiental importante.&nbsp;<\/p>\n\n\n\n<p>Sin embargo, basarse \u00fanicamente en los \"factores de riesgo\" no es suficiente para mantener a salvo a los residentes de residencias de ancianos. Los estudios indican que incluso los residentes de residencias de ancianos sin factores de riesgo evidentes pueden deambular o fugarse, enfrent\u00e1ndose a graves riesgos de muerte si lo hacen.&nbsp;<\/p>\n\n\n\n<h3 class=\"wp-block-heading\">Qu\u00e9 hacer tras una fuga en una residencia de ancianos South Carolina<\/h3>\n\n\n\n<p>Si su ser querido sali\u00f3 de las instalaciones de un hogar de ancianos y falleci\u00f3, hay pasos a seguir para buscar justicia en su nombre. Lo mejor es hablar con un abogado con experiencia que pueda responder a sus preguntas y ayudarle a entender sus opciones para proteger los derechos legales de su ser querido.\u00a0<\/p>\n\n\n\n<p>Cuando las familias South Carolina eligen una residencia de ancianos, buscan un lugar que pueda mantener seguros a sus seres queridos. Cuando un ser querido abandona el centro y sufre lesiones, se viola esta confianza, y los resultados pueden ser devastadores.&nbsp;<\/p>\n\n\n\n<p>Si su ser querido se escap\u00f3 de un hogar de ancianos y sufri\u00f3 lesiones, no espere. Hable hoy mismo con un abogado experto en lesiones en residencias de ancianos South Carolina. Para saber m\u00e1s, <a href=\"https:\/\/www.steinberglawfirm.com\/contact-us\/\" target=\"_blank\" rel=\"noopener\">contactar con el Steinberg Law Firm<\/a> para programar una <a href=\"https:\/\/www.steinberglawfirm.com\/free-consultation\/\" target=\"_blank\" rel=\"noopener\">consulta gratuita y confidencial<\/a> con <a href=\"https:\/\/www.steinberglawfirm.com\/attorney\/\" target=\"_blank\" rel=\"noopener\">nuestro compasivo abogado de lesiones en residencias de ancianos<\/a>.<\/p>","protected":false},"excerpt":{"rendered":"<p>Nursing Home Injury Attorneys &#8211; Fatalities After Wandering, Elopement or Escape Experienced South Carolina Nursing Home Injury Lawyers Help Families Seek Justice After Wandering Injuries Many elderly South Carolinians require specialized care as they age. For these people, staying at home is no longer an option because they cannot keep themselves safe.&nbsp; When a family&hellip;<\/p>","protected":false},"author":1,"featured_media":31640,"parent":22753,"menu_order":0,"comment_status":"closed","ping_status":"closed","template":"","meta":{"_acf_changed":false,"footnotes":""},"class_list":["post-31634","page","type-page","status-publish","has-post-thumbnail","hentry"],"acf":[],"_links":{"self":[{"href":"https:\/\/steinberglawfirm-staging.clmcloud.app\/es\/wp-json\/wp\/v2\/pages\/31634"}],"collection":[{"href":"https:\/\/steinberglawfirm-staging.clmcloud.app\/es\/wp-json\/wp\/v2\/pages"}],"about":[{"href":"https:\/\/steinberglawfirm-staging.clmcloud.app\/es\/wp-json\/wp\/v2\/types\/page"}],"author":[{"embeddable":true,"href":"https:\/\/steinberglawfirm-staging.clmcloud.app\/es\/wp-json\/wp\/v2\/users\/1"}],"replies":[{"embeddable":true,"href":"https:\/\/steinberglawfirm-staging.clmcloud.app\/es\/wp-json\/wp\/v2\/comments?post=31634"}],"version-history":[{"count":2,"href":"https:\/\/steinberglawfirm-staging.clmcloud.app\/es\/wp-json\/wp\/v2\/pages\/31634\/revisions"}],"predecessor-version":[{"id":31638,"href":"https:\/\/steinberglawfirm-staging.clmcloud.app\/es\/wp-json\/wp\/v2\/pages\/31634\/revisions\/31638"}],"up":[{"embeddable":true,"href":"https:\/\/steinberglawfirm-staging.clmcloud.app\/es\/wp-json\/wp\/v2\/pages\/22753"}],"wp:featuredmedia":[{"embeddable":true,"href":"https:\/\/steinberglawfirm-staging.clmcloud.app\/es\/wp-json\/wp\/v2\/media\/31640"}],"wp:attachment":[{"href":"https:\/\/steinberglawfirm-staging.clmcloud.app\/es\/wp-json\/wp\/v2\/media?parent=31634"}],"curies":[{"name":"wp","href":"https:\/\/api.w.org\/{rel}","templated":true}]}}