{"id":31521,"date":"2024-07-29T18:39:04","date_gmt":"2024-07-29T18:39:04","guid":{"rendered":"https:\/\/www.steinberglawfirm.com\/?page_id=31521"},"modified":"2024-07-29T18:39:11","modified_gmt":"2024-07-29T18:39:11","slug":"south-carolina-fatalities-deaths","status":"publish","type":"page","link":"https:\/\/steinberglawfirm-staging.clmcloud.app\/es\/lesiones-personales\/negligencia-en-residencias-de-ancianos\/carolina-del-sur-victimas-mortales-muertes\/","title":{"rendered":"South Carolina Abogados de residencias de ancianos - Muertes por negligencia"},"content":{"rendered":"<h1 class=\"wp-block-heading\">South Carolina Abogados de residencias de ancianos - Muertes por negligencia<\/h1>\n\n\n\n<h2 class=\"wp-block-heading\"><em>Abogados para casos de negligencia y abuso en hogares de ancianos en Charleston, Columbia y en todo el estado.<\/em><\/h2>\n\n\n\n<p>En South Carolina, la realidad de <a href=\"https:\/\/projects.propublica.org\/nursing-homes\/state\/SC\" target=\"_blank\" rel=\"noreferrer noopener\">cuidados en residencias<\/a> es alarmante, con 189 centros en todo el estado, de los que 67 presentan graves deficiencias. Cada a\u00f1o, innumerables ancianos sufren negligencia y explotaci\u00f3n en estos hogares.\u00a0<\/p>\n\n\n\n<p>Seg\u00fan un informe del South Carolina Daily Gazette de 2023, el South Carolina se clasific\u00f3 como el peor estado en cuanto a tener suficientes inspectores de residencias de ancianos. Las quejas t\u00edpicas de negligencia incluyeron la falta de recepci\u00f3n de medicamentos, comidas y reposicionamiento. PruittHealth tiene dos ubicaciones que han hecho la lista superior para hogares de ancianos con la mayor\u00eda de las multas recibidas en el estado.&nbsp;<\/p>\n\n\n\n<p>Cuando <a href=\"https:\/\/www.steinberglawfirm.com\/personal-injury\/nursing-home-neglect\/nursing-home-fatality-lawyers\/\" target=\"_blank\" rel=\"noopener\">la negligencia conduce a la muerte<\/a>Las familias merecen que se haga justicia para sus seres queridos. Un abogado especializado en negligencia en residencias de ancianos Charleston puede ayudarle a defender los derechos de su ser querido y garantizar que se aborden estas tragedias. P\u00f3ngase en contacto con un <a href=\"https:\/\/www.steinberglawfirm.com\/personal-injury\/nursing-home-neglect\/\" target=\"_blank\" rel=\"noopener\">South Carolina negligencia hogar de ancianos abogado<\/a> en el Steinberg Law Firm en <a href=\"tel:1-843-720-2800\">(843) 720-2800<\/a> para hablar de su <a href=\"https:\/\/www.steinberglawfirm.com\/personal-injury\/wrongful-death\/\" target=\"_blank\" rel=\"noopener\">reclamaci\u00f3n de muerte por negligencia<\/a>.<\/p>\n\n\n\n<h3 class=\"wp-block-heading\">Tasas de abandono en residencias de ancianos en South Carolina<\/h3>\n\n\n\n<p>La negligencia en residencias de ancianos en South Carolina es un problema acuciante, con \u00edndices alarmantes que exigen atenci\u00f3n.<a href=\"https:\/\/www.ncbi.nlm.nih.gov\/pmc\/articles\/PMC4182959\/\" target=\"_blank\" rel=\"noreferrer noopener\"> Investigaci\u00f3n<\/a> revela que <a href=\"https:\/\/www.steinberglawfirm.com\/personal-injury\/nursing-home-abuse\/physical-abuse\/\" target=\"_blank\" rel=\"noopener\">abuso f\u00edsico<\/a> se produce en el 2,1% de los casos, mientras que los abusos sexuales se denuncian en un 0,3%. Adem\u00e1s, 5,4% de los adultos mayores que reciben cuidados de enfermer\u00eda se enfrentan a una posible negligencia, y 6,6% experimentan... <a href=\"https:\/\/www.steinberglawfirm.com\/personal-injury\/nursing-home-abuse\/theft-or-fraud\/\" target=\"_blank\" rel=\"noopener\">explotaci\u00f3n financiera<\/a> por miembros de la familia.<\/p>\n\n\n\n<h3 class=\"wp-block-heading\">\u00bfQu\u00e9 es la negligencia en las residencias de ancianos?<\/h3>\n\n\n\n<p>Seg\u00fan la ley South Carolina, la negligencia en residencias de ancianos consiste en no proporcionar los cuidados necesarios, con el consiguiente perjuicio o riesgo de perjuicio para los residentes. Esta negligencia puede ser <a href=\"https:\/\/www.steinberglawfirm.com\/personal-injury\/nursing-home-neglect\/signs-of-nursing-home-neglect-in-south-carolina\/\" target=\"_blank\" rel=\"noopener\">visto de varias formas<\/a>:<\/p>\n\n\n\n<ul class=\"wp-block-list\">\n<li>Suministro inadecuado de alimentos, agua o higiene.<\/li>\n\n\n\n<li>Descuidar las necesidades m\u00e9dicas o <a href=\"https:\/\/www.steinberglawfirm.com\/personal-injury\/nursing-home-neglect\/medication-error\/\" target=\"_blank\" rel=\"noopener\">gesti\u00f3n de la medicaci\u00f3n<\/a>.<\/li>\n\n\n\n<li>No ofrecer los cuidados personales o la asistencia necesarios.<\/li>\n<\/ul>\n\n\n\n<p>El<a href=\"https:\/\/www.ncbi.nlm.nih.gov\/pmc\/articles\/PMC9346587\/\" target=\"_blank\" rel=\"noreferrer noopener\"> Organizaci\u00f3n Mundial de la Salud<\/a> se\u00f1ala la negligencia como uno de los cinco principales tipos de maltrato, con un \u00edndice de incidencia m\u00e1s elevado en los centros de cuidados de larga duraci\u00f3n. La negligencia puede ser tanto intencionada como no intencionada, y manifestarse como:<\/p>\n\n\n\n<p>\u25cf&nbsp; <strong>Negligencia activa,<\/strong> que puede ocurrir cuando un miembro del personal niega deliberadamente los cuidados y lo esencial a un residente de una residencia de ancianos.&nbsp;<\/p>\n\n\n\n<p>\u25cf&nbsp; <strong>Negligencia pasiva, <\/strong>implica dejar de prestar asistencia involuntariamente por falta de conocimientos, experiencia o capacidad.<\/p>\n\n\n\n<p>Seg\u00fan Stateline, South Carolina fue clasificado como el peor estado para tener suficientes inspectores de hogares de ancianos. La escasez de inspectores significa que las residencias de ancianos no son supervisadas adecuadamente, lo que puede permitir que los problemas de negligencia contin\u00faen durante meses antes de que se aborden. Estas acciones pueden tener un impacto significativo en la salud y la dignidad de los residentes de hogares de ancianos y, por desgracia, conducir a una muerte injusta.\u00a0\u00a0<\/p>\n\n\n\n<h3 class=\"wp-block-heading\">Ejemplos comunes de negligencia por parte del personal de la residencia South Carolina<\/h3>\n\n\n\n<p>Los residentes en residencias de ancianos pueden sufrir <a href=\"https:\/\/www.steinberglawfirm.com\/personal-injury\/nursing-home-neglect\/malnutrition-dehydration\/\" target=\"_blank\" rel=\"noopener\">desnutrici\u00f3n, deshidrataci\u00f3n<\/a>La falta de interacci\u00f3n social y de est\u00edmulos, las enfermedades no tratadas y la falta de higiene.<\/p>\n\n\n\n<p>Los tipos de miembros del personal que pueden ser responsables de negligencia en residencias de ancianos son los siguientes:<\/p>\n\n\n\n<h4 class=\"wp-block-heading\">Enfermeros in situ<\/h4>\n\n\n\n<p>Los enfermeros titulados y los auxiliares de enfermer\u00eda titulados que no prestan la atenci\u00f3n m\u00e9dica, la gesti\u00f3n de la medicaci\u00f3n o la asistencia en la vida diaria adecuadas pueden causar a un residente una lesi\u00f3n grave que provoque la muerte.&nbsp;<\/p>\n\n\n\n<h4 class=\"wp-block-heading\">Cuidadores de residencias<\/h4>\n\n\n\n<p>Los cuidadores suelen encargarse del cuidado personal y las actividades diarias de los residentes. Sin embargo, pueden descuidar a sus residentes debido a <a href=\"https:\/\/www.steinberglawfirm.com\/personal-injury\/nursing-home-neglect\/nursing-home-staffing-issue\/\" target=\"_blank\" rel=\"noopener\">falta de personal<\/a> o una formaci\u00f3n inadecuada. Esto puede plantear dudas sobre el compromiso del centro con la seguridad de los residentes.\u00a0<\/p>\n\n\n\n<h4 class=\"wp-block-heading\">Personal administrativo<\/h4>\n\n\n\n<p>Es posible que los directivos y administradores no supervisen adecuadamente las operaciones ni aborden las deficiencias de personal y formaci\u00f3n.<strong> <\/strong>Los trabajadores de limpieza y mantenimiento tambi\u00e9n pueden ejecutar mal sus tareas y crear un entorno peligroso para los residentes.&nbsp;<\/p>\n\n\n\n<p>Algunos ejemplos de incumplimiento de las obligaciones laborales pueden ser no limpiar las bandejas de comida a tiempo, dejar solo a un residente durante demasiado tiempo para que deambule por su habitaci\u00f3n o salga de las instalaciones, o no administrar la medicaci\u00f3n esencial a un residente.<\/p>\n\n\n\n<h3 class=\"wp-block-heading\">C\u00f3mo conduce a la muerte la negligencia en residencias de ancianos South Carolina<\/h3>\n\n\n\n<p>Los residentes suelen tener necesidades de atenci\u00f3n complejas debido a:<\/p>\n\n\n\n<ul class=\"wp-block-list\">\n<li>Declive f\u00edsico y cognitivo;<\/li>\n\n\n\n<li>Mayor dependencia de los proveedores de asistencia; y<\/li>\n\n\n\n<li><a href=\"https:\/\/www.steinberglawfirm.com\/personal-injury\/nursing-home-abuse\/\" target=\"_blank\" rel=\"noopener\">Mayor riesgo de abusos<\/a> y el abandono asociados a deficiencias funcionales y mala salud.<\/li>\n<\/ul>\n\n\n\n<p>Los desenlaces mortales en residencias de ancianos por negligencia pueden deberse a:<\/p>\n\n\n\n<ul class=\"wp-block-list\">\n<li><strong>Negligencia m\u00e9dica,<\/strong> que incluye ignorar o tratar inadecuadamente problemas m\u00e9dicos que pueden conducir al deterioro de la salud y a la muerte.<\/li>\n\n\n\n<li><strong>Descuido nutricional<\/strong>La falta de una alimentaci\u00f3n adecuada puede provocar desnutrici\u00f3n y debilitar la salud del residente.<\/li>\n\n\n\n<li><strong>Descuido de las necesidades b\u00e1sicas<\/strong>que implica pasar por alto necesidades de asistencia de la vida diaria como la higiene y la movilidad. Esto puede provocar infecciones graves o lesiones que pueden llevar a la muerte.&nbsp;<\/li>\n<\/ul>\n\n\n\n<p>Los casos de negligencia en residencias de ancianos no suelen denunciarse porque muchos residentes temen represalias y conf\u00edan en sus cuidadores. El sitio <a href=\"https:\/\/www.steinberglawfirm.com\/\" target=\"_blank\" rel=\"noopener\">Charleston abogados de negligencia en residencias de ancianos en Steinberg Law Firm<\/a> est\u00e1n aqu\u00ed para ayudar a afrontar la sombr\u00eda realidad a la que pueden enfrentarse las familias.\u00a0<\/p>\n\n\n\n<h3 class=\"wp-block-heading\">C\u00f3mo exigir responsabilidades por negligencia a un miembro del personal de una residencia de ancianos South Carolina<\/h3>\n\n\n\n<p>Para responsabilizar a un hogar de ancianos, las personas deben navegar por el proceso legal, que puede conducir a la b\u00fasqueda de una demanda por homicidio culposo. Un abogado con experiencia puede ayudarle a entender los pasos a seguir en funci\u00f3n de su situaci\u00f3n particular.\u00a0<\/p>\n\n\n\n<h4 class=\"wp-block-heading\">Reunir pruebas<\/h4>\n\n\n\n<p>Recopile historiales m\u00e9dicos, fotograf\u00edas de las afecciones o lesiones y declaraciones de testigos para construir un caso s\u00f3lido. Revise los detalles de la negligencia, incluyendo fechas, horas y la naturaleza de las acciones u omisiones negligentes.<\/p>\n\n\n\n<h4 class=\"wp-block-heading\">Buscar asesoramiento jur\u00eddico<\/h4>\n\n\n\n<p>En el South Carolina, una demanda por homicidio culposo debe ser presentada por el albacea o administrador de la herencia de la v\u00edctima fallecida en los tres a\u00f1os siguientes a su muerte. Si ha perdido a un ser querido que resid\u00eda en una residencia de ancianos local, <a href=\"https:\/\/www.steinberglawfirm.com\/contact-us\/\" target=\"_blank\" rel=\"noopener\">consulte con un abogado experto en negligencia en residencias de ancianos<\/a>. Su abogado analizar\u00e1 los detalles y construir\u00e1 un caso s\u00f3lido en su nombre.\u00a0<\/p>\n\n\n\n<h4 class=\"wp-block-heading\">Presentar una demanda<\/h4>\n\n\n\n<p>Hay plazos y papeleo que deben completarse, por lo que es mejor discutir los detalles de su caso con <a href=\"https:\/\/www.steinberglawfirm.com\/attorney\/\" target=\"_blank\" rel=\"noopener\">nuestro equipo de abogados<\/a> en el Steinberg Law Firm. Si bien cada caso es \u00fanico, las familias pueden ser capaces de recuperar por lo siguiente a trav\u00e9s de una demanda por muerte injusta:<\/p>\n\n\n\n<ul class=\"wp-block-list\">\n<li>Gastos de funeral y entierro<\/li>\n\n\n\n<li>Angustia mental<\/li>\n\n\n\n<li>P\u00e9rdida de apoyo&nbsp;<\/li>\n\n\n\n<li>P\u00e9rdida de compa\u00f1\u00eda<\/li>\n<\/ul>\n\n\n\n<h4 class=\"wp-block-heading\">Negociar un acuerdo o ir a juicio<\/h4>\n\n\n\n<p>Muchos casos se resuelven extrajudicialmente, pero algunos pueden llegar a juicio. Su abogado especializado en negligencia en asilos de ancianos negociar\u00e1 en su nombre y lo representar\u00e1 en los tribunales para lograr el mejor resultado posible. Nuestra empresa est\u00e1 dispuesta a apoyar y guiar a las personas y familias afectadas por la negligencia en hogares de ancianos.<\/p>\n\n\n\n<h2 class=\"wp-block-heading\">\u00bfHa perdido a un familiar como consecuencia de la negligencia de una residencia de ancianos?<\/h2>\n\n\n\n<p>Si su familia ha sufrido recientemente la tr\u00e1gica p\u00e9rdida de un ser querido en una residencia de ancianos South Carolina, puede haberse debido a la negligencia del centro. Los casos de negligencia en residencias de ancianos pueden ser dif\u00edciles de discernir; sin embargo, la <a href=\"https:\/\/www.steinberglawfirm.com\/personal-injury\/nursing-home-neglect\/\" target=\"_blank\" rel=\"noopener\">abogados expertos en negligencia en residencias de ancianos Charleston<\/a> del Steinberg Law Firm est\u00e1n bien equipados para investigar la muerte de su familiar y asesorarle sobre sus opciones. Desde hace m\u00e1s de 95 a\u00f1os, el <a href=\"https:\/\/www.steinberglawfirm.com\/personal-injury\/wrongful-death\/\" target=\"_blank\" rel=\"noopener\">abogados de homicidio culposo en el Steinberg Law Firm<\/a> han proporcionado a las familias en duelo una representaci\u00f3n compasiva dise\u00f1ada para ponerlas en contacto con la compensaci\u00f3n por sus p\u00e9rdidas. Ofrecemos <a href=\"https:\/\/www.steinberglawfirm.com\/free-consultation\/\" target=\"_blank\" rel=\"noopener\">consultas gratuitas<\/a> a todos los clientes potenciales y no le facturaremos por nuestros servicios jur\u00eddicos a menos que podamos <a href=\"https:\/\/www.steinberglawfirm.com\/no-fee-unless-you-win\/\" target=\"_blank\" rel=\"noopener\">gane su caso<\/a>ya sea mediante un veredicto del jurado o un acuerdo favorable. Para obtener m\u00e1s informaci\u00f3n, p\u00f3ngase en contacto con el Steinberg Law Firm en <a href=\"tel:1-843-720-2800\">(843) 720-2800<\/a> o a trav\u00e9s de nuestro <a href=\"https:\/\/www.steinberglawfirm.com\/contact-us\/\" target=\"_blank\" rel=\"noopener\">formulario de contacto seguro en l\u00ednea<\/a>.<\/p>","protected":false},"excerpt":{"rendered":"<p>South Carolina Nursing Home Attorneys - Fatalities Due to Neglect Lawyers for Nursing Home Neglect and Abuse Cases in Charleston, Columbia and Throughout the State En South Carolina, la realidad de la atenci\u00f3n en hogares de ancianos es alarmante, con 189 instalaciones en todo el estado y un sorprendente 67 de los citados por deficiencias graves. Cada a\u00f1o, innumerables adultos mayores...<\/p>","protected":false},"author":1,"featured_media":31531,"parent":22753,"menu_order":0,"comment_status":"closed","ping_status":"closed","template":"","meta":{"_acf_changed":false,"footnotes":""},"class_list":["post-31521","page","type-page","status-publish","has-post-thumbnail","hentry"],"acf":[],"_links":{"self":[{"href":"https:\/\/steinberglawfirm-staging.clmcloud.app\/es\/wp-json\/wp\/v2\/pages\/31521"}],"collection":[{"href":"https:\/\/steinberglawfirm-staging.clmcloud.app\/es\/wp-json\/wp\/v2\/pages"}],"about":[{"href":"https:\/\/steinberglawfirm-staging.clmcloud.app\/es\/wp-json\/wp\/v2\/types\/page"}],"author":[{"embeddable":true,"href":"https:\/\/steinberglawfirm-staging.clmcloud.app\/es\/wp-json\/wp\/v2\/users\/1"}],"replies":[{"embeddable":true,"href":"https:\/\/steinberglawfirm-staging.clmcloud.app\/es\/wp-json\/wp\/v2\/comments?post=31521"}],"version-history":[{"count":4,"href":"https:\/\/steinberglawfirm-staging.clmcloud.app\/es\/wp-json\/wp\/v2\/pages\/31521\/revisions"}],"predecessor-version":[{"id":31530,"href":"https:\/\/steinberglawfirm-staging.clmcloud.app\/es\/wp-json\/wp\/v2\/pages\/31521\/revisions\/31530"}],"up":[{"embeddable":true,"href":"https:\/\/steinberglawfirm-staging.clmcloud.app\/es\/wp-json\/wp\/v2\/pages\/22753"}],"wp:featuredmedia":[{"embeddable":true,"href":"https:\/\/steinberglawfirm-staging.clmcloud.app\/es\/wp-json\/wp\/v2\/media\/31531"}],"wp:attachment":[{"href":"https:\/\/steinberglawfirm-staging.clmcloud.app\/es\/wp-json\/wp\/v2\/media?parent=31521"}],"curies":[{"name":"wp","href":"https:\/\/api.w.org\/{rel}","templated":true}]}}