{"id":31510,"date":"2024-07-29T18:03:38","date_gmt":"2024-07-29T18:03:38","guid":{"rendered":"https:\/\/www.steinberglawfirm.com\/?page_id=31510"},"modified":"2024-08-01T20:30:48","modified_gmt":"2024-08-01T20:30:48","slug":"passengers-hurt-in-drunk-driving-wrecks","status":"publish","type":"page","link":"https:\/\/steinberglawfirm-staging.clmcloud.app\/es\/lesiones-personales\/accidentes-de-trafico-2\/accidente-de-conduccion-en-estado-de-ebriedad\/pasajeros-heridos-en-accidentes-por-conducir-ebrios\/","title":{"rendered":"Charleston Abogados para pasajeros heridos en accidentes por conducir ebrios"},"content":{"rendered":"<h1 class=\"wp-block-heading\">Charleston Abogados para pasajeros heridos en accidentes por conducir ebrios<\/h1>\n\n\n\n<h2 class=\"wp-block-heading\"><em>Lesiones Personales Accidentes Abogados Sirviendo South Carolina v\u00edctimas de conductores DUI<\/em><\/h2>\n\n\n\n<p>South Carolina se enfrenta a una sombr\u00eda realidad en sus carreteras, ocupando el s\u00e9ptimo lugar entre los estados con los problemas m\u00e1s graves de conducci\u00f3n bajo los efectos del alcohol. De hecho, en 2023, el Departamento de Seguridad P\u00fablica de South Carolina identific\u00f3 367 accidentes mortales por conducir bajo los efectos del alcohol y otros 3.372 heridos en accidentes relacionados con el alcohol. Ante esta realidad, la urgencia de abordar la seguridad de los pasajeros es m\u00e1s cr\u00edtica que nunca. Este tel\u00f3n de fondo sienta las bases para comprender los numerosos escenarios en los que los pasajeros pueden convertirse en v\u00edctimas de un <a href=\"https:\/\/www.steinberglawfirm.com\/personal-injury\/auto-accidents\/drunk-driving-accident\/\" target=\"_blank\" rel=\"noopener\">negligencia del conductor ebrio<\/a>ya sea sentado delante o detr\u00e1s. Las lesiones van de leves a catastr\u00f3ficas, afectando profundamente a la vida m\u00e1s all\u00e1 del momento del impacto.<\/p>\n\n\n\n<p>Navegar por las secuelas de tales accidentes implica enfrentarse a cuestiones sobre insuficiencias de la cobertura de seguros y explorar v\u00edas de indemnizaci\u00f3n. Esto subraya la necesidad vital de una defensa cualificada. Ah\u00ed es donde la <a href=\"https:\/\/www.steinberglawfirm.com\/\" target=\"_blank\" rel=\"noopener\">Steinberg Law Firm<\/a> ofrece asesoramiento experimentado a los lesionados por conductores ebrios. Con un profundo conocimiento de las complejidades que rodean a estos casos, desde la determinaci\u00f3n de la responsabilidad hasta la obtenci\u00f3n de una indemnizaci\u00f3n justa, nuestro objetivo sigue siendo la defensa de los derechos de los perjudicados en las carreteras del South Carolina. Si usted o un ser querido ha sufrido lesiones en un accidente por culpa de un conductor ebrio, <a href=\"https:\/\/www.steinberglawfirm.com\/contact-us\/\" target=\"_blank\" rel=\"noopener\">contactar con el Steinberg Law Firm<\/a> en <a href=\"tel:1-843-720-2800\">(843) 720-2800<\/a>.<\/p>\n\n\n\n<h3 class=\"wp-block-heading\">Tasa de accidentes con pasajeros al volante ebrios&nbsp;<\/h3>\n\n\n\n<p>En South Carolina, <a href=\"https:\/\/www.steinberglawfirm.com\/locations\/north-charleston\/car-accident-lawyer\/drunk-driving-injury-lawyer\/\" target=\"_blank\" rel=\"noopener\">Charleston<\/a>, <a href=\"https:\/\/www.steinberglawfirm.com\/locations\/goose-creek\/car-accident-lawyer\/drunk-driving-accident\/\" target=\"_blank\" rel=\"noopener\">Condados de Berkeley<\/a>y <a href=\"https:\/\/www.steinberglawfirm.com\/locations\/summerville\/drunk-driving-lawyers\/\" target=\"_blank\" rel=\"noopener\">Dorchester<\/a> destacan por las lesiones y muertes de pasajeros relacionadas con la conducci\u00f3n bajo los efectos del alcohol. Los datos m\u00e1s recientes del Departamento de Seguridad P\u00fablica South Carolina muestran un panorama preocupante.<\/p>\n\n\n\n<h4 class=\"wp-block-heading\">Datos de colisiones en todo el Estado<\/h4>\n\n\n\n<h4 class=\"wp-block-heading\">Colisiones totales en South Carolina para 2021<\/h4>\n\n\n\n<ul class=\"wp-block-list\">\n<li>Accidentes mortales: Se produjeron 1.112 colisiones mortales.<\/li>\n\n\n\n<li>Accidentes con heridos graves: El estado tambi\u00e9n registr\u00f3 2.392 colisiones con heridos graves.<\/li>\n<\/ul>\n\n\n\n<h4 class=\"wp-block-heading\">Bajas<\/h4>\n\n\n\n<ul class=\"wp-block-list\">\n<li>Muertes: Ese a\u00f1o perdieron la vida 86 pasajeros en diversos accidentes.<\/li>\n\n\n\n<li>Lesiones graves: Aproximadamente 583 pasajeros sufrieron lesiones graves durante el mismo periodo.<\/li>\n<\/ul>\n\n\n\n<h4 class=\"wp-block-heading\">Causas relacionadas con el alcohol y las drogas<\/h4>\n\n\n\n<ul class=\"wp-block-list\">\n<li>Accidentes mortales: De las colisiones mortales, en 233 se vio implicado un conductor bajo los efectos de las drogas o el alcohol.<\/li>\n\n\n\n<li>Accidentes con heridos graves: Hubo 2.422 accidentes con heridos graves en los que el conductor estaba bajo los efectos de las drogas o el alcohol. Los datos disponibles no especifican si los pasajeros heridos iban en el veh\u00edculo con el conductor ebrio o en otro veh\u00edculo implicado en la colisi\u00f3n.<\/li>\n<\/ul>\n\n\n\n<p>Estos datos subrayan la necesidad cr\u00edtica de una mayor concienciaci\u00f3n y una aplicaci\u00f3n m\u00e1s estricta de las leyes contra la conducci\u00f3n bajo los efectos del alcohol para mejorar la seguridad vial en South Carolina.<\/p>\n\n\n\n<h4 class=\"wp-block-heading\">Datos del condado<\/h4>\n\n\n\n<h4 class=\"wp-block-heading\">Condado Charleston<\/h4>\n\n\n\n<ul class=\"wp-block-list\">\n<li>Total de v\u00edctimas mortales: De enero de 2023 a mayo de 2024, el condado registr\u00f3 72 muertes por accidentes de tr\u00e1fico, lo que ilustra un importante problema de seguridad.<\/li>\n\n\n\n<li>Muertes relacionadas con el alcohol o las drogas: en 21 de estas muertes estaba implicado un conductor ebrio.&nbsp;<\/li>\n\n\n\n<li>Colisiones no mortales en las que est\u00e1n implicadas drogas o alcohol: Se produjeron 330 incidentes de este tipo, lo que apunta a una elevada incidencia de la influencia de sustancias.<\/li>\n\n\n\n<li>V\u00edctimas entre los pasajeros: 5 pasajeros murieron y 51 sufrieron heridas graves en accidentes en los que estuvo implicado un conductor ebrio.<\/li>\n<\/ul>\n\n\n\n<h4 class=\"wp-block-heading\">Condado de Berkeley<\/h4>\n\n\n\n<ul class=\"wp-block-list\">\n<li>Total de v\u00edctimas mortales: El condado registr\u00f3 60 v\u00edctimas mortales.&nbsp;<\/li>\n\n\n\n<li>Muertes relacionadas con el alcohol o las drogas: El alcohol o las drogas fueron un factor en 11 de estas muertes.<\/li>\n\n\n\n<li>Colisiones no mortales en las que est\u00e1n implicadas drogas o alcohol: Hubo 262 accidentes no mortales en los que estuvieron implicadas drogas.<\/li>\n\n\n\n<li>Bajas de pasajeros: 1 pasajero falleci\u00f3 y 66 sufrieron heridas graves.&nbsp;<\/li>\n<\/ul>\n\n\n\n<h4 class=\"wp-block-heading\">Condado de Dorchester&nbsp;<\/h4>\n\n\n\n<ul class=\"wp-block-list\">\n<li>Total de v\u00edctimas mortales: 22 colisiones mortales en total&nbsp;<\/li>\n\n\n\n<li>Muertes relacionadas con el alcohol o las drogas: Hubo 9 muertes relacionadas con el alcohol.<\/li>\n\n\n\n<li>Colisiones no mortales en las que est\u00e1n implicadas drogas o alcohol: El condado inform\u00f3 de 128 incidentes de este tipo.<\/li>\n\n\n\n<li>V\u00edctimas entre los pasajeros: 4 personas murieron y 17 sufrieron heridas graves.<\/li>\n<\/ul>\n\n\n\n<p>Estas estad\u00edsticas no s\u00f3lo reflejan las tr\u00e1gicas p\u00e9rdidas y el sufrimiento causados por la conducci\u00f3n bajo los efectos del alcohol, sino tambi\u00e9n el reto m\u00e1s amplio de garantizar la seguridad vial en South Carolina.&nbsp;<\/p>\n\n\n\n<h3 class=\"wp-block-heading\">Lesiones de pasajeros causadas por conductores ebrios&nbsp;<\/h3>\n\n\n\n<p>A la luz de la tasa de accidentes por conducci\u00f3n bajo los efectos del alcohol en South Carolina, los pasajeros pueden encontrarse en una situaci\u00f3n de riesgo importante, a menudo atrapados en el punto de mira de tragedias evitables. El sitio <a href=\"https:\/\/www.steinberglawfirm.com\/personal-injury\/personal-injury-lawyers\/\" target=\"_blank\" rel=\"noopener\">abogados de lesiones personales en el Steinberg Law Firm<\/a> tienen una amplia experiencia de primera mano en la comprensi\u00f3n de c\u00f3mo se desarrollan estos accidentes y la devastaci\u00f3n que dejan a su paso.&nbsp;<\/p>\n\n\n\n<p>Hay varias formas en que un pasajero puede sufrir lesiones a causa de un conductor ebrio. Una situaci\u00f3n com\u00fan es la colisi\u00f3n en una intersecci\u00f3n, en la que un conductor ebrio no respeta una se\u00f1al de stop o un sem\u00e1foro en rojo y choca contra el lateral de otro veh\u00edculo. Esta colisi\u00f3n lateral, o choque en T, es especialmente peligrosa para los pasajeros, que pueden sufrir lesiones graves debido a la intrusi\u00f3n directa del veh\u00edculo que impacta en su espacio personal. Otro suceso frecuente es el <a href=\"https:\/\/www.steinberglawfirm.com\/personal-injury\/auto-accidents\/head-on-car-accident-attorneys\/\" target=\"_blank\" rel=\"noopener\">choque frontal<\/a>a menudo debido a que un conductor se ha desviado hacia el tr\u00e1fico que circulaba en sentido contrario. Estos <a href=\"https:\/\/www.steinberglawfirm.com\/personal-injury\/serious-injury-cases\/\" target=\"_blank\" rel=\"noopener\">los accidentes son catastr\u00f3ficos<\/a>sometiendo a los pasajeros a fuerzas extremas y, en consecuencia, a lesiones extremas.<\/p>\n\n\n\n<p>Adem\u00e1s, los accidentes por vuelco presentan un peligro \u00fanico, especialmente para quienes <a href=\"https:\/\/www.steinberglawfirm.com\/blog\/south-carolina-seat-belt-data-fatalities-deaths\/\" target=\"_blank\" rel=\"noopener\">no llevar puesto el cintur\u00f3n de seguridad<\/a>. Provocados por giros bruscos a gran velocidad o por el impacto con otro veh\u00edculo, los vuelcos pueden hacer que los pasajeros salgan despedidos del coche, lo que aumenta considerablemente el riesgo de sufrir lesiones. <a href=\"https:\/\/www.steinberglawfirm.com\/personal-injury\/auto-accidents\/fatal-car-accident\/\" target=\"_blank\" rel=\"noopener\">lesiones mortales<\/a>. Por \u00faltimo, las colisiones por alcance, aunque aparentemente menos graves, pueden causar importantes latigazos cervicales o <a href=\"https:\/\/www.steinberglawfirm.com\/personal-injury\/auto-accidents\/spinal-cord-injury\/\" target=\"_blank\" rel=\"noopener\">lesiones medulares de los pasajeros<\/a>sobre todo si el conductor ebrio circula a gran velocidad. Adem\u00e1s, los pasajeros de un coche en el que el conductor conduce ebrio tambi\u00e9n pueden sufrir <a href=\"https:\/\/www.steinberglawfirm.com\/personal-injury\/auto-accidents\/brain-injury-from-car-accident\/\" target=\"_blank\" rel=\"noopener\">cabeza seria<\/a> y <a href=\"https:\/\/www.steinberglawfirm.com\/personal-injury\/auto-accidents\/neck-injuries-from-car-accidents\/\" target=\"_blank\" rel=\"noopener\">lesiones cervicales<\/a>.&nbsp;&nbsp;<\/p>\n\n\n\n<h3 class=\"wp-block-heading\">Tipos de lesiones en accidentes por conducir ebrio: Riesgos de los asientos delanteros frente a los traseros<\/h3>\n\n\n\n<p>Tras un incidente de conducci\u00f3n bajo los efectos del alcohol, la gama de lesiones que pueden sufrir los pasajeros var\u00eda significativamente en funci\u00f3n de su posici\u00f3n en el asiento del veh\u00edculo. El sitio <a href=\"https:\/\/www.steinberglawfirm.com\/personal-injury\/auto-accidents\/\" target=\"_blank\" rel=\"noopener\">South Carolina abogados de accidentes de coche en el Steinberg Law Firm<\/a> comprender estas distinciones, ya que desempe\u00f1an un papel crucial en las estrategias jur\u00eddicas y en la defensa de una indemnizaci\u00f3n justa.<\/p>\n\n\n\n<h4 class=\"wp-block-heading\">Pasajeros de los asientos delanteros<\/h4>\n\n\n\n<p>Los pasajeros de los asientos delanteros, a pesar de estar m\u00e1s cerca de muchos de los dispositivos de seguridad del veh\u00edculo, como los airbags, corren un mayor riesgo. El riesgo de muerte de los pasajeros de los asientos delanteros es, de media, 21% mayor que el de los pasajeros de los asientos traseros. Las lesiones graves pueden incluir:<\/p>\n\n\n\n<ul class=\"wp-block-list\">\n<li>Lesiones cerebrales traum\u00e1ticas debidas a colisiones frontales o impacto con el parabrisas;<\/li>\n\n\n\n<li>Lesiones tor\u00e1cicas y abdominales por la fuerza ejercida contra los cinturones de seguridad o los airbags.<\/li>\n\n\n\n<li>Lesiones en piernas y pies por las zonas deformables en impactos frontales.<\/li>\n<\/ul>\n\n\n\n<h4 class=\"wp-block-heading\">Pasajeros de los asientos traseros<\/h4>\n\n\n\n<p>El asiento trasero es notablemente m\u00e1s seguro para los pasajeros, pero las lesiones sufridas en la parte trasera del coche suelen ser las siguientes:<\/p>\n\n\n\n<ul class=\"wp-block-list\">\n<li>El latigazo cervical y las lesiones medulares son m\u00e1s frecuentes en las colisiones por alcance;<\/li>\n\n\n\n<li>Conmociones cerebrales o traumatismos craneoencef\u00e1licos menos graves, dada la mayor distancia de los puntos de impacto.<\/li>\n\n\n\n<li>Lesiones en las extremidades inferiores en situaciones de alto impacto en las que la parte delantera del veh\u00edculo se aplasta contra la zona de los asientos traseros.<\/li>\n<\/ul>\n\n\n\n<p>La disparidad en los tipos de lesiones subraya la necesidad de una representaci\u00f3n legal a medida tras un accidente. <a href=\"https:\/\/www.steinberglawfirm.com\/locations\/charleston\/car-accident-lawyers\/drunk-driving-injury-accident\/\" target=\"_blank\" rel=\"noopener\">accidente por conducir ebrio<\/a>. Los pasajeros de los asientos delanteros y traseros se enfrentan a riesgos y resultados diferentes, lo que influye significativamente en el planteamiento de la b\u00fasqueda de indemnizaci\u00f3n. Seg\u00fan la NHTSA, el 32% de los accidentes mortales se debieron a un conductor ebrio. En <a href=\"https:\/\/www.steinberglawfirm.com\/\" target=\"_blank\" rel=\"noopener\">Steinberg Law Firm<\/a> maneja eficazmente este tipo de casos complejos, asegur\u00e1ndose de que las circunstancias \u00fanicas de cada cliente est\u00e1n representados a fondo en su b\u00fasqueda de la justicia y la recuperaci\u00f3n.<\/p>\n\n\n\n<h3 class=\"wp-block-heading\">Cobertura insuficiente y los pagos disponibles despu\u00e9s de un accidente de DUI Charleston<\/h3>\n\n\n\n<p>Si usted resulta herido como pasajero por un conductor ebrio en South Carolina, y el seguro del conductor no cubre totalmente sus da\u00f1os, existen m\u00faltiples formas de conseguir la indemnizaci\u00f3n que necesita para recuperarse.&nbsp;<\/p>\n\n\n\n<h3 class=\"wp-block-heading\">Cobertura de gastos m\u00e9dicos\/Protecci\u00f3n contra da\u00f1os personales<\/h3>\n\n\n\n<p>La cobertura de gastos m\u00e9dicos (MedPay) y la protecci\u00f3n contra lesiones personales (PIP) son vitales para cubrir los gastos m\u00e9dicos inmediatos tras un accidente, independientemente de qui\u00e9n sea el culpable. Aunque estos t\u00e9rminos suelen utilizarse indistintamente en el South Carolina, existen algunas diferencias. Normalmente, MedPay se centra \u00fanicamente en los gastos m\u00e9dicos, y PIP se extiende para cubrir otras p\u00e9rdidas, como los salarios perdidos. Compruebe su p\u00f3liza de seguro para determinar su cobertura disponible, y considere la posibilidad de utilizar estos beneficios para compensar sus gastos al principio de su proceso de recuperaci\u00f3n.<\/p>\n\n\n\n<h3 class=\"wp-block-heading\">Demandar a un bar o restaurante Charleston&nbsp;<\/h3>\n\n\n\n<p>Si un bar, restaurante u otro establecimiento sirvi\u00f3 alcohol en exceso al conductor ebrio, usted puede <a href=\"https:\/\/www.steinberglawfirm.com\/blog\/bars-restaurants-may-be-liable-for-drunk-driving-crashes\/\" target=\"_blank\" rel=\"noopener\">presentar una reclamaci\u00f3n contra esa empresa<\/a> en virtud de las leyes Dram Shop de South Carolina. Estas leyes responsabilizan espec\u00edficamente a los vendedores de alcohol si sirven alcohol a personas visiblemente intoxicadas o a menores que luego causan accidentes. Presentar una demanda por alcoholemia puede ser viable para obtener una indemnizaci\u00f3n cuando la cobertura del seguro del conductor es insuficiente.<\/p>\n\n\n\n<h3 class=\"wp-block-heading\">Cobertura de motorista con seguro insuficiente y sin seguro<\/h3>\n\n\n\n<p>Recurrir a sus propias p\u00f3lizas de protecci\u00f3n puede proporcionarle una cobertura adicional en caso de que sufra lesiones en un accidente causado por un conductor con seguro insuficiente o <a href=\"https:\/\/www.steinberglawfirm.com\/blog\/what-happens-if-you-are-an-injured-passenger-in-an-uninsured-car\/\" target=\"_blank\" rel=\"noopener\">sin seguro<\/a>. Sin embargo, mientras South Carolina requiere que los conductores tengan cobertura de seguro de motorista sin seguro (UM), que no requiere la cobertura de motorista con seguro insuficiente (UIM). Adem\u00e1s, la cantidad m\u00ednima de cobertura UIM que se requiere bajo la ley estatal es s\u00f3lo $25,000 lesiones corporales por persona \/ $50,000 lesiones corporales por accidente, que puede no cubrir todos sus da\u00f1os. Por lo tanto, se anima a las v\u00edctimas de accidentes para asegurar m\u00e1s que la cantidad m\u00ednima de seguro requerido.&nbsp;<\/p>\n\n\n\n<h3 class=\"wp-block-heading\">Reclamaci\u00f3n de indemnizaci\u00f3n a las partes culpables<\/h3>\n\n\n\n<p>Debe tener en cuenta a todas las partes responsables a la hora de solicitar una indemnizaci\u00f3n. Tanto si eres el pasajero de un coche y el conductor conduce ebrio, como si te ves implicado en un accidente de tr\u00e1fico con un conductor ebrio, tienes derecho a reclamar a la(s) persona(s) culpable(s). A <a href=\"https:\/\/www.steinberglawfirm.com\/blog\/what-if-the-at-fault-driver-in-south-carolina-is-uninsured\/\" target=\"_blank\" rel=\"noopener\">cobertura de motorista sin seguro (UM) del conductor<\/a> puede proporcionar ayuda econ\u00f3mica por da\u00f1os corporales por un importe m\u00ednimo de $25.000. Esta cobertura es obligatoria por ley en South Carolina. Si un conductor tiene una cobertura adicional, como la cobertura de motorista con seguro insuficiente y el seguro paraguas, es posible que puedas solicitar una indemnizaci\u00f3n por tus gastos m\u00e9dicos.&nbsp;<\/p>\n\n\n\n<p>Navegar por estas opciones puede ser complejo, y asegurar una compensaci\u00f3n justa a menudo requiere asistencia legal. Ponerse en contacto con un abogado de lesiones personales puede ayudarle a entender sus derechos y los pasos necesarios para cubrir completamente sus gastos m\u00e9dicos, salarios perdidos y otros da\u00f1os. Ellos pueden guiarle a trav\u00e9s de la presentaci\u00f3n de una demanda por lesiones personales, iniciando una reclamaci\u00f3n Dram shop, o tratar con los ajustadores de seguros de m\u00faltiples aseguradoras. Recuerde, usted no tiene que navegar por este momento dif\u00edcil solo; ayuda legal profesional puede ser crucial para asegurar la compensaci\u00f3n que se merece.<\/p>\n\n\n\n<h3 class=\"wp-block-heading\">Por qu\u00e9 debe ponerse en contacto con un abogado de accidentes de coche Steinberg Law Firm<\/h3>\n\n\n\n<p><a href=\"https:\/\/www.steinberglawfirm.com\/contact-us\/\" target=\"_blank\" rel=\"noopener\">Ponerse en contacto con un abogado de accidentes de coche Steinberg Law Firm<\/a> despu\u00e9s de un accidente no s\u00f3lo puede ayudarle a obtener una indemnizaci\u00f3n por sus lesiones, sino tambi\u00e9n proporcionarle el apoyo que tanto necesita durante su proceso de recuperaci\u00f3n. Las siguientes son algunas de las formas en que le ayudaremos con su caso:<\/p>\n\n\n\n<p><strong><em>Conocimientos jur\u00eddicos<\/em>: <\/strong>El <a href=\"https:\/\/www.steinberglawfirm.com\/attorney\/\" target=\"_blank\" rel=\"noopener\">abogados en el Steinberg Law Firm<\/a> tienen una amplia experiencia en el manejo de casos de accidentes de coche y poseen un profundo conocimiento del sistema legal y las complejidades de la ley de lesiones personales.&nbsp;<\/p>\n\n\n\n<p><strong><em>Sin costes iniciales<\/em>: <\/strong>Nuestros abogados especializados en <a href=\"https:\/\/www.steinberglawfirm.com\/no-fee-unless-you-win\/\" target=\"_blank\" rel=\"noopener\">honorarios de contingencia<\/a>lo que significa que usted no paga a menos que ganemos su caso. Este acuerdo le permite buscar justicia y compensaci\u00f3n sin arriesgarse a una carga financiera.<\/p>\n\n\n\n<p><strong><em>Reducir el estr\u00e9s<\/em><\/strong><strong>:<\/strong> Hacer frente a las secuelas de un accidente de coche puede ser abrumador. La contrataci\u00f3n de un abogado puede aliviar el estr\u00e9s de los procedimientos legales y le permitir\u00e1 centrarse en su recuperaci\u00f3n.<\/p>\n\n\n\n<p><strong><em>Recursos de investigaci\u00f3n<\/em><\/strong><strong>: <\/strong>Nuestro bufete tiene acceso a recursos que nos permitir\u00e1n investigar a fondo su accidente. Esto incluye la contrataci\u00f3n de expertos en reconstrucci\u00f3n de accidentes cuando sea necesario, la obtenci\u00f3n de im\u00e1genes de vigilancia, y la recopilaci\u00f3n de declaraciones de testigos. Este enfoque integral puede fortalecer su caso.<\/p>\n\n\n\n<p><strong><em>Habilidades de negociaci\u00f3n<\/em><\/strong>: <a href=\"https:\/\/www.steinberglawfirm.com\/personal-injury\/auto-accidents\/insurance\/\" target=\"_blank\" rel=\"noopener\">Compa\u00f1\u00edas de seguros<\/a> a menudo tratan de minimizar los pagos a las v\u00edctimas de accidentes. Un abogado experimentado con el Steinberg Law Firm negociar\u00e1 con las compa\u00f1\u00edas de seguros para asegurarse de que recibe un acuerdo justo. Si las negociaciones fracasan, estamos preparados para llevar el caso a juicio.<\/p>\n\n\n\n<p><strong><em>Evitar escollos<\/em>:<\/strong> El sistema legal es complejo, y los errores pueden ser costosos. Nuestros abogados pueden ayudarle a evitar errores comunes, como saltarse los plazos de presentaci\u00f3n o decir algo que podr\u00eda perjudicar su caso.<br><br><strong><em>Maximizar la compensaci\u00f3n<\/em>: <\/strong>Un abogado experto en accidentes de tr\u00e1fico puede ayudarle <a href=\"https:\/\/www.steinberglawfirm.com\/results\/\" target=\"_blank\" rel=\"noopener\">recibir una compensaci\u00f3n justa<\/a> por sus lesiones, da\u00f1os y p\u00e9rdidas. Sabemos c\u00f3mo calcular los da\u00f1os econ\u00f3micos y no econ\u00f3micos, incluidos los gastos m\u00e9dicos, los salarios perdidos y el dolor y el sufrimiento.<\/p>\n\n\n\n<p><strong><em>Apoyo integral<\/em><\/strong><strong>:<\/strong> Desde la representaci\u00f3n legal hasta el apoyo emocional, un abogado de accidentes de coche con el Steinberg Law Firm puede guiarle a trav\u00e9s de cada paso del proceso, asegurando que sus derechos est\u00e1n protegidos y sus necesidades satisfechas.<\/p>\n\n\n\n<h2 class=\"wp-block-heading\">\u00bfHa resultado herido como pasajero en un accidente por conducir ebrio Charleston?<\/h2>\n\n\n\n<p>Si usted o un ser querido ha sufrido recientemente lesiones o ha fallecido en un accidente South Carolina de conducci\u00f3n bajo los efectos del alcohol mientras viajaba como pasajero, el Steinberg Law Firm est\u00e1 aqu\u00ed para usted. Nuestros abogados de lesiones de pasajeros Charleston tienen m\u00e1s de 95 a\u00f1os de experiencia defendiendo agresivamente a las v\u00edctimas de accidentes y sus familias. Hemos trabajado duro para mantener nuestra <a href=\"https:\/\/www.steinberglawfirm.com\/testimonials\/\" target=\"_blank\" rel=\"noopener\">cinco estrellas en Google<\/a>. Disponemos de tres ubicaciones en <a href=\"https:\/\/www.steinberglawfirm.com\/office-locations\/charleston-office\/\" target=\"_blank\" rel=\"noopener\">Charleston<\/a>, <a href=\"https:\/\/www.steinberglawfirm.com\/office-locations\/summerville-office\/\" target=\"_blank\" rel=\"noopener\">Summerville<\/a>y <a href=\"https:\/\/www.steinberglawfirm.com\/office-locations\/goose-creek-office\/\" target=\"_blank\" rel=\"noopener\">Goose Creek<\/a>todos ellos atendidos por <a href=\"https:\/\/www.steinberglawfirm.com\/attorney\/\" target=\"_blank\" rel=\"noopener\">nuestros experimentados abogados<\/a>. Para saber m\u00e1s y <a href=\"https:\/\/www.steinberglawfirm.com\/free-consultation\/\" target=\"_blank\" rel=\"noopener\">programar una consulta gratuita<\/a> con un abogado especializado en lesiones de pasajeros hoy mismo, llame al Steinberg Law Firm al <a href=\"tel:1-843-720-2800\">843-720-2800<\/a>. Tambi\u00e9n puede conectarse con nosotros a trav\u00e9s de nuestro <a href=\"https:\/\/www.steinberglawfirm.com\/contact-us\/\" target=\"_blank\" rel=\"noopener\">formulario de contacto seguro en l\u00ednea<\/a>.<\/p>","protected":false},"excerpt":{"rendered":"<p>Charleston Abogados de lesiones para pasajeros heridos en accidentes por conducir ebrio Abogados de accidentes de lesiones personales que atienden a South Carolina v\u00edctimas de conductores DUI South Carolina lidia con una realidad sombr\u00eda en sus carreteras, ocupando el s\u00e9ptimo lugar entre los estados con los problemas de conducci\u00f3n bajo los efectos del alcohol m\u00e1s graves. De hecho, en 2023, el Departamento de Seguridad P\u00fablica de South Carolina identific\u00f3 367...<\/p>","protected":false},"author":1,"featured_media":31517,"parent":2283,"menu_order":0,"comment_status":"closed","ping_status":"closed","template":"","meta":{"_acf_changed":false,"footnotes":""},"class_list":["post-31510","page","type-page","status-publish","has-post-thumbnail","hentry"],"acf":[],"_links":{"self":[{"href":"https:\/\/steinberglawfirm-staging.clmcloud.app\/es\/wp-json\/wp\/v2\/pages\/31510"}],"collection":[{"href":"https:\/\/steinberglawfirm-staging.clmcloud.app\/es\/wp-json\/wp\/v2\/pages"}],"about":[{"href":"https:\/\/steinberglawfirm-staging.clmcloud.app\/es\/wp-json\/wp\/v2\/types\/page"}],"author":[{"embeddable":true,"href":"https:\/\/steinberglawfirm-staging.clmcloud.app\/es\/wp-json\/wp\/v2\/users\/1"}],"replies":[{"embeddable":true,"href":"https:\/\/steinberglawfirm-staging.clmcloud.app\/es\/wp-json\/wp\/v2\/comments?post=31510"}],"version-history":[{"count":8,"href":"https:\/\/steinberglawfirm-staging.clmcloud.app\/es\/wp-json\/wp\/v2\/pages\/31510\/revisions"}],"predecessor-version":[{"id":31578,"href":"https:\/\/steinberglawfirm-staging.clmcloud.app\/es\/wp-json\/wp\/v2\/pages\/31510\/revisions\/31578"}],"up":[{"embeddable":true,"href":"https:\/\/steinberglawfirm-staging.clmcloud.app\/es\/wp-json\/wp\/v2\/pages\/2283"}],"wp:featuredmedia":[{"embeddable":true,"href":"https:\/\/steinberglawfirm-staging.clmcloud.app\/es\/wp-json\/wp\/v2\/media\/31517"}],"wp:attachment":[{"href":"https:\/\/steinberglawfirm-staging.clmcloud.app\/es\/wp-json\/wp\/v2\/media?parent=31510"}],"curies":[{"name":"wp","href":"https:\/\/api.w.org\/{rel}","templated":true}]}}