{"id":31454,"date":"2024-07-25T17:59:34","date_gmt":"2024-07-25T17:59:34","guid":{"rendered":"https:\/\/www.steinberglawfirm.com\/?page_id=31454"},"modified":"2024-07-25T18:11:58","modified_gmt":"2024-07-25T18:11:58","slug":"car-shipping-company-vehicle-transport","status":"publish","type":"page","link":"https:\/\/steinberglawfirm-staging.clmcloud.app\/es\/lesiones-personales\/accidentes-de-camiones\/empresa-de-transporte-de-vehiculos-transporte-de-vehiculos\/","title":{"rendered":"South Carolina Abogados de accidentes de transportistas y camiones de transporte"},"content":{"rendered":"<h1 class=\"wp-block-heading\">South Carolina Abogados de accidentes de transportistas y camiones de transporte<\/h1>\n\n\n\n<h2 class=\"wp-block-heading\"><em>Abogados de lesiones para v\u00edctimas de accidentes de cami\u00f3n y coche en South Carolina<\/em><\/h2>\n\n\n\n<p>Cuando <a href=\"https:\/\/www.steinberglawfirm.com\/personal-injury\/auto-accidents\/\" target=\"_blank\" rel=\"noopener\">involucrado en un accidente de coche<\/a> con un transportista de veh\u00edculos o un conductor de cami\u00f3n de transporte, como los de CarMax o Carvana, navegar por las secuelas puede ser abrumadoramente complejo. Para complicar a\u00fan m\u00e1s las cosas est\u00e1 el hecho de que estas grandes y conocidas empresas a menudo dependen de empresas de transporte de autom\u00f3viles m\u00e1s peque\u00f1as para gestionar el transporte local de determinados veh\u00edculos. Como resultado, estos accidentes a menudo involucran a m\u00faltiples partes, incluyendo grandes corporaciones y sus aseguradoras, haciendo que el proceso legal sea significativamente dif\u00edcil para los individuos. Esta complejidad subraya la necesidad de contar con abogados expertos que sepan desenredar las complicaciones de este tipo de casos para garantizar que las v\u00edctimas reciban la indemnizaci\u00f3n que merecen.<\/p>\n\n\n\n<p>En <a href=\"https:\/\/www.steinberglawfirm.com\/\" target=\"_blank\" rel=\"noopener\">Steinberg Law Firm<\/a>Entendemos el desequilibrio de poder que existe cuando los particulares se enfrentan a grandes entidades y compa\u00f1\u00edas de seguros, y nos comprometemos a igualar las condiciones. <a href=\"https:\/\/www.steinberglawfirm.com\/personal-injury\/personal-injury-lawyers\/\" target=\"_blank\" rel=\"noopener\">Nuestro equipo de abogados de lesiones personales<\/a> se dedica a proporcionar apoyo compasivo a las v\u00edctimas mientras persigue agresivamente la justicia contra los culpables. Con Steinberg Law Firm, usted tiene un aliado comprometido en su esquina, luchando incansablemente para asegurar sus derechos y su futuro. P\u00f3ngase en contacto con nuestra oficina en <a href=\"tel:1-843-720-2800\">843-720-2800<\/a> para hablar con un <a href=\"https:\/\/www.steinberglawfirm.com\/attorney\/\" target=\"_blank\" rel=\"noopener\">abogado con experiencia en lesiones personales en nuestro equipo<\/a>.<\/p>\n\n\n\n<h3 class=\"wp-block-heading\">Transportes comunes en South Carolina<\/h3>\n\n\n\n<p>CarMax y Carvana son dos de las empresas de transporte de autom\u00f3viles m\u00e1s conocidas del sector; sin embargo, no son ni mucho menos las \u00fanicas. Algunas de las empresas de transporte de autom\u00f3viles menos conocidas en South Carolina son las siguientes:<\/p>\n\n\n\n<ul class=\"wp-block-list\">\n<li>Plymouth Auto Transport LLC<\/li>\n\n\n\n<li>AutoCarriers Transport LLC<\/li>\n\n\n\n<li>Servicios de transporte de veh\u00edculos Greenville<\/li>\n\n\n\n<li>Columbia Auto Shipping<\/li>\n\n\n\n<li>Transportistas de autom\u00f3viles<\/li>\n\n\n\n<li>Env\u00edo de coches Waxshaw<\/li>\n\n\n\n<li>Charleston Auto Shipping<\/li>\n<\/ul>\n\n\n\n<h3 class=\"wp-block-heading\">Peligros de los accidentes de tr\u00e1fico&nbsp;<\/h3>\n\n\n\n<p>Los accidentes de transportistas de coches en South Carolina son particularmente devastadores debido a los peligros \u00fanicos que presentan estos veh\u00edculos. Dado que estos veh\u00edculos transportan varios coches simult\u00e1neamente, su tama\u00f1o y peso superan a los de los camiones pesados t\u00edpicos, lo que hace que sean m\u00e1s dif\u00edciles de maniobrar y aumenta el potencial de accidentes graves.<\/p>\n\n\n\n<p>El impacto de un accidente de transportista puede ser <a href=\"https:\/\/www.steinberglawfirm.com\/personal-injury\/serious-injury-cases\/\" target=\"_blank\" rel=\"noopener\">catastr\u00f3fico<\/a>. En South Carolina, donde las autopistas son rutas cruciales para el transporte comercial, el <a href=\"https:\/\/www.steinberglawfirm.com\/blog\/four-factors-that-increase-the-risk-of-i-526-and-i-26-truck-accidents\/\" target=\"_blank\" rel=\"noopener\">tr\u00e1fico denso<\/a> pueden agravar estos riesgos. La masa y la complejidad de cargar varios veh\u00edculos contribuyen a aumentar las distancias de frenado, los riesgos de vuelco y la gravedad de los accidentes en comparaci\u00f3n con los camiones normales. Adem\u00e1s, las largas jornadas de trabajo de los conductores pueden provocar fatiga y reducir su tiempo de reacci\u00f3n y su atenci\u00f3n a la carretera. Esta combinaci\u00f3n de factores significa que, cuando se producen accidentes, no s\u00f3lo es probable que afecten a varios veh\u00edculos, sino tambi\u00e9n que provoquen importantes lesiones y da\u00f1os materiales. <a href=\"https:\/\/www.steinberglawfirm.com\/personal-injury\/truck-accidents\/fatal-truck-accidents\/\" target=\"_blank\" rel=\"noopener\">incluso muertes<\/a>.<\/p>\n\n\n\n<p>Estas graves consecuencias subrayan la importancia de la asistencia jur\u00eddica en estos casos. Las v\u00edctimas de accidentes de transportistas se enfrentan a una dura batalla contra las grandes empresas de transporte y sus aseguradoras. <a href=\"https:\/\/www.steinberglawfirm.com\/attorney\/wilson-jackson\/\" target=\"_blank\" rel=\"noopener\">Un abogado con experiencia<\/a> puede proporcionar un apoyo crucial, navegando por el proceso de reclamaci\u00f3n y garantizando que los afectados reciban la indemnizaci\u00f3n que merecen por sus p\u00e9rdidas.<\/p>\n\n\n\n<h3 class=\"wp-block-heading\">\u00bfQui\u00e9n es responsable en accidentes con transportistas negligentes?<\/h3>\n\n\n\n<p>Los accidentes que involucran a transportistas y conductores de camiones de transporte, como los operados por empresas como CarMax y Carvana, presentan desaf\u00edos \u00fanicos bajo la ley South Carolina debido a las m\u00faltiples capas de operaciones de veh\u00edculos comerciales y estructuras corporativas. Identificar a qui\u00e9n reclamar justicia es fundamental e implica a varias partes potenciales, como las siguientes:<\/p>\n\n\n\n<ul class=\"wp-block-list\">\n<li><strong>Conductor<\/strong>- El conductor del cami\u00f3n de transporte puede ser considerado responsable si su negligencia contribuy\u00f3 al accidente.&nbsp;<\/li>\n\n\n\n<li><strong>Empresa de transportes<\/strong>- Si el accidente se produjo mientras el conductor realizaba tareas relacionadas con su trabajo, el empresario -la empresa de transporte- tambi\u00e9n puede ser considerado responsable.<\/li>\n\n\n\n<li><strong>Proveedores de mantenimiento de veh\u00edculos<\/strong>- Si el accidente fue causado por un mantenimiento inadecuado del cami\u00f3n, las entidades responsables de su conservaci\u00f3n pueden ser responsables.&nbsp;<\/li>\n\n\n\n<li><strong>Fabricantes<\/strong>-- Si un <a href=\"https:\/\/www.steinberglawfirm.com\/personal-injury\/auto-accidents\/car-defects-or-malfunctions\/\" target=\"_blank\" rel=\"noopener\">defecto del veh\u00edculo<\/a> desempe\u00f1\u00f3 un papel en el accidente, puede demandarse al fabricante del cami\u00f3n o de sus piezas.<\/li>\n\n\n\n<li><strong>Otros contratistas<\/strong>- Empresas implicadas en otros aspectos de la explotaci\u00f3n del cami\u00f3n, como <a href=\"https:\/\/www.steinberglawfirm.com\/personal-injury\/truck-accidents\/container-truck-accident-attorney\/\" target=\"_blank\" rel=\"noopener\">carga de mercanc\u00edas<\/a>tambi\u00e9n podr\u00edan compartir la responsabilidad.\u00a0<\/li>\n<\/ul>\n\n\n\n<p>Estas partes configuran colectivamente la respuesta jur\u00eddica necesaria para hacer frente a las secuelas de los accidentes de los transportistas de autom\u00f3viles.<\/p>\n\n\n\n<h3 class=\"wp-block-heading\">C\u00f3mo tratar con las compa\u00f1\u00edas de seguros tras un accidente de tr\u00e1fico South Carolina&nbsp;<\/h3>\n\n\n\n<p>Aunque existen varias formas de <a href=\"https:\/\/www.steinberglawfirm.com\/personal-injury\/truck-accidents\/\" target=\"_blank\" rel=\"noopener\">demanda por accidente de cami\u00f3n<\/a> puede empezar. Al final, intervendr\u00e1 una compa\u00f1\u00eda de seguros. En <a href=\"https:\/\/www.steinberglawfirm.com\/personal-injury\/auto-accidents\/insurance\/\" target=\"_blank\" rel=\"noopener\">reclamaciones de seguros en South Carolina<\/a> en caso de accidente con transportistas implica tratar con amplias p\u00f3lizas exigidas por la normativa federal, que requieren importes de cobertura muy superiores a los de las p\u00f3lizas t\u00edpicas de veh\u00edculos.<\/p>\n\n\n\n<p>Un abogado se ocupar\u00e1 de las negociaciones con las aseguradoras, abogar\u00e1 por una indemnizaci\u00f3n justa y, cuando sea necesario, emprender\u00e1 acciones legales para defender sus derechos. Este apoyo jur\u00eddico es vital para contrarrestar eficazmente los poderosos recursos tanto de las empresas como de las compa\u00f1\u00edas de seguros, garantizando que las v\u00edctimas obtengan la justicia y la indemnizaci\u00f3n a las que tienen derecho. Contratar a un abogado cualificado no s\u00f3lo iguala el terreno de juego, sino que tambi\u00e9n aumenta significativamente las posibilidades de obtener un resultado positivo.<\/p>\n\n\n\n<h3 class=\"wp-block-heading\">\u00bfQu\u00e9 ocurre si la empresa tiene su sede en otro Estado?<\/h3>\n\n\n\n<p>Reclamar en un accidente en el que la parte responsable tiene su sede en otro Estado a\u00f1ade complejidad al procedimiento judicial. En tales casos, entran en juego los principios de jurisdicci\u00f3n y elecci\u00f3n de la ley aplicable. Por lo general, usted debe iniciar su caso legal en el estado donde ocurri\u00f3 el accidente. En el caso de accidentes en los que est\u00e9n implicados transportistas de fuera del estado en South Carolina, a menudo es posible presentar una demanda ante los tribunales de South Carolina, ya que estos tribunales suelen tener jurisdicci\u00f3n sobre los incidentes ocurridos dentro de su territorio.<\/p>\n\n\n\n<p>Un abogado con experiencia en litigios ser\u00e1 vital para sortear estas diferencias con eficacia.&nbsp;<\/p>\n\n\n\n<p>Pueden ayudar a garantizar que los expedientes se presenten correctamente, se ajusten a las normas jur\u00eddicas espec\u00edficas de la jurisdicci\u00f3n aplicable y gestionen los retos log\u00edsticos que puedan surgir por el camino.<\/p>\n\n\n\n<h2 class=\"wp-block-heading\">\u00bfHa sufrido lesiones en un accidente con un cami\u00f3n de transporte?<\/h2>\n\n\n\n<p>Si usted fue herido recientemente despu\u00e9s de estar involucrado en un accidente con un CarMax, Carvana, u otra empresa de camiones de entrega de autom\u00f3viles, la <a href=\"https:\/\/www.steinberglawfirm.com\/locations\/charleston\/personal-injury-lawyers\/\" target=\"_blank\" rel=\"noopener\">Charleston abogados especializados en lesiones personales<\/a> en el Steinberg Law Firm puede ayudarle a presentar una reclamaci\u00f3n contra la empresa. En el <a href=\"https:\/\/www.steinberglawfirm.com\/\" target=\"_blank\" rel=\"noopener\">Steinberg Law Firm<\/a>nos dedicamos al bienestar de cada uno de nuestros clientes y sus familias. Nos tomamos el tiempo para escuchar lo que es m\u00e1s importante para usted antes de desarrollar un plan estrat\u00e9gico para maximizar su compensaci\u00f3n. Durante m\u00e1s de 95 a\u00f1os, hemos sido <a href=\"https:\/\/www.steinberglawfirm.com\/testimonials\/\" target=\"_blank\" rel=\"noopener\">al servicio de los clientes en South Carolina<\/a>conectando a innumerables clientes con <a href=\"https:\/\/www.steinberglawfirm.com\/results\/\" target=\"_blank\" rel=\"noopener\">compensaci\u00f3n significativa<\/a> que pueden utilizar para reconducir sus vidas tras un tr\u00e1gico accidente. Para saber m\u00e1s y <a href=\"https:\/\/www.steinberglawfirm.com\/free-consultation\/\" target=\"_blank\" rel=\"noopener\">programar una consulta gratuita<\/a> hoy, llame al Steinberg Law Firm al <a href=\"tel:1-843-720-2800\">843-720-2800<\/a>. Tambi\u00e9n puede conectarse con nosotros a trav\u00e9s de nuestro <a href=\"https:\/\/www.steinberglawfirm.com\/contact-us\/\" target=\"_blank\" rel=\"noopener\">formulario de contacto seguro en l\u00ednea<\/a>.<\/p>","protected":false},"excerpt":{"rendered":"<p>South Carolina Car Carrier And Transport Truck&nbsp; Accident Attorneys Injury Lawyers for Victims of Truck and Car Accidents in South Carolina When you&#8217;re involved in a car accident with a vehicle carrier or transport truck driver, such as those from CarMax or Carvana, navigating the aftermath can be overwhelmingly complex. Further complicating matters is the&hellip;<\/p>","protected":false},"author":1,"featured_media":31458,"parent":175,"menu_order":0,"comment_status":"closed","ping_status":"closed","template":"","meta":{"_acf_changed":false,"footnotes":""},"class_list":["post-31454","page","type-page","status-publish","has-post-thumbnail","hentry"],"acf":[],"_links":{"self":[{"href":"https:\/\/steinberglawfirm-staging.clmcloud.app\/es\/wp-json\/wp\/v2\/pages\/31454"}],"collection":[{"href":"https:\/\/steinberglawfirm-staging.clmcloud.app\/es\/wp-json\/wp\/v2\/pages"}],"about":[{"href":"https:\/\/steinberglawfirm-staging.clmcloud.app\/es\/wp-json\/wp\/v2\/types\/page"}],"author":[{"embeddable":true,"href":"https:\/\/steinberglawfirm-staging.clmcloud.app\/es\/wp-json\/wp\/v2\/users\/1"}],"replies":[{"embeddable":true,"href":"https:\/\/steinberglawfirm-staging.clmcloud.app\/es\/wp-json\/wp\/v2\/comments?post=31454"}],"version-history":[{"count":5,"href":"https:\/\/steinberglawfirm-staging.clmcloud.app\/es\/wp-json\/wp\/v2\/pages\/31454\/revisions"}],"predecessor-version":[{"id":31467,"href":"https:\/\/steinberglawfirm-staging.clmcloud.app\/es\/wp-json\/wp\/v2\/pages\/31454\/revisions\/31467"}],"up":[{"embeddable":true,"href":"https:\/\/steinberglawfirm-staging.clmcloud.app\/es\/wp-json\/wp\/v2\/pages\/175"}],"wp:featuredmedia":[{"embeddable":true,"href":"https:\/\/steinberglawfirm-staging.clmcloud.app\/es\/wp-json\/wp\/v2\/media\/31458"}],"wp:attachment":[{"href":"https:\/\/steinberglawfirm-staging.clmcloud.app\/es\/wp-json\/wp\/v2\/media?parent=31454"}],"curies":[{"name":"wp","href":"https:\/\/api.w.org\/{rel}","templated":true}]}}