{"id":31368,"date":"2024-07-18T23:06:36","date_gmt":"2024-07-18T23:06:36","guid":{"rendered":"https:\/\/www.steinberglawfirm.com\/?page_id=31368"},"modified":"2024-07-26T19:40:59","modified_gmt":"2024-07-26T19:40:59","slug":"electric-vehicle-trends-affecting-south-carolina-drivers-infographic","status":"publish","type":"page","link":"https:\/\/steinberglawfirm-staging.clmcloud.app\/es\/lesiones-personales\/accidentes-de-trafico-2\/tendencias-de-los-vehiculos-electricos-que-afectan-a-los-conductores-de-carolina-del-sur-infografia\/","title":{"rendered":"Infograf\u00eda sobre las tendencias de los veh\u00edculos el\u00e9ctricos que afectan a los conductores del South Carolina"},"content":{"rendered":"<h1 class=\"wp-block-heading\">Infograf\u00eda sobre las tendencias de los veh\u00edculos el\u00e9ctricos que afectan a los conductores del South Carolina<\/h1>\n\n\n\n<figure class=\"wp-block-image size-full\"><a href=\"https:\/\/www.steinberglawfirm.com\/ev-electric-vehicle-accident-safety-study-united-states\/\" target=\"_blank\" rel=\"noopener\"><img loading=\"lazy\" decoding=\"async\" width=\"5005\" height=\"26510\" src=\"https:\/\/www.steinberglawfirm.com\/wp-content\/uploads\/2024\/07\/ev-accidents-infographic_v2.png\" alt=\"Infograf\u00eda sobre las tendencias de los veh\u00edculos el\u00e9ctricos que afectan a los conductores del South Carolina\" class=\"wp-image-31366\" title=\"\"><\/a><\/figure>","protected":false},"excerpt":{"rendered":"<p>Infograf\u00eda sobre las tendencias de los veh\u00edculos el\u00e9ctricos que afectan a los conductores del South Carolina<\/p>","protected":false},"author":1,"featured_media":31370,"parent":760,"menu_order":0,"comment_status":"closed","ping_status":"closed","template":"","meta":{"_acf_changed":false,"footnotes":""},"class_list":["post-31368","page","type-page","status-publish","has-post-thumbnail","hentry"],"acf":[],"_links":{"self":[{"href":"https:\/\/steinberglawfirm-staging.clmcloud.app\/es\/wp-json\/wp\/v2\/pages\/31368"}],"collection":[{"href":"https:\/\/steinberglawfirm-staging.clmcloud.app\/es\/wp-json\/wp\/v2\/pages"}],"about":[{"href":"https:\/\/steinberglawfirm-staging.clmcloud.app\/es\/wp-json\/wp\/v2\/types\/page"}],"author":[{"embeddable":true,"href":"https:\/\/steinberglawfirm-staging.clmcloud.app\/es\/wp-json\/wp\/v2\/users\/1"}],"replies":[{"embeddable":true,"href":"https:\/\/steinberglawfirm-staging.clmcloud.app\/es\/wp-json\/wp\/v2\/comments?post=31368"}],"version-history":[{"count":2,"href":"https:\/\/steinberglawfirm-staging.clmcloud.app\/es\/wp-json\/wp\/v2\/pages\/31368\/revisions"}],"predecessor-version":[{"id":31491,"href":"https:\/\/steinberglawfirm-staging.clmcloud.app\/es\/wp-json\/wp\/v2\/pages\/31368\/revisions\/31491"}],"up":[{"embeddable":true,"href":"https:\/\/steinberglawfirm-staging.clmcloud.app\/es\/wp-json\/wp\/v2\/pages\/760"}],"wp:featuredmedia":[{"embeddable":true,"href":"https:\/\/steinberglawfirm-staging.clmcloud.app\/es\/wp-json\/wp\/v2\/media\/31370"}],"wp:attachment":[{"href":"https:\/\/steinberglawfirm-staging.clmcloud.app\/es\/wp-json\/wp\/v2\/media?parent=31368"}],"curies":[{"name":"wp","href":"https:\/\/api.w.org\/{rel}","templated":true}]}}