{"id":31324,"date":"2024-07-18T19:59:05","date_gmt":"2024-07-18T19:59:05","guid":{"rendered":"https:\/\/www.steinberglawfirm.com\/?page_id=31324"},"modified":"2024-07-19T19:35:54","modified_gmt":"2024-07-19T19:35:54","slug":"car-accident-lawyer","status":"publish","type":"page","link":"https:\/\/steinberglawfirm-staging.clmcloud.app\/es\/ubicaciones\/myrtle-beach-abogado-de-lesiones-personales\/abogado-de-accidentes-de-trafico\/","title":{"rendered":"Myrtle Beach Abogados de Accidentes de Coche"},"content":{"rendered":"<h1 class=\"wp-block-heading\">Myrtle Beach Abogados de Accidentes de Coche<\/h1>\n\n\n\n<h2 class=\"wp-block-heading\"><em>Los mejores abogados de Myrtle Beach representando a las v\u00edctimas de lesiones en South Carolina<\/em><\/h2>\n\n\n\n<p>El <a href=\"https:\/\/www.steinberglawfirm.com\/\" target=\"_blank\" rel=\"noopener\">Steinberg Law Firm<\/a> est\u00e1 a la vanguardia de la representaci\u00f3n de personas implicadas en <a href=\"https:\/\/www.steinberglawfirm.com\/personal-injury\/auto-accidents\/\" target=\"_blank\" rel=\"noopener\">accidentes de tr\u00e1fico<\/a> en toda Myrtle Beach. Como <a href=\"https:\/\/www.steinberglawfirm.com\/locations\/myrtle-beach-personal-injury-attorney\/\" target=\"_blank\" rel=\"noopener\">South Carolina bufete de abogados de lesiones personales<\/a>Estamos bien familiarizados con los desaf\u00edos \u00fanicos que acompa\u00f1an a los incidentes de tr\u00e1fico en un popular destino de playa. El aumento del tr\u00e1fico estacional y los diversos estilos de conducci\u00f3n contribuyen a un mayor riesgo de accidentes, haciendo hincapi\u00e9 en la necesidad de una representaci\u00f3n legal informada y asertiva para navegar por estas situaciones complejas.<\/p>\n\n\n\n<p>Con un historial probado de <a href=\"https:\/\/www.steinberglawfirm.com\/results\/\" target=\"_blank\" rel=\"noopener\">recuperar m\u00e1s de $500 millones<\/a> para nuestros clientes en los \u00faltimos diez a\u00f1os, Steinberg Law Firm est\u00e1 profundamente comprometido a corregir los errores experimentados por los afectados por la negligencia. Abordamos cada caso con franqueza y compasi\u00f3n, asegur\u00e1ndonos de que usted est\u00e9 plenamente informado y c\u00f3modo durante todo el proceso legal. <a href=\"https:\/\/www.steinberglawfirm.com\/attorney\/\" target=\"_blank\" rel=\"noopener\">Nuestro equipo<\/a> est\u00e1 aqu\u00ed para ofrecer una mano de gu\u00eda para aquellos que buscan justicia y compensaci\u00f3n por sus lesiones.&nbsp;<\/p>\n\n\n\n<h3 class=\"wp-block-heading\">Carreteras m\u00e1s peligrosas cerca de Myrtle Beach&nbsp;<\/h3>\n\n\n\n<p>Myrtle Beach, situada en <a href=\"https:\/\/www.steinberglawfirm.com\/locations\/horry-county-sc-personal-injury-attorneys\/\" target=\"_blank\" rel=\"noopener\">Condado de Horry<\/a>es un centro de actividad que, por desgracia, tiene un alto \u00edndice de accidentes de tr\u00e1fico. En el a\u00f1o de referencia m\u00e1s reciente, el condado fue testigo de aproximadamente 9.459 colisiones. De ellas, 56 fueron <a href=\"https:\/\/www.steinberglawfirm.com\/personal-injury\/auto-accidents\/fatal-car-accident\/\" target=\"_blank\" rel=\"noopener\">fatal<\/a>que causaron 63 muertes. Adem\u00e1s, 150 accidentes se saldaron con heridos graves y otras 3.764 personas sufrieron otro tipo de lesiones. Los datos ponen de relieve el importante riesgo existente en las carreteras de esta regi\u00f3n.<\/p>\n\n\n\n<p>Las carreteras clave con altos \u00edndices de siniestralidad son las siguientes:&nbsp;<\/p>\n\n\n\n<ul class=\"wp-block-list\">\n<li><strong><em><a href=\"https:\/\/www.steinberglawfirm.com\/blog\/the-dangers-of-us-route-17-and-us-route-17-alternate-in-south-carolina\/\" target=\"_blank\" rel=\"noopener\">EE.UU. 17<\/a><\/em><\/strong><em>-Una de las principales v\u00edas de Myrtle Beach, que experimenta un elevado volumen de tr\u00e1fico y numerosas colisiones.<\/em><\/li>\n\n\n\n<li><strong><em>US 501<\/em><\/strong><em>-Como v\u00eda principal de acceso a la ciudad, es famosa por los atascos y accidentes.<\/em><\/li>\n\n\n\n<li><strong><em>SC-9<\/em><\/strong><em>-Una conexi\u00f3n vital para muchos conductores locales y visitantes, citada con frecuencia en los informes de accidentes.<\/em><\/li>\n\n\n\n<li><strong><em>SC 544<\/em><\/strong><em>-Esta ruta une varias zonas residenciales y comerciales, lo que la convierte en un escenario familiar de colisiones de veh\u00edculos.<\/em><\/li>\n\n\n\n<li><strong><em>SC 701<\/em><\/strong><em>-Conocida por su intenso tr\u00e1fico local y su contribuci\u00f3n regular a las estad\u00edsticas de accidentes del condado.<\/em><\/li>\n<\/ul>\n\n\n\n<p>Cada carretera es una arteria principal de Myrtle Beach y sus alrededores. Es muy transitada por lugare\u00f1os y visitantes, lo que contribuye a sus altos \u00edndices de accidentes. El volumen de veh\u00edculos, combinado con las complejas condiciones de conducci\u00f3n que estas carreteras presentan a menudo, pone de relieve la necesidad de vigilancia y posiblemente de intervenci\u00f3n legal si se ve involucrado en un accidente.<\/p>\n\n\n\n<p>Comprender estos riesgos es crucial para cualquiera que circule por las carreteras de Myrtle Beach. Si usted o un ser querido est\u00e1 involucrado en un accidente de coche en cualquiera de estas carreteras, <a href=\"https:\/\/www.steinberglawfirm.com\/contact-us\/\" target=\"_blank\" rel=\"noopener\">solicitar asistencia jur\u00eddica<\/a> puede ayudarle a proteger sus derechos y a recibir el apoyo necesario para hacer frente a las secuelas de un siniestro. <a href=\"https:\/\/www.steinberglawfirm.com\/personal-injury\/personal-injury-lawyers\/\" target=\"_blank\" rel=\"noopener\">lesi\u00f3n accidente<\/a>.<\/p>\n\n\n\n<h3 class=\"wp-block-heading\">Principal causa de accidentes de tr\u00e1fico en Myrtle Beach y sus alrededores&nbsp;<\/h3>\n\n\n\n<p>En Myrtle Beach, los cinco factores principales identificados en los informes de accidentes locales son:<\/p>\n\n\n\n<ul class=\"wp-block-list\">\n<li><strong>Conducir demasiado r\u00e1pido para las condiciones. <\/strong>Se trata de <a href=\"https:\/\/www.steinberglawfirm.com\/personal-injury\/auto-accidents\/speeding-car-accidents\/\" target=\"_blank\" rel=\"noopener\">automovilistas que circulan a velocidades inadecuadas<\/a> por las condiciones de la carretera, el tiempo o el tr\u00e1fico, lo que aumenta significativamente el riesgo de perder el control y provocar un accidente.<\/li>\n\n\n\n<li><strong>No ceder el paso. <\/strong>Los accidentes ocurren con frecuencia cuando los conductores no respetan las normas sobre qui\u00e9n tiene el derecho legal de avanzar primero, lo que provoca colisiones en intersecciones y otros puntos de tr\u00e1fico.<\/li>\n\n\n\n<li><strong>Uso inadecuado del carril. <\/strong>Incluye desviarse de un carril a otro o cambiar de carril de forma insegura sin la se\u00f1alizaci\u00f3n adecuada, lo que a menudo provoca accidentes laterales u obliga a otros conductores a desviarse peligrosamente.<\/li>\n\n\n\n<li><strong>Conducci\u00f3n distra\u00edda.<\/strong> Realizar actividades que desv\u00edan la atenci\u00f3n del conductor de la carretera -como enviar mensajes de texto, utilizar el tel\u00e9fono o ajustar la radio- sigue siendo un delito. <a href=\"https:\/\/www.steinberglawfirm.com\/personal-injury\/auto-accidents\/distracted-driving-accidents\/\" target=\"_blank\" rel=\"noopener\">principal causa de accidentes<\/a>. Esta falta de atenci\u00f3n puede provocar colisiones graves y a veces mortales.<\/li>\n\n\n\n<li><strong>Siguiendo demasiado de cerca. <\/strong>Ir detr\u00e1s de otro veh\u00edculo o seguirlo demasiado de cerca no deja suficiente distancia de frenado y puede provocar <a href=\"https:\/\/www.steinberglawfirm.com\/blog\/rear-end-crash-highway-61-dorchester-county-case-result\/\" target=\"_blank\" rel=\"noopener\">colisiones por alcance<\/a>.<\/li>\n<\/ul>\n\n\n\n<p>Para las personas lesionadas en accidentes de tr\u00e1fico, es esencial determinar el comportamiento espec\u00edfico que provoc\u00f3 la colisi\u00f3n para poder presentar una demanda s\u00f3lida. Estos comportamientos al volante pueden demostrar el incumplimiento de la obligaci\u00f3n legal de prestar atenci\u00f3n a los dem\u00e1s en la carretera.<\/p>\n\n\n\n<p>Comprender y probar la causa de un accidente mejora su capacidad para recibir una compensaci\u00f3n adecuada por gastos m\u00e9dicos, salarios perdidos y dolor y sufrimiento. Si usted ha estado involucrado en una colisi\u00f3n donde estos factores jugaron un papel, la b\u00fasqueda de ayuda legal especializada es crucial. La contrataci\u00f3n de un abogado que puede navegar por estos escenarios complejos se asegurar\u00e1 de que sus derechos est\u00e1n protegidos y que son justamente compensados.<\/p>\n\n\n\n<h3 class=\"wp-block-heading\">V\u00edctimas de accidentes de coche en Myrtle Beach&nbsp;<\/h3>\n\n\n\n<p>En Myrtle Beach, muchas personas son v\u00edctimas de accidentes de coche, cada uno frente a riesgos \u00fanicos en la carretera. Una parte significativa de estas v\u00edctimas se clasifican como \"usuarios vulnerables de la carretera\", un t\u00e9rmino que incluye <a href=\"https:\/\/www.steinberglawfirm.com\/personal-injury\/motorcycle-accidents\/\" target=\"_blank\" rel=\"noopener\">motociclistas<\/a>, <a href=\"https:\/\/www.steinberglawfirm.com\/personal-injury\/moped-accidents\/\" target=\"_blank\" rel=\"noopener\">operadores de ciclomotores<\/a>, <a href=\"https:\/\/www.steinberglawfirm.com\/personal-injury\/bicycle-accidents\/\" target=\"_blank\" rel=\"noopener\">ciclistas<\/a>y <a href=\"https:\/\/www.steinberglawfirm.com\/personal-injury\/auto-accidents\/pedestrian-accident\/\" target=\"_blank\" rel=\"noopener\">peatones<\/a>-individuos que est\u00e1n m\u00e1s expuestos a sufrir lesiones en caso de colisi\u00f3n debido a su falta de barreras de protecci\u00f3n en comparaci\u00f3n con los ocupantes de veh\u00edculos tradicionales.<\/p>\n\n\n\n<p>Datos recientes ponen de relieve la magnitud de estos riesgos. En el \u00faltimo periodo de referencia, en Myrtle Beach se vieron implicados en incidentes de tr\u00e1fico 258 motoristas, 81 conductores de ciclomotor, 52 ciclistas y 97 peatones. Estas cifras reflejan la gran vulnerabilidad a la que estas personas se enfrentan a diario en las concurridas calles de la ciudad. Adem\u00e1s, cientos de conductores y pasajeros tambi\u00e9n se ven implicados en colisiones cada a\u00f1o, lo que pone de relieve el amplio espectro de personas afectadas por los accidentes de tr\u00e1fico.<\/p>\n\n\n\n<p>Ya sea navegando las negociaciones con las compa\u00f1\u00edas de seguros o la representaci\u00f3n de las v\u00edctimas en los tribunales, el papel de un abogado con conocimientos es indispensable en la defensa de los derechos y el bienestar de todos los afectados por accidentes de tr\u00e1fico en Myrtle Beach.<\/p>\n\n\n\n<h3 class=\"wp-block-heading\">Desaf\u00edos comunes despu\u00e9s de un accidente en Myrtle Beach<\/h3>\n\n\n\n<p>Los casos de accidentes de coche en Myrtle Beach suelen presentar m\u00e1s complejidades que los de otras zonas. Los desaf\u00edos \u00fanicos se derivan de factores como el alto n\u00famero de visitantes, el uso frecuente de veh\u00edculos de alquiler, el ambiente de fiesta que conduce a la conducci\u00f3n en estado de embriaguez, y las cuestiones de seguros. Cada uno de estos elementos puede complicar el proceso de b\u00fasqueda de una indemnizaci\u00f3n.<\/p>\n\n\n\n<h4 class=\"wp-block-heading\">Desaf\u00edos planteados por los visitantes<\/h4>\n\n\n\n<p>Myrtle Beach es un importante destino tur\u00edstico que atrae a millones de visitantes cada a\u00f1o. Muchos accidentes implican a no residentes que no est\u00e1n familiarizados con las carreteras locales y las pautas de tr\u00e1fico. Este desconocimiento puede provocar un aumento de los accidentes, especialmente durante la temporada tur\u00edstica, cuando las carreteras est\u00e1n m\u00e1s transitadas. La gesti\u00f3n de procedimientos judiciales en distintas jurisdicciones se vuelve compleja cuando los visitantes se ven implicados en accidentes. Un abogado con experiencia puede hacer frente a estas complejidades, garantizando el cumplimiento de los procedimientos legales y una comunicaci\u00f3n eficaz, independientemente del Estado de origen de las partes implicadas.<\/p>\n\n\n\n<h4 class=\"wp-block-heading\">Alquiler de veh\u00edculos<\/h4>\n\n\n\n<p>El uso frecuente de coches de alquiler en Myrtle Beach a\u00f1ade otra complejidad a las reclamaciones por accidente. <a href=\"https:\/\/www.steinberglawfirm.com\/blog\/what-happens-when-you-are-involved-in-a-car-accident-in-a-rental\/\" target=\"_blank\" rel=\"noopener\">Accidentes de veh\u00edculos de alquiler<\/a> a menudo dan lugar a litigios sobre responsabilidad y <a href=\"https:\/\/www.steinberglawfirm.com\/personal-injury\/auto-accidents\/rental-car-insurance\/\" target=\"_blank\" rel=\"noopener\">cobertura del seguro<\/a> entre la empresa de alquiler y el arrendatario. Adem\u00e1s, los arrendatarios pueden no estar familiarizados con el funcionamiento del veh\u00edculo, lo que contribuye al riesgo de accidentes. La representaci\u00f3n legal es esencial en estos casos para diseccionar los contratos de alquiler y las p\u00f3lizas de seguro y gestionar eficazmente las reclamaciones en las que intervienen m\u00faltiples partes.<\/p>\n\n\n\n<h4 class=\"wp-block-heading\">Retos de los seguros<\/h4>\n\n\n\n<p><a href=\"https:\/\/www.steinberglawfirm.com\/personal-injury\/auto-accidents\/insurance\/\" target=\"_blank\" rel=\"noopener\">Seguros<\/a> son particularmente pronunciadas en Myrtle Beach debido a la mezcla diversa de conductores de varios estados y pa\u00edses, cada uno con diferentes leyes de seguros y l\u00edmites de cobertura. Navegar por estas diferencias requiere un profundo conocimiento de las diversas regulaciones de seguros y la capacidad de negociar con m\u00faltiples aseguradoras para asegurar que los clientes reciban una compensaci\u00f3n justa. Un abogado se encarga activamente de estas negociaciones, desafiando a los ajustadores de seguros y asegurando acuerdos adecuados.<\/p>\n\n\n\n<h4 class=\"wp-block-heading\">Conducir en estado de embriaguez<\/h4>\n\n\n\n<p>Seg\u00fan el Libro de Datos de Colisiones de Tr\u00e1fico South Carolina de 2021, el Condado de Horry supera al Condado de Charleston en el n\u00famero de <a href=\"https:\/\/www.steinberglawfirm.com\/locations\/myrtle-beach-personal-injury-attorney\/drunk-driving-car-accident-lawyers\/\" target=\"_blank\" rel=\"noopener\">accidentes mortales relacionados con el alcohol<\/a>. Los 5 condados con mayor n\u00famero de v\u00edctimas mortales con una tasa de alcoholemia superior a 0,08 son los siguientes: Condado de Greenville con 33, Condado de Horry con 30, Condado de Richland con 27, Condado de Charleston con 26, y Condado de Spartanburg con 21. El libro de datos tambi\u00e9n revela c\u00f3mo la mayor\u00eda de estos accidentes se produjeron en el fin de semana, de viernes a domingo, y entre las 6:00 PM y 3:00 AM. Adem\u00e1s, el condado de Horry tuvo 2.181 colisiones totales en la US-17 y 1.697 colisiones totales en la US-501.<\/p>\n\n\n\n<h3 class=\"wp-block-heading\">Tipos de compensaci\u00f3n despu\u00e9s de un accidente de coche en Myrtle Beach&nbsp;<\/h3>\n\n\n\n<p>Tras un accidente de tr\u00e1fico en Myrtle Beach, las v\u00edctimas tienen derecho a solicitar diversos tipos de indemnizaci\u00f3n. Esta ayuda financiera tiene por objeto cubrir los gastos y las p\u00e9rdidas sufridas a causa del accidente. El objetivo es sencillo: hacer que las v\u00edctimas vuelvan a estar sanas cubriendo sus gastos y compensando las p\u00e9rdidas. He aqu\u00ed los principales tipos de indemnizaci\u00f3n disponibles:<\/p>\n\n\n\n<ul class=\"wp-block-list\">\n<li><strong>Gastos m\u00e9dicos<\/strong>. Cubre todos los tratamientos m\u00e9dicos, incluidos los cuidados de urgencia, intervenciones quir\u00fargicas, medicamentos, rehabilitaci\u00f3n y cualquier necesidad m\u00e9dica continua derivada del accidente.<\/li>\n\n\n\n<li><strong>Salarios perdidos<\/strong>. Estos da\u00f1os y perjuicios compensan la p\u00e9rdida de ingresos por ausencia del trabajo durante la recuperaci\u00f3n. Tambi\u00e9n incluye la p\u00e9rdida de capacidad laboral si la v\u00edctima no puede volver a trabajar al mismo nivel que antes del accidente.<\/li>\n\n\n\n<li><strong>Dolor y sufrimiento.<\/strong> Este tipo de indemnizaci\u00f3n aborda el dolor f\u00edsico y la angustia emocional causados por el accidente. Es especialmente importante porque reconoce el impacto no financiero del accidente.<\/li>\n\n\n\n<li><strong>Da\u00f1os materiales.<\/strong> Las v\u00edctimas de accidentes pueden recibir el reembolso de la reparaci\u00f3n o sustituci\u00f3n de su veh\u00edculo y de cualquier otro bien personal da\u00f1ado en el accidente.<\/li>\n\n\n\n<li><strong>Da\u00f1os punitivos.<\/strong> Aunque es menos frecuente, los da\u00f1os punitivos pueden concederse en casos de negligencia grave para castigar al infractor y disuadir de conductas similares en el futuro.<\/li>\n<\/ul>\n\n\n\n<p>Conseguir este tipo de indemnizaciones requiere una estrategia jur\u00eddica clara y firme. Contratar a un abogado que comprenda todo el alcance de lo que le corresponde puede marcar una diferencia significativa en el resultado de su reclamaci\u00f3n. Le defender\u00e1 en\u00e9rgicamente, asegur\u00e1ndose de que se tengan en cuenta todos los da\u00f1os pertinentes y de que reciba la m\u00e1xima indemnizaci\u00f3n por sus p\u00e9rdidas.<\/p>\n\n\n\n<h3 class=\"wp-block-heading\">\u00bfC\u00f3mo se aplica la negligencia comparativa en un caso de accidente de coche SC?<\/h3>\n\n\n\n<p>En South Carolina, el principio de <a href=\"https:\/\/www.steinberglawfirm.com\/faq\/faq-car-accident\/what-does-comparative-fault-mean-when-it-relates-to-a-south-carolina-car-accident\/\" target=\"_blank\" rel=\"noopener\">negligencia comparativa<\/a> desempe\u00f1a un papel crucial en los casos de accidente de coche. Esta norma ajusta la indemnizaci\u00f3n que puedes recibir en funci\u00f3n de tu parte de culpa en el accidente. As\u00ed es como funciona:<\/p>\n\n\n\n<p>Si se ve implicado en un accidente de tr\u00e1fico, se examinan sus acciones y las del otro conductor para determinar la responsabilidad. Si ambas partes han contribuido al accidente, se asigna un porcentaje de culpa a cada una. Por ejemplo, si usted circulaba con exceso de velocidad y el otro conductor no cedi\u00f3 el paso, es posible que a usted se le atribuya 30% de culpa y al otro conductor 70%.<\/p>\n\n\n\n<p>Con arreglo a la ley South Carolina, usted puede reclamar da\u00f1os y perjuicios si no tiene m\u00e1s culpa que las otras partes implicadas. Sin embargo, su indemnizaci\u00f3n se reducir\u00e1 en funci\u00f3n de su porcentaje de culpa. Si sus da\u00f1os totales ascienden a $100.000 y usted tiene 30% de culpa, recibir\u00eda $70.000.<\/p>\n\n\n\n<p>Es esencial contar con una s\u00f3lida representaci\u00f3n legal en estos casos. Un abogado puede trabajar activamente para minimizar su porcentaje de culpa y maximizar la indemnizaci\u00f3n que recibe. Recopilan pruebas, negocian con las compa\u00f1\u00edas de seguros y, si es necesario, defienden su caso ante los tribunales para proteger sus intereses.<\/p>\n\n\n\n<h2 class=\"wp-block-heading\">Programe una consulta gratuita y sin compromiso con un abogado con experiencia en accidentes automovil\u00edsticos de Myrtle Beach<\/h2>\n\n\n\n<p>Si recientemente ha sufrido lesiones en un accidente de tr\u00e1fico, es importante que dedique unos minutos a conocer sus derechos, incluido el derecho a reclamar una indemnizaci\u00f3n a la parte culpable. En el <a href=\"https:\/\/www.steinberglawfirm.com\/\" target=\"_blank\" rel=\"noopener\">Steinberg Law Firm<\/a>En Myrtle Beach, nuestros abogados de accidentes de coche Myrtle Beach han proporcionado a las v\u00edctimas de accidentes con la representaci\u00f3n compasiva y eficaz durante m\u00e1s de 95 a\u00f1os. Entendemos los retos a los que usted y su familia se enfrentan tras un accidente grave y estamos preparados para hacer todo lo posible para asegurarnos de que usted reciba una compensaci\u00f3n justa por lo que ha pasado. Para obtener m\u00e1s informaci\u00f3n y para programar una <a href=\"https:\/\/www.steinberglawfirm.com\/free-consultation\/\" target=\"_blank\" rel=\"noopener\">consulta gratuita<\/a> hoy, llame al Steinberg Law Firm al <a href=\"tel:1-843-720-2800\">843-720-2800<\/a>. Tambi\u00e9n puede conectarse con nosotros a trav\u00e9s de nuestro <a href=\"https:\/\/www.steinberglawfirm.com\/contact-us\/\" target=\"_blank\" rel=\"noopener\">formulario de contacto seguro en l\u00ednea<\/a>.<\/p>","protected":false},"excerpt":{"rendered":"<p>Myrtle Beach Abogados de Accidentes de Coche Myrtle Beach mejor calificados Abogados de Accidentes de Coche que Representan a las V\u00edctimas de Lesiones en South Carolina The Steinberg Law Firm est\u00e1 a la vanguardia de la representaci\u00f3n de las personas involucradas en accidentes de coche a trav\u00e9s de Myrtle Beach. Como un bufete de abogados de lesiones personales South Carolina, estamos bien familiarizados con los desaf\u00edos \u00fanicos que acompa\u00f1an a los incidentes de tr\u00e1fico en...<\/p>","protected":false},"author":1,"featured_media":31332,"parent":31327,"menu_order":0,"comment_status":"closed","ping_status":"closed","template":"","meta":{"_acf_changed":false,"footnotes":""},"class_list":["post-31324","page","type-page","status-publish","has-post-thumbnail","hentry"],"acf":[],"_links":{"self":[{"href":"https:\/\/steinberglawfirm-staging.clmcloud.app\/es\/wp-json\/wp\/v2\/pages\/31324"}],"collection":[{"href":"https:\/\/steinberglawfirm-staging.clmcloud.app\/es\/wp-json\/wp\/v2\/pages"}],"about":[{"href":"https:\/\/steinberglawfirm-staging.clmcloud.app\/es\/wp-json\/wp\/v2\/types\/page"}],"author":[{"embeddable":true,"href":"https:\/\/steinberglawfirm-staging.clmcloud.app\/es\/wp-json\/wp\/v2\/users\/1"}],"replies":[{"embeddable":true,"href":"https:\/\/steinberglawfirm-staging.clmcloud.app\/es\/wp-json\/wp\/v2\/comments?post=31324"}],"version-history":[{"count":6,"href":"https:\/\/steinberglawfirm-staging.clmcloud.app\/es\/wp-json\/wp\/v2\/pages\/31324\/revisions"}],"predecessor-version":[{"id":31381,"href":"https:\/\/steinberglawfirm-staging.clmcloud.app\/es\/wp-json\/wp\/v2\/pages\/31324\/revisions\/31381"}],"up":[{"embeddable":true,"href":"https:\/\/steinberglawfirm-staging.clmcloud.app\/es\/wp-json\/wp\/v2\/pages\/31327"}],"wp:featuredmedia":[{"embeddable":true,"href":"https:\/\/steinberglawfirm-staging.clmcloud.app\/es\/wp-json\/wp\/v2\/media\/31332"}],"wp:attachment":[{"href":"https:\/\/steinberglawfirm-staging.clmcloud.app\/es\/wp-json\/wp\/v2\/media?parent=31324"}],"curies":[{"name":"wp","href":"https:\/\/api.w.org\/{rel}","templated":true}]}}