{"id":31304,"date":"2024-07-18T18:29:38","date_gmt":"2024-07-18T18:29:38","guid":{"rendered":"https:\/\/www.steinberglawfirm.com\/?page_id=31304"},"modified":"2024-07-19T19:34:40","modified_gmt":"2024-07-19T19:34:40","slug":"horry-county-sc-personal-injury-attorneys","status":"publish","type":"page","link":"https:\/\/steinberglawfirm-staging.clmcloud.app\/es\/ubicaciones\/abogados-de-lesiones-personales-del-condado-de-horry-sc\/","title":{"rendered":"Abogados de lesiones personales del condado de Horry"},"content":{"rendered":"<h1 class=\"wp-block-heading\">Abogados de lesiones personales del condado de Horry<\/h1>\n\n\n\n<h2 class=\"wp-block-heading\"><em>Los mejores abogados de lesiones personales del condado de Horry luchan para asegurar la compensaci\u00f3n que nuestros clientes necesitan.<\/em><\/h2>\n\n\n\n<p>El condado de Horry tiene m\u00e1s de 350.000 habitantes, lo que lo convierte en el cuarto condado m\u00e1s poblado de South Carolina y uno de sus destinos tur\u00edsticos m\u00e1s populares. <a href=\"https:\/\/www.steinberglawfirm.com\/locations\/myrtle-beach-personal-injury-attorney\/\" target=\"_blank\" rel=\"noopener\">Myrtle Beach<\/a> atrae a grandes multitudes cada a\u00f1o, al igual que otros lugares de inter\u00e9s de la zona.<\/p>\n\n\n\n<p>Si usted vive en el Condado de Horry, trabaja aqu\u00ed, o est\u00e1 de visita, una lesi\u00f3n grave puede descarrilar sus planes y dejarlo necesitando ayuda. Un accidente de coche, resbal\u00f3n y ca\u00edda, u otra lesi\u00f3n grave causada por la negligencia de otra persona puede dejar que se enfrentan a grandes costos personales y financieros. En <a href=\"https:\/\/www.steinberglawfirm.com\/\" target=\"_blank\" rel=\"noopener\">experimentados abogados de lesiones del Condado de Horry en el Steinberg Law Firm<\/a> puede responder a sus preguntas y ayudarle a proteger sus derechos legales.&nbsp;<\/p>\n\n\n\n<h3 class=\"wp-block-heading\">Tipos comunes de demandas por lesiones personales en el condado de Horry<\/h3>\n\n\n\n<p><a href=\"https:\/\/www.steinberglawfirm.com\/personal-injury\/\" target=\"_blank\" rel=\"noopener\">Reclamaciones por da\u00f1os personales<\/a> vienen en muchas formas diferentes. Algunos tipos de demandas por lesiones personales comunes en el condado de Horry y en todo South Carolina incluyen:<\/p>\n\n\n\n<h3 class=\"wp-block-heading\">Accidentes de tr\u00e1fico<\/h3>\n\n\n\n<p><a href=\"https:\/\/www.steinberglawfirm.com\/personal-injury\/auto-accidents\/\" target=\"_blank\" rel=\"noopener\">Accidentes de tr\u00e1fico<\/a> son el tipo m\u00e1s com\u00fan de reclamaci\u00f3n por da\u00f1os personales en South Carolina. Cuando la negligencia de otro conductor o de otra persona provoca un accidente, los perjudicados pueden reclamar una indemnizaci\u00f3n.<\/p>\n\n\n\n<p>Seg\u00fan el Departamento de Seguridad P\u00fablica South Carolina, una persona resulta herida en un accidente de tr\u00e1fico cada 9,8 minutos de media. Alguien sufre <a href=\"https:\/\/www.steinberglawfirm.com\/personal-injury\/auto-accidents\/fatal-car-accident\/\" target=\"_blank\" rel=\"noopener\">lesiones mortales<\/a> en una carretera South Carolina cada 7,3 horas de media. <a href=\"https:\/\/www.steinberglawfirm.com\/locations\/myrtle-beach-car-accident-lawyers\/\" target=\"_blank\" rel=\"noopener\">Colisiones por DUI<\/a> se cobra una vida cada 21,9 horas de media.&nbsp;<\/p>\n\n\n\n<p>Los accidentes de tr\u00e1fico no se limitan a los que se producen en veh\u00edculos de motor. <a href=\"https:\/\/www.steinberglawfirm.com\/personal-injury\/auto-accidents\/pedestrian-accident\/\" target=\"_blank\" rel=\"noopener\">Peatones<\/a> y <a href=\"https:\/\/www.steinberglawfirm.com\/personal-injury\/bicycle-accidents\/\" target=\"_blank\" rel=\"noopener\">ciclistas<\/a> tambi\u00e9n pueden morir o resultar gravemente heridos. Los promedios del Departamento de Seguridad P\u00fablica estiman que cada 1,9 d\u00edas, South Carolina pierde un <a href=\"https:\/\/www.steinberglawfirm.com\/personal-injury\/wrongful-death\/fatal-pedestrian-accidents\/\" target=\"_blank\" rel=\"noopener\">peat\u00f3n en un accidente mortal<\/a>. Un <a href=\"https:\/\/www.steinberglawfirm.com\/personal-injury\/wrongful-death\/fatal-bike-accidents\/\" target=\"_blank\" rel=\"noopener\">un ciclista sufre heridas mortales<\/a> cada 15,9 d\u00edas de media.&nbsp;<\/p>\n\n\n\n<h3 class=\"wp-block-heading\">Accidentes de moto<\/h3>\n\n\n\n<p><a href=\"https:\/\/www.steinberglawfirm.com\/locations\/myrtle-beach-personal-injury-attorney\/motorcycle-accident-injury-lawyers\/\" target=\"_blank\" rel=\"noopener\">Myrtle Beach<\/a> es un destino popular para los motociclistas. El clima de South Carolina hace que montar en moto sea un pasatiempo popular durante la mayor parte del a\u00f1o. Los motoristas tienen derecho a circular por las v\u00edas p\u00fablicas siempre que respeten todas las leyes de tr\u00e1fico - y los dem\u00e1s en la carretera tienen el deber de vigilar a los motoristas y controlar sus veh\u00edculos para evitar accidentes.&nbsp;<\/p>\n\n\n\n<p>El Departamento de Seguridad P\u00fablica de South Carolina estima que, de media, un motorista muere en las carreteras de South Carolina cada 2,3 d\u00edas. En un a\u00f1o, aproximadamente 159 motociclistas sufren <a href=\"https:\/\/www.steinberglawfirm.com\/personal-injury\/wrongful-death\/fatal-motorcycle-accident\/\" target=\"_blank\" rel=\"noopener\">lesiones mortales<\/a> en accidentes de tr\u00e1fico.&nbsp;&nbsp;<\/p>\n\n\n\n<h3 class=\"wp-block-heading\">Accidentes de camiones<\/h3>\n\n\n\n<p>Desde camiones de reparto hasta tractores-remolque de gran tama\u00f1o, los camiones desempe\u00f1an un papel fundamental en la vida comercial del condado de Horry. A <a href=\"https:\/\/www.steinberglawfirm.com\/personal-injury\/truck-accidents\/\" target=\"_blank\" rel=\"noopener\">accidente de cami\u00f3n<\/a> pueden causar da\u00f1os graves y lesiones catastr\u00f3ficas.&nbsp;<\/p>\n\n\n\n<p>En 2021, 5.788 personas murieron en Estados Unidos en accidentes de camiones grandes, un aumento del 17% con respecto a 2020. Entre ellas hab\u00eda 137 <a href=\"https:\/\/www.steinberglawfirm.com\/personal-injury\/truck-accidents\/fatal-truck-accidents\/\" target=\"_blank\" rel=\"noopener\">accidentes mortales de camiones<\/a> que se produjo en South Carolina.<\/p>\n\n\n\n<h3 class=\"wp-block-heading\">Accidentes de navegaci\u00f3n<\/h3>\n\n\n\n<p>Las 60 millas de Grand Strand atraen a los navegantes cada a\u00f1o. Los navegantes son responsables de actuar con la debida diligencia para mantenerse a s\u00ed mismos y a los dem\u00e1s seguros en el agua. La negligencia, como manejar una embarcaci\u00f3n en estado de embriaguez, puede dar lugar a <a href=\"https:\/\/www.steinberglawfirm.com\/personal-injury\/boat-accidents\/\" target=\"_blank\" rel=\"noopener\">accidentes y lesiones graves<\/a>.&nbsp;<\/p>\n\n\n\n<p>En 2019, el Departamento de Recursos Naturales South Carolina registr\u00f3 146 accidentes de navegaci\u00f3n. Estos accidentes se saldaron con <a href=\"https:\/\/www.steinberglawfirm.com\/personal-injury\/boat-accidents\/fatal-boat-accident\/\" target=\"_blank\" rel=\"noopener\">14 muertes<\/a>.<\/p>\n\n\n\n<h3 class=\"wp-block-heading\">Lesiones por resbalones y ca\u00eddas<\/h3>\n\n\n\n<p>Las ca\u00eddas son la principal causa de hospitalizaci\u00f3n de los ancianos estadounidenses. A <a href=\"https:\/\/www.steinberglawfirm.com\/personal-injury\/premises-liability\/slip-and-fall\/\" target=\"_blank\" rel=\"noopener\">lesi\u00f3n por ca\u00edda<\/a> pueden causar da\u00f1os a cualquier persona de cualquier edad. Cuando una ca\u00edda se debe a una negligencia ajena, la persona lesionada puede solicitar una indemnizaci\u00f3n.&nbsp;<\/p>\n\n\n\n<p><a href=\"https:\/\/www.steinberglawfirm.com\/workers-compensation\/construction-accidents\/fall-from-roof-injury\/\" target=\"_blank\" rel=\"noopener\">Cataratas<\/a> fueron la segunda causa m\u00e1s com\u00fan de <a href=\"https:\/\/www.steinberglawfirm.com\/locations\/myrtle-beach-sc-workers-compensation-attorneys\/\" target=\"_blank\" rel=\"noopener\">muertes en el lugar de trabajo<\/a> en 2022 en South Carolina, seg\u00fan la Oficina de Estad\u00edsticas Laborales. Las ca\u00eddas tambi\u00e9n causan miles de lesiones, hospitalizaciones y visitas a urgencias cada a\u00f1o.<\/p>\n\n\n\n<h3 class=\"wp-block-heading\">Mordeduras de perro<\/h3>\n\n\n\n<p>El South Carolina impone a los propietarios de perros la obligaci\u00f3n de controlarlos. Cuando el due\u00f1o de un perro no lo hace y alguien es mordido, la persona herida puede reclamar una indemnizaci\u00f3n.&nbsp;<\/p>\n\n\n\n<p>El Departamento de Salud y Control Medioambiental (DHEC) de South Carolina se\u00f1ala que en todo el pa\u00eds se producen aproximadamente 4,5 millones de mordeduras de perro. <a href=\"https:\/\/www.steinberglawfirm.com\/personal-injury\/dog-bites\/\" target=\"_blank\" rel=\"noopener\">Mordeduras de perro<\/a> pueden causar lesiones graves y tambi\u00e9n transmitir enfermedades mortales, incluida la rabia. De los 101 casos de rabia notificados en South Carolina en 2021, tres proced\u00edan de perros que expusieron a otras muchas personas y animales a la rabia a trav\u00e9s de mordeduras.<\/p>\n\n\n\n<h3 class=\"wp-block-heading\">Productos peligrosos<\/h3>\n\n\n\n<p>Un defecto oculto en un producto de consumo puede causar lesiones catastr\u00f3ficas. Debido a la naturaleza oculta de estos defectos, la persona lesionada puede no saber que el defecto existe hasta que es demasiado tarde.&nbsp;<\/p>\n\n\n\n<p><a href=\"https:\/\/www.steinberglawfirm.com\/personal-injury\/dangerous-products\/\" target=\"_blank\" rel=\"noopener\">Lesiones por productos defectuosos<\/a> han aumentado en todo el pa\u00eds en los \u00faltimos a\u00f1os, con un incremento del 6,8% en 2021 y del 7,8% en 2022. Mientras que las lesiones m\u00e1s leves, como los esguinces, han disminuido, las m\u00e1s graves, como las amputaciones, han aumentado. 12,7 millones de personas necesitaron atenci\u00f3n en urgencias en 2022 por lesiones relacionadas con un defecto oculto en un producto de consumo.&nbsp;<\/p>\n\n\n\n<h3 class=\"wp-block-heading\">Negligencia m\u00e9dica<\/h3>\n\n\n\n<p>Los m\u00e9dicos tienen la responsabilidad de prestar una atenci\u00f3n que cumpla las normas de atenci\u00f3n de la profesi\u00f3n. Cuando sus esfuerzos quedan por debajo de la norma de atenci\u00f3n, pueden producirse lesiones graves o la muerte.&nbsp;<\/p>\n\n\n\n<p>Las estad\u00edsticas nacionales revelan que los profesionales sanitarios cometen \"errores evitables\" en entre el 3% y el 15% de todas las intervenciones m\u00e9dicas que realizan. Diagn\u00f3sticos err\u00f3neos, diagn\u00f3sticos tard\u00edos, errores de medicaci\u00f3n y errores quir\u00fargicos encabezan la lista de los errores m\u00e1s comunes. <a href=\"https:\/\/www.steinberglawfirm.com\/personal-injury\/medical-malpractice\/\" target=\"_blank\" rel=\"noopener\">errores m\u00e9dicos<\/a> en Estados Unidos. Seg\u00fan un estudio de Johns Hopkins de 2016, los errores m\u00e9dicos son la tercera causa de muerte en Estados Unidos.<\/p>\n\n\n\n<h3 class=\"wp-block-heading\">Abandono y malos tratos en residencias de ancianos<\/h3>\n\n\n\n<p>Los residentes de residencias de ancianos a menudo dependen del personal de la residencia para que les ayuden con sus necesidades cotidianas. Cuando el personal de la residencia no cumple con sus responsabilidades, los residentes pueden sufrir da\u00f1os importantes.<\/p>\n\n\n\n<p><a href=\"https:\/\/www.steinberglawfirm.com\/personal-injury\/nursing-home-abuse\/falls-and-fractures-in-south-carolina-nursing-homes\/\" target=\"_blank\" rel=\"noopener\">Cataratas<\/a> se encuentran entre los accidentes m\u00e1s peligrosos en residencias de ancianos. <a href=\"https:\/\/www.steinberglawfirm.com\/personal-injury\/nursing-home-neglect\/\" target=\"_blank\" rel=\"noopener\">Negligencia<\/a> al proporcionar <a href=\"https:\/\/www.steinberglawfirm.com\/personal-injury\/nursing-home-neglect\/malnutrition-dehydration\/\" target=\"_blank\" rel=\"noopener\">alimentos<\/a>La falta de higiene, de medicaci\u00f3n o de higiene b\u00e1sica puede provocar problemas m\u00e9dicos m\u00e1s graves. <a href=\"https:\/\/www.steinberglawfirm.com\/personal-injury\/nursing-home-abuse\/\" target=\"_blank\" rel=\"noopener\">Abuso en residencias de ancianos<\/a> tambi\u00e9n puede causar graves <a href=\"https:\/\/www.steinberglawfirm.com\/personal-injury\/nursing-home-abuse\/physical-abuse\/\" target=\"_blank\" rel=\"noopener\">f\u00edsico<\/a>...mental, <a href=\"https:\/\/www.steinberglawfirm.com\/personal-injury\/nursing-home-abuse\/emotional-abuse\/\" target=\"_blank\" rel=\"noopener\">emocional<\/a>o <a href=\"https:\/\/www.steinberglawfirm.com\/personal-injury\/nursing-home-abuse\/theft-or-fraud\/\" target=\"_blank\" rel=\"noopener\">perjuicio financiero<\/a>.&nbsp;<\/p>\n\n\n\n<h3 class=\"wp-block-heading\">Muerte por negligencia<\/h3>\n\n\n\n<p>Cuando un <a href=\"https:\/\/www.steinberglawfirm.com\/personal-injury\/wrongful-death\/\" target=\"_blank\" rel=\"noopener\">lesiones personales con resultado de muerte<\/a>los supervivientes de la persona fallecida pueden reclamar una indemnizaci\u00f3n. Adem\u00e1s de la indemnizaci\u00f3n vinculada a las lesiones mortales, los supervivientes pueden reclamar indemnizaci\u00f3n por p\u00e9rdidas como los gastos funerarios y de entierro, as\u00ed como por su propio sufrimiento mental y emocional ante la p\u00e9rdida repentina de su ser querido.&nbsp;<\/p>\n\n\n\n<h3 class=\"wp-block-heading\">Tipos de indemnizaci\u00f3n en demandas por lesiones personales en el condado de Horry<\/h3>\n\n\n\n<p>Cuando la negligencia de otra persona le causa lesiones, esa parte debe pagar los costes del tratamiento m\u00e9dico y otras p\u00e9rdidas econ\u00f3micas. La ley de lesiones personales es un medio para garantizar que una parte negligente pague por el da\u00f1o que le caus\u00f3 a usted o a su ser querido.&nbsp;<\/p>\n\n\n\n<p><a href=\"https:\/\/www.steinberglawfirm.com\/personal-injury\/personal-injury-lawyers\/\" target=\"_blank\" rel=\"noopener\">Da\u00f1os corporales<\/a> solicitar indemnizaci\u00f3n por diversos tipos de p\u00e9rdidas tras un accidente. Estas p\u00e9rdidas comparten un tema com\u00fan: Todas son consecuencia del accidente. Si la otra parte no hubiera causado el siniestro, usted no habr\u00eda sufrido esas p\u00e9rdidas.&nbsp;<\/p>\n\n\n\n<p>Los tribunales del South Carolina suelen considerar las p\u00e9rdidas por da\u00f1os personales en dos categor\u00edas: p\u00e9rdidas \"econ\u00f3micas\" y \"no econ\u00f3micas\".<\/p>\n\n\n\n<p><strong>Da\u00f1os econ\u00f3micos <\/strong>suelen ser p\u00e9rdidas econ\u00f3micas derivadas de un accidente. Pueden incluir p\u00e9rdidas como:<\/p>\n\n\n\n<ul class=\"wp-block-list\">\n<li>Facturas de transporte de urgencia, atenci\u00f3n en urgencias, hospitalizaciones, intervenciones quir\u00fargicas, pruebas m\u00e9dicas, medicamentos, visitas al m\u00e9dico, terapia y rehabilitaci\u00f3n y equipos m\u00e9dicos,<\/li>\n\n\n\n<li>Salarios perdidos: tanto los que perdi\u00f3 por no poder ir a trabajar mientras se curaba como los que perder\u00e1 en el futuro si sus lesiones le impiden volver a trabajar, y<\/li>\n\n\n\n<li>Los gastos de reparaci\u00f3n o sustituci\u00f3n de bienes da\u00f1ados, como un veh\u00edculo siniestrado.<\/li>\n<\/ul>\n\n\n\n<p>Tambi\u00e9n pueden incluirse otras p\u00e9rdidas econ\u00f3micas en un caso concreto. A menudo, una persona lesionada y su abogado demostrar\u00e1n estas p\u00e9rdidas a la corte con copias de facturas, recibos, facturas, talones de pago, y otros datos que muestran lo que el accidente le cost\u00f3 econ\u00f3micamente.&nbsp;<\/p>\n\n\n\n<p><strong>Da\u00f1os no econ\u00f3micos <\/strong>no son de naturaleza econ\u00f3mica, pero son p\u00e9rdidas muy reales. Los da\u00f1os no econ\u00f3micos m\u00e1s comunes son:<\/p>\n\n\n\n<ul class=\"wp-block-list\">\n<li>Indemnizaci\u00f3n por el dolor y el sufrimiento sufridos a causa del accidente,<\/li>\n\n\n\n<li>Indemnizaci\u00f3n por la p\u00e9rdida del disfrute de la vida, si sus lesiones le impiden retomar sus aficiones, el cuidado del hogar o la familia u otras actividades que sol\u00eda disfrutar,<\/li>\n\n\n\n<li>Indemnizaci\u00f3n por cicatrices o desfiguraci\u00f3n, y<\/li>\n\n\n\n<li>Da\u00f1os y perjuicios por traumas emocionales y mentales relacionados con sus experiencias en un accidente que le cambi\u00f3 la vida y que no pudo controlar.&nbsp;<\/li>\n<\/ul>\n\n\n\n<p>Cada caso de lesiones personales es diferente. La compensaci\u00f3n disponible en cada caso difiere tambi\u00e9n. Un abogado con experiencia en lesiones personales del Condado de Horry puede ayudarle a identificar y luchar por la compensaci\u00f3n necesaria en su caso.&nbsp;<\/p>\n\n\n\n<h2 class=\"wp-block-heading\">Hable hoy mismo con un abogado especializado en lesiones personales del condado de Horry<\/h2>\n\n\n\n<p>Tras un accidente grave, puede que le cueste recuperarse de lesiones graves. Tareas que sol\u00edan ser sencillas, como vestirse o preparar una comida, se vuelven monumentalmente dif\u00edciles. Puede preocuparle c\u00f3mo pagar\u00e1 las facturas o mantendr\u00e1 a su familia si no puede volver a trabajar. Puede sentirse preocupado cuando se le acumulan las facturas. Tratar con compa\u00f1\u00edas de seguros que le ponen trabas, deniegan su reclamaci\u00f3n o alargan el proceso puede ser agotador, incluso para quienes no est\u00e1n lesionados. Quiz\u00e1 se pregunte d\u00f3nde puede pedir ayuda.<\/p>\n\n\n\n<p>Si esto le resulta familiar, no est\u00e1 solo. Acuda a la <a href=\"https:\/\/www.steinberglawfirm.com\/attorney\/\" target=\"_blank\" rel=\"noopener\">equipo en el Steinberg Law Firm<\/a> hoy. Nuestros experimentados abogados de lesiones personales del Condado de Horry se dedican a luchar por nuestros clientes. Cuando programe una <a href=\"https:\/\/www.steinberglawfirm.com\/free-consultation\/\" target=\"_blank\" rel=\"noopener\">consulta gratuita y confidencial<\/a> con nuestra oficina, usted hablar\u00e1 con un abogado que puede responder a sus preguntas y ayudarle a entender qu\u00e9 esperar de su demanda por lesiones personales. Para saber m\u00e1s, <a href=\"https:\/\/www.steinberglawfirm.com\/contact-us\/\" target=\"_blank\" rel=\"noopener\">contacte con nosotros hoy mismo<\/a>.<\/p>","protected":false},"excerpt":{"rendered":"<p>Abogados de lesiones personales del condado de Horry Los mejores abogados de lesiones personales del condado de Horry luchan para asegurar la compensaci\u00f3n que nuestros clientes necesitan El condado de Horry tiene m\u00e1s de 350.000 residentes, por lo que es el cuarto condado m\u00e1s poblado de South Carolina y uno de sus destinos tur\u00edsticos m\u00e1s populares. Myrtle Beach atrae a grandes multitudes cada a\u00f1o, al igual que otros...<\/p>","protected":false},"author":1,"featured_media":31310,"parent":13547,"menu_order":0,"comment_status":"closed","ping_status":"closed","template":"","meta":{"_acf_changed":false,"footnotes":""},"class_list":["post-31304","page","type-page","status-publish","has-post-thumbnail","hentry"],"acf":[],"_links":{"self":[{"href":"https:\/\/steinberglawfirm-staging.clmcloud.app\/es\/wp-json\/wp\/v2\/pages\/31304"}],"collection":[{"href":"https:\/\/steinberglawfirm-staging.clmcloud.app\/es\/wp-json\/wp\/v2\/pages"}],"about":[{"href":"https:\/\/steinberglawfirm-staging.clmcloud.app\/es\/wp-json\/wp\/v2\/types\/page"}],"author":[{"embeddable":true,"href":"https:\/\/steinberglawfirm-staging.clmcloud.app\/es\/wp-json\/wp\/v2\/users\/1"}],"replies":[{"embeddable":true,"href":"https:\/\/steinberglawfirm-staging.clmcloud.app\/es\/wp-json\/wp\/v2\/comments?post=31304"}],"version-history":[{"count":9,"href":"https:\/\/steinberglawfirm-staging.clmcloud.app\/es\/wp-json\/wp\/v2\/pages\/31304\/revisions"}],"predecessor-version":[{"id":31380,"href":"https:\/\/steinberglawfirm-staging.clmcloud.app\/es\/wp-json\/wp\/v2\/pages\/31304\/revisions\/31380"}],"up":[{"embeddable":true,"href":"https:\/\/steinberglawfirm-staging.clmcloud.app\/es\/wp-json\/wp\/v2\/pages\/13547"}],"wp:featuredmedia":[{"embeddable":true,"href":"https:\/\/steinberglawfirm-staging.clmcloud.app\/es\/wp-json\/wp\/v2\/media\/31310"}],"wp:attachment":[{"href":"https:\/\/steinberglawfirm-staging.clmcloud.app\/es\/wp-json\/wp\/v2\/media?parent=31304"}],"curies":[{"name":"wp","href":"https:\/\/api.w.org\/{rel}","templated":true}]}}