{"id":31271,"date":"2024-07-15T19:33:40","date_gmt":"2024-07-15T19:33:40","guid":{"rendered":"https:\/\/www.steinberglawfirm.com\/?page_id=31271"},"modified":"2024-07-15T19:33:46","modified_gmt":"2024-07-15T19:33:46","slug":"minivan-safety-dangers-recent-test-results-south-carolina","status":"publish","type":"page","link":"https:\/\/steinberglawfirm-staging.clmcloud.app\/es\/lesiones-personales\/accidentes-de-trafico-2\/seguridad-de-los-monovolumenes-peligros-recientes-resultados-de-las-pruebas-carolina-del-sur\/","title":{"rendered":"La impactante verdad sobre la seguridad de los monovol\u00famenes en South Carolina"},"content":{"rendered":"<h1 class=\"wp-block-heading\">South Carolina Minivan Abogados de accidentes<\/h1>\n\n\n\n<p>Los monovol\u00famenes se siguen vendiendo en EE.UU. y representaron el 3,6% de todas las ventas de veh\u00edculos nuevos en 2022. Los monovol\u00famenes usados tambi\u00e9n est\u00e1n ampliamente disponibles para los compradores en South Carolina y en otros lugares.<\/p>\n\n\n\n<p>Los monovol\u00famenes se hicieron populares por su versatilidad. Sus amplios asientos extra\u00edbles permiten transportar a varios miembros de la familia, objetos personales, carga o mascotas, en funci\u00f3n de las necesidades de la familia en cada momento.&nbsp;<\/p>\n\n\n\n<p>Sin embargo, estos <a href=\"https:\/\/www.steinberglawfirm.com\/personal-injury\/auto-accidents\/\" target=\"_blank\" rel=\"noopener\">los veh\u00edculos tambi\u00e9n plantean varios peligros<\/a>. Comprender los requisitos de los cinturones de seguridad y las sillas infantiles y mantenerse alerta ante las retiradas y los peligros ocultos puede ayudarle a proteger a sus seres queridos.<\/p>\n\n\n\n<h3 class=\"wp-block-heading\">South Carolina Leyes sobre el cintur\u00f3n de seguridad<\/h3>\n\n\n\n<p>South Carolina exige que tanto los ni\u00f1os como los adultos utilicen cinturones de seguridad o sistemas de retenci\u00f3n adecuados en un veh\u00edculo. Los ni\u00f1os que tengan al menos 8 a\u00f1os y midan 57 pulgadas (4 pies y 9 pulgadas) pueden utilizar un cintur\u00f3n de seguridad normal; los ni\u00f1os m\u00e1s peque\u00f1os deben utilizar asientos infantiles o elevadores.&nbsp;<\/p>\n\n\n\n<p>Todos los menores de 17 a\u00f1os deben llevar puesto el cintur\u00f3n de seguridad en un veh\u00edculo. La norma del cintur\u00f3n de seguridad se aplica a todos los veh\u00edculos de propiedad privada, excepto a los coches cl\u00e1sicos, que pueden no estar equipados con cinturones de seguridad.&nbsp;<\/p>\n\n\n\n<h3 class=\"wp-block-heading\">Asientos infantiles y elevadores<\/h3>\n\n\n\n<p>South Carolina ley exige que los ni\u00f1os utilicen asientos de seguridad o asientos elevados hasta que tengan al menos ocho a\u00f1os y midan 4 pies y 9 pulgadas. Si un veh\u00edculo tiene asiento trasero, los ni\u00f1os deben viajar en \u00e9l. Estos requisitos tienen por objeto reducir las lesiones y mantener a los ni\u00f1os m\u00e1s seguros en los veh\u00edculos.&nbsp;<\/p>\n\n\n\n<p>Existen algunas excepciones a la ley sobre sillas de seguridad, pero son muy limitadas. Por ejemplo, los ni\u00f1os con necesidades m\u00e9dicas que no pueden utilizar una silla de coche o un asiento elevador no est\u00e1n obligados a usarlos. En su lugar, estos ni\u00f1os deben tener un sistema de retenci\u00f3n especial que se adapte a sus necesidades m\u00e9dicas.&nbsp;<\/p>\n\n\n\n<p>Para que tus hijos est\u00e9n seguros en sus asientos:<\/p>\n\n\n\n<ul class=\"wp-block-list\">\n<li>Utiliza el tipo de asiento adecuado a la talla de tu hijo.<\/li>\n\n\n\n<li>Utilice asientos nuevos de modelo actual e inst\u00e1lelos correctamente.<\/li>\n\n\n\n<li>No reutilices nunca un asiento que haya sufrido un accidente, se haya ca\u00eddo desde una altura o se haya almacenado en un ambiente caluroso.&nbsp;<\/li>\n<\/ul>\n\n\n\n<h3 class=\"wp-block-heading\">Retiradas del mercado y peligros ocultos en los modelos monovolumen<\/h3>\n\n\n\n<p>Los monovol\u00famenes suelen tener un alto nivel de seguridad, especialmente para los ni\u00f1os. Sin embargo, no todos los monovol\u00famenes cumplen esta norma. Recientemente, el Instituto de Seguros para la Seguridad en Carretera (IIHS) ha descubierto que varios modelos de monovolumen presentan riesgos para los pasajeros de los asientos traseros en <a href=\"https:\/\/www.steinberglawfirm.com\/personal-injury\/auto-accidents\/head-on-car-accident-attorneys\/\" target=\"_blank\" rel=\"noopener\">colisiones frontales<\/a>.<\/p>\n\n\n\n<p>En sus pruebas de choque, el IIHS descubri\u00f3 que el Honda Odyssey, el Toyota Sienna, el Chrysler Pacifica y el Kia Carnival expon\u00edan a los pasajeros infantiles de los asientos traseros a un mayor riesgo de sufrir lesiones en el pecho en caso de choque frontal. Mientras que los ocupantes de los asientos delanteros estaban bien protegidos, los ocupantes de los asientos traseros m\u00e1s peque\u00f1os tend\u00edan a sufrir lesiones por una mala colocaci\u00f3n del cintur\u00f3n de seguridad o por el impacto del cintur\u00f3n en el cuerpo durante el impacto. Esencialmente, varios modelos de monovolumen suspendieron la prueba de protecci\u00f3n de los pasajeros de los asientos traseros.&nbsp;<\/p>\n\n\n\n<p>El IIHS calific\u00f3 al Honda Odyssey de \"deficiente\" en esta categor\u00eda. Los otros tres monovol\u00famenes recibieron una calificaci\u00f3n \"marginal\". Otros monovol\u00famenes de pruebas recibieron la calificaci\u00f3n de \"aceptable\" o \"bueno\".&nbsp;<\/p>\n\n\n\n<p>Incluso entre los monovol\u00famenes mejor clasificados en cuanto a seguridad general, se puede hacer m\u00e1s para que los pasajeros est\u00e9n seguros en la carretera.<\/p>\n\n\n\n<p>El Instituto de Seguros para la Seguridad en Carretera (IIHS) recomend\u00f3 recientemente que los avisos de cintur\u00f3n de seguridad de los monovol\u00famenes sean m\u00e1s sonoros y visibles en algunos veh\u00edculos. El IIHS se\u00f1al\u00f3 que el Toyota Sienna, que tiene recordatorios separados para los cinturones de seguridad de la segunda y tercera fila, es un buen ejemplo de un sistema de recordatorio que puede ayudar a garantizar que los pasajeros se abrochen el cintur\u00f3n y se mantengan seguros.&nbsp;<\/p>\n\n\n\n<p>Independientemente del sistema de recordatorio del cintur\u00f3n de seguridad de su veh\u00edculo, es aconsejable volver a comprobar que todos los ocupantes llevan puesto el cintur\u00f3n de seguridad antes de empezar a conducir.&nbsp;<\/p>\n\n\n\n<h3 class=\"wp-block-heading\">Tipos de lesiones en accidentes de monovolumen<\/h3>\n\n\n\n<p>Aunque el asiento trasero sigue siendo el lugar m\u00e1s seguro para los ni\u00f1os en un accidente de monovolumen, pueden producirse lesiones. Las lesiones comunes en accidentes de minivan incluyen:<\/p>\n\n\n\n<ul class=\"wp-block-list\">\n<li><a href=\"https:\/\/www.steinberglawfirm.com\/personal-injury\/head-brain-and-spine-injuries\/\" target=\"_blank\" rel=\"noopener\">Cabeza<\/a> y <a href=\"https:\/\/www.steinberglawfirm.com\/personal-injury\/auto-accidents\/brain-injury-from-car-accident\/\" target=\"_blank\" rel=\"noopener\">lesiones cerebrales<\/a>especialmente si la cabeza golpea un asiento u otro objeto en un accidente.<\/li>\n\n\n\n<li><a href=\"https:\/\/www.steinberglawfirm.com\/personal-injury\/auto-accidents\/neck-injuries-from-car-accidents\/\" target=\"_blank\" rel=\"noopener\">Cuello<\/a>, <a href=\"https:\/\/www.steinberglawfirm.com\/personal-injury\/auto-accidents\/back-injuries-from-car-accidents\/\" target=\"_blank\" rel=\"noopener\">volver<\/a>y <a href=\"https:\/\/www.steinberglawfirm.com\/personal-injury\/auto-accidents\/spinal-cord-injury\/\" target=\"_blank\" rel=\"noopener\">lesiones medulares<\/a> que van desde el latigazo cervical a la par\u00e1lisis.<\/li>\n\n\n\n<li>Fracturas \u00f3seas causadas por la fuerza del choque.<\/li>\n\n\n\n<li>Las lesiones por objeto contundente pueden causar hematomas, hemorragias internas y lesiones org\u00e1nicas.<\/li>\n\n\n\n<li>Lesiones por aplastamiento o <a href=\"https:\/\/www.steinberglawfirm.com\/personal-injury\/auto-accidents\/amputations-from-car-accidents\/\" target=\"_blank\" rel=\"noopener\">amputaciones<\/a>.<\/li>\n\n\n\n<li><a href=\"https:\/\/www.steinberglawfirm.com\/personal-injury\/personal-injury-lawyers\/scarring-and-disfigurement\/\" target=\"_blank\" rel=\"noopener\">Cicatrices y desfiguraci\u00f3n<\/a>.\u00a0<\/li>\n<\/ul>\n\n\n\n<p>Los cinturones de seguridad, los asientos de seguridad para ni\u00f1os y los asientos elevadores pueden evitar algunas lesiones en accidentes de coche. Sin embargo, en una colisi\u00f3n grave, cualquiera de los ocupantes del veh\u00edculo puede resultar herido.&nbsp;<\/p>\n\n\n\n<h2 class=\"wp-block-heading\">Hable hoy mismo con un abogado experimentado en colisiones de monovol\u00famenes South Carolina<\/h2>\n\n\n\n<p>Los monovol\u00famenes siguen siendo un medio de transporte muy popular entre las familias. Incluso el conductor m\u00e1s cuidadoso puede sufrir lesiones si un conductor negligente causa un accidente o hay un defecto con la minivan. Si usted se lesiona en un accidente de coche que involucra una minivan, <a href=\"https:\/\/www.steinberglawfirm.com\/contact-us\/\" target=\"_blank\" rel=\"noopener\">hable con un abogado experto en accidentes de tr\u00e1fico South Carolina<\/a> hoy. En <a href=\"https:\/\/www.steinberglawfirm.com\/attorney\/\" target=\"_blank\" rel=\"noopener\">equipo en Steinberg Law Firm<\/a> puede ayudar.<\/p>","protected":false},"excerpt":{"rendered":"<p>South Carolina Abogados de accidentes de monovol\u00famenes Los monovol\u00famenes se siguen vendiendo en Estados Unidos, representando el 3,6 por ciento de todas las ventas de veh\u00edculos nuevos en 2022. Los monovol\u00famenes usados tambi\u00e9n est\u00e1n ampliamente disponibles para los compradores en South Carolina y en otros lugares. Los monovol\u00famenes se hicieron populares por su versatilidad. Los amplios asientos extra\u00edbles permiten transportar a varios miembros de la familia, objetos personales,...<\/p>","protected":false},"author":1,"featured_media":31274,"parent":760,"menu_order":0,"comment_status":"closed","ping_status":"closed","template":"","meta":{"_acf_changed":false,"footnotes":""},"class_list":["post-31271","page","type-page","status-publish","has-post-thumbnail","hentry"],"acf":[],"_links":{"self":[{"href":"https:\/\/steinberglawfirm-staging.clmcloud.app\/es\/wp-json\/wp\/v2\/pages\/31271"}],"collection":[{"href":"https:\/\/steinberglawfirm-staging.clmcloud.app\/es\/wp-json\/wp\/v2\/pages"}],"about":[{"href":"https:\/\/steinberglawfirm-staging.clmcloud.app\/es\/wp-json\/wp\/v2\/types\/page"}],"author":[{"embeddable":true,"href":"https:\/\/steinberglawfirm-staging.clmcloud.app\/es\/wp-json\/wp\/v2\/users\/1"}],"replies":[{"embeddable":true,"href":"https:\/\/steinberglawfirm-staging.clmcloud.app\/es\/wp-json\/wp\/v2\/comments?post=31271"}],"version-history":[{"count":3,"href":"https:\/\/steinberglawfirm-staging.clmcloud.app\/es\/wp-json\/wp\/v2\/pages\/31271\/revisions"}],"predecessor-version":[{"id":31276,"href":"https:\/\/steinberglawfirm-staging.clmcloud.app\/es\/wp-json\/wp\/v2\/pages\/31271\/revisions\/31276"}],"up":[{"embeddable":true,"href":"https:\/\/steinberglawfirm-staging.clmcloud.app\/es\/wp-json\/wp\/v2\/pages\/760"}],"wp:featuredmedia":[{"embeddable":true,"href":"https:\/\/steinberglawfirm-staging.clmcloud.app\/es\/wp-json\/wp\/v2\/media\/31274"}],"wp:attachment":[{"href":"https:\/\/steinberglawfirm-staging.clmcloud.app\/es\/wp-json\/wp\/v2\/media?parent=31271"}],"curies":[{"name":"wp","href":"https:\/\/api.w.org\/{rel}","templated":true}]}}