{"id":31167,"date":"2024-06-07T21:28:04","date_gmt":"2024-06-07T21:28:04","guid":{"rendered":"https:\/\/www.steinberglawfirm.com\/?page_id=31167"},"modified":"2024-06-07T21:31:48","modified_gmt":"2024-06-07T21:31:48","slug":"classic-car-accident-attorneys","status":"publish","type":"page","link":"https:\/\/steinberglawfirm-staging.clmcloud.app\/es\/lesiones-personales\/accidentes-de-trafico-2\/abogados-de-accidentes-de-coches-clasicos\/","title":{"rendered":"South Carolina Abogados de accidentes de coches cl\u00e1sicos"},"content":{"rendered":"<h1 class=\"wp-block-heading\">South Carolina Abogados de accidentes de coches cl\u00e1sicos<\/h1>\n\n\n\n<p>Para quienes los aman, los coches cl\u00e1sicos son una forma de vida. Sin embargo, un accidente con un coche cl\u00e1sico puede tener consecuencias catastr\u00f3ficas. Estos veh\u00edculos se construyeron antes de que los elementos de seguridad modernos, como las zonas de deformaci\u00f3n, los airbags o incluso los cinturones de seguridad, fueran est\u00e1ndar. Cuando se produce un accidente, las consecuencias pueden ser graves e incluso mortales.<\/p>\n\n\n\n<p>La mayor\u00eda de los propietarios de coches cl\u00e1sicos tienen mucho cuidado en la carretera. Aman sus coches y conducen para protegerlos. Sin embargo, ni siquiera el conductor m\u00e1s cuidadoso puede evitar un accidente si otros conductores son negligentes o imprudentes.&nbsp;<\/p>\n\n\n\n<p>Si ha sufrido lesiones en un accidente de coche cl\u00e1sico, no espere. Hable con un <a href=\"https:\/\/www.steinberglawfirm.com\/personal-injury\/auto-accidents\/\" target=\"_blank\" rel=\"noopener\">South Carolina abogado accidente coche<\/a> con experiencia en la tramitaci\u00f3n de siniestros de coches cl\u00e1sicos. En <a href=\"https:\/\/www.steinberglawfirm.com\/attorney\/\" target=\"_blank\" rel=\"noopener\">equipo en el Steinberg Law Firm<\/a> puede ayudar.&nbsp;<\/p>\n\n\n\n<h3 class=\"wp-block-heading\">\u00bfQu\u00e9 hace m\u00e1s peligrosos los accidentes de coches cl\u00e1sicos?<\/h3>\n\n\n\n<p>Los coches viejos plantean m\u00e1s riesgos que los nuevos, seg\u00fan la Administraci\u00f3n Nacional de Seguridad del Tr\u00e1fico en Carretera (NHTSA). Los datos de la NHTSA sobre las edades de los veh\u00edculos implicados en accidentes de tr\u00e1fico en Estados Unidos muestran que:<\/p>\n\n\n\n<ul class=\"wp-block-list\">\n<li>El riesgo de muerte era <strong>56 por ciento<\/strong> <strong>inferior<\/strong> para los veh\u00edculos en circulaci\u00f3n en 2012 que en 1950.&nbsp;<\/li>\n\n\n\n<li>En 1997, la tasa nacional de mortalidad en accidentes de tr\u00e1fico fue de 1,5 millones de euros. <strong>17.81 <\/strong>por cada 100 000 veh\u00edculos matriculados. En 2017, esa cifra hab\u00eda descendido a <strong>10.05 <\/strong>por cada 100.000 veh\u00edculos matriculados.&nbsp;<\/li>\n\n\n\n<li>En 1960, los dispositivos de seguridad de los veh\u00edculos ayudaron a salvar <strong>115 vidas. <\/strong>En 2012, los dispositivos de seguridad de los veh\u00edculos ayudaron a salvar <strong>27.621 vidas.<\/strong><\/li>\n\n\n\n<li>En 2018, un estudio de la NHTSA descubri\u00f3 que cuando un veh\u00edculo se fabric\u00f3 en 1984 o antes, <strong>55 por ciento <\/strong>de los implicados en accidentes fallecieron en el choque. Cuando el veh\u00edculo se fabric\u00f3 entre 2013 y 2017, solo <strong>26 por ciento <\/strong>de las v\u00edctimas de accidentes sufrieron la muerte.&nbsp;<\/li>\n<\/ul>\n\n\n\n<p>Muchos coches cl\u00e1sicos no disponen de las caracter\u00edsticas de seguridad exigidas en los coches m\u00e1s nuevos. Por ejemplo, muchos veh\u00edculos cl\u00e1sicos fabricados antes de 1965 <a href=\"https:\/\/www.steinberglawfirm.com\/blog\/seat-belts-save-lives\/\" target=\"_blank\" rel=\"noopener\">no tienen cinturones de seguridad<\/a>. Los coches m\u00e1s antiguos tambi\u00e9n pueden carecer de airbags, control electr\u00f3nico de estabilidad, frenos antibloqueo y sistemas de anclaje para sillas infantiles. Tambi\u00e9n suelen carecer de zonas de deformaci\u00f3n para absorber el impacto de un choque.\u00a0<\/p>\n\n\n\n<p>Los dispositivos de seguridad est\u00e1n dise\u00f1ados para ayudar a proteger a los ocupantes de un veh\u00edculo de lesiones catastr\u00f3ficas o la muerte en caso de accidente. Cuando estas caracter\u00edsticas est\u00e1n ausentes, no pueden proteger a los ocupantes del veh\u00edculo. Si un conductor negligente provoca un accidente, los ocupantes de un coche cl\u00e1sico pueden sufrir lesiones graves o mortales.&nbsp;<\/p>\n\n\n\n<h3 class=\"wp-block-heading\">Lesiones comunes en accidentes de coches cl\u00e1sicos South Carolina<\/h3>\n\n\n\n<p>En un accidente de tr\u00e1fico, cualquier parte del cuerpo puede resultar lesionada por las fuerzas generadas durante la colisi\u00f3n. Las investigaciones de <a href=\"https:\/\/www.steinberglawfirm.com\/personal-injury\/auto-accidents\/fatal-car-accident\/\" target=\"_blank\" rel=\"noopener\">accidentes de tr\u00e1fico mortales<\/a> muestra que algunas lesiones provocan la muerte con m\u00e1s frecuencia que otras.&nbsp;<\/p>\n\n\n\n<p>Entre las lesiones mortales m\u00e1s comunes sufridas en los accidentes de coches cl\u00e1sicos se incluyen:<\/p>\n\n\n\n<ul class=\"wp-block-list\">\n<li><strong>Lesiones por objeto contundente. <\/strong>Traumatismos por objeto contundente en el <a href=\"https:\/\/www.steinberglawfirm.com\/personal-injury\/head-brain-and-spine-injuries\/\" target=\"_blank\" rel=\"noopener\">cabeza<\/a>, <a href=\"https:\/\/www.steinberglawfirm.com\/personal-injury\/auto-accidents\/neck-injuries-from-car-accidents\/\" target=\"_blank\" rel=\"noopener\">cuello<\/a>y el t\u00f3rax suelen resultar mortales en los accidentes de tr\u00e1fico. Estas lesiones se producen cuando el cuerpo golpea o es golpeado por cualquier parte del veh\u00edculo u otro objeto durante un accidente. Pueden incluir <a href=\"https:\/\/www.steinberglawfirm.com\/personal-injury\/auto-accidents\/spinal-cord-injury\/\" target=\"_blank\" rel=\"noopener\">lesiones medulares<\/a>, <a href=\"https:\/\/www.steinberglawfirm.com\/personal-injury\/auto-accidents\/brain-injury-from-car-accident\/\" target=\"_blank\" rel=\"noopener\">lesiones cerebrales<\/a>y da\u00f1os en los \u00f3rganos.<\/li>\n\n\n\n<li><strong>Fuerza cortante y lesiones penetrantes <\/strong>se producen cuando un objeto penetra en el cuerpo. Cristales rotos, metales retorcidos y otros objetos pueden causar estas lesiones, que pueden lesionar gravemente o alterar sistemas corporales y causar la muerte.&nbsp;<\/li>\n\n\n\n<li><strong>Quemaduras. <\/strong><a href=\"https:\/\/www.steinberglawfirm.com\/personal-injury\/auto-accidents\/burn-injury\/\" target=\"_blank\" rel=\"noopener\">Quemaduras el\u00e9ctricas, qu\u00edmicas o t\u00e9rmicas durante un choque<\/a> puede ser mortal, sobre todo si se da\u00f1an los pulmones, el cerebro o una gran parte de la superficie corporal.<\/li>\n\n\n\n<li><strong>Asfixia. <\/strong>La inhalaci\u00f3n de productos qu\u00edmicos procedentes de la combusti\u00f3n de aceite, gasolina o piezas del veh\u00edculo, o quedar atrapado en un accidente, puede provocar asfixia.&nbsp;<\/li>\n<\/ul>\n\n\n\n<p>Algunas lesiones resultan mortales casi de inmediato, mientras que otras pueden tardar m\u00e1s en cobrarse una vida. Una combinaci\u00f3n de lesiones puede ser mortal incluso cuando cualquiera de las lesiones es sobrevivible por s\u00ed sola. Despu\u00e9s de cualquier accidente fatal o que cause lesiones, es importante proteger los derechos legales de su familia con la ayuda de un abogado dedicado.&nbsp;<\/p>\n\n\n\n<h3 class=\"wp-block-heading\">\u00bfQu\u00e9 hace que los accidentes de coches cl\u00e1sicos sean m\u00e1s peligrosos?<\/h3>\n\n\n\n<p>Los coches cl\u00e1sicos encarnan el dise\u00f1o y el estilo de una \u00e9poca pasada. Por desgracia, estos veh\u00edculos tambi\u00e9n encarnan los est\u00e1ndares de seguridad m\u00e1s bajos y materiales menos seguros de una \u00e9poca pasada tambi\u00e9n.<\/p>\n\n\n\n<p>Entre los elementos de los coches cl\u00e1sicos que pueden hacer m\u00e1s peligroso un siniestro figuran:<\/p>\n\n\n\n<ul class=\"wp-block-list\">\n<li><strong>Falta de cinturones de seguridad. <\/strong>Los coches cl\u00e1sicos m\u00e1s antiguos pueden carecer de cinturones de seguridad. Sin cintur\u00f3n de seguridad, <a href=\"https:\/\/www.steinberglawfirm.com\/video-center\/video-faqs\/what-if-i-was-a-passenger-in-a-car-accident\/\" target=\"_blank\" rel=\"noopener\">los pasajeros corren el riesgo de sufrir lesiones m\u00e1s graves<\/a> de salir despedidos dentro del veh\u00edculo durante un choque. Tambi\u00e9n tienen m\u00e1s probabilidades de salir despedidos del veh\u00edculo durante un choque o un vuelco, lo que les expone a riesgos de lesiones fuera del veh\u00edculo.<\/li>\n\n\n\n<li><strong>Falta de airbags. <\/strong>Los airbags se inventaron para amortiguar el impacto entre el cuerpo y las partes interiores del veh\u00edculo durante un choque. Sin ellos, el cuerpo de los pasajeros queda expuesto a toda la fuerza del impacto contra el volante, el salpicadero, el bastidor y otras partes del veh\u00edculo en una colisi\u00f3n.&nbsp;<\/li>\n\n\n\n<li><strong>Falta de zonas de deformaci\u00f3n. <\/strong>Los coches cl\u00e1sicos sol\u00edan fabricarse antes de que se inventara la \"zona de deformaci\u00f3n\", una caracter\u00edstica estructural que absorbe el impacto de un choque. Las zonas de deformaci\u00f3n evitan que toda la fuerza de un choque se transfiera al cuerpo de los pasajeros, reduciendo la gravedad de las lesiones. Sin ellas, el cuerpo de los pasajeros es vulnerable a todo el impacto.&nbsp;<\/li>\n<\/ul>\n\n\n\n<p>Las lecciones aprendidas de los accidentes de veh\u00edculos antiguos han permitido a los ingenieros actuales crear materiales y dise\u00f1os m\u00e1s seguros para los coches modernos. Sin embargo, para quienes a\u00fan conducen sus autom\u00f3viles cl\u00e1sicos, la falta de estas caracter\u00edsticas puede aumentar el riesgo de lesiones graves.&nbsp;<\/p>\n\n\n\n<h2 class=\"wp-block-heading\">C\u00f3mo un abogado con experiencia South Carolina accidente de coche cl\u00e1sico puede ayudar<\/h2>\n\n\n\n<p>Es dif\u00edcil saber qu\u00e9 hacer tras la p\u00e9rdida repentina de un ser querido. Para empezar, <a href=\"https:\/\/www.steinberglawfirm.com\/contact-us\/\" target=\"_blank\" rel=\"noopener\">contacte con un abogado experto en accidentes de coches cl\u00e1sicos South Carolina<\/a> lo antes posible. Un abogado puede:<\/p>\n\n\n\n<ul class=\"wp-block-list\">\n<li>Responder a sus preguntas y ayudarle a comprender sus derechos y opciones legales.<\/li>\n\n\n\n<li>Reunir pruebas para determinar exactamente qu\u00e9 ocurri\u00f3 y qui\u00e9n es responsable.<\/li>\n\n\n\n<li>Comunicarse con las aseguradoras y otras partes.<\/li>\n\n\n\n<li>Negocie la indemnizaci\u00f3n que usted y su familia merecen.<\/li>\n\n\n\n<li>Construir un caso s\u00f3lido en su nombre y representarle ante los tribunales si es necesario.&nbsp;<\/li>\n<\/ul>\n\n\n\n<p>Si ha perdido a un ser querido en un accidente de tr\u00e1fico, su vida ha dado un vuelco. Todos los d\u00edas soportas la carga de saber que tu ser querido se ha ido mientras te enfrentas a tareas como gestionar la herencia, pagar las facturas y averiguar c\u00f3mo vas a continuar cuando tu vida ha cambiado para siempre.<\/p>\n\n\n\n<p>Si esto le suena familiar, no est\u00e1 solo. En el <a href=\"https:\/\/www.steinberglawfirm.com\/\" target=\"_blank\" rel=\"noopener\">Steinberg Law Firm<\/a>Entendemos lo dif\u00edcil que es sufrir lesiones graves o perder a un ser querido de repente, especialmente cuando la culpa es de la negligencia de otra persona. Para obtener m\u00e1s informaci\u00f3n acerca de c\u00f3mo podemos ayudar, p\u00f3ngase en contacto con nosotros hoy para programar un <a href=\"https:\/\/www.steinberglawfirm.com\/free-consultation\/\" target=\"_blank\" rel=\"noopener\">consulta gratuita y confidencial<\/a>.<\/p>","protected":false},"excerpt":{"rendered":"<p>South Carolina Abogados de accidentes de coches cl\u00e1sicos Para quienes los aman, los coches cl\u00e1sicos son una forma de vida. Sin embargo, un accidente en un coche cl\u00e1sico puede tener consecuencias catastr\u00f3ficas. Estos veh\u00edculos fueron construidos antes de que las caracter\u00edsticas modernas de seguridad, incluyendo zonas de deformaci\u00f3n, bolsas de aire, o incluso cinturones de seguridad, fueran est\u00e1ndar. Cuando se produce un accidente, las consecuencias pueden ser graves...<\/p>","protected":false},"author":1,"featured_media":31172,"parent":760,"menu_order":0,"comment_status":"closed","ping_status":"closed","template":"","meta":{"_acf_changed":false,"footnotes":""},"class_list":["post-31167","page","type-page","status-publish","has-post-thumbnail","hentry"],"acf":[],"_links":{"self":[{"href":"https:\/\/steinberglawfirm-staging.clmcloud.app\/es\/wp-json\/wp\/v2\/pages\/31167"}],"collection":[{"href":"https:\/\/steinberglawfirm-staging.clmcloud.app\/es\/wp-json\/wp\/v2\/pages"}],"about":[{"href":"https:\/\/steinberglawfirm-staging.clmcloud.app\/es\/wp-json\/wp\/v2\/types\/page"}],"author":[{"embeddable":true,"href":"https:\/\/steinberglawfirm-staging.clmcloud.app\/es\/wp-json\/wp\/v2\/users\/1"}],"replies":[{"embeddable":true,"href":"https:\/\/steinberglawfirm-staging.clmcloud.app\/es\/wp-json\/wp\/v2\/comments?post=31167"}],"version-history":[{"count":6,"href":"https:\/\/steinberglawfirm-staging.clmcloud.app\/es\/wp-json\/wp\/v2\/pages\/31167\/revisions"}],"predecessor-version":[{"id":31176,"href":"https:\/\/steinberglawfirm-staging.clmcloud.app\/es\/wp-json\/wp\/v2\/pages\/31167\/revisions\/31176"}],"up":[{"embeddable":true,"href":"https:\/\/steinberglawfirm-staging.clmcloud.app\/es\/wp-json\/wp\/v2\/pages\/760"}],"wp:featuredmedia":[{"embeddable":true,"href":"https:\/\/steinberglawfirm-staging.clmcloud.app\/es\/wp-json\/wp\/v2\/media\/31172"}],"wp:attachment":[{"href":"https:\/\/steinberglawfirm-staging.clmcloud.app\/es\/wp-json\/wp\/v2\/media?parent=31167"}],"curies":[{"name":"wp","href":"https:\/\/api.w.org\/{rel}","templated":true}]}}