{"id":30944,"date":"2024-05-06T23:37:51","date_gmt":"2024-05-06T23:37:51","guid":{"rendered":"https:\/\/www.steinberglawfirm.com\/?page_id=30944"},"modified":"2024-05-06T23:37:54","modified_gmt":"2024-05-06T23:37:54","slug":"bike-week-rally-accident-attorneys","status":"publish","type":"page","link":"https:\/\/steinberglawfirm-staging.clmcloud.app\/es\/ubicaciones\/myrtle-beach-abogado-de-lesiones-personales\/myrtle-beach-accidente-de-motocicleta-abogados\/abogados-de-accidentes-de-rally-de-la-semana-de-la-bicicleta\/","title":{"rendered":"Myrtle Beach Bike Week Rally Abogados de Accidentes de Motocicleta"},"content":{"rendered":"<h1 class=\"wp-block-heading\">Myrtle Beach Bike Week Rally Abogados de Accidentes de Motocicleta<\/h1>\n\n\n\n<h2 class=\"wp-block-heading\"><em>El Spring Beach Rally de este a\u00f1o ofrece diversi\u00f3n y amistad con otros motoristas, pero tambi\u00e9n aumenta el riesgo de accidente.<\/em><\/h2>\n\n\n\n<p>Elegido como \"El Mejor Evento Motero de 2024 en la Costa Este\", el South Carolina's Spring Beach Rally contin\u00faa una tradici\u00f3n que comenz\u00f3 en 1939, atrayendo a entusiastas del motociclismo de todo Estados Unidos.&nbsp;<\/p>\n\n\n\n<p>Tambi\u00e9n conocido como \"<a href=\"https:\/\/www.steinberglawfirm.com\/blog\/myrtle-beach-bike-week-injury-attorneys-sc\/\" target=\"_blank\" rel=\"noopener\">Semana de la Bicicleta de Myrtle Beach<\/a>\" y \"Harley Bike Week\", la concentraci\u00f3n espera reunir a m\u00e1s de 500.000 motoristas en los eventos que se celebrar\u00e1n del 10 al 19 de mayo de 2024.<\/p>\n\n\n\n<p>Los motoristas asisten a la concentraci\u00f3n para compartir sus conocimientos sobre motocicletas y su entusiasmo con otros motoristas. Sin embargo, el aumento del tr\u00e1fico de motocicletas en las carreteras de Myrtle Beach tambi\u00e9n incrementa el riesgo de que uno o m\u00e1s motoristas puedan <a href=\"https:\/\/www.steinberglawfirm.com\/myrtle-beach-motorcycle-accident-injury-lawyers\/\" target=\"_blank\" rel=\"noopener\">sufrir un accidente grave<\/a>. Si se produce un accidente, hable con un <a href=\"https:\/\/www.steinberglawfirm.com\/personal-injury\/motorcycle-accidents\/\" target=\"_blank\" rel=\"noopener\">abogado experto en accidentes de moto South Carolina<\/a> lo antes posible. En <a href=\"https:\/\/www.steinberglawfirm.com\/attorney\/\" target=\"_blank\" rel=\"noopener\">abogados en el Steinberg Law Firm<\/a> puede ayudar.\u00a0<\/p>\n\n\n\n<h3 class=\"wp-block-heading\">Eventos del Rally Playa de Primavera 2024<\/h3>\n\n\n\n<p>Uno de los mayores acontecimientos del Rally Playa de Primavera es el <a href=\"https:\/\/www.myrtlebeach.com\/myrtle-beach-events\/crudes-13th-annual-veteran-ride\/\" target=\"_blank\" rel=\"noreferrer noopener\">Paseo de los veteranos de Crude<\/a>. El paseo de este a\u00f1o tendr\u00e1 lugar el mi\u00e9rcoles 15 de mayo de 2024. Los motociclistas se reunir\u00e1n en el Golden Egg de Surfside Beach a partir de las 8:00 de la ma\u00f1ana; el recorrido comenzar\u00e1 a las 11:00. Los motociclistas tomar\u00e1n carreteras secundarias para un viaje de ida y vuelta de 150 millas, parando en el restaurante de mariscos Gilligan en Moncks Corner, South Carolina, a mitad de camino.\u00a0<\/p>\n\n\n\n<p>El recorrido es gratuito; los participantes pueden comprar comida y gasolina en las paradas que se hacen por el camino. La parada para comer en Gilligan's ofrece comidas con descuento, y los participantes tambi\u00e9n pueden comprar boletos de rifa para tener la oportunidad de ganar varios premios. Jamin Leather tambi\u00e9n celebrar\u00e1 una subasta de cuero. Los beneficios del evento se destinar\u00e1n a Homes For Our Troops.<\/p>\n\n\n\n<h3 class=\"wp-block-heading\">Riesgos de accidente de moto durante la Harley Bike Week 2024<\/h3>\n\n\n\n<p>La zona de Myrtle Beach se prepara para el <a href=\"https:\/\/www.myrtlebeachbikeweek.com\/\" target=\"_blank\" rel=\"noreferrer noopener\">Rally de primavera en la playa<\/a>. Muchos comercios acogen a los motoristas y se preparan para recibir a los visitantes.\u00a0<\/p>\n\n\n\n<p>Sin embargo, no todos los conductores que circulan por las carreteras del South Carolina se preparan para el evento o prestan a su conducci\u00f3n la atenci\u00f3n que requiere. Los accidentes pueden ocurrir y ocurren durante estos eventos de la Semana de la Bicicleta.&nbsp;<\/p>\n\n\n\n<p>Por ejemplo, en 2006, <a href=\"https:\/\/www.wfmynews2.com\/article\/news\/local\/fourth-biker-dies-at-myrtle-beach-spring-motorcycle-rally\/83-403340435\" target=\"_blank\" rel=\"noreferrer noopener\">cuatro accidentes mortales<\/a> se cobraron la vida de motociclistas durante el evento de Spring Beach. <a href=\"https:\/\/www.steinberglawfirm.com\/personal-injury\/wrongful-death\/fatal-motorcycle-accident\/\" target=\"_blank\" rel=\"noopener\">Accidentes mortales similares<\/a> se han producido durante la Semana de la Bicicleta en los \u00faltimos a\u00f1os. Estos accidentes tambi\u00e9n han causado heridos graves y muertos en otras concentraciones ciclistas. En marzo de 2024, por ejemplo, un <a href=\"https:\/\/www.news-journalonline.com\/story\/news\/accident\/2024\/03\/02\/palm-coast-woman-riding-passenger-on-harley-killed-in-accident\/72827404007\/\" target=\"_blank\" rel=\"noreferrer noopener\">conductor se salt\u00f3 un stop y mat\u00f3 a<\/a> pasajero de una moto en la Daytona Bike Week.<\/p>\n\n\n\n<p>Mientras que la polic\u00eda inform\u00f3 \"<a href=\"https:\/\/www.youtube.com\/watch?v=gSRaMipI4_o\" target=\"_blank\" rel=\"noreferrer noopener\">ning\u00fan incidente grave<\/a>\" de la concentraci\u00f3n en 2023, sigue existiendo un mayor riesgo de accidentes graves o de muerte. Los equipos policiales del condado de Horry trabajan para educar a los conductores y ayudar a los motoristas a viajar con seguridad, pero incluso un conductor que no tenga el debido cuidado en las carreteras de Myrtle Beach puede causar graves da\u00f1os a un motorista.\u00a0<\/p>\n\n\n\n<h3 class=\"wp-block-heading\">Qu\u00e9 hacer si resulta herido en un accidente de motocicleta en Myrtle Beach<\/h3>\n\n\n\n<p>Si sufres lesiones en un accidente de moto durante la Myrtle Beach Bike Week Rally, <a href=\"https:\/\/www.steinberglawfirm.com\/contact-us\/\" target=\"_blank\" rel=\"noopener\">hable con un abogado experto en accidentes de moto South Carolina<\/a> lo antes posible. Un abogado puede ayudarle a proteger sus derechos legales y a construir un caso s\u00f3lido para obtener una indemnizaci\u00f3n.\u00a0<\/p>\n\n\n\n<h3 class=\"wp-block-heading\">Compensaci\u00f3n despu\u00e9s de un accidente de motocicleta Myrtle Beach<\/h3>\n\n\n\n<p>Tras un accidente, es posible que necesites ayuda para pagar las facturas m\u00e9dicas, arreglar tu moto y cubrir otras p\u00e9rdidas. Tambi\u00e9n puedes necesitar ayuda para tratar con las compa\u00f1\u00edas de seguros y negociar la indemnizaci\u00f3n que mereces.&nbsp;<\/p>\n\n\n\n<p>La indemnizaci\u00f3n en un accidente de moto puede cubrir varios tipos de p\u00e9rdidas, entre ellas:<\/p>\n\n\n\n<ul class=\"wp-block-list\">\n<li>Facturas m\u00e9dicas, incluidos cuidados hospitalarios, intervenciones quir\u00fargicas, cuidados de urgencia, visitas al m\u00e9dico, medicamentos y dispositivos m\u00e9dicos, y rehabilitaci\u00f3n,<\/li>\n\n\n\n<li>Salarios perdidos por las bajas laborales durante la recuperaci\u00f3n,<\/li>\n\n\n\n<li>Gastos de reparaci\u00f3n o sustituci\u00f3n de los bienes da\u00f1ados,<\/li>\n\n\n\n<li>Indemnizaci\u00f3n por dolor y sufrimiento, cicatrices, desfiguraci\u00f3n y p\u00e9rdidas similares.&nbsp;<\/li>\n<\/ul>\n\n\n\n<p>La indemnizaci\u00f3n disponible depende de los hechos de su caso y de sus lesiones. Un abogado puede ayudarle a determinar c\u00f3mo se aplican en su caso las normas de indemnizaci\u00f3n del South Carolina.<\/p>\n\n\n\n<h3 class=\"wp-block-heading\">C\u00f3mo puede ayudarle un abogado tras un accidente<\/h3>\n\n\n\n<p>Despu\u00e9s de un accidente, es importante <a href=\"https:\/\/www.steinberglawfirm.com\/contact-us\/\" target=\"_blank\" rel=\"noopener\">hable con un abogado<\/a> lo antes posible. Un abogado que le represente despu\u00e9s de un accidente puede:<\/p>\n\n\n\n<ul class=\"wp-block-list\">\n<li>Re\u00fana y conserve pruebas para una comprensi\u00f3n completa de lo sucedido.<\/li>\n\n\n\n<li>Organice la informaci\u00f3n para obtener una imagen completa de sus lesiones y p\u00e9rdidas.<\/li>\n\n\n\n<li>Comun\u00edquese con las compa\u00f1\u00edas de seguros y las fuerzas del orden sobre su caso.<\/li>\n\n\n\n<li>Negociar en su nombre una indemnizaci\u00f3n completa y justa.<\/li>\n\n\n\n<li>Prep\u00e1rese para representar sus intereses en juicio si es necesario.&nbsp;<\/li>\n<\/ul>\n\n\n\n<p>El <a href=\"https:\/\/www.steinberglawfirm.com\/attorney\/\" target=\"_blank\" rel=\"noopener\">abogados en el Steinberg Law Firm<\/a> puede ayudarle a obtener la indemnizaci\u00f3n que necesita para recuperarse y volver a la carretera. <a href=\"https:\/\/www.steinberglawfirm.com\/contact-us\/\" target=\"_blank\" rel=\"noopener\">Contacte con nosotros hoy mismo<\/a> para programar una <a href=\"https:\/\/www.steinberglawfirm.com\/free-consultation\/\" target=\"_blank\" rel=\"noopener\">consulta gratuita y confidencial<\/a> con un <a href=\"https:\/\/www.steinberglawfirm.com\/myrtle-beach-motorcycle-accident-injury-lawyers\/\" target=\"_blank\" rel=\"noopener\">abogado con experiencia en accidentes de moto en Myrtle Beach<\/a>.<\/p>","protected":false},"excerpt":{"rendered":"<p>Myrtle Beach Bike Week Rally Abogados de Accidentes de Motocicleta El Spring Beach Rally de este a\u00f1o ofrece diversi\u00f3n y amistad con otros motociclistas, pero tambi\u00e9n aumenta el riesgo de un accidente. Elegido como \"El Mejor Evento Motero para 2024 en la Costa Este\", el South Carolina's Spring Beach Rally contin\u00faa una tradici\u00f3n que comenz\u00f3 en 1939, atrayendo a entusiastas de las motocicletas....<\/p>","protected":false},"author":1,"featured_media":30949,"parent":30697,"menu_order":0,"comment_status":"closed","ping_status":"closed","template":"","meta":{"_acf_changed":false,"footnotes":""},"class_list":["post-30944","page","type-page","status-publish","has-post-thumbnail","hentry"],"acf":[],"_links":{"self":[{"href":"https:\/\/steinberglawfirm-staging.clmcloud.app\/es\/wp-json\/wp\/v2\/pages\/30944"}],"collection":[{"href":"https:\/\/steinberglawfirm-staging.clmcloud.app\/es\/wp-json\/wp\/v2\/pages"}],"about":[{"href":"https:\/\/steinberglawfirm-staging.clmcloud.app\/es\/wp-json\/wp\/v2\/types\/page"}],"author":[{"embeddable":true,"href":"https:\/\/steinberglawfirm-staging.clmcloud.app\/es\/wp-json\/wp\/v2\/users\/1"}],"replies":[{"embeddable":true,"href":"https:\/\/steinberglawfirm-staging.clmcloud.app\/es\/wp-json\/wp\/v2\/comments?post=30944"}],"version-history":[{"count":5,"href":"https:\/\/steinberglawfirm-staging.clmcloud.app\/es\/wp-json\/wp\/v2\/pages\/30944\/revisions"}],"predecessor-version":[{"id":30951,"href":"https:\/\/steinberglawfirm-staging.clmcloud.app\/es\/wp-json\/wp\/v2\/pages\/30944\/revisions\/30951"}],"up":[{"embeddable":true,"href":"https:\/\/steinberglawfirm-staging.clmcloud.app\/es\/wp-json\/wp\/v2\/pages\/30697"}],"wp:featuredmedia":[{"embeddable":true,"href":"https:\/\/steinberglawfirm-staging.clmcloud.app\/es\/wp-json\/wp\/v2\/media\/30949"}],"wp:attachment":[{"href":"https:\/\/steinberglawfirm-staging.clmcloud.app\/es\/wp-json\/wp\/v2\/media?parent=30944"}],"curies":[{"name":"wp","href":"https:\/\/api.w.org\/{rel}","templated":true}]}}