{"id":30785,"date":"2024-04-12T21:28:02","date_gmt":"2024-04-12T21:28:02","guid":{"rendered":"https:\/\/www.steinberglawfirm.com\/?page_id=30785"},"modified":"2024-07-29T18:46:04","modified_gmt":"2024-07-29T18:46:04","slug":"nursing-home-fatality-lawyers","status":"publish","type":"page","link":"https:\/\/steinberglawfirm-staging.clmcloud.app\/es\/lesiones-personales\/negligencia-en-residencias-de-ancianos\/abogados-en-residencias-de-ancianos\/","title":{"rendered":"Charleston Abogados de v\u00edctimas mortales en residencias de ancianos"},"content":{"rendered":"<h1 class=\"wp-block-heading\">Charleston Abogados de v\u00edctimas mortales en residencias de ancianos<\/h1>\n\n\n\n<h2 class=\"wp-block-heading\"><em>Abogados especializados en casos de muerte por negligencia en los condados de Dorchester y Berkeley<\/em><\/h2>\n\n\n\n<p>South Carolina alberga 189 residencias de ancianos. De estos centros, 63 presentan deficiencias graves y 128 se enfrentan a problemas relacionados con infecciones, lo que pone en peligro la seguridad y el bienestar de los residentes. Adem\u00e1s, estos problemas han dado lugar a importantes sanciones por un total de $4,89 millones, lo que indica una preocupante tendencia a la negligencia y a los cuidados deficientes.<\/p>\n\n\n\n<p>El <a href=\"https:\/\/www.steinberglawfirm.com\/\" target=\"_blank\" rel=\"noopener\">Steinberg Law Firm<\/a>con su equipo de abogados especializados en lesiones y homicidio culposo en residencias de ancianos, desempe\u00f1a un papel fundamental en la defensa de los derechos de los residentes vulnerables y en su protecci\u00f3n. <a href=\"https:\/\/www.steinberglawfirm.com\/attorney\/\" target=\"_blank\" rel=\"noopener\">Nuestros abogados<\/a> investigamos activamente los casos de negligencia, malos tratos y homicidio culposo para garantizar que los responsables rindan cuentas. Nuestro <a href=\"https:\/\/www.steinberglawfirm.com\/personal-injury\/nursing-home-abuse\/\" target=\"_blank\" rel=\"noopener\">Charleston malos tratos en residencias de ancianos<\/a> y <a href=\"https:\/\/www.steinberglawfirm.com\/personal-injury\/nursing-home-neglect\/\" target=\"_blank\" rel=\"noopener\">abogados de negligencia<\/a> desempe\u00f1an un papel decisivo en la b\u00fasqueda de justicia, la obtenci\u00f3n de indemnizaciones y la mejora de las condiciones de los residentes en residencias de ancianos. Si su ser querido ha sufrido lesiones graves o mortales de un hogar de ancianos, p\u00f3ngase en contacto con nuestros abogados de lesiones personales en <a href=\"tel:1-843-720-2800\">843-720-2800<\/a> para conocer las medidas y recursos legales que puede adoptar.&nbsp;<\/p>\n\n\n\n<h3 class=\"wp-block-heading\">Lesiones mortales en residencias de ancianos&nbsp;<\/h3>\n\n\n\n<p>Las residencias de ancianos son responsables de garantizar la seguridad y el bienestar de sus residentes, y la negligencia o los malos tratos pueden tener consecuencias nefastas. Reconocer los tipos comunes de lesiones mortales en residencias de ancianos es esencial para concienciar, mejorar los est\u00e1ndares de atenci\u00f3n y responsabilizar a los centros negligentes.&nbsp;<\/p>\n\n\n\n<h4 class=\"wp-block-heading\">Cataratas<\/h4>\n\n\n\n<p>Las ca\u00eddas son un importante motivo de preocupaci\u00f3n en las residencias de ancianos, y a menudo provocan lesiones mortales. Seg\u00fan los Centros para el Control y la Prevenci\u00f3n de Enfermedades (CDC), <a href=\"https:\/\/www.steinberglawfirm.com\/personal-injury\/nursing-home-abuse\/falls-and-fractures-in-south-carolina-nursing-homes\/\" target=\"_blank\" rel=\"noopener\">las ca\u00eddas son la principal causa de muerte por lesiones<\/a> entre los adultos mayores de 65 a\u00f1os.&nbsp;<\/p>\n\n\n\n<h4 class=\"wp-block-heading\">\u00dalceras por presi\u00f3n (escaras)<\/h4>\n\n\n\n<p><a href=\"https:\/\/www.steinberglawfirm.com\/personal-injury\/nursing-home-abuse\/bedsores-and-pressure-ulcers-in-nursing-home-patients\/\" target=\"_blank\" rel=\"noopener\">\u00dalceras por presi\u00f3n o escaras no tratadas<\/a>puede progresar a infecciones graves como <a href=\"https:\/\/www.steinberglawfirm.com\/personal-injury\/nursing-home-neglect\/neglect-sepsis\/\" target=\"_blank\" rel=\"noopener\">sepsis<\/a>que pueden ser mortales. La Agency for Healthcare Research and Quality (AHRQ) afirma que las \u00falceras por presi\u00f3n se asocian a mayores tasas de mortalidad en los residentes de residencias de ancianos.<\/p>\n\n\n\n<h4 class=\"wp-block-heading\">Errores de medicaci\u00f3n<\/h4>\n\n\n\n<p><a href=\"https:\/\/www.steinberglawfirm.com\/personal-injury\/nursing-home-neglect\/medication-error\/\" target=\"_blank\" rel=\"noopener\">Errores de medicaci\u00f3n<\/a>La administraci\u00f3n incorrecta de los medicamentos puede provocar reacciones adversas o complicaciones mortales.<\/p>\n\n\n\n<h4 class=\"wp-block-heading\">Asfixia<\/h4>\n\n\n\n<p>Los residentes pueden atragantarse con alimentos mal preparados o administrados, lo que puede provocar asfixia. Los atragantamientos pueden ser mortales si el personal no reacciona con prontitud.&nbsp;<\/p>\n\n\n\n<h4 class=\"wp-block-heading\">Infecciones<\/h4>\n\n\n\n<p>Los residentes en residencias de ancianos, sobre todo los que tienen el sistema inmunitario debilitado, son propensos a la neumon\u00eda y las infecciones urinarias. Unas medidas inadecuadas de control de las infecciones pueden provocar la propagaci\u00f3n de enfermedades y las consiguientes muertes.&nbsp;<\/p>\n\n\n\n<h4 class=\"wp-block-heading\">Abuso f\u00edsico<\/h4>\n\n\n\n<p><a href=\"https:\/\/www.steinberglawfirm.com\/personal-injury\/nursing-home-abuse\/physical-abuse\/\" target=\"_blank\" rel=\"noopener\">Abuso f\u00edsico<\/a> por el personal u otros residentes puede provocar lesiones mortales, como traumatismos craneoencef\u00e1licos, fracturas y lesiones internas.<\/p>\n\n\n\n<h4 class=\"wp-block-heading\">Deshidrataci\u00f3n y desnutrici\u00f3n<\/h4>\n\n\n\n<p><a href=\"https:\/\/www.steinberglawfirm.com\/personal-injury\/nursing-home-neglect\/malnutrition-dehydration\/\" target=\"_blank\" rel=\"noopener\">No proporcionar una hidrataci\u00f3n y nutrici\u00f3n adecuadas<\/a> puede provocar graves complicaciones de salud y la muerte en los residentes de residencias de ancianos.<\/p>\n\n\n\n<p>Es esencial se\u00f1alar que muchas de estas lesiones pueden prevenirse con los cuidados, la vigilancia y la formaci\u00f3n del personal adecuados. Un estudio examin\u00f3 los expedientes de 555 residentes de 32 residencias de ancianos que regresaron a sus respectivas residencias tras ser hospitalizados. Los investigadores descubrieron que entre los 555 residentes de cuidados de larga duraci\u00f3n implicados en 762 altas, se produjeron acontecimientos adversos en el 37,3% de los casos. Un significativo 70,4% de estos acontecimientos se consideraron evitables o podr\u00edan haber mejorado con una intervenci\u00f3n.&nbsp;<\/p>\n\n\n\n<h3 class=\"wp-block-heading\">Responsabilidad por muertes en residencias de ancianos Charleston<\/h3>\n\n\n\n<p>Demostrar que una residencia de ancianos es responsable de una lesi\u00f3n mortal normalmente implica reunir pruebas y construir un caso s\u00f3lido. Un abogado con experiencia en <a href=\"https:\/\/www.steinberglawfirm.com\/personal-injury\/nursing-home-neglect\/south-carolina-fatalities-deaths\/\" target=\"_blank\" rel=\"noopener\">casos de negligencia en residencias con resultado de muerte<\/a> puede guiarle en el proceso y ayudarle a reunir las pruebas pertinentes.<\/p>\n\n\n\n<h3 class=\"wp-block-heading\">Pruebas importantes en los casos de homicidio culposo en residencias Charleston<\/h3>\n\n\n\n<p>Las pruebas no s\u00f3lo arrojan luz sobre la verdad, sino que tambi\u00e9n permiten a los abogados de lesiones personales abogar eficazmente por aquellos que han perdido a sus seres queridos en residencias de ancianos, garantizando que se respeten sus derechos y se haga justicia. Las pruebas m\u00e1s importantes pueden ser las siguientes:<\/p>\n\n\n\n<ul class=\"wp-block-list\">\n<li>Historial m\u00e9dico<\/li>\n\n\n\n<li>Autopsia y certificado de defunci\u00f3n<\/li>\n\n\n\n<li>Declaraciones de testigos<\/li>\n\n\n\n<li>Peritos<\/li>\n\n\n\n<li>Fotograf\u00edas y documentaci\u00f3n<\/li>\n\n\n\n<li>Informes de incidentes<\/li>\n\n\n\n<li>Expedientes de personal<\/li>\n\n\n\n<li>Normativa estatal y federal<\/li>\n\n\n\n<li>Peritaje m\u00e9dico<\/li>\n\n\n\n<li>Denuncias e infracciones anteriores<\/li>\n<\/ul>\n\n\n\n<p>Dependiendo de las pruebas que re\u00fana, es posible que tenga que <a href=\"https:\/\/www.steinberglawfirm.com\/personal-injury\/wrongful-death\/\" target=\"_blank\" rel=\"noopener\">demandar a la residencia por homicidio culposo<\/a> o negligencia. Su abogado le guiar\u00e1 a trav\u00e9s de este proceso.<\/p>\n\n\n\n<p>El caso puede resolverse a trav\u00e9s de un acuerdo con el hogar de ancianos o proceder a juicio, donde las pruebas ser\u00e1n presentadas ante un juez o un jurado. Demostrar la responsabilidad por una lesi\u00f3n fatal puede ser un reto, pero con una investigaci\u00f3n exhaustiva y una representaci\u00f3n legal adecuada, usted puede buscar justicia para su ser querido.<\/p>\n\n\n\n<h3 class=\"wp-block-heading\">Tipos de impugnaciones en casos de lesiones mortales en residencias de ancianos Charleston<\/h3>\n\n\n\n<p>Probar que una residencia de ancianos es responsable de una lesi\u00f3n mortal es un proceso complejo e intrincado, y <a href=\"https:\/\/www.steinberglawfirm.com\/personal-injury\/personal-injury-lawyers\/\" target=\"_blank\" rel=\"noopener\">abogados de lesiones personales<\/a> desempe\u00f1an un papel fundamental a la hora de obtener una indemnizaci\u00f3n. Los retos t\u00edpicos a los que se enfrentan los casos de lesiones mortales en residencias de ancianos incluyen:<\/p>\n\n\n\n<h4 class=\"wp-block-heading\">Pruebas f\u00edsicas limitadas<\/h4>\n\n\n\n<p>A diferencia de otros casos de lesiones personales en los que puede haber pruebas f\u00edsicas claras, los casos de residencias de ancianos a menudo carecen de pruebas definitivas de mala conducta.&nbsp;<\/p>\n\n\n\n<h4 class=\"wp-block-heading\">Testigos vulnerables<\/h4>\n\n\n\n<p>Muchos residentes de residencias de ancianos son mayores y pueden sufrir trastornos cognitivos u otros problemas de salud que los convierten en testigos poco fiables. Esto puede dificultar la recopilaci\u00f3n de testimonios de primera mano sobre los acontecimientos que condujeron a la lesi\u00f3n mortal.<\/p>\n\n\n\n<h4 class=\"wp-block-heading\">Complejidad m\u00e9dica<\/h4>\n\n\n\n<p>Los casos de residencias de ancianos suelen implicar cuestiones m\u00e9dicas complejas. Establecer una relaci\u00f3n causal directa entre las acciones o la negligencia de la residencia de ancianos y la lesi\u00f3n mortal requiere un testimonio m\u00e9dico experto, que puede ser costoso y dif\u00edcil de obtener.<\/p>\n\n\n\n<h4 class=\"wp-block-heading\">Falta de documentaci\u00f3n<\/h4>\n\n\n\n<p>Las residencias de ancianos pueden no documentar adecuadamente los incidentes o alterar los registros para encubrir negligencias o abusos. Demostrar tales alteraciones puede ser un reto importante.<\/p>\n\n\n\n<h4 class=\"wp-block-heading\">Peritos<\/h4>\n\n\n\n<p>A menudo es necesario recurrir a testigos expertos, pero encontrar peritos cualificados que puedan ofrecer un testimonio cre\u00edble puede resultar dif\u00edcil y caro.<\/p>\n\n\n\n<h4 class=\"wp-block-heading\">Carga de la prueba<\/h4>\n\n\n\n<p>La carga de la prueba en los casos civiles recae en la parte perjudicada o en su familia. Establecer la responsabilidad por la preponderancia de las pruebas puede ser desalentador, sobre todo cuando la parte negligente tiene acceso a recursos legales.<\/p>\n\n\n\n<p>Los casos de lesiones en residencias de ancianos son intr\u00ednsecamente complejos debido a las circunstancias y desaf\u00edos \u00fanicos que presentan. A pesar de estas complejidades, nuestros profesionales legales dedicados trabajan incansablemente para responsabilizar a los hogares de ancianos negligentes y buscar compensaci\u00f3n para las familias que han sufrido la p\u00e9rdida de un ser querido debido a lesiones evitables.<\/p>\n\n\n\n<h2 class=\"wp-block-heading\">\u00bfLe preocupa c\u00f3mo cuidaban a su ser querido?<\/h2>\n\n\n\n<p>Si usted ten\u00eda un ser querido o un familiar en una residencia de ancianos South Carolina y falleci\u00f3 tr\u00e1gicamente en circunstancias dudosas, es muy posible que su muerte fuera totalmente evitable. En el <a href=\"https:\/\/www.steinberglawfirm.com\/\" target=\"_blank\" rel=\"noopener\">Steinberg Law Firm<\/a>Nuestros abogados especializados en residencias de ancianos Charleston cuentan con una amplia experiencia en la investigaci\u00f3n de las reclamaciones de nuestros clientes y en la b\u00fasqueda de la reparaci\u00f3n a la que su familia tiene derecho. Somos una <a href=\"https:\/\/www.steinberglawfirm.com\/testimonials\/\" target=\"_blank\" rel=\"noopener\">bufete de lesiones personales y homicidio culposo calificado con cinco estrellas<\/a> comprometida con la justicia para las familias en <a href=\"https:\/\/www.steinberglawfirm.com\/office-locations\/charleston-office\/\" target=\"_blank\" rel=\"noopener\">Charleston<\/a>, <a href=\"https:\/\/www.steinberglawfirm.com\/office-locations\/summerville-office\/\" target=\"_blank\" rel=\"noopener\">Summerville<\/a>, <a href=\"https:\/\/www.steinberglawfirm.com\/office-locations\/goose-creek-office\/\" target=\"_blank\" rel=\"noopener\">Goose Creek<\/a>y en todo el South Carolina. Ofrecemos <a href=\"https:\/\/www.steinberglawfirm.com\/free-consultation\/\" target=\"_blank\" rel=\"noopener\">consultas gratuitas<\/a> durante el cual responderemos a sus preguntas, le explicaremos claramente el proceso de recuperaci\u00f3n y le expondremos sus opciones. Si decide llevar el Steinberg Law Firm en su caso, <a href=\"https:\/\/www.steinberglawfirm.com\/no-fee-unless-you-win\/\" target=\"_blank\" rel=\"noopener\">no cobraremos ninguna tasa<\/a> a menos que podamos poner a su familia en contacto con una indemnizaci\u00f3n. Para obtener m\u00e1s informaci\u00f3n, y para programar una consulta gratuita hoy, <a href=\"tel:1-843-720-2800\">llame al 843-720-2800<\/a>. Tambi\u00e9n puede rellenar nuestro <a href=\"https:\/\/www.steinberglawfirm.com\/contact-us\/\" target=\"_blank\" rel=\"noopener\">formulario de contacto seguro en l\u00ednea<\/a>y uno de nuestros abogados especializados en lesiones en residencias Charleston se pondr\u00e1 en contacto con usted en breve.<\/p>","protected":false},"excerpt":{"rendered":"<p>Charleston Abogados de muertes en residencias de ancianos Abogados de derecho de ancianos para casos de muerte por negligencia en los condados de Dorchester y Berkeley South Carolina alberga 189 residencias de ancianos. De estas instalaciones, 63 muestran deficiencias graves, y 128 se enfrentan a problemas relacionados con la infecci\u00f3n, poniendo en peligro la seguridad y el bienestar de los residentes. Adem\u00e1s, estos problemas han dado lugar a importantes sanciones por un total de $4,89 millones, lo que indica una preocupante negligencia...<\/p>","protected":false},"author":1,"featured_media":30790,"parent":22753,"menu_order":0,"comment_status":"closed","ping_status":"closed","template":"","meta":{"_acf_changed":false,"footnotes":""},"class_list":["post-30785","page","type-page","status-publish","has-post-thumbnail","hentry"],"acf":[],"_links":{"self":[{"href":"https:\/\/steinberglawfirm-staging.clmcloud.app\/es\/wp-json\/wp\/v2\/pages\/30785"}],"collection":[{"href":"https:\/\/steinberglawfirm-staging.clmcloud.app\/es\/wp-json\/wp\/v2\/pages"}],"about":[{"href":"https:\/\/steinberglawfirm-staging.clmcloud.app\/es\/wp-json\/wp\/v2\/types\/page"}],"author":[{"embeddable":true,"href":"https:\/\/steinberglawfirm-staging.clmcloud.app\/es\/wp-json\/wp\/v2\/users\/1"}],"replies":[{"embeddable":true,"href":"https:\/\/steinberglawfirm-staging.clmcloud.app\/es\/wp-json\/wp\/v2\/comments?post=30785"}],"version-history":[{"count":5,"href":"https:\/\/steinberglawfirm-staging.clmcloud.app\/es\/wp-json\/wp\/v2\/pages\/30785\/revisions"}],"predecessor-version":[{"id":31535,"href":"https:\/\/steinberglawfirm-staging.clmcloud.app\/es\/wp-json\/wp\/v2\/pages\/30785\/revisions\/31535"}],"up":[{"embeddable":true,"href":"https:\/\/steinberglawfirm-staging.clmcloud.app\/es\/wp-json\/wp\/v2\/pages\/22753"}],"wp:featuredmedia":[{"embeddable":true,"href":"https:\/\/steinberglawfirm-staging.clmcloud.app\/es\/wp-json\/wp\/v2\/media\/30790"}],"wp:attachment":[{"href":"https:\/\/steinberglawfirm-staging.clmcloud.app\/es\/wp-json\/wp\/v2\/media?parent=30785"}],"curies":[{"name":"wp","href":"https:\/\/api.w.org\/{rel}","templated":true}]}}