{"id":30697,"date":"2024-03-12T21:54:25","date_gmt":"2024-03-12T21:54:25","guid":{"rendered":"https:\/\/www.steinberglawfirm.com\/?page_id=30697"},"modified":"2024-07-19T19:37:51","modified_gmt":"2024-07-19T19:37:51","slug":"motorcycle-accident-injury-lawyers","status":"publish","type":"page","link":"https:\/\/steinberglawfirm-staging.clmcloud.app\/es\/ubicaciones\/myrtle-beach-abogado-de-lesiones-personales\/myrtle-beach-accidente-de-motocicleta-abogados\/","title":{"rendered":"Myrtle Beach Abogados de Accidentes de Motocicleta"},"content":{"rendered":"<h1 class=\"wp-block-heading\">Myrtle Beach Abogados de Accidentes de Motocicleta<\/h1>\n\n\n\n<h2 class=\"wp-block-heading\"><em>Abogados con experiencia en lesiones personales representan a las v\u00edctimas de accidentes de motocicleta en el condado de Horry y en todo South Carolina<\/em><\/h2>\n\n\n\n<p>Miles de conductores del South Carolina tienen una motocicleta registrada en el Departamento de Veh\u00edculos de Motor del estado. Muchos motociclistas disfrutan de la experiencia de conducir una moto, del ahorro de gasolina en comparaci\u00f3n con un coche y de la posibilidad de viajar cuando lo deseen.&nbsp;<\/p>\n\n\n\n<p>Las motocicletas pueden ser un medio de transporte eficaz. Cuando otros conductores en la carretera no est\u00e1n prestando atenci\u00f3n, sin embargo, tambi\u00e9n pueden causar un accidente que deja a un motociclista gravemente herido o muerto.<\/p>\n\n\n\n<p>Si usted ha sido herido en un accidente de motocicleta en Myrtle Beach, hable con un <a href=\"https:\/\/www.steinberglawfirm.com\/personal-injury\/motorcycle-accidents\/\" target=\"_blank\" rel=\"noopener\">abogado experto en accidentes de moto South Carolina<\/a> hoy. En <a href=\"https:\/\/www.steinberglawfirm.com\/attorney\/\" target=\"_blank\" rel=\"noopener\">equipo en el Steinberg Law Firm<\/a> puede ayudar.&nbsp;&nbsp;<\/p>\n\n\n\n<h3 class=\"wp-block-heading\">South Carolina Estad\u00edsticas de accidentes de moto<\/h3>\n\n\n\n<p>Las motocicletas son una parte fundamental de las opciones generales de transporte de South Carolina. Sin embargo, al igual que cualquier otro medio de transporte, conducir una motocicleta entra\u00f1a riesgos:<\/p>\n\n\n\n<ul class=\"wp-block-list\">\n<li>123 personas perdieron la vida en accidentes de motocicleta South Carolina en 2019.<\/li>\n\n\n\n<li>South Carolina ocupa el octavo lugar en EE.UU. por <a href=\"https:\/\/www.steinberglawfirm.com\/personal-injury\/wrongful-death\/fatal-motorcycle-accident\/\" target=\"_blank\" rel=\"noopener\">muerte en accidente de moto<\/a> aunque el total de muertes en carretera ha disminuido.<\/li>\n\n\n\n<li>Las muertes y lesiones de motociclistas aumentaron un 11% en todo el pa\u00eds entre 2019 y 2020, a pesar de que el n\u00famero total de coches en la carretera se redujo precipitadamente debido a la pandemia.<\/li>\n\n\n\n<li>En 2020, los motoristas sufrieron 28 veces m\u00e1s accidentes por kil\u00f3metro recorrido que otros usuarios de la carretera. Tienen cuatro veces m\u00e1s probabilidades de resultar heridos en un accidente.&nbsp;<\/li>\n<\/ul>\n\n\n\n<p>El Departamento de Seguridad P\u00fablica South Carolina afirma que su objetivo es que el estado tenga cero motociclistas muertos o heridos graves en sus carreteras. Estas cifras demuestran que los conductores del estado todav\u00eda tienen trabajo por hacer en la prevenci\u00f3n de accidentes de motocicleta.&nbsp;<\/p>\n\n\n\n<h3 class=\"wp-block-heading\">Lesiones comunes en accidentes de moto<\/h3>\n\n\n\n<p>Debido a que los cuerpos de los motociclistas est\u00e1n menos protegidos que los de los ocupantes de un veh\u00edculo, tienden a sufrir lesiones graves con mayor frecuencia durante una colisi\u00f3n. Las lesiones comunes que se producen en los accidentes de motocicleta incluyen:<\/p>\n\n\n\n<ul class=\"wp-block-list\">\n<li>Traumatismos craneales, incluidos <a href=\"https:\/\/www.steinberglawfirm.com\/personal-injury\/serious-injury-cases\/traumatic-brain-injury\/\" target=\"_blank\" rel=\"noopener\">lesiones cerebrales traum\u00e1ticas<\/a>,<\/li>\n\n\n\n<li>Atr\u00e1s y <a href=\"https:\/\/www.steinberglawfirm.com\/personal-injury\/head-brain-and-spine-injuries\/spinal-column-injuries\/\" target=\"_blank\" rel=\"noopener\">lesiones en la columna vertebral<\/a>,<\/li>\n\n\n\n<li>Huesos rotos,<\/li>\n\n\n\n<li>Da\u00f1o en los \u00f3rganos,<\/li>\n\n\n\n<li>Lesiones tor\u00e1cicas y costales y<\/li>\n\n\n\n<li>Erupci\u00f3n en la carretera.&nbsp;<\/li>\n<\/ul>\n\n\n\n<p>Algunos motoristas tambi\u00e9n pueden experimentar s\u00edntomas de estr\u00e9s postraum\u00e1tico u otros problemas de salud mental o emocional. Pueden afectar al estado de \u00e1nimo, la memoria y el sue\u00f1o o interferir de otras formas en la vida cotidiana. Estos s\u00edntomas tambi\u00e9n pueden ser debilitantes y requerir tratamiento. Tras un grave accidente de moto, lo mejor es buscar atenci\u00f3n m\u00e9dica lo antes posible.<\/p>\n\n\n\n<h3 class=\"wp-block-heading\">Tipos de indemnizaci\u00f3n por accidente de moto en Myrtle Beach<\/h3>\n\n\n\n<p>En el South Carolina, el conductor de un veh\u00edculo que colisiona con un motociclista no puede alegar que el motociclista asumi\u00f3 el riesgo del accidente al elegir una motocicleta en lugar de un coche. Los conductores cuya negligencia causa un accidente son responsables ante quienes han lesionado, incluidos los motociclistas.&nbsp;<\/p>\n\n\n\n<p>Da\u00f1os y perjuicios por <a href=\"https:\/\/www.steinberglawfirm.com\/locations\/myrtle-beach-personal-injury-attorney\/\" target=\"_blank\" rel=\"noopener\">Lesiones por accidente de moto en Myrtle Beach<\/a> puede incluir la indemnizaci\u00f3n por p\u00e9rdidas, entre ellas:<\/p>\n\n\n\n<ul class=\"wp-block-list\">\n<li><strong>Facturas m\u00e9dicas<\/strong>Los gastos de hospitalizaci\u00f3n, cirug\u00eda, ambulancia, medicaci\u00f3n, dispositivos m\u00e9dicos y rehabilitaci\u00f3n de lesiones,&nbsp;<\/li>\n\n\n\n<li><strong>Salarios perdidos<\/strong>El subsidio incluye tanto los salarios perdidos mientras se recupera de sus lesiones como los salarios perdidos si sus lesiones le impiden volver a trabajar,&nbsp;<\/li>\n\n\n\n<li><strong>Bienes da\u00f1ados<\/strong>como los costes de reparaci\u00f3n o sustituci\u00f3n de tu moto,&nbsp;<\/li>\n\n\n\n<li><strong>Dolor y sufrimiento,<\/strong> relacionados con el accidente y sus lesiones,&nbsp;<\/li>\n\n\n\n<li><strong>P\u00e9rdida del disfrute de la vida,<\/strong> si sus lesiones le impiden practicar aficiones u otras actividades de las que antes disfrutaba.<\/li>\n<\/ul>\n\n\n\n<p>Otras p\u00e9rdidas tambi\u00e9n pueden estar cubiertas por la indemnizaci\u00f3n. Habla con un abogado para saber m\u00e1s sobre c\u00f3mo se aplica la ley South Carolina a tu situaci\u00f3n concreta y a las lesiones que sufriste.&nbsp;<\/p>\n\n\n\n<h2 class=\"wp-block-heading\">Qu\u00e9 hacer si resulta herido en un accidente de motocicleta en Myrtle Beach<\/h2>\n\n\n\n<p>Si usted ha sido lesionado en un accidente de motocicleta en Myrtle Beach, hable con un <a href=\"https:\/\/www.steinberglawfirm.com\/locations\/horry-county-sc-personal-injury-attorneys\/\" target=\"_blank\" rel=\"noopener\">abogado con experiencia en accidentes de moto en el condado de Horry<\/a> lo antes posible.&nbsp;<\/p>\n\n\n\n<p>Tener un abogado de su lado le ofrece varias ventajas. Su abogado puede:<\/p>\n\n\n\n<ul class=\"wp-block-list\">\n<li>Investigue su accidente y conserve las pruebas importantes.<\/li>\n\n\n\n<li>Mango <a href=\"https:\/\/www.steinberglawfirm.com\/blog\/motorcycle-insurance-tips-south-carolina\/\" target=\"_blank\" rel=\"noopener\">seguro<\/a> comunicaciones de empresa.<\/li>\n\n\n\n<li>Negociar con aseguradoras y otras partes para obtener una indemnizaci\u00f3n por sus p\u00e9rdidas.<\/li>\n\n\n\n<li>Asesorarle sobre sus derechos legales, opciones y los mejores pasos a dar en cada fase del proceso de investigaci\u00f3n y negociaci\u00f3n.&nbsp;<\/li>\n<\/ul>\n\n\n\n<p>Mientras su abogado trabaja para proteger sus derechos y obtener una indemnizaci\u00f3n, usted puede centrarse en curarse de sus lesiones.&nbsp;<\/p>\n\n\n\n<p>Es importante hablar con un abogado lo antes posible despu\u00e9s del accidente. South Carolina limita el tiempo que una persona lesionada puede esperar antes de presentar una reclamaci\u00f3n ante los tribunales. Si no presenta su demanda en el plazo de tres a\u00f1os, los tribunales estatales se negar\u00e1n a conocer de su caso. Hable con un abogado para saber exactamente c\u00f3mo se aplica el plazo de tres a\u00f1os a su situaci\u00f3n.&nbsp;<\/p>\n\n\n\n<p>P\u00f3ngase en contacto con los abogados de accidentes de motocicleta de Myrtle Beach en el <a href=\"https:\/\/www.steinberglawfirm.com\/\" target=\"_blank\" rel=\"noopener\">Steinberg Law Firm<\/a> hoy. <a href=\"tel:1-843-720-2800\">Llame a<\/a> o <a href=\"https:\/\/www.steinberglawfirm.com\/contact-us\/\" target=\"_blank\" rel=\"noopener\">con\u00e9ctate en l\u00ednea<\/a> para programar una <a href=\"https:\/\/www.steinberglawfirm.com\/free-consultation\/\" target=\"_blank\" rel=\"noopener\">evaluaci\u00f3n gratuita y confidencial de su caso<\/a> con un abogado experimentado.<\/p>","protected":false},"excerpt":{"rendered":"<p>Myrtle Beach Abogados de Accidentes de Motocicleta Abogados con experiencia en lesiones personales representan a las v\u00edctimas de accidentes de motocicleta en el condado de Horry y en todo South Carolina Miles de conductores South Carolina tienen una motocicleta registrada en el Departamento de Veh\u00edculos Motorizados del estado. Muchos motociclistas disfrutan de la experiencia de conducir una moto, el ahorro de gasolina en comparaci\u00f3n con un coche, y la...<\/p>","protected":false},"author":1,"featured_media":30702,"parent":31327,"menu_order":0,"comment_status":"closed","ping_status":"closed","template":"","meta":{"_acf_changed":false,"footnotes":""},"class_list":["post-30697","page","type-page","status-publish","has-post-thumbnail","hentry"],"acf":[],"_links":{"self":[{"href":"https:\/\/steinberglawfirm-staging.clmcloud.app\/es\/wp-json\/wp\/v2\/pages\/30697"}],"collection":[{"href":"https:\/\/steinberglawfirm-staging.clmcloud.app\/es\/wp-json\/wp\/v2\/pages"}],"about":[{"href":"https:\/\/steinberglawfirm-staging.clmcloud.app\/es\/wp-json\/wp\/v2\/types\/page"}],"author":[{"embeddable":true,"href":"https:\/\/steinberglawfirm-staging.clmcloud.app\/es\/wp-json\/wp\/v2\/users\/1"}],"replies":[{"embeddable":true,"href":"https:\/\/steinberglawfirm-staging.clmcloud.app\/es\/wp-json\/wp\/v2\/comments?post=30697"}],"version-history":[{"count":6,"href":"https:\/\/steinberglawfirm-staging.clmcloud.app\/es\/wp-json\/wp\/v2\/pages\/30697\/revisions"}],"predecessor-version":[{"id":31383,"href":"https:\/\/steinberglawfirm-staging.clmcloud.app\/es\/wp-json\/wp\/v2\/pages\/30697\/revisions\/31383"}],"up":[{"embeddable":true,"href":"https:\/\/steinberglawfirm-staging.clmcloud.app\/es\/wp-json\/wp\/v2\/pages\/31327"}],"wp:featuredmedia":[{"embeddable":true,"href":"https:\/\/steinberglawfirm-staging.clmcloud.app\/es\/wp-json\/wp\/v2\/media\/30702"}],"wp:attachment":[{"href":"https:\/\/steinberglawfirm-staging.clmcloud.app\/es\/wp-json\/wp\/v2\/media?parent=30697"}],"curies":[{"name":"wp","href":"https:\/\/api.w.org\/{rel}","templated":true}]}}