{"id":30687,"date":"2024-03-12T21:34:05","date_gmt":"2024-03-12T21:34:05","guid":{"rendered":"https:\/\/www.steinberglawfirm.com\/?page_id=30687"},"modified":"2024-03-12T22:14:50","modified_gmt":"2024-03-12T22:14:50","slug":"container-truck-accident-attorney","status":"publish","type":"page","link":"https:\/\/steinberglawfirm-staging.clmcloud.app\/es\/lesiones-personales\/accidentes-de-camiones\/abogado-de-accidentes-de-camiones-de-contenedores\/","title":{"rendered":"Abogado de accidentes de camiones de contenedores de carga"},"content":{"rendered":"<h1 class=\"wp-block-heading\">South Carolina Abogado de accidente de cami\u00f3n de contenedores<\/h1>\n\n\n\n<h2 class=\"wp-block-heading\"><em><a href=\"https:\/\/www.steinberglawfirm.com\/personal-injury\/truck-accidents\/semi-truck-accident-injury-attorney\/\" target=\"_blank\" rel=\"noopener\">Semirremolque Wreck Lesiones Abogados<\/a> Al servicio de Charleston, SC<\/em><\/h2>\n\n\n\n<p>Estados Unidos es un actor importante en el comercio mundial, y los camiones portacontenedores facilitan el movimiento de mercanc\u00edas hacia y desde los puertos. Ayudan a conectar las industrias nacionales con los mercados internacionales, apoyando las importaciones y exportaciones esenciales para la econom\u00eda estadounidense. Aunque son cruciales para el transporte de mercanc\u00edas, los camiones portacontenedores plantean varios peligros importantes. Las colisiones en las que se ven implicados camiones portacontenedores pueden tener consecuencias devastadoras, como por ejemplo <a href=\"https:\/\/www.steinberglawfirm.com\/personal-injury\/truck-accidents\/fatal-truck-accidents\/\" target=\"_blank\" rel=\"noopener\">v\u00edctimas mortales<\/a> y lesiones graves.<\/p>\n\n\n\n<p><a href=\"https:\/\/www.steinberglawfirm.com\/personal-injury\/truck-accidents\/\" target=\"_blank\" rel=\"noopener\">Accidentes con camiones portacontenedores en South Carolina<\/a> suelen ser complejos y requieren la asistencia de un abogado experto en accidentes de cami\u00f3n. En <a href=\"https:\/\/www.steinberglawfirm.com\/\" target=\"_blank\" rel=\"noopener\">abogados de accidentes de cami\u00f3n en el Steinberg Law Firm<\/a> tienen una larga trayectoria representando con \u00e9xito a v\u00edctimas de accidentes en todo el South Carolina. P\u00f3ngase en contacto con los abogados de accidentes de camiones de contenedores de nuestro equipo mediante <a href=\"tel:1-843-720-2800\">llamando al 843-720-2800<\/a> para programar una consulta inicial gratuita e informarse sobre sus derechos y recursos.&nbsp;<\/p>\n\n\n\n<h3 class=\"wp-block-heading\">\u00bfPor qu\u00e9 son peligrosos los camiones portacontenedores?<\/h3>\n\n\n\n<p>Un cami\u00f3n portacontenedores, tambi\u00e9n conocido como chasis portacontenedores o remolque portacontenedores, es un <a href=\"https:\/\/www.steinberglawfirm.com\/personal-injury\/truck-accidents\/types-of-trucks\/\" target=\"_blank\" rel=\"noopener\">tipo especializado de cami\u00f3n<\/a> o remolque dise\u00f1ado para transportar contenedores mar\u00edtimos. Estos contenedores suelen utilizarse para transportar mercanc\u00edas por mar, ferrocarril o carretera y tienen tama\u00f1os y dimensiones est\u00e1ndar.<br><br>Seg\u00fan CloudTrucks, las 3 industrias principales que dependen del transporte por cami\u00f3n son los productos agr\u00edcolas, los productos l\u00e1cteos, los productos hortofrut\u00edcolas y los productos farmac\u00e9uticos. Varios factores contribuyen a los riesgos inherentes a los camiones portacontenedores, entre ellos los siguientes:<\/p>\n\n\n\n<h4 class=\"wp-block-heading\">Tama\u00f1o y peso<\/h4>\n\n\n\n<p>Los camiones portacontenedores son veh\u00edculos masivos, que a menudo pesan hasta 80.000 libras en los Estados Unidos, lo que los hace significativamente m\u00e1s grandes y pesados que los t\u00edpicos veh\u00edculos de pasajeros. Su enorme tama\u00f1o aumenta el potencial de accidentes graves y resultados catastr\u00f3ficos en las colisiones.&nbsp;<\/p>\n\n\n\n<h4 class=\"wp-block-heading\">Fatiga del conductor<\/h4>\n\n\n\n<p>Los conductores de camiones portacontenedores de larga distancia se enfrentan con frecuencia a horarios exigentes y largas horas de conducci\u00f3n. Esto puede provocar fatiga en el conductor, mermando su estado de alerta y sus tiempos de reacci\u00f3n, lo que aumenta el riesgo de accidentes.&nbsp;<\/p>\n\n\n\n<h4 class=\"wp-block-heading\">Problemas de mantenimiento<\/h4>\n\n\n\n<p>Un mantenimiento inadecuado del veh\u00edculo, como frenos desgastados o neum\u00e1ticos defectuosos, puede provocar fallos en el equipamiento que desemboquen en accidentes.&nbsp;<\/p>\n\n\n\n<h4 class=\"wp-block-heading\">Cambios de carga y derrames<\/h4>\n\n\n\n<p>Una carga mal sujeta dentro de los contenedores puede desplazarse o derramarse durante el tr\u00e1nsito, creando condiciones peligrosas en la carretera y pudiendo provocar accidentes.<\/p>\n\n\n\n<h4 class=\"wp-block-heading\">Puntos ciegos<\/h4>\n\n\n\n<p>Los camiones portacontenedores tienen amplios \u00e1ngulos muertos, lo que dificulta que los conductores vean las motocicletas y turismos cercanos. Esto puede provocar colisiones cuando los conductores cambian de carril o giran.<\/p>\n\n\n\n<h4 class=\"wp-block-heading\">Centro de gravedad alto<\/h4>\n\n\n\n<p>Los camiones portacontenedores tienen un centro de gravedad alto, lo que los hace vulnerables a los vuelcos cuando toman curvas cerradas o se encuentran con terrenos irregulares.<\/p>\n\n\n\n<h4 class=\"wp-block-heading\">Da\u00f1os en las infraestructuras viarias<\/h4>\n\n\n\n<p>El peso excesivo de los camiones portacontenedores puede da\u00f1ar las infraestructuras viarias, lo que exige costosas reparaciones y supone un riesgo para la seguridad de los dem\u00e1s automovilistas.<\/p>\n\n\n\n<p>Aunque los camiones portacontenedores son vitales para el comercio mundial, hacer frente a estos peligros exige una normativa estricta, mejores medidas de seguridad, formaci\u00f3n de los conductores y esfuerzos continuos para mitigar los riesgos asociados a estos veh\u00edculos grandes y potentes.<\/p>\n\n\n\n<h3 class=\"wp-block-heading\">\u00cdndice de accidentes de camiones portacontenedores<\/h3>\n\n\n\n<p>Un veh\u00edculo de motor comercial (CMV) se refiere a cualquier veh\u00edculo de motor utilizado para el transporte de mercanc\u00edas, bienes o personas, ya sea dentro de un solo estado o a trav\u00e9s de las fronteras estatales. Dado que los camiones portacontenedores se utilizan para el transporte de mercanc\u00edas y a menudo son operados por empresas de transporte con fines lucrativos, entran en la categor\u00eda de veh\u00edculos comerciales.<\/p>\n\n\n\n<p><a href=\"https:\/\/www.steinberglawfirm.com\/truck-accident-report\/\" target=\"_blank\" rel=\"noopener\">Datos recientes de South Carolina<\/a> revel\u00f3 varias estad\u00edsticas dignas de menci\u00f3n sobre los CMV, entre ellas las siguientes:<\/p>\n\n\n\n<ul class=\"wp-block-list\">\n<li>Los CMV estuvieron implicados en 142 colisiones de tr\u00e1fico mortales, lo que representa el 12,8% de todas las colisiones de tr\u00e1fico mortales.<\/li>\n\n\n\n<li>Tambi\u00e9n estuvieron implicados en 3.187 colisiones de tr\u00e1fico, lo que representa el 2,2% de todas las colisiones de tr\u00e1fico.<\/li>\n\n\n\n<li>Los CMV contribuyeron al 19,3% del total de colisiones de tr\u00e1fico mortales en incidentes en los que participaron tanto CMV como veh\u00edculos que no eran CMV, mientras que los veh\u00edculos que no eran CMV contribuyeron al 74,6%.<\/li>\n\n\n\n<li>En el total de colisiones de tr\u00e1fico entre CMV y no CMV, los CMV fueron responsables de 38,8%, mientras que los no CMV contribuyeron a 56,3%.<\/li>\n\n\n\n<li>Los principales usos de los veh\u00edculos CMV en colisiones de tr\u00e1fico mortales fueron el transporte de bienes, la construcci\u00f3n\/mantenimiento y el uso personal.<\/li>\n\n\n\n<li>El grupo de edad m\u00e1s numeroso de conductores de veh\u00edculos pesados implicados en colisiones mortales ten\u00eda entre 45 y 54 a\u00f1os, mientras que los conductores de veh\u00edculos no pesados implicados en colisiones mortales sol\u00edan tener entre 55 y 64 a\u00f1os.<\/li>\n\n\n\n<li>Los conductores de CMV de fuera del estado representaron el 45,5% de los conductores de CMV implicados en colisiones de tr\u00e1fico, con la mayor\u00eda (58,1%) procedentes de North Carolina, Georgia y Florida.<\/li>\n<\/ul>\n\n\n\n<p>En caso de demandas o acciones legales relacionadas con accidentes de camiones, los datos precisos y completos de los accidentes pueden servir como valiosa prueba en los tribunales, ayudando a determinar la responsabilidad y la b\u00fasqueda de la justicia. Seg\u00fan TruckInfo, <a href=\"https:\/\/www.steinberglawfirm.com\/personal-injury\/truck-accidents\/spinal-cord-injuries\/\" target=\"_blank\" rel=\"noopener\">accidentes de cami\u00f3n con lesi\u00f3n medular<\/a> han dado lugar a indemnizaciones de hasta $3,5 millones. Aunque buscar atenci\u00f3n m\u00e9dica es un primer paso crucial, lo siguiente que puede hacer una v\u00edctima de un accidente con un cami\u00f3n contenedor es <a href=\"https:\/\/www.steinberglawfirm.com\/blog\/why-you-need-a-lawyer-asap-after-a-trucking-accident\/\" target=\"_blank\" rel=\"noopener\">hable con un abogado experto en accidentes de cami\u00f3n South Carolina<\/a> para discutir sus derechos legales y los pasos a seguir.&nbsp;<\/p>\n\n\n\n<h3 class=\"wp-block-heading\">Desaf\u00edos de los accidentes de camiones portacontenedores South Carolina&nbsp;<\/h3>\n\n\n\n<p>Los pleitos relacionados con camiones portacontenedores pueden presentar problemas y retos \u00fanicos debido a las caracter\u00edsticas distintivas de estos veh\u00edculos comerciales y a las circunstancias que rodean sus operaciones.<\/p>\n\n\n\n<h4 class=\"wp-block-heading\">Comercio interestatal<\/h4>\n\n\n\n<p>Los camiones portacontenedores suelen participar en el comercio interestatal, transportando mercanc\u00edas a trav\u00e9s de las fronteras estatales. Esto puede plantear complejidades jurisdiccionales y normativas, ya que las leyes federales y estatales pueden aplicarse de forma diferente a estos casos.<\/p>\n\n\n\n<h4 class=\"wp-block-heading\">Reglamentos federales<\/h4>\n\n\n\n<p>Agencias federales como la Federal Motor Carrier Safety Administration (FMCSA) regulan en gran medida el sector del transporte por carretera. El cumplimiento de la compleja normativa federal, como las horas de servicio y las normas de mantenimiento, puede ser un aspecto cr\u00edtico en estos casos.<\/p>\n\n\n\n<h4 class=\"wp-block-heading\">M\u00faltiples partes<\/h4>\n\n\n\n<p>Los accidentes de camiones de contenedores a menudo involucran a m\u00faltiples partes, incluyendo el conductor del cami\u00f3n, la empresa de transporte, el propietario de la carga, y los proveedores de mantenimiento. Determinar la responsabilidad y el grado de responsabilidad de cada parte puede ser complicado, por lo que es mejor hablar con un abogado con experiencia en accidentes de camiones.&nbsp;<\/p>\n\n\n\n<h4 class=\"wp-block-heading\">Mantenimiento y equipamiento<\/h4>\n\n\n\n<p>Un mantenimiento inadecuado o fallos en los equipos, como problemas con los frenos o los neum\u00e1ticos, pueden contribuir a que se produzcan accidentes. Es crucial determinar si los registros de mantenimiento se mantuvieron e inspeccionaron adecuadamente. Los problemas relacionados con la carga, como la carga inadecuada, la sobrecarga o el desplazamiento de la carga del contenedor, pueden provocar accidentes.&nbsp;<\/p>\n\n\n\n<h4 class=\"wp-block-heading\">Recopilaci\u00f3n de pruebas<\/h4>\n\n\n\n<p>La recopilaci\u00f3n de pruebas en los casos de camiones portacontenedores puede ser todo un reto. Esto puede incluir la obtenci\u00f3n de datos de la caja negra, registros del conductor, registros de mantenimiento y opiniones de expertos sobre la reconstrucci\u00f3n del accidente y la causalidad.<strong> <\/strong>Los casos de camiones portacontenedores suelen requerir peritos, como especialistas en reconstrucci\u00f3n de accidentes, expertos en sujeci\u00f3n de cargas e ingenieros, para que emitan dict\u00e1menes sobre los aspectos t\u00e9cnicos del caso.<\/p>\n\n\n\n<h4 class=\"wp-block-heading\">Complejidad de los seguros<\/h4>\n\n\n\n<p>Las empresas de transporte de contenedores suelen tener una cobertura de seguro considerable. Tratar con las compa\u00f1\u00edas de seguros, especialmente en casos de litigio sobre responsabilidad o cobertura, puede ser complicado.<\/p>\n\n\n\n<h4 class=\"wp-block-heading\">Cumplimiento de la normativa<\/h4>\n\n\n\n<p>Garantizar que el contenedor y el cami\u00f3n cumplen las normas de seguridad, especialmente cuando se transportan materiales peligrosos, a\u00f1ade una capa de complejidad a estos casos.<\/p>\n\n\n\n<p>Debido a estas cuestiones y complejidades \u00fanicas, las personas involucradas en accidentes de camiones de contenedores deben <a href=\"https:\/\/www.steinberglawfirm.com\/contact-us\/\" target=\"_blank\" rel=\"noopener\">buscar asesoramiento jur\u00eddico experimentado<\/a> con experiencia en la ley de camiones y transporte para navegar el establecimiento de la responsabilidad en estos casos.&nbsp;<\/p>\n\n\n\n<h2 class=\"wp-block-heading\">Hable hoy mismo con un abogado experto en accidentes de cami\u00f3n South Carolina sobre su caso<\/h2>\n\n\n\n<p>Si usted o un ser querido ha resultado herido recientemente en un accidente con un cami\u00f3n portacontenedores u otro veh\u00edculo comercial de grandes dimensiones, el <a href=\"https:\/\/www.steinberglawfirm.com\/locations\/charleston\/truck-accident-lawyer\/\" target=\"_blank\" rel=\"noopener\">Charleston abogados de accidentes de cami\u00f3n<\/a> en el Steinberg Law Firm est\u00e1n aqu\u00ed para ayudar. Desde hace m\u00e1s de 95 a\u00f1os, <a href=\"https:\/\/www.steinberglawfirm.com\/attorney\/\" target=\"_blank\" rel=\"noopener\">nuestros abogados<\/a> han estado defendiendo los derechos de las v\u00edctimas de accidentes y ayudarles a recuperar la compensaci\u00f3n por lo que han pasado. Tenemos tres oficinas convenientemente ubicadas en <a href=\"https:\/\/www.steinberglawfirm.com\/office-locations\/charleston-office\/\" target=\"_blank\" rel=\"noopener\">Charleston<\/a>, <a href=\"https:\/\/www.steinberglawfirm.com\/office-locations\/goose-creek-office\/\" target=\"_blank\" rel=\"noopener\">Goose Creek<\/a>y <a href=\"https:\/\/www.steinberglawfirm.com\/office-locations\/summerville-office\/\" target=\"_blank\" rel=\"noopener\">Summerville<\/a>y <a href=\"https:\/\/www.steinberglawfirm.com\/free-consultation\/\" target=\"_blank\" rel=\"noopener\">ofrecemos consultas gratuitas<\/a> a todos los clientes potenciales. Para obtener m\u00e1s informaci\u00f3n y programar su consulta gratuita y sin compromiso hoy mismo, llame al Steinberg Law Firm al tel\u00e9fono <a href=\"tel:1-843-720-2800\">843-720-2800<\/a>. Tambi\u00e9n puede ponerse en contacto con nosotros a trav\u00e9s de <a href=\"https:\/\/www.steinberglawfirm.com\/contact-us\/\" target=\"_blank\" rel=\"noopener\">formulario de contacto seguro en l\u00ednea<\/a>.<\/p>","protected":false},"excerpt":{"rendered":"<p>South Carolina Abogado de accidentes de camiones portacontenedores Abogados de accidentes de camiones portacontenedores en Charleston, SC Los Estados Unidos es un actor importante en el comercio mundial, y los camiones portacontenedores facilitan el movimiento de mercanc\u00edas hacia y desde los puertos. Ayudan a conectar las industrias nacionales con los mercados internacionales, apoyando las importaciones y exportaciones esenciales para la econom\u00eda estadounidense. Aunque son cruciales...<\/p>","protected":false},"author":1,"featured_media":30692,"parent":175,"menu_order":0,"comment_status":"closed","ping_status":"closed","template":"","meta":{"_acf_changed":false,"footnotes":""},"class_list":["post-30687","page","type-page","status-publish","has-post-thumbnail","hentry"],"acf":[],"_links":{"self":[{"href":"https:\/\/steinberglawfirm-staging.clmcloud.app\/es\/wp-json\/wp\/v2\/pages\/30687"}],"collection":[{"href":"https:\/\/steinberglawfirm-staging.clmcloud.app\/es\/wp-json\/wp\/v2\/pages"}],"about":[{"href":"https:\/\/steinberglawfirm-staging.clmcloud.app\/es\/wp-json\/wp\/v2\/types\/page"}],"author":[{"embeddable":true,"href":"https:\/\/steinberglawfirm-staging.clmcloud.app\/es\/wp-json\/wp\/v2\/users\/1"}],"replies":[{"embeddable":true,"href":"https:\/\/steinberglawfirm-staging.clmcloud.app\/es\/wp-json\/wp\/v2\/comments?post=30687"}],"version-history":[{"count":7,"href":"https:\/\/steinberglawfirm-staging.clmcloud.app\/es\/wp-json\/wp\/v2\/pages\/30687\/revisions"}],"predecessor-version":[{"id":30731,"href":"https:\/\/steinberglawfirm-staging.clmcloud.app\/es\/wp-json\/wp\/v2\/pages\/30687\/revisions\/30731"}],"up":[{"embeddable":true,"href":"https:\/\/steinberglawfirm-staging.clmcloud.app\/es\/wp-json\/wp\/v2\/pages\/175"}],"wp:featuredmedia":[{"embeddable":true,"href":"https:\/\/steinberglawfirm-staging.clmcloud.app\/es\/wp-json\/wp\/v2\/media\/30692"}],"wp:attachment":[{"href":"https:\/\/steinberglawfirm-staging.clmcloud.app\/es\/wp-json\/wp\/v2\/media?parent=30687"}],"curies":[{"name":"wp","href":"https:\/\/api.w.org\/{rel}","templated":true}]}}