{"id":30655,"date":"2024-03-07T18:28:17","date_gmt":"2024-03-07T18:28:17","guid":{"rendered":"https:\/\/www.steinberglawfirm.com\/?page_id=30655"},"modified":"2024-07-29T18:23:29","modified_gmt":"2024-07-29T18:23:29","slug":"drunk-driving-car-accident-lawyers","status":"publish","type":"page","link":"https:\/\/steinberglawfirm-staging.clmcloud.app\/es\/ubicaciones\/myrtle-beach-abogado-de-lesiones-personales\/myrtle-beach-abogados-de-accidentes-de-coche\/","title":{"rendered":"Abogados de accidentes de coche por conducir ebrio en Myrtle Beach"},"content":{"rendered":"<h1 class=\"wp-block-heading\">Abogados de accidentes de coche en Myrtle Beach: La defensa de las v\u00edctimas de conducir ebrio<\/h1>\n\n\n\n<h2 class=\"wp-block-heading\"><em>Abogados expertos en lesiones personales South Carolina luchan por la indemnizaci\u00f3n que merecen nuestros clientes tras una colisi\u00f3n por conducir ebrios<\/em><\/h2>\n\n\n\n<p>Muchas leyes y reglamentos tratan de disuadir <a href=\"https:\/\/www.steinberglawfirm.com\/personal-injury\/auto-accidents\/drunk-driving-accident\/\" target=\"_blank\" rel=\"noopener\">evitar que los conductores conduzcan bajo los efectos del alcohol<\/a> de alcohol u otras sustancias. Entre ellas figuran las sanciones penales por conducir bajo los efectos del alcohol, herramientas para vigilar a los conductores condenados por conducir ebrios en el pasado y leyes que responsabilizan a los servidores de alcohol para que dejen de servir a clientes visiblemente intoxicados.<\/p>\n\n\n\n<p>Estas leyes han hecho mucho por reducir los \u00edndices de conducci\u00f3n bajo los efectos del alcohol en Estados Unidos en los \u00faltimos cincuenta a\u00f1os. Sin embargo, no han eliminado el problema. Todos los d\u00edas, los conductores salen a las carreteras de Myrtle Beach y sus alrededores bajo los efectos del alcohol. Su deterioro les hace m\u00e1s propensos a causar un accidente y cuando lo hacen, otros pueden pagar el precio.&nbsp;<\/p>\n\n\n\n<p>Si eres <a href=\"https:\/\/www.steinberglawfirm.com\/personal-injury\/auto-accidents\/\" target=\"_blank\" rel=\"noopener\">tratamiento de lesiones graves<\/a> tras un accidente por conducir ebrio, <a href=\"https:\/\/www.steinberglawfirm.com\/contact-us\/\" target=\"_blank\" rel=\"noopener\">hable con los abogados especializados en lesiones del Steinberg Law Firm<\/a> hoy. Estamos aqu\u00ed para ayudar a nuestros clientes en Myrtle Beach, <a href=\"https:\/\/www.steinberglawfirm.com\/locations\/horry-county-sc-personal-injury-attorneys\/\" target=\"_blank\" rel=\"noopener\">Condado de Horry<\/a>Surfside, Conway y alrededores.&nbsp;<\/p>\n\n\n\n<h3 class=\"wp-block-heading\">Estad\u00edsticas de conducci\u00f3n bajo los efectos del alcohol en South Carolina<\/h3>\n\n\n\n<p>Las estad\u00edsticas de conducci\u00f3n bajo los efectos del alcohol de South Carolina pintan un panorama aleccionador.&nbsp;<\/p>\n\n\n\n<p><strong>South Carolina se clasifica como el 8\u00ba peor estado para conducir ebrio en 2024. <\/strong>En un estudio de Forbes, South Carolina ocup\u00f3 el octavo lugar entre los peores estados para conducir ebrio. El estudio incorpor\u00f3 factores como la tasa de personas muertas en accidentes por conducir ebrio y la tasa de conductores ebrios menores de 21 a\u00f1os. Montana ocup\u00f3 el peor puesto del pa\u00eds en 2024.<strong>&nbsp;<\/strong><\/p>\n\n\n\n<p><strong>South Carolina tasa de muertos en accidentes por conducir ebrio es la tercera m\u00e1s alta del pa\u00eds<\/strong>con 6,02 muertes por cada 100.000 residentes.&nbsp;<\/p>\n\n\n\n<p>Seg\u00fan los CDC<strong>El 1,5% de los adultos de South Carolina declara haber conducido tras haber bebido demasiado en los \u00faltimos 30 d\u00edas.<\/strong>.<\/p>\n\n\n\n<p><strong>Los casos de conducci\u00f3n bajo los efectos del alcohol aumentaron durante los primeros meses de la pandemia, a pesar de que la conducci\u00f3n general disminuy\u00f3.<\/strong> Mientras que el total de kil\u00f3metros recorridos por los veh\u00edculos en South Carolina se redujo un 11% durante 2020, las muertes en carretera relacionadas con el alcohol aumentaron un 14%, pasando de 276 muertes en 2019 a 315 en 2020.<\/p>\n\n\n\n<p><strong>Las muertes por conducci\u00f3n bajo los efectos del alcohol siguieron aumentando tras la pandemia. <\/strong>Entre 2020 y 2021, las muertes relacionadas con el alcohol en las carreteras South Carolina aumentaron un 26%, alcanzando las 401 muertes en 2021.<\/p>\n\n\n\n<p><strong>En el 36% de los accidentes mortales de tr\u00e1fico South Carolina est\u00e1 implicado el alcohol. <\/strong>M\u00e1s de uno de cada tres <a href=\"https:\/\/www.steinberglawfirm.com\/personal-injury\/auto-accidents\/fatal-car-accident\/\" target=\"_blank\" rel=\"noopener\">muertes en accidentes de tr\u00e1fico<\/a> implicaba al menos a una persona que hab\u00eda bebido cuando se produjo el accidente.<\/p>\n\n\n\n<p><strong>En el condado de Horry se produjeron diez accidentes por conducci\u00f3n bajo los efectos del alcohol en 2022, lo que supone un aumento del 4,29% respecto al a\u00f1o anterior.<\/strong> Los \u00edndices de conducci\u00f3n bajo los efectos del alcohol en el condado siguieron aumentando a pesar de que disminuyeron los incidentes de hospitalizaci\u00f3n por consumo de alcohol y los casos de borracheras y consumo excesivo.<\/p>\n\n\n\n<p>Miles de conductores, <a href=\"https:\/\/www.steinberglawfirm.com\/blog\/what-to-do-if-you-were-a-passenger-in-a-car-accident-in-south-carolina\/\" target=\"_blank\" rel=\"noopener\">pasajeros<\/a>, <a href=\"https:\/\/www.steinberglawfirm.com\/personal-injury\/bicycle-accidents\/\" target=\"_blank\" rel=\"noopener\">ciclistas<\/a>y <a href=\"https:\/\/www.steinberglawfirm.com\/personal-injury\/auto-accidents\/pedestrian-accident\/\" target=\"_blank\" rel=\"noopener\">peatones<\/a> resultan heridos por conductores ebrios tambi\u00e9n en South Carolina cada a\u00f1o.&nbsp;<\/p>\n\n\n\n<h3 class=\"wp-block-heading\">Tipos habituales de lesiones por colisiones al volante bajo los efectos del alcohol<\/h3>\n\n\n\n<p>Un accidente por conducir ebrio puede causar lesiones graves. Las lesiones pueden ocurrir si usted es un conductor o <a href=\"https:\/\/www.steinberglawfirm.com\/personal-injury\/auto-accidents\/drunk-driving-accident\/passengers-hurt-in-drunk-driving-wrecks\/\" target=\"_blank\" rel=\"noopener\">pasajero de otro veh\u00edculo<\/a>un ciclista o un peat\u00f3n. Lesiones comunes en accidentes por conducir ebrio incluyen:<\/p>\n\n\n\n<ul class=\"wp-block-list\">\n<li>La cabeza, <a href=\"https:\/\/www.steinberglawfirm.com\/personal-injury\/auto-accidents\/neck-injuries-from-car-accidents\/\" target=\"_blank\" rel=\"noopener\">cuello<\/a>y <a href=\"https:\/\/www.steinberglawfirm.com\/personal-injury\/auto-accidents\/back-injuries-from-car-accidents\/\" target=\"_blank\" rel=\"noopener\">lesiones de espalda<\/a>como fracturas, latigazo cervical o v\u00e9rtebras da\u00f1adas.<\/li>\n\n\n\n<li><a href=\"https:\/\/www.steinberglawfirm.com\/personal-injury\/head-brain-and-spine-injuries\/\" target=\"_blank\" rel=\"noopener\">Lesiones cerebrales y medulares<\/a>incluyendo conmociones cerebrales, otros <a href=\"https:\/\/www.steinberglawfirm.com\/personal-injury\/auto-accidents\/brain-injury-from-car-accident\/\" target=\"_blank\" rel=\"noopener\">lesiones cerebrales traum\u00e1ticas<\/a>y <a href=\"https:\/\/www.steinberglawfirm.com\/personal-injury\/auto-accidents\/spinal-cord-injury\/\" target=\"_blank\" rel=\"noopener\">da\u00f1o medular permanente<\/a>.<\/li>\n\n\n\n<li>Fracturas \u00f3seas, que pueden requerir tratamiento quir\u00fargico y causar problemas continuos de dolor y movilidad.<\/li>\n\n\n\n<li>Lesiones tisulares, incluidos da\u00f1os en los nervios, lesiones por aplastamiento, esguinces y distensiones, y <a href=\"https:\/\/www.steinberglawfirm.com\/personal-injury\/auto-accidents\/burn-injury\/\" target=\"_blank\" rel=\"noopener\">quemaduras<\/a>.&nbsp;<\/li>\n<\/ul>\n\n\n\n<p>Los traumatismos mentales y emocionales, como el estr\u00e9s postraum\u00e1tico, pueden ser consecuencia de una colisi\u00f3n por conducir ebrio. Puede que estas afecciones no dejen marcas f\u00edsicas, pero pueden ser debilitantes y requerir tratamiento m\u00e9dico continuado por parte de profesionales cualificados.&nbsp;<\/p>\n\n\n\n<h3 class=\"wp-block-heading\">La b\u00fasqueda de un caso civil despu\u00e9s de un accidente de coche Myrtle Beach que implica un conductor ebrio<\/h3>\n\n\n\n<p>Las causas penales y civiles tienen dos objetivos diferentes. En un caso penal, el objetivo es identificar el comportamiento delictivo, determinar qui\u00e9n infringi\u00f3 la ley y castigar a esa persona. Un conductor declarado culpable de infringir las leyes de South Carolina sobre conducci\u00f3n bajo los efectos del alcohol puede ser condenado a penas de c\u00e1rcel, recibir multas, perder el privilegio de conducir y otras sanciones.&nbsp;<\/p>\n\n\n\n<p>Sin embargo, una condena penal no obligar\u00e1 al conductor a compensarle plenamente a usted ni a nadie por sus lesiones. La causa penal busca asegurar que un conductor condenado por DUI pague su deuda a la sociedad, no a las v\u00edctimas directamente. Para obtener una indemnizaci\u00f3n por sus lesiones, puede presentar una demanda civil.&nbsp;<\/p>\n\n\n\n<p>En su demanda civil, usted busca una indemnizaci\u00f3n por facturas m\u00e9dicas, salarios perdidos, da\u00f1os materiales y otras p\u00e9rdidas sufridas a causa del accidente. Usted y su abogado trabajan para obtener la indemnizaci\u00f3n que necesita por los da\u00f1os sufridos.&nbsp;<\/p>\n\n\n\n<h3 class=\"wp-block-heading\">Compensaci\u00f3n despu\u00e9s de un conductor ebrio causa una colisi\u00f3n en Myrtle Beach<\/h3>\n\n\n\n<p>Despu\u00e9s de un accidente por conducir ebrio, es probable que haya experimentado una amplia gama de p\u00e9rdidas. Algunas de estas p\u00e9rdidas est\u00e1n valoradas en d\u00f3lares; otras son m\u00e1s dif\u00edciles de cuantificar. Ambos tipos de p\u00e9rdidas pueden ser compensadas en una demanda. <a href=\"https:\/\/www.steinberglawfirm.com\/blog\/case-result-1-3-million-for-couple-injured-by-drunk-driver\/\" target=\"_blank\" rel=\"noopener\">South Carolina demanda por lesiones al conducir ebrio<\/a>.&nbsp;<\/p>\n\n\n\n<p><strong>Da\u00f1os econ\u00f3micos <\/strong>suelen ser financieros. Pueden demostrarse aportando al tribunal pruebas de facturas, recibos o talones de pago. Tipos comunes de da\u00f1os econ\u00f3micos en demandas por conducir ebrio incluyen:<\/p>\n\n\n\n<ul class=\"wp-block-list\">\n<li>Gastos de reparaci\u00f3n o sustituci\u00f3n de su veh\u00edculo.<\/li>\n\n\n\n<li>Gastos m\u00e9dicos, incluidos gastos de ambulancia, facturas de urgencias, gastos de cirug\u00eda, estancias en el hospital, visitas al m\u00e9dico, dispositivos m\u00e9dicos y medicamentos, y rehabilitaci\u00f3n.<\/li>\n\n\n\n<li>Salarios perdidos, si no ha podido trabajar, y salarios futuros perdidos si sus lesiones le impiden volver a trabajar.&nbsp;<\/li>\n<\/ul>\n\n\n\n<p><strong>Da\u00f1os no econ\u00f3micos <\/strong>no suelen tener precio. Son reales, y las personas lesionadas pueden solicitar una indemnizaci\u00f3n por ellos. Los da\u00f1os no econ\u00f3micos que pueden aparecer en las demandas por lesiones por conducir ebrio en South Carolina incluyen:<\/p>\n\n\n\n<ul class=\"wp-block-list\">\n<li>El dolor y el sufrimiento causados por sus lesiones, incluido el dolor continuo o cr\u00f3nico.<\/li>\n\n\n\n<li>Sufrimiento mental, angustia y angustia emocional.&nbsp;<\/li>\n\n\n\n<li>P\u00e9rdida del disfrute de actividades que antes realizaba, como aficiones o criar a su familia.<\/li>\n\n\n\n<li>Da\u00f1os a su reputaci\u00f3n.&nbsp;<\/li>\n<\/ul>\n\n\n\n<p>Cada caso de lesiones por conducir ebrio es \u00fanico. Usted puede tener p\u00e9rdidas que no se enumeran aqu\u00ed. Hable con un <a href=\"https:\/\/www.steinberglawfirm.com\/locations\/myrtle-beach-personal-injury-attorney\/\" target=\"_blank\" rel=\"noopener\">experimentado abogado de lesiones personales de Myrtle Beach<\/a> para saber m\u00e1s sobre c\u00f3mo se aplica la ley a su situaci\u00f3n.&nbsp;<\/p>\n\n\n\n<h3 class=\"wp-block-heading\">C\u00f3mo puede ayudarle un abogado de lesiones personales de Myrtle Beach<\/h3>\n\n\n\n<p>Es inteligente <a href=\"https:\/\/www.steinberglawfirm.com\/contact-us\/\" target=\"_blank\" rel=\"noopener\">contacte con un abogado de lesiones personales<\/a> tan pronto como pueda despu\u00e9s de un accidente. Incluso si decide no presentar una demanda contra el conductor que le lesion\u00f3, tener un <a href=\"https:\/\/www.steinberglawfirm.com\/attorney\/\" target=\"_blank\" rel=\"noopener\">un abogado experto a su lado<\/a> puede ser muy valioso.&nbsp;<\/p>\n\n\n\n<p>Tan pronto como contrate a un abogado de lesiones personales, su abogado puede:&nbsp;<\/p>\n\n\n\n<ul class=\"wp-block-list\">\n<li>Emitir solicitudes para preservar y obtener pruebas valiosas para su caso.<\/li>\n\n\n\n<li>Asesorarle sobre lo que puede esperar mientras el abogado investiga su reclamaci\u00f3n, re\u00fane pruebas y trabaja para proteger sus derechos legales.&nbsp;<\/li>\n\n\n\n<li>Ofrecerle una perspectiva valiosa sobre sus opciones y las posibles consecuencias de seguir cada camino.<\/li>\n\n\n\n<li>Abogar por usted en cada paso del proceso, garantizando que obtenga la consideraci\u00f3n y la indemnizaci\u00f3n que merece.<\/li>\n\n\n\n<li>Gestionar las comunicaciones con las compa\u00f1\u00edas de seguros, protegiendo sus derechos y permiti\u00e9ndole centrarse en la curaci\u00f3n de sus lesiones.&nbsp;<\/li>\n\n\n\n<li>Proteger sus derechos y proporcionar orientaci\u00f3n a medida que avanza un caso penal para que pueda ayudar a llevar a un conductor ebrio a la justicia sin perjudicar su capacidad de buscar compensaci\u00f3n en el futuro.<\/li>\n\n\n\n<li>Luche por su derecho a una indemnizaci\u00f3n independientemente del resultado de un caso de conducci\u00f3n bajo los efectos del alcohol.&nbsp;<\/li>\n<\/ul>\n\n\n\n<p>Aunque los heridos en accidentes por conducir ebrios tienen derecho a presentar una demanda por lesiones, pocas de estas demandas llegan a juicio. La mayor\u00eda de las reclamaciones se resuelven mediante negociaciones. Un abogado con experiencia trabajar\u00e1 para llegar a un <a href=\"https:\/\/www.steinberglawfirm.com\/results\/\" target=\"_blank\" rel=\"noopener\">resoluci\u00f3n completa y justa de su caso<\/a> mientras se prepara para acudir a los tribunales si es necesario. En <a href=\"https:\/\/www.steinberglawfirm.com\/\" target=\"_blank\" rel=\"noopener\">Steinberg Law Firm<\/a>nuestros abogados asumen cada caso y se preparan como si fueran a ir a juicio, incluso si las negociaciones para llegar a un acuerdo parecen prometedoras.&nbsp;<\/p>\n\n\n\n<h3 class=\"wp-block-heading\">Buscando ayuda despu\u00e9s de un accidente por conducir ebrio en Myrtle Beach<\/h3>\n\n\n\n<p>Un accidente por conducir ebrio pone su vida patas arriba en un instante. En un momento, usted est\u00e1 viajando por la carretera, al siguiente, la decisi\u00f3n de otra persona de conducir ebrio le ha dejado con un veh\u00edculo da\u00f1ado y lesiones que alteran la vida. Es posible que pase las siguientes semanas y meses pregunt\u00e1ndose c\u00f3mo pagar\u00e1 las facturas, temiendo no volver a trabajar o desesperado por volver a realizar las tareas dom\u00e9sticas y los pasatiempos que antes disfrutaba.<\/p>\n\n\n\n<p>Si esto le resulta familiar, no est\u00e1 solo. En <a href=\"https:\/\/www.steinberglawfirm.com\/personal-injury\/personal-injury-lawyers\/\" target=\"_blank\" rel=\"noopener\">abogados con experiencia en lesiones personales<\/a> en el Steinberg Law Firm puede ayudar. Si usted ha sido lesionado en Surfside, Conway, Myrtle Beach, o en cualquier lugar en el condado de Horry por un conductor ebrio, p\u00f3ngase en contacto con nosotros hoy para una <a href=\"https:\/\/www.steinberglawfirm.com\/free-consultation\/\" target=\"_blank\" rel=\"noopener\">evaluaci\u00f3n gratuita y confidencial de su caso<\/a>.<\/p>","protected":false},"excerpt":{"rendered":"<p>Abogados de accidentes de coche en Myrtle Beach: Defendiendo a las V\u00edctimas de Conducci\u00f3n en Estado de Ebriedad Experimentados Abogados de Lesiones Personales South Carolina Luchan por la Compensaci\u00f3n que Nuestros Clientes Merecen Despu\u00e9s de una Colisi\u00f3n por Conducci\u00f3n en Estado de Ebriedad Muchas leyes y regulaciones buscan disuadir a los conductores de conducir bajo la influencia del alcohol u otras sustancias. Estos incluyen sanciones penales por conducir ebrio, herramientas para...<\/p>","protected":false},"author":1,"featured_media":30661,"parent":31327,"menu_order":0,"comment_status":"closed","ping_status":"closed","template":"","meta":{"_acf_changed":false,"footnotes":""},"class_list":["post-30655","page","type-page","status-publish","has-post-thumbnail","hentry"],"acf":[],"_links":{"self":[{"href":"https:\/\/steinberglawfirm-staging.clmcloud.app\/es\/wp-json\/wp\/v2\/pages\/30655"}],"collection":[{"href":"https:\/\/steinberglawfirm-staging.clmcloud.app\/es\/wp-json\/wp\/v2\/pages"}],"about":[{"href":"https:\/\/steinberglawfirm-staging.clmcloud.app\/es\/wp-json\/wp\/v2\/types\/page"}],"author":[{"embeddable":true,"href":"https:\/\/steinberglawfirm-staging.clmcloud.app\/es\/wp-json\/wp\/v2\/users\/1"}],"replies":[{"embeddable":true,"href":"https:\/\/steinberglawfirm-staging.clmcloud.app\/es\/wp-json\/wp\/v2\/comments?post=30655"}],"version-history":[{"count":8,"href":"https:\/\/steinberglawfirm-staging.clmcloud.app\/es\/wp-json\/wp\/v2\/pages\/30655\/revisions"}],"predecessor-version":[{"id":31524,"href":"https:\/\/steinberglawfirm-staging.clmcloud.app\/es\/wp-json\/wp\/v2\/pages\/30655\/revisions\/31524"}],"up":[{"embeddable":true,"href":"https:\/\/steinberglawfirm-staging.clmcloud.app\/es\/wp-json\/wp\/v2\/pages\/31327"}],"wp:featuredmedia":[{"embeddable":true,"href":"https:\/\/steinberglawfirm-staging.clmcloud.app\/es\/wp-json\/wp\/v2\/media\/30661"}],"wp:attachment":[{"href":"https:\/\/steinberglawfirm-staging.clmcloud.app\/es\/wp-json\/wp\/v2\/media?parent=30655"}],"curies":[{"name":"wp","href":"https:\/\/api.w.org\/{rel}","templated":true}]}}