{"id":30495,"date":"2024-02-02T22:47:21","date_gmt":"2024-02-02T22:47:21","guid":{"rendered":"https:\/\/www.steinberglawfirm.com\/?page_id=30495"},"modified":"2024-02-02T22:47:23","modified_gmt":"2024-02-02T22:47:23","slug":"defective-product-exploding-tire-attorneys","status":"publish","type":"page","link":"https:\/\/steinberglawfirm-staging.clmcloud.app\/es\/lesiones-personales\/accidentes-de-trafico-2\/coche-defectos-o-funciones\/producto-defectuoso-explosion-de-neumaticos-abogados\/","title":{"rendered":"South Carolina Defective Product Exploding Tire Abogados"},"content":{"rendered":"<h1 class=\"wp-block-heading\">South Carolina Defective Product Exploding Tire Abogados<\/h1>\n\n\n\n<h2 class=\"wp-block-heading\"><em>Charleston, South Carolina Los abogados de lesiones por neum\u00e1ticos defectuosos ayudan a las v\u00edctimas de accidentes<\/em><\/h2>\n\n\n\n<p>Seg\u00fan datos recientes de la National Highway Traffic Safety Administration (NHTSA), una media de unos 622 <a href=\"https:\/\/www.steinberglawfirm.com\/personal-injury\/auto-accidents\/fatal-car-accident\/\" target=\"_blank\" rel=\"noopener\">v\u00edctimas mortales de accidentes de tr\u00e1fico<\/a> de accidentes relacionados con los neum\u00e1ticos. La NHTSA hace cumplir varias normas fundamentales de seguridad de los neum\u00e1ticos para garantizar la seguridad de los automovilistas en las carreteras estadounidenses. <a href=\"https:\/\/www.steinberglawfirm.com\/personal-injury\/auto-accidents\/\" target=\"_blank\" rel=\"noopener\">Los neum\u00e1ticos defectuosos pueden provocar accidentes<\/a> debido a diversos peligros para la seguridad que comprometen la maniobrabilidad, la estabilidad y la aptitud general del veh\u00edculo para circular por carretera. Estos riesgos se derivan de <a href=\"https:\/\/www.steinberglawfirm.com\/personal-injury\/auto-accidents\/car-defects-or-malfunctions\/\" target=\"_blank\" rel=\"noopener\">varios defectos de los neum\u00e1ticos<\/a>como problemas relacionados con la fabricaci\u00f3n, el dise\u00f1o o el desgaste.<\/p>\n\n\n\n<p>En el Steinberg Law Firm, nuestro <a href=\"https:\/\/www.steinberglawfirm.com\/personal-injury\/dangerous-products\/\" target=\"_blank\" rel=\"noopener\">abogados expertos en productos defectuosos South Carolina<\/a> ayudar a quienes han sufrido lesiones graves por la explosi\u00f3n de neum\u00e1ticos defectuosos. Contamos con m\u00e1s de 95 a\u00f1os de experiencia tramitando con \u00e9xito complejas demandas de responsabilidad por productos defectuosos en nombre de las v\u00edctimas de lesiones causadas por el South Carolina.&nbsp;<\/p>\n\n\n\n<h3 class=\"wp-block-heading\">\u00bfQu\u00e9 tipo de defecto en los neum\u00e1ticos puede provocar una explosi\u00f3n?<\/h3>\n\n\n\n<p>Los defectos de los neum\u00e1ticos pueden comprometer significativamente la seguridad del veh\u00edculo, provocando accidentes y situaciones potencialmente mortales. Las explosiones de neum\u00e1ticos, tambi\u00e9n conocidas como reventones, pueden ser alarmantes y peligrosas durante la conducci\u00f3n. Estos eventos son causados t\u00edpicamente por una combinaci\u00f3n de factores que resultan en una liberaci\u00f3n repentina de presi\u00f3n de aire dentro del neum\u00e1tico, a menudo con una fuerza significativa. Sin embargo, hay varios tipos de defectos en los neum\u00e1ticos que pueden contribuir a los accidentes, cada uno de los cuales plantea riesgos \u00fanicos para los conductores y los pasajeros.<\/p>\n\n\n\n<h4 class=\"wp-block-heading\">Separaci\u00f3n de la banda de rodadura<\/h4>\n\n\n\n<p>Uno de los defectos m\u00e1s peligrosos de los neum\u00e1ticos es la separaci\u00f3n de la banda de rodadura. Esto ocurre cuando la capa exterior de la banda de rodadura del neum\u00e1tico se separa de la estructura interna. La separaci\u00f3n de la banda de rodadura puede provocar reventones repentinos y p\u00e9rdida de control, lo que a menudo provoca accidentes. Se trata de un defecto especialmente peligroso que afecta tanto a los neum\u00e1ticos nuevos como a los viejos.<\/p>\n\n\n\n<h4 class=\"wp-block-heading\">Separaci\u00f3n por cinta<\/h4>\n\n\n\n<p>La separaci\u00f3n de los cinturones se produce cuando los cinturones de acero del neum\u00e1tico se separan entre s\u00ed o del cuerpo del neum\u00e1tico. Este defecto puede debilitar la integridad estructural del neum\u00e1tico y aumentar el riesgo de revent\u00f3n o pinchazo durante la conducci\u00f3n, especialmente a altas velocidades.<\/p>\n\n\n\n<h4 class=\"wp-block-heading\">Da\u00f1os laterales<\/h4>\n\n\n\n<p>Los da\u00f1os en el flanco del neum\u00e1tico, como cortes, abultamientos o pinchazos, pueden debilitar la estructura del neum\u00e1tico y provocar fugas de aire o reventones. Un flanco debilitado es propenso a fallar y puede provocar una p\u00e9rdida repentina de control durante la conducci\u00f3n.<\/p>\n\n\n\n<h4 class=\"wp-block-heading\">Separaci\u00f3n del revestimiento interior<\/h4>\n\n\n\n<p>La separaci\u00f3n del revestimiento interior se produce cuando la capa m\u00e1s interna del neum\u00e1tico se separa del resto del neum\u00e1tico. Este defecto puede provocar fugas de aire y el fallo del neum\u00e1tico, lo que dificulta al conductor mantener el control del veh\u00edculo.<\/p>\n\n\n\n<h4 class=\"wp-block-heading\">Defectos de fabricaci\u00f3n<\/h4>\n\n\n\n<p>Los defectos de fabricaci\u00f3n pueden abarcar una serie de cuestiones, como irregularidades en la construcci\u00f3n del neum\u00e1tico, puntos d\u00e9biles o materiales inadecuados utilizados durante la producci\u00f3n. Estos defectos pueden provocar un desgaste desigual, una menor resistencia del neum\u00e1tico y posibles reventones.<\/p>\n\n\n\n<h4 class=\"wp-block-heading\">Deterioro asociado a la edad<\/h4>\n\n\n\n<p>Los neum\u00e1ticos se degradan de forma natural con el paso del tiempo debido a la exposici\u00f3n al calor, la luz solar y otros factores ambientales. Los neum\u00e1ticos envejecidos pueden volverse quebradizos, perder elasticidad y agrietarse, lo que aumenta el riesgo de reventones o p\u00e9rdida de tracci\u00f3n.<\/p>\n\n\n\n<h4 class=\"wp-block-heading\">Subinflaci\u00f3n y sobrecarga<\/h4>\n\n\n\n<p>Aunque no son defectos en el sentido tradicional, los neum\u00e1ticos poco inflados y la sobrecarga pueden provocar su desgaste prematuro y aver\u00edas. Los neum\u00e1ticos poco inflados pueden sobrecalentarse, mientras que la sobrecarga somete a los neum\u00e1ticos a una tensi\u00f3n excesiva, lo que aumenta el riesgo de reventones y accidentes.<\/p>\n\n\n\n<h4 class=\"wp-block-heading\">Neum\u00e1ticos retirados<\/h4>\n\n\n\n<p>En ocasiones, los fabricantes retiran neum\u00e1ticos defectuosos por motivos de seguridad. Ignorar o no estar al tanto de dichas retiradas puede provocar accidentes al conducir con neum\u00e1ticos defectuosos conocidos.<\/p>\n\n\n\n<p>Es esencial que los conductores inspeccionen regularmente sus neum\u00e1ticos en busca de signos de defectos, incluyendo da\u00f1os visibles, patrones de desgaste inusuales y un inflado adecuado. Adem\u00e1s, mantenerse informado sobre las retiradas de neum\u00e1ticos y abordar con prontitud cualquier retirada para su modelo de neum\u00e1tico espec\u00edfico puede ayudar a mitigar los riesgos asociados con los neum\u00e1ticos defectuosos.<\/p>\n\n\n\n<h3 class=\"wp-block-heading\">Responsabilidad por accidentes de neum\u00e1ticos defectuosos en South Carolina&nbsp;<\/h3>\n\n\n\n<p>La responsabilidad por accidentes relacionados con reventones de neum\u00e1ticos en South Carolina, como en muchos otros estados, puede ser compleja y puede implicar a m\u00faltiples partes.&nbsp;<\/p>\n\n\n\n<h4 class=\"wp-block-heading\">Responsabilidad del fabricante por la explosi\u00f3n de neum\u00e1ticos<\/h4>\n\n\n\n<p>Cuando se identifica un defecto en el neum\u00e1tico como causa del accidente, el fabricante del neum\u00e1tico puede ser considerado responsable. Los fabricantes tienen la obligaci\u00f3n legal de producir neum\u00e1ticos que cumplan con las normas de seguridad y est\u00e9n libres de defectos. Si se determina que un defecto de fabricaci\u00f3n o un fallo de dise\u00f1o en el neum\u00e1tico es responsable del accidente, el fabricante de neum\u00e1ticos puede ser considerado responsable de los da\u00f1os.<\/p>\n\n\n\n<h4 class=\"wp-block-heading\">Responsabilidad de los distribuidores por defectos en los neum\u00e1ticos<\/h4>\n\n\n\n<p>En algunos casos, el minorista que vendi\u00f3 el neum\u00e1tico defectuoso tambi\u00e9n puede compartir la responsabilidad. Se espera que los minoristas vendan productos seguros para los consumidores. Si estaban al tanto de un defecto o retirada de neum\u00e1ticos y continuaron vendiendo los neum\u00e1ticos defectuosos, podr\u00edan ser responsables de negligencia.<\/p>\n\n\n\n<h4 class=\"wp-block-heading\">Mantenimiento e instalaci\u00f3n de neum\u00e1ticos<\/h4>\n\n\n\n<p>Los propietarios de veh\u00edculos tambi\u00e9n tienen la responsabilidad de mantener e instalar los neum\u00e1ticos correctamente. Si se produce un accidente debido a <a href=\"https:\/\/www.steinberglawfirm.com\/blog\/holding-mechanics-and-vehicle-owners-accountable-for-faulty-maintenance-leading-to-wrecks\/\" target=\"_blank\" rel=\"noopener\">mantenimiento inadecuado de los neum\u00e1ticos<\/a>En caso de accidente, como conducir con neum\u00e1ticos poco inflados o desgastados, el propietario del veh\u00edculo puede ser considerado parcial o totalmente responsable.<\/p>\n\n\n\n<h4 class=\"wp-block-heading\">Talleres de reparaci\u00f3n de neum\u00e1ticos<\/h4>\n\n\n\n<p>Si un taller de reparaci\u00f3n de neum\u00e1ticos repara o instala negligentemente un neum\u00e1tico que posteriormente falla y causa un accidente, el taller puede ser responsable por su negligencia en el mantenimiento del neum\u00e1tico.<\/p>\n\n\n\n<h4 class=\"wp-block-heading\">Responsabilidad p\u00fablica en casos de explosi\u00f3n de neum\u00e1ticos<\/h4>\n\n\n\n<p>En algunos casos, <a href=\"https:\/\/www.steinberglawfirm.com\/blog\/defective-road-accidents-in-south-carolina\/\" target=\"_blank\" rel=\"noopener\">estado de las carreteras<\/a> pueden contribuir a un accidente relacionado con los neum\u00e1ticos. Si el mantenimiento deficiente o las condiciones peligrosas de la carretera son un factor, puede haber una reclamaci\u00f3n contra los organismos gubernamentales responsables del mantenimiento de las carreteras.<\/p>\n\n\n\n<p>En cualquier caso de accidente relacionado con neum\u00e1ticos, es crucial reunir pruebas, incluyendo el propio neum\u00e1tico defectuoso, registros de mantenimiento, declaraciones de testigos y opiniones de expertos para establecer la responsabilidad y asegurar los da\u00f1os. Consultar con un <a href=\"https:\/\/www.steinberglawfirm.com\/personal-injury\/personal-injury-lawyers\/\" target=\"_blank\" rel=\"noopener\">abogado con experiencia en lesiones personales en South Carolina<\/a> es aconsejable para navegar por las complejidades jur\u00eddicas y proteger los derechos de la parte perjudicada.<\/p>\n\n\n\n<h2 class=\"wp-block-heading\">\u00bfHa resultado herido en un accidente de coche Charleston con explosi\u00f3n de un neum\u00e1tico?<\/h2>\n\n\n\n<p>Si usted o un ser querido ha sido recientemente <a href=\"https:\/\/www.steinberglawfirm.com\/personal-injury\/auto-accidents\/\" target=\"_blank\" rel=\"noopener\">herido en un accidente de tr\u00e1fico<\/a> debido a la explosi\u00f3n de un neum\u00e1tico, acuda al <a href=\"https:\/\/www.steinberglawfirm.com\/attorney\/\" target=\"_blank\" rel=\"noopener\">abogados especializados en lesiones personales Charleston<\/a> en el Steinberg Law Firm. Desde hace m\u00e1s de 95 a\u00f1os, la <a href=\"https:\/\/www.steinberglawfirm.com\/\" target=\"_blank\" rel=\"noopener\">Steinberg Law Firm<\/a> ha representado con orgullo a las v\u00edctimas de accidentes, ayud\u00e1ndoles a recuperar una compensaci\u00f3n justa por las lesiones que han sufrido. Ofrecemos <a href=\"https:\/\/www.steinberglawfirm.com\/free-consultation\/\" target=\"_blank\" rel=\"noopener\">consultas gratuitas y confidenciales<\/a>y no hay ninguna obligaci\u00f3n de seguir adelante con su caso. Para obtener m\u00e1s informaci\u00f3n, y para <a href=\"https:\/\/www.steinberglawfirm.com\/contact-us\/\" target=\"_blank\" rel=\"noopener\">programar una consulta gratuita<\/a> hoy, dale al Steinberg Law Firm un <a href=\"tel:1-843-720-2800\">llame al 843-720-2800<\/a>.<\/p>","protected":false},"excerpt":{"rendered":"<p>South Carolina Defective Product Exploding Tire Attorneys Charleston, South Carolina Faulty Tire Injury Lawyers Help Accident Victims Seg\u00fan datos recientes de la Administraci\u00f3n Nacional de Seguridad Vial (NHTSA), un promedio de alrededor de 622 muertes de tr\u00e1fico de veh\u00edculos de motor implican accidentes relacionados con los neum\u00e1ticos. La NHTSA hace cumplir varias normas de seguridad de neum\u00e1ticos cr\u00edticos para garantizar la seguridad de los automovilistas ...<\/p>","protected":false},"author":1,"featured_media":30503,"parent":2249,"menu_order":0,"comment_status":"closed","ping_status":"closed","template":"","meta":{"_acf_changed":false,"footnotes":""},"class_list":["post-30495","page","type-page","status-publish","has-post-thumbnail","hentry"],"acf":[],"_links":{"self":[{"href":"https:\/\/steinberglawfirm-staging.clmcloud.app\/es\/wp-json\/wp\/v2\/pages\/30495"}],"collection":[{"href":"https:\/\/steinberglawfirm-staging.clmcloud.app\/es\/wp-json\/wp\/v2\/pages"}],"about":[{"href":"https:\/\/steinberglawfirm-staging.clmcloud.app\/es\/wp-json\/wp\/v2\/types\/page"}],"author":[{"embeddable":true,"href":"https:\/\/steinberglawfirm-staging.clmcloud.app\/es\/wp-json\/wp\/v2\/users\/1"}],"replies":[{"embeddable":true,"href":"https:\/\/steinberglawfirm-staging.clmcloud.app\/es\/wp-json\/wp\/v2\/comments?post=30495"}],"version-history":[{"count":4,"href":"https:\/\/steinberglawfirm-staging.clmcloud.app\/es\/wp-json\/wp\/v2\/pages\/30495\/revisions"}],"predecessor-version":[{"id":30505,"href":"https:\/\/steinberglawfirm-staging.clmcloud.app\/es\/wp-json\/wp\/v2\/pages\/30495\/revisions\/30505"}],"up":[{"embeddable":true,"href":"https:\/\/steinberglawfirm-staging.clmcloud.app\/es\/wp-json\/wp\/v2\/pages\/2249"}],"wp:featuredmedia":[{"embeddable":true,"href":"https:\/\/steinberglawfirm-staging.clmcloud.app\/es\/wp-json\/wp\/v2\/media\/30503"}],"wp:attachment":[{"href":"https:\/\/steinberglawfirm-staging.clmcloud.app\/es\/wp-json\/wp\/v2\/media?parent=30495"}],"curies":[{"name":"wp","href":"https:\/\/api.w.org\/{rel}","templated":true}]}}