{"id":30465,"date":"2024-02-01T00:11:23","date_gmt":"2024-02-01T00:11:23","guid":{"rendered":"https:\/\/www.steinberglawfirm.com\/?page_id=30465"},"modified":"2024-02-01T00:11:25","modified_gmt":"2024-02-01T00:11:25","slug":"tow-truck-accident-attorneys","status":"publish","type":"page","link":"https:\/\/steinberglawfirm-staging.clmcloud.app\/es\/lesiones-personales\/accidentes-de-camiones\/abogados-de-accidentes-de-gruas\/","title":{"rendered":"South Carolina Abogados de accidentes de gr\u00faas"},"content":{"rendered":"<h1 class=\"wp-block-heading\">South Carolina Abogados de accidentes de gr\u00faas<\/h1>\n\n\n\n<h2 class=\"wp-block-heading\"><em>Abogados expertos en lesiones Charleston ayudan a nuestros clientes a recuperar una indemnizaci\u00f3n tras sufrir lesiones con una gr\u00faa<\/em><\/h2>\n\n\n\n<p>Las gr\u00faas son habituales en los accidentes del South Carolina. La mayor\u00eda de la gente piensa en la gr\u00faa como parte del equipo que responde al accidente, no como parte de los veh\u00edculos implicados en el accidente.&nbsp;<\/p>\n\n\n\n<p>Sin embargo, los accidentes de gr\u00faas son sorprendentemente comunes. Los conductores de gr\u00faas se enfrentan a altos riesgos de accidente y lesiones en el trabajo, y tambi\u00e9n suponen riesgos para otros conductores en las carreteras.&nbsp;<\/p>\n\n\n\n<p>Si ha sufrido lesiones en un accidente de gr\u00faa, hable con un <a href=\"https:\/\/www.steinberglawfirm.com\/personal-injury\/truck-accidents\/\" target=\"_blank\" rel=\"noopener\">abogado experto en accidentes de gr\u00faa Charleston<\/a> hoy. En <a href=\"https:\/\/www.steinberglawfirm.com\/attorney\/\" target=\"_blank\" rel=\"noopener\">equipo en Steinberg Law Firm<\/a> est\u00e1 aqu\u00ed para ayudar.\u00a0<\/p>\n\n\n\n<h3 class=\"wp-block-heading\">\u00bfC\u00f3mo se producen los accidentes de gr\u00faa?<\/h3>\n\n\n\n<p>Las gr\u00faas visitan con frecuencia <a href=\"https:\/\/www.steinberglawfirm.com\/personal-injury\/auto-accidents\/\" target=\"_blank\" rel=\"noopener\">escenas de accidentes<\/a>donde el tr\u00e1fico ya se mueve de forma inesperada. Adem\u00e1s, las gr\u00faas suelen ser veh\u00edculos grandes y pesados con visibilidad reducida para los conductores, especialmente cuando remolcan otro veh\u00edculo.\u00a0<\/p>\n\n\n\n<p>Hard Hat Training, una empresa de formaci\u00f3n para futuros conductores de gr\u00faas, identifica cuatro retos que pueden aumentar el riesgo de accidente de una gr\u00faa:<\/p>\n\n\n\n<ul class=\"wp-block-list\">\n<li><strong>Condiciones ambientales. <\/strong>Los conductores de gr\u00faas trabajan a menudo en zonas que les son desconocidas, que est\u00e1n aisladas o que ofrecen poca o ninguna protecci\u00f3n contra el tr\u00e1fico que se aproxima y otros peligros. Estas condiciones pueden aumentar el riesgo de accidente de la gr\u00faa.&nbsp;<\/li>\n\n\n\n<li><strong>Need for Speed. <\/strong>Los conductores de gr\u00faas suelen tener poco tiempo para detenerse o evaluar una situaci\u00f3n antes de intervenir. La necesidad de llegar r\u00e1pidamente al lugar de los hechos y de mover r\u00e1pidamente un veh\u00edculo inutilizado crea una presi\u00f3n para actuar con rapidez, lo que puede aumentar el riesgo de accidentes.&nbsp;<\/li>\n\n\n\n<li><strong>Fatiga. <\/strong>Los conductores de gr\u00faas trabajan muchas horas, a menudo de noche. Su trabajo les exige estar constantemente alerta en la carretera, lo que significa que el cansancio puede desencadenar un accidente.&nbsp;<\/li>\n\n\n\n<li><strong>Estr\u00e9s. <\/strong>La fatiga, las largas jornadas de trabajo y la presi\u00f3n de trabajar con rapidez en condiciones desconocidas elevan los niveles de estr\u00e9s de los conductores de gr\u00faas. El estr\u00e9s elevado est\u00e1 vinculado a una peor toma de decisiones, a actuar por impulso y a otros comportamientos que pueden aumentar el riesgo de accidente.&nbsp;<\/li>\n<\/ul>\n\n\n\n<p>En la escena de un accidente, un choque de gr\u00faa puede ocurrir si:<\/p>\n\n\n\n<ul class=\"wp-block-list\">\n<li>Los conductores no reducen la velocidad ni se apartan para la gr\u00faa.&nbsp;<\/li>\n\n\n\n<li>Los conductores de gr\u00faas no pueden ver o no se fijan en el tr\u00e1fico que circula en sentido contrario antes de entrar o salir de los carriles de circulaci\u00f3n.<\/li>\n\n\n\n<li>El tama\u00f1o y el peso de las gr\u00faas provocan da\u00f1os importantes en caso de colisi\u00f3n con otro veh\u00edculo.<\/li>\n\n\n\n<li>El equipamiento de la gr\u00faa contiene defectos ocultos que provocan fallos, con el resultado de un accidente u otras lesiones graves.<\/li>\n<\/ul>\n\n\n\n<p>Otros factores tambi\u00e9n pueden causar o contribuir a un accidente de gr\u00faa. Cuando se produce un accidente, m\u00faltiples lesiones o <a href=\"https:\/\/www.steinberglawfirm.com\/personal-injury\/truck-accidents\/fatal-truck-accidents\/\" target=\"_blank\" rel=\"noopener\">pueden producirse muertes<\/a>.\u00a0\u00a0<\/p>\n\n\n\n<h3 class=\"wp-block-heading\">Accidentes y lesiones recientes con gr\u00faa en South Carolina<\/h3>\n\n\n\n<p>La Oficina de Estad\u00edsticas Laborales calcula que 1.280 conductores de gr\u00faa sufren <a href=\"https:\/\/www.steinberglawfirm.com\/workers-compensation\/\" target=\"_blank\" rel=\"noopener\">lesiones en el trabajo<\/a> anualmente. Las estad\u00edsticas de la Asociaci\u00f3n Americana del Autom\u00f3vil (AAA) revelan que, de media, un conductor de gr\u00faa muere en el trabajo cada seis d\u00edas en Estados Unidos.\u00a0<\/p>\n\n\n\n<p>Los accidentes recientes de gr\u00faas en South Carolina incluyen:<\/p>\n\n\n\n<ul class=\"wp-block-list\">\n<li>Un residente de Taylors, SC muri\u00f3 mientras cargaba un veh\u00edculo en una gr\u00faa en el lado de la I-85 cerca de Spartanburg.&nbsp;<\/li>\n\n\n\n<li>Un conductor de gr\u00faa de Lowcountry muri\u00f3 al ser <a href=\"https:\/\/www.steinberglawfirm.com\/personal-injury\/auto-accidents\/speeding-car-accidents\/\" target=\"_blank\" rel=\"noopener\">atropellado por un conductor con exceso de velocidad<\/a> en el James Island Connector en 2022.<\/li>\n\n\n\n<li>Un conductor de tractor-remolque muri\u00f3 despu\u00e9s de chocar con un cami\u00f3n de remolque en el condado de Lexington.<\/li>\n<\/ul>\n\n\n\n<p>Incluso los accidentes de gr\u00faa que no causan la muerte pueden dejar a una o m\u00e1s personas con lesiones graves. Estos sobrevivientes de accidentes merecen el apoyo y el asesoramiento de un <a href=\"https:\/\/www.steinberglawfirm.com\/blog\/why-you-need-a-lawyer-asap-after-a-trucking-accident\/\" target=\"_blank\" rel=\"noopener\">abogado especializado en accidentes de gr\u00faa South Carolina<\/a>.<\/p>\n\n\n\n<h3 class=\"wp-block-heading\">En busca de compensaci\u00f3n en un accidente de gr\u00faa South Carolina<\/h3>\n\n\n\n<p>Tras un accidente, tanto los conductores de gr\u00faas como otros conductores pueden sufrir lesiones graves. <a href=\"https:\/\/www.steinberglawfirm.com\/personal-injury\/truck-accidents\/back-injuries\/\" target=\"_blank\" rel=\"noopener\">Volver<\/a> y <a href=\"https:\/\/www.steinberglawfirm.com\/personal-injury\/truck-accidents\/neck-injury\/\" target=\"_blank\" rel=\"noopener\">lesiones cervicales<\/a>lesiones musculoesquel\u00e9ticas, <a href=\"https:\/\/www.steinberglawfirm.com\/personal-injury\/truck-accidents\/brain-injury\/\" target=\"_blank\" rel=\"noopener\">lesiones cerebrales traum\u00e1ticas<\/a>lesiones por aplastamiento y lesiones internas son todos resultados comunes de un accidente de gr\u00faa.\u00a0<\/p>\n\n\n\n<p>La indemnizaci\u00f3n tras un accidente de gr\u00faa se adapta a las p\u00e9rdidas sufridas en el accidente. Los tipos comunes de indemnizaci\u00f3n concedida en casos de accidente de gr\u00faa incluyen:<\/p>\n\n\n\n<ul class=\"wp-block-list\">\n<li>Facturas m\u00e9dicas, incluidas hospitalizaciones, intervenciones quir\u00fargicas, prescripci\u00f3n de medicamentos y otras necesidades m\u00e9dicas,<\/li>\n\n\n\n<li>Salarios perdidos si sus lesiones le impiden trabajar,&nbsp;<\/li>\n\n\n\n<li>Otras p\u00e9rdidas, como la reparaci\u00f3n o sustituci\u00f3n de un veh\u00edculo siniestrado,<\/li>\n\n\n\n<li>Indemnizaci\u00f3n por dolor y sufrimiento, p\u00e9rdida del disfrute de la vida y angustia mental y emocional.&nbsp;<\/li>\n<\/ul>\n\n\n\n<p><a href=\"https:\/\/www.steinberglawfirm.com\/results\/#auto-accidents\" target=\"_blank\" rel=\"noopener\">Indemnizaci\u00f3n por accidente de gr\u00faa<\/a> puede ser complejo. A menudo, estos casos implican no s\u00f3lo el conductor de la gr\u00faa y otra parte involucrada en el accidente en s\u00ed, sino tambi\u00e9n la empresa de remolque y m\u00faltiples compa\u00f1\u00edas de seguros. Luchar por una indemnizaci\u00f3n puede ser desalentador cuando ya est\u00e1s luchando por recuperarte de lesiones graves.\u00a0<\/p>\n\n\n\n<h2 class=\"wp-block-heading\">Hable hoy mismo con un abogado experto en accidentes de gr\u00faa Charleston<\/h2>\n\n\n\n<p>Si ha sufrido lesiones en una colisi\u00f3n con una gr\u00faa, no est\u00e1 solo. <a href=\"https:\/\/www.steinberglawfirm.com\/contact-us\/\" target=\"_blank\" rel=\"noopener\">Hable con<\/a> a la <a href=\"https:\/\/www.steinberglawfirm.com\/locations\/charleston\/truck-accident-lawyer\/\" target=\"_blank\" rel=\"noopener\">abogados expertos en accidentes de gr\u00faa Charleston<\/a> en el <a href=\"https:\/\/www.steinberglawfirm.com\/\" target=\"_blank\" rel=\"noopener\">Steinberg Law Firm<\/a> hoy mismo. Estamos aqu\u00ed para ayudarle a entender sus opciones y luchar por la compensaci\u00f3n que necesita.<\/p>","protected":false},"excerpt":{"rendered":"<p>South Carolina Tow Truck Accident Attorneys Experienced Charleston Injury Lawyers Help Our Clients Recover Compensation After a Tow Truck Injury Tow trucks are common sights at South Carolina accident scenes. La mayor\u00eda de la gente piensa en la gr\u00faa como parte del equipo que responde al accidente - no...<\/p>","protected":false},"author":1,"featured_media":30467,"parent":175,"menu_order":0,"comment_status":"closed","ping_status":"closed","template":"","meta":{"_acf_changed":false,"footnotes":""},"class_list":["post-30465","page","type-page","status-publish","has-post-thumbnail","hentry"],"acf":[],"_links":{"self":[{"href":"https:\/\/steinberglawfirm-staging.clmcloud.app\/es\/wp-json\/wp\/v2\/pages\/30465"}],"collection":[{"href":"https:\/\/steinberglawfirm-staging.clmcloud.app\/es\/wp-json\/wp\/v2\/pages"}],"about":[{"href":"https:\/\/steinberglawfirm-staging.clmcloud.app\/es\/wp-json\/wp\/v2\/types\/page"}],"author":[{"embeddable":true,"href":"https:\/\/steinberglawfirm-staging.clmcloud.app\/es\/wp-json\/wp\/v2\/users\/1"}],"replies":[{"embeddable":true,"href":"https:\/\/steinberglawfirm-staging.clmcloud.app\/es\/wp-json\/wp\/v2\/comments?post=30465"}],"version-history":[{"count":2,"href":"https:\/\/steinberglawfirm-staging.clmcloud.app\/es\/wp-json\/wp\/v2\/pages\/30465\/revisions"}],"predecessor-version":[{"id":30469,"href":"https:\/\/steinberglawfirm-staging.clmcloud.app\/es\/wp-json\/wp\/v2\/pages\/30465\/revisions\/30469"}],"up":[{"embeddable":true,"href":"https:\/\/steinberglawfirm-staging.clmcloud.app\/es\/wp-json\/wp\/v2\/pages\/175"}],"wp:featuredmedia":[{"embeddable":true,"href":"https:\/\/steinberglawfirm-staging.clmcloud.app\/es\/wp-json\/wp\/v2\/media\/30467"}],"wp:attachment":[{"href":"https:\/\/steinberglawfirm-staging.clmcloud.app\/es\/wp-json\/wp\/v2\/media?parent=30465"}],"curies":[{"name":"wp","href":"https:\/\/api.w.org\/{rel}","templated":true}]}}