{"id":30458,"date":"2024-01-31T23:55:18","date_gmt":"2024-01-31T23:55:18","guid":{"rendered":"https:\/\/www.steinberglawfirm.com\/?page_id=30458"},"modified":"2024-01-31T23:55:20","modified_gmt":"2024-01-31T23:55:20","slug":"instacart-delivery-injury-attorneys","status":"publish","type":"page","link":"https:\/\/steinberglawfirm-staging.clmcloud.app\/es\/indemnizacion-de-los-trabajadores\/instacart-entrega-abogados-de-lesiones\/","title":{"rendered":"South Carolina Instacart Entrega Abogados de lesiones"},"content":{"rendered":"<h1 class=\"wp-block-heading\">South Carolina Instacart Entrega Abogados de lesiones<\/h1>\n\n\n\n<h2 class=\"wp-block-heading\"><em>Charleston bufete de abogados para los trabajadores lesionados Gig y entrega<\/em><\/h2>\n\n\n\n<p>El panorama legal para los trabajadores lesionados de Instacart en South Carolina presenta un terreno complejo y en evoluci\u00f3n. A medida que se expande la econom\u00eda gig, tambi\u00e9n lo hacen los desaf\u00edos legales asociados con los derechos de los trabajadores y la compensaci\u00f3n. Desde 2012, se han completado un total de 900 millones de pedidos, y los compradores de Instacart han ganado m\u00e1s de $15 mil millones hasta junio de 2023.&nbsp;<br><br>Instacart, una popular plataforma de entrega de comestibles, depende en gran medida de contratistas independientes para cumplir con los pedidos de los clientes. Esta clasificaci\u00f3n suele plantear dudas sobre el alcance de la protecci\u00f3n y las prestaciones de que disponen los trabajadores si sufren lesiones graves.<\/p>\n\n\n\n<p>Si usted o alguien que usted conoce ha sufrido lesiones mientras trabajaba para Instacart, usted debe consultar con un <a href=\"https:\/\/www.steinberglawfirm.com\/personal-injury\/personal-injury-lawyers\/\" target=\"_blank\" rel=\"noopener\">experiencia en lesiones personales<\/a> y <a href=\"https:\/\/www.steinberglawfirm.com\/workers-compensation\/\" target=\"_blank\" rel=\"noopener\">abogado de compensaci\u00f3n de trabajadores<\/a> en el Steinberg Law Firm. Los abogados de nuestro equipo tienen un amplio conocimiento de los diversos estatutos, reglamentos y factores procesales que pueden afectar a su recuperaci\u00f3n. <a href=\"tel:1-843-720-2800\">P\u00f3ngase en contacto con nuestra oficina en el (843) 720-2800<\/a> para programar una <a href=\"https:\/\/www.steinberglawfirm.com\/free-consultation\/\" target=\"_blank\" rel=\"noopener\">consulta inicial gratuita<\/a> con un abogado de accidentes de Instacart de nuestro equipo.\u00a0<\/p>\n\n\n\n<h3 class=\"wp-block-heading\">Indemnizaci\u00f3n de los trabajadores de Instacart<\/h3>\n\n\n\n<p>En el caso South Carolina, los trabajadores lesionados de Instacart pueden interponer diversos recursos para hacer frente a sus lesiones y p\u00e9rdidas. Los recursos espec\u00edficos disponibles pueden depender de factores tales como la situaci\u00f3n laboral del trabajador, la naturaleza de la lesi\u00f3n y las circunstancias que rodearon el incidente.&nbsp;<\/p>\n\n\n\n<p>Si un trabajador lesionado de Instacart est\u00e1 clasificado como empleado y no como contratista independiente, puede ser elegible para recibir beneficios de compensaci\u00f3n laboral. Aunque algunos estados han impulsado iniciativas para proporcionar a los trabajadores gig con ciertos beneficios sin clasificarlos como empleados, en su forma actual, los trabajadores Instacart se clasifican principalmente como contratistas independientes. Como tal, si Instacart contin\u00faa clasificando a sus trabajadores en South Carolina como contratistas independientes, es posible que no sean elegibles para los beneficios de compensaci\u00f3n de trabajadores tradicionales a trav\u00e9s de Instacart.<\/p>\n\n\n\n<p>Sin embargo, es importante tener en cuenta que la clasificaci\u00f3n de los trabajadores es compleja y que a veces se clasifican err\u00f3neamente. Si usted cree que ha sido clasificado err\u00f3neamente como contratista independiente cuando deber\u00eda ser considerado empleado, puede tener motivos legales para impugnar esa clasificaci\u00f3n y solicitar prestaciones de indemnizaci\u00f3n por accidente de trabajo. Para ello, a menudo se requiere asistencia jur\u00eddica. En <a href=\"https:\/\/www.steinberglawfirm.com\/attorney\/\" target=\"_blank\" rel=\"noopener\">abogados de indemnizaci\u00f3n por accidente de trabajo en Steinberg Law Firm<\/a> puede ayudarle a determinar si tiene o no prestaciones que reclamar.\u00a0<\/p>\n\n\n\n<h3 class=\"wp-block-heading\">Reclamaciones por da\u00f1os personales tras una lesi\u00f3n en Instacart\u00a0<\/h3>\n\n\n\n<p>Los trabajadores de Instacart que sufran lesiones durante el transcurso de su empleo pueden tener la opci\u00f3n de <a href=\"https:\/\/www.steinberglawfirm.com\/locations\/charleston\/personal-injury-lawyers\/\" target=\"_blank\" rel=\"noopener\">presentar una reclamaci\u00f3n por da\u00f1os personales<\/a>. Los siguientes son tipos de escenarios en los que un comprador Instacart puede sufrir una lesi\u00f3n grave cuando est\u00e1n completando las entregas de la tienda:<\/p>\n\n\n\n<h4 class=\"wp-block-heading\">Accidentes de tr\u00e1fico<\/h4>\n\n\n\n<p>Uno de los escenarios m\u00e1s comunes que se plantean a los trabajadores de Instacart es en caso de accidente de tr\u00e1fico. Si un comprador de Instacart se <a href=\"https:\/\/www.steinberglawfirm.com\/personal-injury\/auto-accidents\/\" target=\"_blank\" rel=\"noopener\">involucrado en un accidente de coche<\/a> en la autopista o en una carretera local, y se produjo debido a la negligencia de otro conductor, pueden tener motivos para presentar una demanda por lesiones personales contra la compa\u00f1\u00eda de seguros del conductor culpable. Esto puede incluir la b\u00fasqueda de una indemnizaci\u00f3n por gastos m\u00e9dicos, salarios perdidos y dolor y sufrimiento.<\/p>\n\n\n\n<h4 class=\"wp-block-heading\">Responsabilidad de los locales<\/h4>\n\n\n\n<p>Los compradores de Instacart entran con frecuencia en tiendas de comestibles y de conveniencia para hacer compras para los clientes. Tambi\u00e9n visitan propiedades privadas, como casas, apartamentos o negocios de clientes, para completar sus entregas. Si se produce una lesi\u00f3n debido a condiciones peligrosas en la tienda, como un <a href=\"https:\/\/www.steinberglawfirm.com\/personal-injury\/premises-liability\/slip-and-fall\/\" target=\"_blank\" rel=\"noopener\">accidente por resbal\u00f3n y ca\u00edda<\/a> causada por un suelo mojado o un pavimento irregular, el trabajador lesionado puede tener una <a href=\"https:\/\/www.steinberglawfirm.com\/personal-injury\/premises-liability\/\" target=\"_blank\" rel=\"noopener\">reclamaci\u00f3n por responsabilidad de los locales<\/a> contra el propietario o el gestor de la propiedad. Los propietarios tienen la obligaci\u00f3n de mantener unas condiciones seguras para los visitantes.<\/p>\n\n\n\n<h4 class=\"wp-block-heading\">Agresi\u00f3n o actos delictivos<\/h4>\n\n\n\n<p>Si un trabajador de Instacart es el <a href=\"https:\/\/www.steinberglawfirm.com\/workers-compensation\/workplace-violence\/\" target=\"_blank\" rel=\"noopener\">v\u00edctima de una agresi\u00f3n<\/a>Si un trabajador es v\u00edctima de un robo, hurto u otro acto delictivo cometido por un tercero en el trabajo, puede tener motivos para presentar una demanda por negligencia de terceros. Los propietarios de los inmuebles o las empresas donde se produjo el incidente podr\u00edan ser considerados responsables si su negligencia contribuy\u00f3 al acto delictivo, como medidas de seguridad inadecuadas.<\/p>\n\n\n\n<h4 class=\"wp-block-heading\">Responsabilidad por alcoholismo<\/h4>\n\n\n\n<p>En caso de que un trabajador de Instacart resulte herido por un individuo intoxicado, <a href=\"https:\/\/www.steinberglawfirm.com\/personal-injury\/auto-accidents\/drunk-driving-accident\/\" target=\"_blank\" rel=\"noopener\">como un conductor ebrio<\/a>South Carolina, pueden entrar en juego las leyes de alcoholemia. Estas leyes permiten a los perjudicados <a href=\"https:\/\/www.steinberglawfirm.com\/blog\/bars-restaurants-may-be-liable-for-drunk-driving-crashes\/\" target=\"_blank\" rel=\"noopener\">reclamar a los establecimientos<\/a>Los delitos relacionados con el alcohol, como bares o restaurantes, que sirvieron alcohol a personas que posteriormente causaron da\u00f1os debido a su intoxicaci\u00f3n.<\/p>\n\n\n\n<p>Es fundamental <a href=\"https:\/\/www.steinberglawfirm.com\/contact-us\/\" target=\"_blank\" rel=\"noopener\">consultar con un abogado experto en South Carolina<\/a> especializado en derecho de lesiones personales para evaluar a fondo las circunstancias de su lesi\u00f3n y determinar la viabilidad de una reclamaci\u00f3n por negligencia de terceros. Algunos trabajadores han impugnado su clasificaci\u00f3n, argumentando que deber\u00edan ser considerados empleados con derecho a prestaciones de compensaci\u00f3n laboral.\u00a0<\/p>\n\n\n\n<p>Las leyes y reglamentos relacionados con la clasificaci\u00f3n de los trabajadores pueden variar, y las decisiones judiciales y los cambios legislativos pueden afectar a la situaci\u00f3n de los trabajadores y a su derecho a recibir prestaciones. Un abogado puede proporcionar orientaci\u00f3n a medida, investigar el incidente, recopilar pruebas y abogar en su nombre para maximizar la indemnizaci\u00f3n a la que puede tener derecho en virtud de la ley.<\/p>\n\n\n\n<h2 class=\"wp-block-heading\">\u00bfHa sufrido lesiones en un accidente de tr\u00e1fico como conductor de Instacart?<\/h2>\n\n\n\n<p>Si usted fue herido recientemente en un accidente de coche Instacart, el <a href=\"https:\/\/www.steinberglawfirm.com\/locations\/charleston\/workers-compensation-lawyers\/\" target=\"_blank\" rel=\"noopener\">abogados especializados en accidentes laborales Charleston<\/a> del Steinberg Law Firm puede ayudarle a conocer sus derechos y a reclamar una indemnizaci\u00f3n. En el <a href=\"https:\/\/www.steinberglawfirm.com\/\" target=\"_blank\" rel=\"noopener\">Steinberg Law Firm<\/a>Contamos con m\u00e1s de 95 a\u00f1os de experiencia en la gesti\u00f3n de <a href=\"https:\/\/www.steinberglawfirm.com\/personal-injury\/\" target=\"_blank\" rel=\"noopener\">todos los tipos<\/a> de compensaci\u00f3n laboral y casos de lesiones personales en nombre de los trabajadores lesionados. Nos enorgullecemos de conectar a nuestros clientes con una compensaci\u00f3n justa por lo que han pasado, lo que puede ayudarles a seguir adelante con sus vidas despu\u00e9s de un accidente. Durante la \u00faltima d\u00e9cada, hemos <a href=\"https:\/\/www.steinberglawfirm.com\/results\/\" target=\"_blank\" rel=\"noopener\">recuper\u00f3 m\u00e1s de $800 millones<\/a> en nombre de nuestros clientes. Para m\u00e1s informaci\u00f3n, llame al Steinberg Law Firm <a href=\"tel:1-843-720-2800\">llame al 843-720-2800<\/a>. Tambi\u00e9n puede ponerse en contacto con nosotros a trav\u00e9s de <a href=\"https:\/\/www.steinberglawfirm.com\/contact-us\/\" target=\"_blank\" rel=\"noopener\">formulario de contacto en l\u00ednea<\/a>.<\/p>","protected":false},"excerpt":{"rendered":"<p>South Carolina Instacart Delivery Injury Attorneys Charleston Law Firm For Injured Gig and Delivery Workers El panorama legal para los trabajadores lesionados de Instacart en South Carolina presenta un terreno complejo y en evoluci\u00f3n. A medida que la econom\u00eda gig se expande, tambi\u00e9n lo hacen los desaf\u00edos legales asociados con los derechos y la compensaci\u00f3n de los trabajadores. Desde 2012, un total de 900 millones de pedidos...<\/p>","protected":false},"author":1,"featured_media":30461,"parent":8874,"menu_order":0,"comment_status":"closed","ping_status":"closed","template":"","meta":{"_acf_changed":false,"footnotes":""},"class_list":["post-30458","page","type-page","status-publish","has-post-thumbnail","hentry"],"acf":[],"_links":{"self":[{"href":"https:\/\/steinberglawfirm-staging.clmcloud.app\/es\/wp-json\/wp\/v2\/pages\/30458"}],"collection":[{"href":"https:\/\/steinberglawfirm-staging.clmcloud.app\/es\/wp-json\/wp\/v2\/pages"}],"about":[{"href":"https:\/\/steinberglawfirm-staging.clmcloud.app\/es\/wp-json\/wp\/v2\/types\/page"}],"author":[{"embeddable":true,"href":"https:\/\/steinberglawfirm-staging.clmcloud.app\/es\/wp-json\/wp\/v2\/users\/1"}],"replies":[{"embeddable":true,"href":"https:\/\/steinberglawfirm-staging.clmcloud.app\/es\/wp-json\/wp\/v2\/comments?post=30458"}],"version-history":[{"count":3,"href":"https:\/\/steinberglawfirm-staging.clmcloud.app\/es\/wp-json\/wp\/v2\/pages\/30458\/revisions"}],"predecessor-version":[{"id":30463,"href":"https:\/\/steinberglawfirm-staging.clmcloud.app\/es\/wp-json\/wp\/v2\/pages\/30458\/revisions\/30463"}],"up":[{"embeddable":true,"href":"https:\/\/steinberglawfirm-staging.clmcloud.app\/es\/wp-json\/wp\/v2\/pages\/8874"}],"wp:featuredmedia":[{"embeddable":true,"href":"https:\/\/steinberglawfirm-staging.clmcloud.app\/es\/wp-json\/wp\/v2\/media\/30461"}],"wp:attachment":[{"href":"https:\/\/steinberglawfirm-staging.clmcloud.app\/es\/wp-json\/wp\/v2\/media?parent=30458"}],"curies":[{"name":"wp","href":"https:\/\/api.w.org\/{rel}","templated":true}]}}