{"id":30421,"date":"2024-01-26T22:13:14","date_gmt":"2024-01-26T22:13:14","guid":{"rendered":"https:\/\/www.steinberglawfirm.com\/?page_id=30421"},"modified":"2024-01-26T22:13:17","modified_gmt":"2024-01-26T22:13:17","slug":"amazon-warehouse-worker-injury-attorneys","status":"publish","type":"page","link":"https:\/\/steinberglawfirm-staging.clmcloud.app\/es\/indemnizacion-de-los-trabajadores\/warehouse-injury-lawyers\/amazon-almacen-trabajador-lesiones-abogados\/","title":{"rendered":"Abogados de lesiones de trabajadores de almac\u00e9n de Amazon"},"content":{"rendered":"<h1 class=\"wp-block-heading\">South Carolina Abogados de lesiones de trabajadores de almac\u00e9n de Amazon<\/h1>\n\n\n\n<h2 class=\"wp-block-heading\"><em>Workers' Compensation Law Firm Sirviendo Charleston, SC<\/em><\/h2>\n\n\n\n<p>Las leyes de indemnizaci\u00f3n de los trabajadores en South Carolina desempe\u00f1an un papel fundamental en la salvaguardia de los derechos y el bienestar de los trabajadores. <a href=\"https:\/\/www.steinberglawfirm.com\/workers-compensation\/warehouse-injury-lawyers\/\" target=\"_blank\" rel=\"noopener\">Empleados de almac\u00e9n de Amazon que pueden sufrir lesiones en el trabajo<\/a>. La Comisi\u00f3n de Indemnizaci\u00f3n de los Trabajadores South Carolina (SCWCC) supervisa este sistema, destinado a proporcionar ayuda econ\u00f3mica y prestaciones m\u00e9dicas a los trabajadores lesionados durante su empleo.\u00a0<\/p>\n\n\n\n<p>El <a href=\"https:\/\/www.steinberglawfirm.com\/workers-compensation\/\" target=\"_blank\" rel=\"noopener\">los mejores abogados Charleston, South Carolina, Indemnizaci\u00f3n por accidente laboral<\/a> en el <a href=\"https:\/\/www.steinberglawfirm.com\/\" target=\"_blank\" rel=\"noopener\">Steinberg Law Firm<\/a> tienen una amplia experiencia en estos complejos casos de lesiones en almacenes de Amazon. El <a href=\"https:\/\/www.steinberglawfirm.com\/attorney\/\" target=\"_blank\" rel=\"noopener\">abogados en nuestra oficina<\/a> tienen un largo historial de proteger con \u00e9xito a los trabajadores de posibles disputas con los empleadores o las compa\u00f1\u00edas de seguros, al tiempo que maximizan la indemnizaci\u00f3n a la que da derecho la ley. Si usted o alguien que conoce ha sufrido lesiones mientras trabajaba en un almac\u00e9n de Amazon, <a href=\"tel:1-843-720-2800\">p\u00f3ngase en contacto con nuestra oficina en el (843) 720-2800<\/a> para conocer sus derechos y recursos.\u00a0<\/p>\n\n\n\n<h3 class=\"wp-block-heading\">Lesiones en el almac\u00e9n de Amazon en South Carolina&nbsp;<\/h3>\n\n\n\n<p>Amazon ha anunciado sus planes de contratar a 250.000 personas en todo Estados Unidos para puestos a tiempo completo, de temporada y a tiempo parcial dentro de su red operativa. Solo en South Carolina, la empresa tiene previsto contratar a m\u00e1s de 1.700 personas. Los datos m\u00e1s recientes sugieren que habr\u00e1 unos 7 almacenes y centros de clasificaci\u00f3n de Amazon en South Carolina. Es probable que estos cambios previstos provoquen un aumento de las reclamaciones de indemnizaci\u00f3n de los trabajadores de Amazon. Por lo tanto, los empleados actuales de Amazon y cualquier persona que est\u00e9 considerando un puesto en la empresa deber\u00edan <a href=\"https:\/\/www.steinberglawfirm.com\/contact-us\/\" target=\"_blank\" rel=\"noopener\">consulte con un abogado<\/a> para saber c\u00f3mo las leyes de compensaci\u00f3n de los trabajadores del estado pueden afectar a su recuperaci\u00f3n en caso de una lesi\u00f3n relacionada con el trabajo.<\/p>\n\n\n\n<h3 class=\"wp-block-heading\">\u00bfCubre la indemnizaci\u00f3n por accidentes laborales a los trabajadores de Amazon en South Carolina?<\/h3>\n\n\n\n<p>La indemnizaci\u00f3n por accidente laboral es crucial para el empleo, sobre todo en entornos de alto riesgo como los almacenes de Amazon. Este programa de seguros proporciona ayuda econ\u00f3mica a los empleados que sufren lesiones o enfermedades relacionadas con sus funciones laborales. El potencial de lesiones laborales es significativo en el contexto de los almacenes de Amazon, donde los empleados suelen realizar tareas f\u00edsicamente exigentes.<\/p>\n\n\n\n<p>Cuando un trabajador de un almac\u00e9n de Amazon sufre una lesi\u00f3n durante su turno de trabajo, tiene derecho a recibir una indemnizaci\u00f3n. Estas prestaciones suelen cubrir los gastos m\u00e9dicos, los costes de rehabilitaci\u00f3n y una parte de los salarios perdidos durante el periodo de recuperaci\u00f3n. Tanto los empleados como los empresarios deben conocer el proceso de indemnizaci\u00f3n por accidente laboral, lo que incluye informar de las lesiones con prontitud y buscar el tratamiento m\u00e9dico necesario.<\/p>\n\n\n\n<p>La indemnizaci\u00f3n por accidente laboral protege el bienestar de los empleados de los almacenes de Amazon y garantiza que empresas como Amazon cumplan sus obligaciones legales de proporcionar un entorno de trabajo seguro. Comprender los conceptos b\u00e1sicos de la indemnizaci\u00f3n por accidente laboral es vital para que todas las partes implicadas puedan gestionar las lesiones laborales de forma eficaz.<\/p>\n\n\n\n<h3 class=\"wp-block-heading\">Tipos de accidentes en almacenes de Amazon que pueden ocurrir<\/h3>\n\n\n\n<p>Desafortunadamente, los almacenes de Amazon, conocidos por su entorno de trabajo r\u00e1pido y exigente, ven una serie de lesiones entre sus empleados. Aunque la empresa ha implementado medidas de seguridad, las lesiones a\u00fan pueden ocurrir, incluyendo las siguientes:<\/p>\n\n\n\n<h4 class=\"wp-block-heading\">Lesiones musculoesquel\u00e9ticas<\/h4>\n\n\n\n<p>\u00c9stas son algunas de las lesiones m\u00e1s frecuentes entre los trabajadores de Amazon debido a la naturaleza f\u00edsicamente exigente del trabajo. Los empleados realizan a menudo movimientos repetitivos, levantan paquetes pesados y caminan o permanecen de pie durante largos periodos. Esto puede provocar afecciones como esguinces, distensiones y fatiga muscular. Los trabajadores pueden sufrir <a href=\"https:\/\/www.steinberglawfirm.com\/workers-compensation\/workers-compensation-for-an-employee-who-suffers-a-back-injury-at-work\/\" target=\"_blank\" rel=\"noopener\">volver<\/a>lesiones de hombro o rodilla.<\/p>\n\n\n\n<h4 class=\"wp-block-heading\">Resbalones, tropezones y ca\u00eddas<\/h4>\n\n\n\n<p>El entorno acelerado y la presencia de cintas transportadoras, equipos y suelos mojados aumentan el riesgo de <a href=\"https:\/\/www.steinberglawfirm.com\/personal-injury\/premises-liability\/slip-and-fall\/\" target=\"_blank\" rel=\"noopener\">accidentes por resbalones y ca\u00eddas<\/a>. Los trabajadores pueden resbalar con l\u00edquidos derramados o tropezar con obst\u00e1culos, lo que puede provocar fracturas, esguinces o lesiones en la cabeza.<\/p>\n\n\n\n<h4 class=\"wp-block-heading\">Accidentes con carretillas elevadoras<\/h4>\n\n\n\n<p>Los almacenes de Amazon utilizan carretillas elevadoras y otra maquinaria para mover las mercanc\u00edas. Los accidentes con carretillas elevadoras pueden provocar lesiones graves o incluso la muerte. Las carretillas elevadoras pueden golpear a los trabajadores, o pueden producirse incidentes cuando los operadores pierden el control.<\/p>\n\n\n\n<h4 class=\"wp-block-heading\">Ca\u00edda de objetos<\/h4>\n\n\n\n<p>En un almac\u00e9n bullicioso con productos apilados en estanter\u00edas, es probable que caigan objetos y golpeen a los trabajadores. Esto puede causar lesiones graves en la cabeza, conmociones cerebrales o fracturas.<\/p>\n\n\n\n<h4 class=\"wp-block-heading\">Lesiones por estr\u00e9s repetitivo<\/h4>\n\n\n\n<p>Las tareas repetitivas de recogida, embalaje y clasificaci\u00f3n pueden provocar afecciones como el s\u00edndrome del t\u00fanel carpiano. Los trabajadores pueden experimentar entumecimiento, dolor o debilidad en las mu\u00f1ecas y las manos.<\/p>\n\n\n\n<h4 class=\"wp-block-heading\">Enfermedades relacionadas con el calor<\/h4>\n\n\n\n<p>En regiones de clima c\u00e1lido o durante el verano, los trabajadores de los almacenes pueden sufrir enfermedades relacionadas con el calor, como agotamiento o insolaci\u00f3n. Amazon ha recibido cr\u00edticas por las insuficientes medidas de refrigeraci\u00f3n en algunos de sus almacenes.<\/p>\n\n\n\n<h4 class=\"wp-block-heading\">Exposici\u00f3n qu\u00edmica<\/h4>\n\n\n\n<p>Los almacenes pueden guardar una gran variedad de productos, incluidos productos qu\u00edmicos. La exposici\u00f3n accidental a sustancias peligrosas puede provocar quemaduras qu\u00edmicas, problemas respiratorios u otros problemas de salud.<\/p>\n\n\n\n<h4 class=\"wp-block-heading\">Formaci\u00f3n inadecuada<\/h4>\n\n\n\n<p>La falta de formaci\u00f3n adecuada puede provocar accidentes. Es posible que los trabajadores no sepan utilizar los equipos de forma segura o desconozcan las t\u00e9cnicas de elevaci\u00f3n adecuadas, lo que aumenta el riesgo de lesiones.<\/p>\n\n\n\n<h4 class=\"wp-block-heading\">Sobreesfuerzo<\/h4>\n\n\n\n<p>La presi\u00f3n por cumplir cuotas exigentes y plazos de entrega ajustados puede provocar lesiones por sobreesfuerzo. Los trabajadores pueden esforzarse demasiado, lo que provoca fatiga, lesiones musculares o desmayos.<\/p>\n\n\n\n<h4 class=\"wp-block-heading\">Accidentes de transporte<\/h4>\n\n\n\n<p><a href=\"https:\/\/www.steinberglawfirm.com\/locations\/charleston\/workers-compensation-lawyers\/delivery-driver-accident-lawyers\/\" target=\"_blank\" rel=\"noopener\">Conductores de reparto<\/a>que a menudo trabajan para proveedores de servicios de reparto de Amazon, corren el riesgo de sufrir accidentes mientras conducen para entregar paquetes. <a href=\"https:\/\/www.steinberglawfirm.com\/personal-injury\/auto-accidents\/\" target=\"_blank\" rel=\"noopener\">Colisiones de tr\u00e1fico<\/a> puede provocar diversas lesiones, como latigazo cervical, fracturas o traumatismos m\u00e1s graves.\u00a0<\/p>\n\n\n\n<p>Amazon ha tomado medidas para abordar estos problemas, como el aumento de la automatizaci\u00f3n para reducir la necesidad de levantar objetos pesados, la mejora de la formaci\u00f3n en seguridad y la aplicaci\u00f3n de protocolos de seguridad. Sin embargo, la vigilancia continua y la inversi\u00f3n en medidas de seguridad son esenciales para minimizar estas lesiones y proteger el bienestar de los trabajadores de almac\u00e9n de Amazon. Un abogado puede guiar a los trabajadores lesionados a trav\u00e9s del papeleo, el proceso de apelaci\u00f3n y las posibles acciones legales si es necesario, asegurando que sus derechos sean defendidos y su recuperaci\u00f3n sea prioritaria.<\/p>\n\n\n\n<h2 class=\"wp-block-heading\">\u00bfHa sufrido una lesi\u00f3n como trabajador de un almac\u00e9n de Amazon?<\/h2>\n\n\n\n<p>Si eres trabajador de un almac\u00e9n de Amazon y te has lesionado recientemente en un accidente laboral, es posible que tengas derecho a prestaciones de indemnizaci\u00f3n por accidente laboral. En <a href=\"https:\/\/www.steinberglawfirm.com\/attorney\/\" target=\"_blank\" rel=\"noopener\">abogados especializados en accidentes de trabajo Charleston en el Steinberg Law Firm<\/a> han estado sirviendo a los trabajadores lesionados por m\u00e1s de 95 a\u00f1os. Hemos manejado con \u00e9xito todo tipo de reclamaciones, incluidas las derivadas de <a href=\"https:\/\/www.steinberglawfirm.com\/workers-compensation\/warehouse-injury-lawyers\/\" target=\"_blank\" rel=\"noopener\">lesiones de los trabajadores del almac\u00e9n<\/a>. Para saber m\u00e1s y <a href=\"https:\/\/www.steinberglawfirm.com\/free-consultation\/\" target=\"_blank\" rel=\"noopener\">programar una consulta gratuita<\/a> hoy, llame al Steinberg Law Firm al <a href=\"tel:1-843-720-2800\">843-720-2800<\/a>. Tambi\u00e9n puede ponerse en contacto con nosotros a trav\u00e9s de <a href=\"https:\/\/www.steinberglawfirm.com\/contact-us\/\" target=\"_blank\" rel=\"noopener\">formulario de contacto seguro en l\u00ednea<\/a>.<\/p>","protected":false},"excerpt":{"rendered":"<p>South Carolina Amazon Warehouse Worker Injury Attorneys Workers' Compensation Law Firm Serving Charleston, SC Las leyes de compensaci\u00f3n de los trabajadores en South Carolina juegan un papel cr\u00edtico en la salvaguardia de los derechos y el bienestar de los empleados de almac\u00e9n de Amazon que pueden encontrarse con lesiones en el trabajo. La Comisi\u00f3n de Compensaci\u00f3n de Trabajadores de South Carolina (SCWCC) supervisa este sistema,...<\/p>","protected":false},"author":1,"featured_media":30423,"parent":15571,"menu_order":0,"comment_status":"closed","ping_status":"closed","template":"","meta":{"_acf_changed":false,"footnotes":""},"class_list":["post-30421","page","type-page","status-publish","has-post-thumbnail","hentry"],"acf":[],"_links":{"self":[{"href":"https:\/\/steinberglawfirm-staging.clmcloud.app\/es\/wp-json\/wp\/v2\/pages\/30421"}],"collection":[{"href":"https:\/\/steinberglawfirm-staging.clmcloud.app\/es\/wp-json\/wp\/v2\/pages"}],"about":[{"href":"https:\/\/steinberglawfirm-staging.clmcloud.app\/es\/wp-json\/wp\/v2\/types\/page"}],"author":[{"embeddable":true,"href":"https:\/\/steinberglawfirm-staging.clmcloud.app\/es\/wp-json\/wp\/v2\/users\/1"}],"replies":[{"embeddable":true,"href":"https:\/\/steinberglawfirm-staging.clmcloud.app\/es\/wp-json\/wp\/v2\/comments?post=30421"}],"version-history":[{"count":2,"href":"https:\/\/steinberglawfirm-staging.clmcloud.app\/es\/wp-json\/wp\/v2\/pages\/30421\/revisions"}],"predecessor-version":[{"id":30425,"href":"https:\/\/steinberglawfirm-staging.clmcloud.app\/es\/wp-json\/wp\/v2\/pages\/30421\/revisions\/30425"}],"up":[{"embeddable":true,"href":"https:\/\/steinberglawfirm-staging.clmcloud.app\/es\/wp-json\/wp\/v2\/pages\/15571"}],"wp:featuredmedia":[{"embeddable":true,"href":"https:\/\/steinberglawfirm-staging.clmcloud.app\/es\/wp-json\/wp\/v2\/media\/30423"}],"wp:attachment":[{"href":"https:\/\/steinberglawfirm-staging.clmcloud.app\/es\/wp-json\/wp\/v2\/media?parent=30421"}],"curies":[{"name":"wp","href":"https:\/\/api.w.org\/{rel}","templated":true}]}}