{"id":30412,"date":"2024-01-26T21:53:05","date_gmt":"2024-01-26T21:53:05","guid":{"rendered":"https:\/\/www.steinberglawfirm.com\/?page_id=30412"},"modified":"2024-01-26T21:53:08","modified_gmt":"2024-01-26T21:53:08","slug":"delivery-driver-accident-lawyers","status":"publish","type":"page","link":"https:\/\/steinberglawfirm-staging.clmcloud.app\/es\/ubicaciones\/charleston\/abogados-especializados-en-indemnizaciones-laborales-2\/abogados-de-accidentes-de-conductores-de-reparto\/","title":{"rendered":"Charleston, South Carolina Accidentes de repartidores"},"content":{"rendered":"<h1 class=\"wp-block-heading\">Charleston, South Carolina Abogados de accidentes de conductores de reparto<\/h1>\n\n\n\n<p>Mientras que los accidentes de trabajo pueden ocurrir de muchas maneras diferentes, el Departamento de Trabajo de EE.UU. inform\u00f3 que las estad\u00edsticas recientes indican que los accidentes de transporte fueron la principal causa de muertes en el lugar de trabajo. South Carolina Ley de Compensaci\u00f3n de Trabajadores tiene como objetivo proteger a los empleados lesionados en el trabajo, incluidos los conductores de entrega. La mayor\u00eda de las empresas con cuatro o m\u00e1s empleados deben proporcionar cobertura de seguro de compensaci\u00f3n a los trabajadores. Esta cobertura garantiza que los trabajadores reciban tratamiento m\u00e9dico y la reposici\u00f3n de su salario si sufren lesiones o enfermedades relacionadas con el trabajo.<\/p>\n\n\n\n<p><a href=\"https:\/\/www.steinberglawfirm.com\/workers-compensation\/\" target=\"_blank\" rel=\"noopener\">South Carolina casos de accidentes laborales<\/a> puede ser compleja, especialmente para los conductores de reparto, porque muchos empresarios clasifican a los conductores de reparto como \"contratistas independientes\" y no como empleados.<\/p>\n\n\n\n<p>Es esencial que <a href=\"https:\/\/www.steinberglawfirm.com\/contact-us\/\" target=\"_blank\" rel=\"noopener\">p\u00f3ngase en contacto con un abogado experto en indemnizaci\u00f3n por accidente laboral South Carolina<\/a> para garantizarle la indemnizaci\u00f3n que merece. En <a href=\"https:\/\/www.steinberglawfirm.com\/workers-compensation\/delivery-worker-injury\/\" target=\"_blank\" rel=\"noopener\">Charleston repartidor accidente abogados en el Steinberg Law Firm<\/a> tienen a\u00f1os de experiencia representando con \u00e9xito a trabajadores South Carolina en sus reclamaciones de indemnizaci\u00f3n por accidente laboral. <a href=\"tel:1-843-720-2800\">P\u00f3ngase en contacto con nuestra oficina en el 843-720-2800<\/a> para programar una consulta inicial gratuita para discutir su compensaci\u00f3n a los trabajadores reclamaci\u00f3n de accidente de coche.\u00a0<\/p>\n\n\n\n<h3 class=\"wp-block-heading\">South Carolina Prestaciones por accidentes de trabajo&nbsp;<\/h3>\n\n\n\n<p>Las prestaciones de compensaci\u00f3n a los trabajadores de South Carolina proporcionan un apoyo esencial a los empleados conductores de reparto que sufren lesiones o enfermedades en el lugar de trabajo. Estas prestaciones est\u00e1n dise\u00f1adas para garantizar que los conductores lesionados reciban la atenci\u00f3n m\u00e9dica y la ayuda econ\u00f3mica adecuadas mientras se recuperan o se adaptan a la vida con una discapacidad.&nbsp;<\/p>\n\n\n\n<h4 class=\"wp-block-heading\">Tratamiento m\u00e9dico<\/h4>\n\n\n\n<p>En South Carolina, la indemnizaci\u00f3n por accidente de trabajo cubre todos los gastos m\u00e9dicos necesarios relacionados con una lesi\u00f3n o enfermedad laboral. Esto incluye visitas al m\u00e9dico, intervenciones quir\u00fargicas, medicamentos, rehabilitaci\u00f3n y otros tratamientos m\u00e9dicos. El trabajador lesionado no suele tener que pagar de su bolsillo estos gastos m\u00e9dicos.<\/p>\n\n\n\n<h4 class=\"wp-block-heading\">Incapacidad permanente parcial (IPP)<\/h4>\n\n\n\n<p>En los casos en que la lesi\u00f3n provoque una incapacidad permanente, los trabajadores pueden recibir <a href=\"https:\/\/www.steinberglawfirm.com\/faq\/faq-workers-compensation\/what-does-partial-disability-mean-under-south-carolinas-workers-compensation-law\/\" target=\"_blank\" rel=\"noopener\">Prestaciones PPD<\/a>. La cuant\u00eda var\u00eda en funci\u00f3n del tipo y el alcance de la incapacidad, y las directrices de la Comisi\u00f3n de Indemnizaci\u00f3n de los Trabajadores South Carolina determinan la indemnizaci\u00f3n. Los casos de lesiones permanentes presentan muchas complejidades, por lo que se recomienda encarecidamente el asesoramiento de un abogado con experiencia en compensaci\u00f3n de los trabajadores.\u00a0<\/p>\n\n\n\n<h4 class=\"wp-block-heading\">Incapacidad Temporal Total (ITT)<\/h4>\n\n\n\n<p>Si la lesi\u00f3n de un trabajador le impide temporalmente trabajar, puede tener derecho a <a href=\"https:\/\/www.steinberglawfirm.com\/faq\/faq-workers-compensation\/what-does-total-disability-mean-under-south-carolinas-workers-compensation-law\/\" target=\"_blank\" rel=\"noopener\">Prestaciones TTD<\/a>. Estas prestaciones sustituyen al salario, normalmente a raz\u00f3n de dos tercios del salario semanal medio del trabajador, hasta un m\u00e1ximo definido por el Estado.<\/p>\n\n\n\n<h4 class=\"wp-block-heading\">Prestaciones por defunci\u00f3n<\/h4>\n\n\n\n<p>Si un <a href=\"https:\/\/www.steinberglawfirm.com\/personal-injury\/wrongful-death\/\" target=\"_blank\" rel=\"noopener\">accidente laboral con resultado de muerte<\/a>, los supervivientes a cargo pueden tener derecho a prestaciones por defunci\u00f3n, incluida una indemnizaci\u00f3n por gastos funerarios y una ayuda econ\u00f3mica continuada.<\/p>\n\n\n\n<p>Estas prestaciones son administradas y supervisadas por la Comisi\u00f3n de Indemnizaci\u00f3n por Accidentes de Trabajo South Carolina, que garantiza el cumplimiento de las leyes y reglamentos estatales. Es esencial consultar con un abogado para comprender los detalles espec\u00edficos de las prestaciones y los criterios de elegibilidad, ya que pueden evolucionar.&nbsp;<\/p>\n\n\n\n<h3 class=\"wp-block-heading\">\u00bfPuede cobrar la indemnizaci\u00f3n por accidente de trabajo tras un accidente de tr\u00e1fico?<\/h3>\n\n\n\n<p>En South Carolina, las prestaciones de compensaci\u00f3n a los trabajadores se aplican generalmente a las lesiones y enfermedades que se producen en el curso del empleo, pero cobrar el seguro de compensaci\u00f3n a los trabajadores despu\u00e9s de un accidente de coche puede ser m\u00e1s complejo. La indemnizaci\u00f3n por accidente de trabajo suele cubrir las lesiones derivadas de actividades relacionadas con el trabajo, y aunque los desplazamientos al trabajo y de vuelta no suelen estar cubiertos, hay excepciones y matices a tener en cuenta.<\/p>\n\n\n\n<h4 class=\"wp-block-heading\">La regla de ir y venir<\/h4>\n\n\n\n<p>En virtud de la norma de \"ir y venir\", las lesiones sufridas durante los desplazamientos habituales al trabajo no suelen estar cubiertas por la indemnizaci\u00f3n por accidente de trabajo porque se consideran ajenas al \u00e1mbito laboral. Sin embargo, hay excepciones a esta regla. Si el empleado realiza un recado especial para la empresa o su trabajo le obliga a estar en la carretera, como un vendedor ambulante o un conductor de reparto, una lesi\u00f3n en un accidente de coche durante ese desplazamiento relacionado con el trabajo puede ser indemnizable.<\/p>\n\n\n\n<h4 class=\"wp-block-heading\">Empleados que viajan<\/h4>\n\n\n\n<p>South Carolina reconoce que algunos empleados, como los que no tienen un lugar de trabajo fijo o los que deben viajar mucho por su trabajo, tienen un \u00e1mbito laboral m\u00e1s amplio. En tales casos, las lesiones sufridas en un accidente de coche mientras se est\u00e1 en el trabajo o viajando por motivos laborales pueden dar derecho a prestaciones de compensaci\u00f3n de los trabajadores.<\/p>\n\n\n\n<h4 class=\"wp-block-heading\">Derivadas del empleo<\/h4>\n\n\n\n<p>Para tener derecho a las prestaciones de compensaci\u00f3n a los trabajadores tras un accidente de coche, la parte lesionada debe demostrar que la lesi\u00f3n \"surgi\u00f3 de\" y \"en el curso de\" su empleo. Esto significa que el accidente debe tener una relaci\u00f3n directa con sus obligaciones o requisitos laborales.<\/p>\n\n\n\n<p>Aunque el sistema de compensaci\u00f3n de los trabajadores de South Carolina cubre principalmente las lesiones directamente relacionadas con las actividades laborales, las excepciones y matices pueden permitir la compensaci\u00f3n en <a href=\"https:\/\/www.steinberglawfirm.com\/personal-injury\/auto-accidents\/\" target=\"_blank\" rel=\"noopener\">casos de accidentes de tr\u00e1fico<\/a> que impliquen viajes o tareas relacionadas con el trabajo.\u00a0<\/p>\n\n\n\n<h3 class=\"wp-block-heading\">Tipos de demandas de indemnizaci\u00f3n por accidente de trabajo South Carolina por accidente de tr\u00e1fico<\/h3>\n\n\n\n<p>La indemnizaci\u00f3n de los trabajadores suele aplicarse a los accidentes de tr\u00e1fico si el accidente se produce mientras el empleado realiza actividades o tareas relacionadas con el trabajo. Esto puede incluir situaciones en las que un empleado conduce un veh\u00edculo de la empresa, hace recados para su empleador o realiza viajes relacionados con el trabajo.<\/p>\n\n\n\n<h4 class=\"wp-block-heading\">Accidentes de repartidores<\/h4>\n\n\n\n<p>Imag\u00ednese a un conductor de reparto empleado por un restaurante en South Carolina. Una noche, mientras hace una entrega, sufre un accidente de tr\u00e1fico provocado por otro conductor que se salta un sem\u00e1foro en rojo. El conductor sufre lesiones, como latigazo cervical y fractura de mu\u00f1eca. Dado que el conductor realizaba tareas relacionadas con el trabajo durante el accidente, sus lesiones dan derecho a indemnizaci\u00f3n por accidente laboral. Puede solicitar indemnizaci\u00f3n por gastos m\u00e9dicos, incluido el coste del tratamiento de la fractura de mu\u00f1eca y el latigazo cervical, as\u00ed como prestaciones salariales mientras se recupera y no puede trabajar. Adem\u00e1s, si necesitan rehabilitaci\u00f3n profesional para volver al trabajo, la indemnizaci\u00f3n puede cubrir esos gastos.<\/p>\n\n\n\n<h4 class=\"wp-block-heading\">Representante de ventas Accidentes<\/h4>\n\n\n\n<p>Un comercial de una empresa de South Carolina debe viajar con frecuencia para reunirse con clientes. Mientras se dirige a la oficina de un cliente para una reuni\u00f3n de negocios, el representante es embestido por detr\u00e1s por otro veh\u00edculo, con el resultado de <a href=\"https:\/\/www.steinberglawfirm.com\/personal-injury\/auto-accidents\/back-injuries-from-car-accidents\/\" target=\"_blank\" rel=\"noopener\">espalda severa<\/a> y <a href=\"https:\/\/www.steinberglawfirm.com\/personal-injury\/auto-accidents\/neck-injuries-from-car-accidents\/\" target=\"_blank\" rel=\"noopener\">lesiones cervicales<\/a>. Estas lesiones requieren intervenci\u00f3n quir\u00fargica y una amplia rehabilitaci\u00f3n. El comercial no puede trabajar durante su recuperaci\u00f3n y las facturas m\u00e9dicas se acumulan. Como el accidente se produjo en el ejercicio de sus funciones laborales, puede presentar una demanda de indemnizaci\u00f3n por accidente de trabajo. Su reclamaci\u00f3n puede cubrir el coste de la cirug\u00eda, los tratamientos m\u00e9dicos y la rehabilitaci\u00f3n, y proporcionarle prestaciones salariales parciales hasta que pueda volver al trabajo. Adem\u00e1s, si las lesiones dan lugar a una incapacidad parcial permanente, pueden optar a prestaciones continuas en funci\u00f3n del alcance de su incapacidad.<\/p>\n\n\n\n<h3 class=\"wp-block-heading\">\u00bfDiscute su empresa la cobertura del seguro de accidentes de trabajo?<\/h3>\n\n\n\n<p>Cuando un empleador en South Carolina disputa la cobertura de compensaci\u00f3n de trabajadores, se inicia un proceso legal que puede tener implicaciones significativas para el trabajador lesionado. Si su empleador est\u00e1 disputando su elegibilidad para los beneficios de compensaci\u00f3n de trabajadores despu\u00e9s de un accidente de coche, es vital que usted <a href=\"https:\/\/www.steinberglawfirm.com\/contact-us\/\" target=\"_blank\" rel=\"noopener\">consulte con un abogado<\/a> para conocer sus derechos.\u00a0<\/p>\n\n\n\n<h4 class=\"wp-block-heading\">Mediaci\u00f3n<\/h4>\n\n\n\n<p>Las partes pueden optar por la mediaci\u00f3n si las negociaciones informales no dan resultado. En la mediaci\u00f3n interviene un tercero neutral que ayuda a facilitar las conversaciones y negociaciones entre el empresario y el trabajador lesionado. El objetivo es llegar a un acuerdo mutuamente aceptable. Contar con un <a href=\"https:\/\/www.steinberglawfirm.com\/attorney\/\" target=\"_blank\" rel=\"noopener\">abogado experto en indemnizaci\u00f3n laboral<\/a> representarle en la mediaci\u00f3n es imprescindible para obtener un resultado satisfactorio.\u00a0<\/p>\n\n\n\n<h4 class=\"wp-block-heading\">Audiencia formal<\/h4>\n\n\n\n<p>Si la mediaci\u00f3n no tiene \u00e9xito, el conflicto puede pasar a una audiencia formal ante la Comisi\u00f3n de Indemnizaci\u00f3n por Accidentes de Trabajo South Carolina. Ambas partes presentan pruebas, testimonios de testigos y argumentos en apoyo de sus posiciones durante la audiencia. A continuaci\u00f3n, el Comisionado toma una decisi\u00f3n basada en las pruebas presentadas.<\/p>\n\n\n\n<h4 class=\"wp-block-heading\">Procedimiento de recurso<\/h4>\n\n\n\n<p>Cualquiera de las partes puede recurrir la decisi\u00f3n de la Comisi\u00f3n si no est\u00e1 satisfecha con el resultado. El proceso de apelaci\u00f3n suele implicar al Tribunal de Apelaci\u00f3n South Carolina y, en algunos casos, al Tribunal Supremo South Carolina.<\/p>\n\n\n\n<p>En \u00faltima instancia, el litigio se resolver\u00e1 a trav\u00e9s de la negociaci\u00f3n, la mediaci\u00f3n, el proceso de audiencia formal o dar\u00e1 lugar a una decisi\u00f3n judicial si se recurre. El resultado puede implicar:<\/p>\n\n\n\n<ul class=\"wp-block-list\">\n<li>La concesi\u00f3n de prestaciones de compensaci\u00f3n a los trabajadores.<\/li>\n\n\n\n<li>La denegaci\u00f3n de la reclamaci\u00f3n.<\/li>\n\n\n\n<li>Una determinaci\u00f3n modificada de las prestaciones basada en las pruebas presentadas.<\/li>\n<\/ul>\n\n\n\n<p>A lo largo de este proceso, es crucial que un trabajador lesionado cuente con representaci\u00f3n legal. Un abogado con experiencia en compensaci\u00f3n de trabajadores Charleston puede proteger sus derechos, reunir pruebas y presentar un caso s\u00f3lido para asegurarse de que reciben los beneficios que merecen.&nbsp;<\/p>\n\n\n\n<h3 class=\"wp-block-heading\">\u00bfC\u00f3mo puede un abogado ayudar con Compensaci\u00f3n a los Trabajadores Reclamaci\u00f3n&nbsp;<\/h3>\n\n\n\n<p><a href=\"https:\/\/www.steinberglawfirm.com\/contact-us\/\" target=\"_blank\" rel=\"noopener\">Contrataci\u00f3n de un abogado<\/a> para ayudar con una reclamaci\u00f3n de indemnizaci\u00f3n de los trabajadores en South Carolina puede ser fundamental para asegurar que los trabajadores lesionados reciban los beneficios que merecen y navegar por el complejo proceso legal con eficacia. He aqu\u00ed c\u00f3mo un abogado puede ayudar:<\/p>\n\n\n\n<p><strong>Abogados especializados en indemnizaci\u00f3n por accidentes laborales<\/strong> conocen bien las complejas leyes y reglamentos del South Carolina. Pueden interpretar la ley y asesorarle sobre sus derechos, asegur\u00e1ndose de que recibe todas las prestaciones que le corresponden. Adem\u00e1s, los <a href=\"https:\/\/www.steinberglawfirm.com\/workers-compensation\/how-to-file-workers-compensation-claim-south-carolina\/\" target=\"_blank\" rel=\"noopener\">proceso de indemnizaci\u00f3n de los trabajadores<\/a> puede ser desalentador, ya que implica mucho papeleo, plazos estrictos y procedimientos complejos. Un abogado puede guiarle en cada paso, desde la presentaci\u00f3n inicial hasta la apelaci\u00f3n de una reclamaci\u00f3n denegada, asegur\u00e1ndose de que se cumplen todos los requisitos. Adem\u00e1s, los abogados con experiencia saben qu\u00e9 pruebas son necesarias para fundamentar su reclamaci\u00f3n. Pueden ayudarle a recopilar historiales m\u00e9dicos, declaraciones de testigos y otros documentos que respalden su caso.\u00a0<\/p>\n\n\n\n<p><strong>Compa\u00f1\u00edas de seguros<\/strong> a menudo intentan <a href=\"https:\/\/www.steinberglawfirm.com\/personal-injury\/auto-accidents\/insurance\/\" target=\"_blank\" rel=\"noopener\">minimizar los pagos<\/a>. Un abogado puede negociar h\u00e1bilmente en su nombre, abogando por un acuerdo justo que cubra los gastos m\u00e9dicos, la sustituci\u00f3n salarial y otras prestaciones necesarias. Si su reclamaci\u00f3n es impugnada o denegada, un abogado puede representarle en audiencias formales y apelaciones ante la Comisi\u00f3n de Compensaci\u00f3n de los Trabajadores South Carolina.<\/p>\n\n\n\n<p>Presentar\u00e1n un caso s\u00f3lido, interrogar\u00e1n a los testigos y luchar\u00e1n por sus derechos. Los abogados trabajan diligentemente para maximizar los beneficios que usted recibe, ya sea TTD, PPD, rehabilitaci\u00f3n vocacional, u otras formas de compensaci\u00f3n.&nbsp;<\/p>\n\n\n\n<p>Algunos empleadores pueden tomar medidas adversas contra los empleados que presentan reclamaciones de compensaci\u00f3n de trabajadores. Los abogados pueden ayudarle a protegerse de represalias o despidos improcedentes y garantizar su seguridad laboral.<\/p>\n\n\n\n<h2 class=\"wp-block-heading\">\u00bfHa sufrido lesiones en un accidente de tr\u00e1fico con un conductor de reparto?<\/h2>\n\n\n\n<p>Si ha resultado herido recientemente en un accidente de tr\u00e1fico mientras trabajaba como conductor de reparto, el <a href=\"https:\/\/www.steinberglawfirm.com\/workers-compensation\/\" target=\"_blank\" rel=\"noopener\">abogados especializados en indemnizaci\u00f3n por accidente laboral Charleston<\/a> en el <a href=\"https:\/\/www.steinberglawfirm.com\/\" target=\"_blank\" rel=\"noopener\">Steinberg Law Firm<\/a> est\u00e1n aqu\u00ed para ayudar. En nuestra <a href=\"https:\/\/www.steinberglawfirm.com\/personal-injury\/personal-injury-lawyers\/\" target=\"_blank\" rel=\"noopener\">da\u00f1os personales<\/a> y bufete de abogados de compensaci\u00f3n de trabajadores, hemos estado representando a los trabajadores lesionados por m\u00e1s de 95 a\u00f1os. De hecho, <a href=\"https:\/\/www.steinberglawfirm.com\/the-steinberg-legacy\/tributes-to-our-former-leaders\/inving-steinberg\/\" target=\"_blank\" rel=\"noopener\">Irving Steinberg<\/a>fundador del Steinberg Law Firm, ayud\u00f3 a redactar la primera versi\u00f3n del <a href=\"https:\/\/www.scstatehouse.gov\/code\/t42c001.php\" target=\"_blank\" rel=\"noreferrer noopener\">South Carolina Ley de compensaci\u00f3n de los trabajadores<\/a>. Ofrecemos a todos los clientes potenciales un <a href=\"https:\/\/www.steinberglawfirm.com\/free-consultation\/\" target=\"_blank\" rel=\"noopener\">consulta gratuita<\/a>durante la cual responderemos a sus preguntas, le explicaremos el proceso de compensaci\u00f3n laboral y le explicaremos c\u00f3mo podemos ayudarle. Para obtener m\u00e1s informaci\u00f3n y para programar una consulta gratuita hoy, llame al Steinberg Law Firm en <a href=\"tel:1-843-720-2800\">843-720-2800<\/a>. Tambi\u00e9n puede ponerse en contacto con nosotros a trav\u00e9s de <a href=\"https:\/\/www.steinberglawfirm.com\/contact-us\/\" target=\"_blank\" rel=\"noopener\">formulario de contacto seguro en l\u00ednea<\/a>.<\/p>","protected":false},"excerpt":{"rendered":"<p>Charleston, South Carolina Abogados de Accidentes de Conductores de Entrega Mientras que los accidentes de trabajo pueden ocurrir de muchas maneras diferentes, el Departamento de Trabajo de EE.UU. inform\u00f3 que las estad\u00edsticas recientes indican que los accidentes de transporte fueron la principal causa de muertes en el lugar de trabajo. South Carolina Ley de Compensaci\u00f3n de Trabajadores tiene como objetivo proteger a los empleados lesionados en el trabajo, incluidos los conductores de entrega. La mayor\u00eda de los empleadores con...<\/p>","protected":false},"author":1,"featured_media":30415,"parent":3339,"menu_order":0,"comment_status":"closed","ping_status":"closed","template":"","meta":{"_acf_changed":false,"footnotes":""},"class_list":["post-30412","page","type-page","status-publish","has-post-thumbnail","hentry"],"acf":[],"_links":{"self":[{"href":"https:\/\/steinberglawfirm-staging.clmcloud.app\/es\/wp-json\/wp\/v2\/pages\/30412"}],"collection":[{"href":"https:\/\/steinberglawfirm-staging.clmcloud.app\/es\/wp-json\/wp\/v2\/pages"}],"about":[{"href":"https:\/\/steinberglawfirm-staging.clmcloud.app\/es\/wp-json\/wp\/v2\/types\/page"}],"author":[{"embeddable":true,"href":"https:\/\/steinberglawfirm-staging.clmcloud.app\/es\/wp-json\/wp\/v2\/users\/1"}],"replies":[{"embeddable":true,"href":"https:\/\/steinberglawfirm-staging.clmcloud.app\/es\/wp-json\/wp\/v2\/comments?post=30412"}],"version-history":[{"count":2,"href":"https:\/\/steinberglawfirm-staging.clmcloud.app\/es\/wp-json\/wp\/v2\/pages\/30412\/revisions"}],"predecessor-version":[{"id":30417,"href":"https:\/\/steinberglawfirm-staging.clmcloud.app\/es\/wp-json\/wp\/v2\/pages\/30412\/revisions\/30417"}],"up":[{"embeddable":true,"href":"https:\/\/steinberglawfirm-staging.clmcloud.app\/es\/wp-json\/wp\/v2\/pages\/3339"}],"wp:featuredmedia":[{"embeddable":true,"href":"https:\/\/steinberglawfirm-staging.clmcloud.app\/es\/wp-json\/wp\/v2\/media\/30415"}],"wp:attachment":[{"href":"https:\/\/steinberglawfirm-staging.clmcloud.app\/es\/wp-json\/wp\/v2\/media?parent=30412"}],"curies":[{"name":"wp","href":"https:\/\/api.w.org\/{rel}","templated":true}]}}