{"id":2932,"date":"2017-08-31T00:18:23","date_gmt":"2017-08-31T00:18:23","guid":{"rendered":"https:\/\/www.steinberglawfirm.com\/?page_id=2932"},"modified":"2018-10-06T01:14:25","modified_gmt":"2018-10-06T01:14:25","slug":"who-is-liable-for-my-damages","status":"publish","type":"page","link":"https:\/\/steinberglawfirm-staging.clmcloud.app\/es\/faq\/faq-danos-personales\/quien-es-responsable-de-mis-danos\/","title":{"rendered":"\u00bfQui\u00e9n es responsable de mis da\u00f1os?"},"content":{"rendered":"<p>Evaluaci\u00f3n de la responsabilidad de un\u00a0<a href=\"https:\/\/www.steinberglawfirm.com\/practice-areas\/personal-injury\/\" target=\"_blank\" rel=\"noopener\">da\u00f1os personales<\/a>\u00a0La reclamaci\u00f3n no siempre es tan sencilla como parece. En algunos casos, la persona que fue directamente responsable de la causa del accidente es un objetivo obvio de responsabilidad. Sin embargo, en otras situaciones, los fabricantes de productos, los propietarios y otras personas que pueden no haber estado directamente involucradas en el accidente, pero que, sin embargo, fueron fundamentales para que se produjeran las lesiones, probablemente como resultado de una negligencia anterior al hecho, son los responsables de los da\u00f1os resultantes. Un abogado con experiencia puede ayudarle a determinar qui\u00e9n puede haber sido responsable de sus da\u00f1os.<\/p>\n<h3>Otras preguntas frecuentes sobre da\u00f1os personales<\/h3>\n<ul class=\"list-pages-shortcode sibling-pages\"><li class=\"page_item page-item-2898\"><a href=\"https:\/\/steinberglawfirm-staging.clmcloud.app\/es\/faq\/faq-danos-personales\/como-saber-quien-es-el-responsable-de-mis-lesiones\/\">\u00bfC\u00f3mo puedo saber qui\u00e9n es responsable de mis lesiones?<\/a><\/li>\n<li class=\"page_item page-item-2900\"><a href=\"https:\/\/steinberglawfirm-staging.clmcloud.app\/es\/faq\/faq-danos-personales\/como-pruebo-que-mi-familiar-mayor-esta-siendo-abusado\/\">\u00bfC\u00f3mo puedo demostrar que mi familiar mayor est\u00e1 siendo maltratado?<\/a><\/li>\n<li class=\"page_item page-item-13286\"><a href=\"https:\/\/steinberglawfirm-staging.clmcloud.app\/es\/faq\/faq-danos-personales\/cuanto-tiempo-tengo-que-presentar-una-reclamacion-por-danos-personales-en-carolina-del-sur\/\">\u00bfDe cu\u00e1nto tiempo dispongo para presentar una reclamaci\u00f3n por da\u00f1os personales en South Carolina?<\/a><\/li>\n<li class=\"page_item page-item-13291\"><a href=\"https:\/\/steinberglawfirm-staging.clmcloud.app\/es\/faq\/faq-danos-personales\/cuanto-vale-mi-caso-de-lesion-personal\/\">\u00bfCu\u00e1nto vale mi caso de da\u00f1os personales?<\/a><\/li>\n<li class=\"page_item page-item-2906\"><a href=\"https:\/\/steinberglawfirm-staging.clmcloud.app\/es\/faq\/faq-danos-personales\/he-sido-herido-en-un-accidente-deberia-presentar-una-demanda-por-dano-personal\/\">Me he lesionado en un accidente. \u00bfDebo presentar una demanda por da\u00f1os personales?<\/a><\/li>\n<li class=\"page_item page-item-2908\"><a href=\"https:\/\/steinberglawfirm-staging.clmcloud.app\/es\/faq\/faq-danos-personales\/si-presento-una-demanda-por-lesiones-personales-necesito-acudir-al-tribunal\/\">Si presento una demanda por da\u00f1os personales, \u00bftengo que ir a juicio?<\/a><\/li>\n<li class=\"page_item page-item-13278\"><a href=\"https:\/\/steinberglawfirm-staging.clmcloud.app\/es\/faq\/faq-danos-personales\/que-danos-puedo-obtener-en-un-caso-de-lesiones-personales\/\">\u00bfQu\u00e9 da\u00f1os y perjuicios puedo obtener en un caso de lesiones personales?<\/a><\/li>\n<li class=\"page_item page-item-2922\"><a href=\"https:\/\/steinberglawfirm-staging.clmcloud.app\/es\/faq\/faq-danos-personales\/que-si-me-contactan-los-de-la-otra-compania-de-seguros\/\">\u00bfQu\u00e9 pasa si la otra compa\u00f1\u00eda de seguros se pone en contacto conmigo?<\/a><\/li>\n<li class=\"page_item page-item-10897\"><a href=\"https:\/\/steinberglawfirm-staging.clmcloud.app\/es\/faq\/faq-danos-personales\/que-tipos-de-danos-puedo-solicitar-si-presento-una-demanda-por-dano-personal\/\">\u00bfQu\u00e9 tipos de da\u00f1os y perjuicios puedo solicitar si presento una demanda por lesiones personales?<\/a><\/li>\n<li class=\"page_item page-item-2932\"><a href=\"https:\/\/steinberglawfirm-staging.clmcloud.app\/es\/faq\/faq-danos-personales\/quien-es-responsable-de-mis-danos\/\">\u00bfQui\u00e9n es responsable de mis da\u00f1os?<\/a><\/li>\n<\/ul>","protected":false},"excerpt":{"rendered":"<p>Evaluar la responsabilidad en una reclamaci\u00f3n por da\u00f1os personales no siempre es tan sencillo como parece. En algunos casos, la persona que fue directamente responsable de la causa del accidente es un objetivo obvio de responsabilidad. Sin embargo, en otras situaciones, los fabricantes de productos, los propietarios y otras personas que pueden no haber participado directamente en el accidente pero que...<\/p>","protected":false},"author":1,"featured_media":0,"parent":5527,"menu_order":0,"comment_status":"closed","ping_status":"closed","template":"","meta":{"_acf_changed":false,"footnotes":""},"class_list":["post-2932","page","type-page","status-publish","hentry"],"acf":[],"_links":{"self":[{"href":"https:\/\/steinberglawfirm-staging.clmcloud.app\/es\/wp-json\/wp\/v2\/pages\/2932"}],"collection":[{"href":"https:\/\/steinberglawfirm-staging.clmcloud.app\/es\/wp-json\/wp\/v2\/pages"}],"about":[{"href":"https:\/\/steinberglawfirm-staging.clmcloud.app\/es\/wp-json\/wp\/v2\/types\/page"}],"author":[{"embeddable":true,"href":"https:\/\/steinberglawfirm-staging.clmcloud.app\/es\/wp-json\/wp\/v2\/users\/1"}],"replies":[{"embeddable":true,"href":"https:\/\/steinberglawfirm-staging.clmcloud.app\/es\/wp-json\/wp\/v2\/comments?post=2932"}],"version-history":[{"count":0,"href":"https:\/\/steinberglawfirm-staging.clmcloud.app\/es\/wp-json\/wp\/v2\/pages\/2932\/revisions"}],"up":[{"embeddable":true,"href":"https:\/\/steinberglawfirm-staging.clmcloud.app\/es\/wp-json\/wp\/v2\/pages\/5527"}],"wp:attachment":[{"href":"https:\/\/steinberglawfirm-staging.clmcloud.app\/es\/wp-json\/wp\/v2\/media?parent=2932"}],"curies":[{"name":"wp","href":"https:\/\/api.w.org\/{rel}","templated":true}]}}