{"id":2928,"date":"2017-08-31T00:16:30","date_gmt":"2017-08-31T00:16:30","guid":{"rendered":"https:\/\/www.steinberglawfirm.com\/?page_id=2928"},"modified":"2018-10-06T01:20:51","modified_gmt":"2018-10-06T01:20:51","slug":"what-is-medical-malpractice","status":"publish","type":"page","link":"https:\/\/steinberglawfirm-staging.clmcloud.app\/es\/faq\/faq-medical-malpractice\/que-es-la-malapractica-medica\/","title":{"rendered":"\u00bfQu\u00e9 es la negligencia m\u00e9dica?"},"content":{"rendered":"<p>Los m\u00e9dicos tienen una enorme responsabilidad hacia sus pacientes, ya que la atenci\u00f3n que prestan puede significar literalmente la diferencia entre la vida y la muerte en algunas situaciones. Por lo tanto, los m\u00e9dicos y otros profesionales de la medicina est\u00e1n sujetos a un alto nivel de competencia profesional. Los errores de los proveedores de atenci\u00f3n m\u00e9dica que se producen como resultado de un incumplimiento de este alto nivel y que causan da\u00f1os a los pacientes se consideran negligencia m\u00e9dica, y los que cometen <a href=\"https:\/\/www.steinberglawfirm.com\/practice-areas\/medical-malpractice\/\" target=\"_blank\" rel=\"noopener\">negligencia m\u00e9dica<\/a> pueden ser responsables econ\u00f3micamente de los da\u00f1os que hayan podido causar sus errores.<\/p>\n<h3>Otras preguntas frecuentes:<\/h3>\n<ul class=\"list-pages-shortcode sibling-pages\"><li class=\"page_item page-item-2904\"><a href=\"https:\/\/steinberglawfirm-staging.clmcloud.app\/es\/faq\/faq-medical-malpractice\/si-estoy-insatisfecho-con-los-resultados-de-un-procedimiento-dental-puedo-presentar-una-reclamacion-por-mala-praxis\/\">No estoy satisfecho con los resultados de un procedimiento dental. \u00bfPuedo presentar una reclamaci\u00f3n por negligencia?<\/a><\/li>\n<li class=\"page_item page-item-2928\"><a href=\"https:\/\/steinberglawfirm-staging.clmcloud.app\/es\/faq\/faq-medical-malpractice\/que-es-la-malapractica-medica\/\">\u00bfQu\u00e9 es la negligencia m\u00e9dica?<\/a><\/li>\n<\/ul>","protected":false},"excerpt":{"rendered":"<p>Los m\u00e9dicos tienen una enorme responsabilidad hacia sus pacientes, ya que la atenci\u00f3n que prestan puede significar literalmente la diferencia entre la vida y la muerte en algunas situaciones. Por lo tanto, los m\u00e9dicos y otros profesionales de la medicina est\u00e1n sujetos a un alto nivel de competencia profesional. Los errores de los proveedores de atenci\u00f3n m\u00e9dica que se producen como...<\/p>","protected":false},"author":1,"featured_media":0,"parent":5572,"menu_order":0,"comment_status":"closed","ping_status":"closed","template":"","meta":{"_acf_changed":false,"footnotes":""},"class_list":["post-2928","page","type-page","status-publish","hentry"],"acf":[],"_links":{"self":[{"href":"https:\/\/steinberglawfirm-staging.clmcloud.app\/es\/wp-json\/wp\/v2\/pages\/2928"}],"collection":[{"href":"https:\/\/steinberglawfirm-staging.clmcloud.app\/es\/wp-json\/wp\/v2\/pages"}],"about":[{"href":"https:\/\/steinberglawfirm-staging.clmcloud.app\/es\/wp-json\/wp\/v2\/types\/page"}],"author":[{"embeddable":true,"href":"https:\/\/steinberglawfirm-staging.clmcloud.app\/es\/wp-json\/wp\/v2\/users\/1"}],"replies":[{"embeddable":true,"href":"https:\/\/steinberglawfirm-staging.clmcloud.app\/es\/wp-json\/wp\/v2\/comments?post=2928"}],"version-history":[{"count":0,"href":"https:\/\/steinberglawfirm-staging.clmcloud.app\/es\/wp-json\/wp\/v2\/pages\/2928\/revisions"}],"up":[{"embeddable":true,"href":"https:\/\/steinberglawfirm-staging.clmcloud.app\/es\/wp-json\/wp\/v2\/pages\/5572"}],"wp:attachment":[{"href":"https:\/\/steinberglawfirm-staging.clmcloud.app\/es\/wp-json\/wp\/v2\/media?parent=2928"}],"curies":[{"name":"wp","href":"https:\/\/api.w.org\/{rel}","templated":true}]}}