{"id":2926,"date":"2017-08-31T00:15:41","date_gmt":"2017-08-31T00:15:41","guid":{"rendered":"https:\/\/www.steinberglawfirm.com\/?page_id=2926"},"modified":"2018-10-06T01:09:50","modified_gmt":"2018-10-06T01:09:50","slug":"what-is-a-statute-of-limitations","status":"publish","type":"page","link":"https:\/\/steinberglawfirm-staging.clmcloud.app\/es\/faq\/faq-demanda-proceso\/que-es-un-estatuto-de-limitaciones-2\/","title":{"rendered":"\u00bfQu\u00e9 es la prescripci\u00f3n?"},"content":{"rendered":"<p>De acuerdo con la ley, las v\u00edctimas de lesiones suelen tener derecho a presentar una reclamaci\u00f3n contra aquellos que puedan haber sido responsables de sus p\u00e9rdidas. Sin embargo, no hay un tiempo ilimitado en el que las v\u00edctimas de lesiones tengan derecho a presentar dicha reclamaci\u00f3n; una restricci\u00f3n conocida como la ley de prescripci\u00f3n pone un l\u00edmite al periodo en el que se pueden presentar leg\u00edtimamente dichas reclamaciones. Por lo tanto, es importante que las v\u00edctimas de lesiones emprendan acciones legales lo antes posible para asegurarse de que no pierden sus derechos ante la ley.<\/p>\n<h3>Otras preguntas frecuentes<\/h3>\n<ul class=\"list-pages-shortcode sibling-pages\"><li class=\"page_item page-item-2894\"><a href=\"https:\/\/steinberglawfirm-staging.clmcloud.app\/es\/faq\/faq-demanda-proceso\/do-i-have-to-sue\/\">\u00bfTengo que demandar?<\/a><\/li>\n<li class=\"page_item page-item-2896\"><a href=\"https:\/\/steinberglawfirm-staging.clmcloud.app\/es\/faq\/faq-demanda-proceso\/necesito-un-abogado\/\">\u00bfNecesito un abogado?<\/a><\/li>\n<li class=\"page_item page-item-7894\"><a href=\"https:\/\/steinberglawfirm-staging.clmcloud.app\/es\/faq\/faq-demanda-proceso\/cuanta-indemnizacion-tengo-derecho-a-recibir\/\">\u00bfCu\u00e1l es la cuant\u00eda de la indemnizaci\u00f3n a la que tengo derecho?<\/a><\/li>\n<li class=\"page_item page-item-2902\"><a href=\"https:\/\/steinberglawfirm-staging.clmcloud.app\/es\/faq\/faq-demanda-proceso\/cuanto-vale-mi-caso\/\">\u00bfCu\u00e1nto vale mi caso?<\/a><\/li>\n<li class=\"page_item page-item-2910\"><a href=\"https:\/\/steinberglawfirm-staging.clmcloud.app\/es\/faq\/faq-demanda-proceso\/si-presento-acusaciones-delictivas-contra-un-atacante-puedo-presentar-una-demanda\/\">Si presento cargos penales contra un agresor, \u00bfpuedo presentar una demanda?<\/a><\/li>\n<li class=\"page_item page-item-2912\"><a href=\"https:\/\/steinberglawfirm-staging.clmcloud.app\/es\/faq\/faq-demanda-proceso\/que-buscan-la-mayoria-de-sus-clientes-cuando-acuden-a-usted\/\">\u00bfQu\u00e9 busca la mayor\u00eda de sus clientes cuando acuden a usted?<\/a><\/li>\n<li class=\"page_item page-item-7913\"><a href=\"https:\/\/steinberglawfirm-staging.clmcloud.app\/es\/faq\/faq-demanda-proceso\/que-son-los-danos-punitivos-y-compensatorios\/\">\u00bfQu\u00e9 son los da\u00f1os punitivos y compensatorios?<\/a><\/li>\n<li class=\"page_item page-item-2914\"><a href=\"https:\/\/steinberglawfirm-staging.clmcloud.app\/es\/faq\/faq-demanda-proceso\/que-puedo-esperar-cuando-trato-con-la-firma-de-abogados-de-steinberg\/\">\u00bfQu\u00e9 puedo esperar al tratar con el Steinberg Law Firm?<\/a><\/li>\n<li class=\"page_item page-item-2916\"><a href=\"https:\/\/steinberglawfirm-staging.clmcloud.app\/es\/faq\/faq-demanda-proceso\/que-cosas-extra-puede-garantizar-un-abogado-que-este-cubierto\/\">\u00bfQu\u00e9 otras cosas puede hacer un abogado para asegurarse de que est\u00e1n cubiertas?<\/a><\/li>\n<li class=\"page_item page-item-2926\"><a href=\"https:\/\/steinberglawfirm-staging.clmcloud.app\/es\/faq\/faq-demanda-proceso\/que-es-un-estatuto-de-limitaciones-2\/\">\u00bfQu\u00e9 es la prescripci\u00f3n?<\/a><\/li>\n<li class=\"page_item page-item-2934\"><a href=\"https:\/\/steinberglawfirm-staging.clmcloud.app\/es\/faq\/faq-demanda-proceso\/por-que-necesito-contratar-a-un-abogado\/\">\u00bfPor qu\u00e9 necesito contratar a un abogado?<\/a><\/li>\n<li class=\"page_item page-item-2936\"><a href=\"https:\/\/steinberglawfirm-staging.clmcloud.app\/es\/faq\/faq-demanda-proceso\/por-que-deberia-contratar-a-un-abogado\/\">\u00bfPor qu\u00e9 deber\u00eda contratar a un abogado?<\/a><\/li>\n<\/ul>","protected":false},"excerpt":{"rendered":"<p>En virtud de la ley, las v\u00edctimas de lesiones suelen tener derecho a presentar una reclamaci\u00f3n contra quienes puedan haber sido responsables de sus p\u00e9rdidas. Sin embargo, no hay un tiempo ilimitado en el que las v\u00edctimas de lesiones tengan derecho a presentar dicha reclamaci\u00f3n; una restricci\u00f3n conocida como el estatuto de limitaciones pone un l\u00edmite de tiempo en...<\/p>","protected":false},"author":1,"featured_media":0,"parent":5519,"menu_order":0,"comment_status":"closed","ping_status":"closed","template":"","meta":{"_acf_changed":false,"footnotes":""},"class_list":["post-2926","page","type-page","status-publish","hentry"],"acf":[],"_links":{"self":[{"href":"https:\/\/steinberglawfirm-staging.clmcloud.app\/es\/wp-json\/wp\/v2\/pages\/2926"}],"collection":[{"href":"https:\/\/steinberglawfirm-staging.clmcloud.app\/es\/wp-json\/wp\/v2\/pages"}],"about":[{"href":"https:\/\/steinberglawfirm-staging.clmcloud.app\/es\/wp-json\/wp\/v2\/types\/page"}],"author":[{"embeddable":true,"href":"https:\/\/steinberglawfirm-staging.clmcloud.app\/es\/wp-json\/wp\/v2\/users\/1"}],"replies":[{"embeddable":true,"href":"https:\/\/steinberglawfirm-staging.clmcloud.app\/es\/wp-json\/wp\/v2\/comments?post=2926"}],"version-history":[{"count":0,"href":"https:\/\/steinberglawfirm-staging.clmcloud.app\/es\/wp-json\/wp\/v2\/pages\/2926\/revisions"}],"up":[{"embeddable":true,"href":"https:\/\/steinberglawfirm-staging.clmcloud.app\/es\/wp-json\/wp\/v2\/pages\/5519"}],"wp:attachment":[{"href":"https:\/\/steinberglawfirm-staging.clmcloud.app\/es\/wp-json\/wp\/v2\/media?parent=2926"}],"curies":[{"name":"wp","href":"https:\/\/api.w.org\/{rel}","templated":true}]}}