{"id":2922,"date":"2017-08-31T00:14:28","date_gmt":"2017-08-31T00:14:28","guid":{"rendered":"https:\/\/www.steinberglawfirm.com\/?page_id=2922"},"modified":"2020-11-09T19:09:40","modified_gmt":"2020-11-09T19:09:40","slug":"what-if-i-am-contacted-by-the-other-insurance-company","status":"publish","type":"page","link":"https:\/\/steinberglawfirm-staging.clmcloud.app\/es\/faq\/faq-danos-personales\/que-si-me-contactan-los-de-la-otra-compania-de-seguros\/","title":{"rendered":"\u00bfQu\u00e9 pasa si la otra compa\u00f1\u00eda de seguros se pone en contacto conmigo?"},"content":{"rendered":"<p><iframe loading=\"lazy\" width=\"560\" height=\"315\" src=\"https:\/\/www.youtube.com\/embed\/bFmyR0C3szs?rel=0\" frameborder=\"0\" allow=\"accelerometer; autoplay; clipboard-write; encrypted-media; gyroscope; picture-in-picture\" allowfullscreen><\/iframe><\/p>\n<h3 style=\"margin-top:1.75em;\">Otras preguntas frecuentes sobre da\u00f1os personales<\/h3>\n<ul class=\"list-pages-shortcode sibling-pages\"><li class=\"page_item page-item-2898\"><a href=\"https:\/\/steinberglawfirm-staging.clmcloud.app\/es\/faq\/faq-danos-personales\/como-saber-quien-es-el-responsable-de-mis-lesiones\/\">\u00bfC\u00f3mo puedo saber qui\u00e9n es responsable de mis lesiones?<\/a><\/li>\n<li class=\"page_item page-item-2900\"><a href=\"https:\/\/steinberglawfirm-staging.clmcloud.app\/es\/faq\/faq-danos-personales\/como-pruebo-que-mi-familiar-mayor-esta-siendo-abusado\/\">\u00bfC\u00f3mo puedo demostrar que mi familiar mayor est\u00e1 siendo maltratado?<\/a><\/li>\n<li class=\"page_item page-item-13286\"><a href=\"https:\/\/steinberglawfirm-staging.clmcloud.app\/es\/faq\/faq-danos-personales\/cuanto-tiempo-tengo-que-presentar-una-reclamacion-por-danos-personales-en-carolina-del-sur\/\">\u00bfDe cu\u00e1nto tiempo dispongo para presentar una reclamaci\u00f3n por da\u00f1os personales en South Carolina?<\/a><\/li>\n<li class=\"page_item page-item-13291\"><a href=\"https:\/\/steinberglawfirm-staging.clmcloud.app\/es\/faq\/faq-danos-personales\/cuanto-vale-mi-caso-de-lesion-personal\/\">\u00bfCu\u00e1nto vale mi caso de da\u00f1os personales?<\/a><\/li>\n<li class=\"page_item page-item-2906\"><a href=\"https:\/\/steinberglawfirm-staging.clmcloud.app\/es\/faq\/faq-danos-personales\/he-sido-herido-en-un-accidente-deberia-presentar-una-demanda-por-dano-personal\/\">Me he lesionado en un accidente. \u00bfDebo presentar una demanda por da\u00f1os personales?<\/a><\/li>\n<li class=\"page_item page-item-2908\"><a href=\"https:\/\/steinberglawfirm-staging.clmcloud.app\/es\/faq\/faq-danos-personales\/si-presento-una-demanda-por-lesiones-personales-necesito-acudir-al-tribunal\/\">Si presento una demanda por da\u00f1os personales, \u00bftengo que ir a juicio?<\/a><\/li>\n<li class=\"page_item page-item-13278\"><a href=\"https:\/\/steinberglawfirm-staging.clmcloud.app\/es\/faq\/faq-danos-personales\/que-danos-puedo-obtener-en-un-caso-de-lesiones-personales\/\">\u00bfQu\u00e9 da\u00f1os y perjuicios puedo obtener en un caso de lesiones personales?<\/a><\/li>\n<li class=\"page_item page-item-2922\"><a href=\"https:\/\/steinberglawfirm-staging.clmcloud.app\/es\/faq\/faq-danos-personales\/que-si-me-contactan-los-de-la-otra-compania-de-seguros\/\">\u00bfQu\u00e9 pasa si la otra compa\u00f1\u00eda de seguros se pone en contacto conmigo?<\/a><\/li>\n<li class=\"page_item page-item-10897\"><a href=\"https:\/\/steinberglawfirm-staging.clmcloud.app\/es\/faq\/faq-danos-personales\/que-tipos-de-danos-puedo-solicitar-si-presento-una-demanda-por-dano-personal\/\">\u00bfQu\u00e9 tipos de da\u00f1os y perjuicios puedo solicitar si presento una demanda por lesiones personales?<\/a><\/li>\n<li class=\"page_item page-item-2932\"><a href=\"https:\/\/steinberglawfirm-staging.clmcloud.app\/es\/faq\/faq-danos-personales\/quien-es-responsable-de-mis-danos\/\">\u00bfQui\u00e9n es responsable de mis da\u00f1os?<\/a><\/li>\n<\/ul>","protected":false},"excerpt":{"rendered":"<p>Otras preguntas frecuentes sobre da\u00f1os personales<\/p>","protected":false},"author":1,"featured_media":0,"parent":5527,"menu_order":0,"comment_status":"closed","ping_status":"closed","template":"","meta":{"_acf_changed":false,"footnotes":""},"class_list":["post-2922","page","type-page","status-publish","hentry"],"acf":[],"_links":{"self":[{"href":"https:\/\/steinberglawfirm-staging.clmcloud.app\/es\/wp-json\/wp\/v2\/pages\/2922"}],"collection":[{"href":"https:\/\/steinberglawfirm-staging.clmcloud.app\/es\/wp-json\/wp\/v2\/pages"}],"about":[{"href":"https:\/\/steinberglawfirm-staging.clmcloud.app\/es\/wp-json\/wp\/v2\/types\/page"}],"author":[{"embeddable":true,"href":"https:\/\/steinberglawfirm-staging.clmcloud.app\/es\/wp-json\/wp\/v2\/users\/1"}],"replies":[{"embeddable":true,"href":"https:\/\/steinberglawfirm-staging.clmcloud.app\/es\/wp-json\/wp\/v2\/comments?post=2922"}],"version-history":[{"count":1,"href":"https:\/\/steinberglawfirm-staging.clmcloud.app\/es\/wp-json\/wp\/v2\/pages\/2922\/revisions"}],"predecessor-version":[{"id":13684,"href":"https:\/\/steinberglawfirm-staging.clmcloud.app\/es\/wp-json\/wp\/v2\/pages\/2922\/revisions\/13684"}],"up":[{"embeddable":true,"href":"https:\/\/steinberglawfirm-staging.clmcloud.app\/es\/wp-json\/wp\/v2\/pages\/5527"}],"wp:attachment":[{"href":"https:\/\/steinberglawfirm-staging.clmcloud.app\/es\/wp-json\/wp\/v2\/media?parent=2922"}],"curies":[{"name":"wp","href":"https:\/\/api.w.org\/{rel}","templated":true}]}}