{"id":2908,"date":"2017-08-31T00:02:45","date_gmt":"2017-08-31T00:02:45","guid":{"rendered":"https:\/\/www.steinberglawfirm.com\/?page_id=2908"},"modified":"2018-10-06T01:13:26","modified_gmt":"2018-10-06T01:13:26","slug":"if-i-file-a-personal-injury-lawsuit-do-i-need-to-go-to-court","status":"publish","type":"page","link":"https:\/\/steinberglawfirm-staging.clmcloud.app\/es\/faq\/faq-danos-personales\/si-presento-una-demanda-por-lesiones-personales-necesito-acudir-al-tribunal\/","title":{"rendered":"Si presento una demanda por da\u00f1os personales, \u00bftengo que ir a juicio?"},"content":{"rendered":"<p>Puede que s\u00ed, pero lo m\u00e1s probable es que no. La mayor\u00eda de las demandas se resuelven fuera de los tribunales, especialmente las presentadas contra empresas. La mayor\u00eda de las empresas no quieren gastar tiempo o dinero en un juicio, por no hablar del riesgo que puede suponer para su reputaci\u00f3n una vista p\u00fablica.<\/p>\n<p>Un buen abogado puede ayudarle a obtener la indemnizaci\u00f3n que necesita, y no el peque\u00f1o acuerdo que probablemente le ofrezca el demandado. Para saber m\u00e1s,\u00a0<a href=\"https:\/\/www.steinberglawfirm.com\/contact-us\/\" target=\"_blank\" rel=\"noopener\">contactar con<\/a>\u00a0un abogado de lesiones personales Charleston llamando al\u00a0<a href=\"https:\/\/www.steinberglawfirm.com\/about-us\/\" target=\"_blank\" rel=\"noopener\">Steinberg Law Firm<\/a>\u00a0al 843-720-2800.<\/p>\n<h3>Otras preguntas frecuentes sobre da\u00f1os personales<\/h3>\n<ul class=\"list-pages-shortcode sibling-pages\"><li class=\"page_item page-item-2898\"><a href=\"https:\/\/steinberglawfirm-staging.clmcloud.app\/es\/faq\/faq-danos-personales\/como-saber-quien-es-el-responsable-de-mis-lesiones\/\">\u00bfC\u00f3mo puedo saber qui\u00e9n es responsable de mis lesiones?<\/a><\/li>\n<li class=\"page_item page-item-2900\"><a href=\"https:\/\/steinberglawfirm-staging.clmcloud.app\/es\/faq\/faq-danos-personales\/como-pruebo-que-mi-familiar-mayor-esta-siendo-abusado\/\">\u00bfC\u00f3mo puedo demostrar que mi familiar mayor est\u00e1 siendo maltratado?<\/a><\/li>\n<li class=\"page_item page-item-13286\"><a href=\"https:\/\/steinberglawfirm-staging.clmcloud.app\/es\/faq\/faq-danos-personales\/cuanto-tiempo-tengo-que-presentar-una-reclamacion-por-danos-personales-en-carolina-del-sur\/\">\u00bfDe cu\u00e1nto tiempo dispongo para presentar una reclamaci\u00f3n por da\u00f1os personales en South Carolina?<\/a><\/li>\n<li class=\"page_item page-item-13291\"><a href=\"https:\/\/steinberglawfirm-staging.clmcloud.app\/es\/faq\/faq-danos-personales\/cuanto-vale-mi-caso-de-lesion-personal\/\">\u00bfCu\u00e1nto vale mi caso de da\u00f1os personales?<\/a><\/li>\n<li class=\"page_item page-item-2906\"><a href=\"https:\/\/steinberglawfirm-staging.clmcloud.app\/es\/faq\/faq-danos-personales\/he-sido-herido-en-un-accidente-deberia-presentar-una-demanda-por-dano-personal\/\">Me he lesionado en un accidente. \u00bfDebo presentar una demanda por da\u00f1os personales?<\/a><\/li>\n<li class=\"page_item page-item-2908\"><a href=\"https:\/\/steinberglawfirm-staging.clmcloud.app\/es\/faq\/faq-danos-personales\/si-presento-una-demanda-por-lesiones-personales-necesito-acudir-al-tribunal\/\">Si presento una demanda por da\u00f1os personales, \u00bftengo que ir a juicio?<\/a><\/li>\n<li class=\"page_item page-item-13278\"><a href=\"https:\/\/steinberglawfirm-staging.clmcloud.app\/es\/faq\/faq-danos-personales\/que-danos-puedo-obtener-en-un-caso-de-lesiones-personales\/\">\u00bfQu\u00e9 da\u00f1os y perjuicios puedo obtener en un caso de lesiones personales?<\/a><\/li>\n<li class=\"page_item page-item-2922\"><a href=\"https:\/\/steinberglawfirm-staging.clmcloud.app\/es\/faq\/faq-danos-personales\/que-si-me-contactan-los-de-la-otra-compania-de-seguros\/\">\u00bfQu\u00e9 pasa si la otra compa\u00f1\u00eda de seguros se pone en contacto conmigo?<\/a><\/li>\n<li class=\"page_item page-item-10897\"><a href=\"https:\/\/steinberglawfirm-staging.clmcloud.app\/es\/faq\/faq-danos-personales\/que-tipos-de-danos-puedo-solicitar-si-presento-una-demanda-por-dano-personal\/\">\u00bfQu\u00e9 tipos de da\u00f1os y perjuicios puedo solicitar si presento una demanda por lesiones personales?<\/a><\/li>\n<li class=\"page_item page-item-2932\"><a href=\"https:\/\/steinberglawfirm-staging.clmcloud.app\/es\/faq\/faq-danos-personales\/quien-es-responsable-de-mis-danos\/\">\u00bfQui\u00e9n es responsable de mis da\u00f1os?<\/a><\/li>\n<\/ul>","protected":false},"excerpt":{"rendered":"<p>Puede que s\u00ed, pero lo m\u00e1s probable es que no. La mayor\u00eda de las demandas se resuelven fuera de los tribunales, especialmente las presentadas contra empresas. La mayor\u00eda de las empresas no quieren gastar el tiempo o el dinero en un juicio, por no mencionar el riesgo que puede suponer para su reputaci\u00f3n una vista p\u00fablica. A...<\/p>","protected":false},"author":1,"featured_media":0,"parent":5527,"menu_order":0,"comment_status":"closed","ping_status":"closed","template":"","meta":{"_acf_changed":false,"footnotes":""},"class_list":["post-2908","page","type-page","status-publish","hentry"],"acf":[],"_links":{"self":[{"href":"https:\/\/steinberglawfirm-staging.clmcloud.app\/es\/wp-json\/wp\/v2\/pages\/2908"}],"collection":[{"href":"https:\/\/steinberglawfirm-staging.clmcloud.app\/es\/wp-json\/wp\/v2\/pages"}],"about":[{"href":"https:\/\/steinberglawfirm-staging.clmcloud.app\/es\/wp-json\/wp\/v2\/types\/page"}],"author":[{"embeddable":true,"href":"https:\/\/steinberglawfirm-staging.clmcloud.app\/es\/wp-json\/wp\/v2\/users\/1"}],"replies":[{"embeddable":true,"href":"https:\/\/steinberglawfirm-staging.clmcloud.app\/es\/wp-json\/wp\/v2\/comments?post=2908"}],"version-history":[{"count":0,"href":"https:\/\/steinberglawfirm-staging.clmcloud.app\/es\/wp-json\/wp\/v2\/pages\/2908\/revisions"}],"up":[{"embeddable":true,"href":"https:\/\/steinberglawfirm-staging.clmcloud.app\/es\/wp-json\/wp\/v2\/pages\/5527"}],"wp:attachment":[{"href":"https:\/\/steinberglawfirm-staging.clmcloud.app\/es\/wp-json\/wp\/v2\/media?parent=2908"}],"curies":[{"name":"wp","href":"https:\/\/api.w.org\/{rel}","templated":true}]}}