{"id":2904,"date":"2017-08-31T00:01:18","date_gmt":"2017-08-31T00:01:18","guid":{"rendered":"https:\/\/www.steinberglawfirm.com\/?page_id=2904"},"modified":"2018-10-06T01:20:30","modified_gmt":"2018-10-06T01:20:30","slug":"im-dissatisfied-with-the-results-of-a-dental-procedure-can-i-file-a-malpractice-claim","status":"publish","type":"page","link":"https:\/\/steinberglawfirm-staging.clmcloud.app\/es\/faq\/faq-medical-malpractice\/si-estoy-insatisfecho-con-los-resultados-de-un-procedimiento-dental-puedo-presentar-una-reclamacion-por-mala-praxis\/","title":{"rendered":"No estoy satisfecho con los resultados de un procedimiento dental. \u00bfPuedo presentar una reclamaci\u00f3n por negligencia?"},"content":{"rendered":"<p>Estar descontento con el resultado de un trabajo dental no merece por s\u00ed mismo la presentaci\u00f3n de una reclamaci\u00f3n, y no es una consideraci\u00f3n de mala praxis. Sin embargo, si su descontento se debe a las consecuencias de la acci\u00f3n u omisi\u00f3n del dentista, como el entumecimiento o la p\u00e9rdida del gusto, o una enfermedad de las enc\u00edas que el dentista deber\u00eda haber diagnosticado durante el curso de otro tratamiento, puede tener motivos para presentar una demanda.<\/p>\n<p>Para discutir su situaci\u00f3n con un abogado experimentado en negligencia dental Charleston en el\u00a0<a href=\"https:\/\/www.steinberglawfirm.com\/about-us\/\" target=\"_blank\" rel=\"noopener\">Steinberg Law Firm<\/a>Llame al 843-720-2800.<\/p>\n<h3>Otras preguntas frecuentes:<\/h3>\n<ul class=\"list-pages-shortcode sibling-pages\"><li class=\"page_item page-item-2904\"><a href=\"https:\/\/steinberglawfirm-staging.clmcloud.app\/es\/faq\/faq-medical-malpractice\/si-estoy-insatisfecho-con-los-resultados-de-un-procedimiento-dental-puedo-presentar-una-reclamacion-por-mala-praxis\/\">No estoy satisfecho con los resultados de un procedimiento dental. \u00bfPuedo presentar una reclamaci\u00f3n por negligencia?<\/a><\/li>\n<li class=\"page_item page-item-2928\"><a href=\"https:\/\/steinberglawfirm-staging.clmcloud.app\/es\/faq\/faq-medical-malpractice\/que-es-la-malapractica-medica\/\">\u00bfQu\u00e9 es la negligencia m\u00e9dica?<\/a><\/li>\n<\/ul>","protected":false},"excerpt":{"rendered":"<p>Estar descontento con el resultado de un trabajo odontol\u00f3gico no merece por s\u00ed mismo la presentaci\u00f3n de una reclamaci\u00f3n, y no es una consideraci\u00f3n de mala praxis. Sin embargo, si su descontento se debe a las consecuencias de la acci\u00f3n u omisi\u00f3n del dentista, como el entumecimiento o la p\u00e9rdida del gusto, o una enfermedad de las enc\u00edas que el dentista deber\u00eda haber diagnosticado durante el...<\/p>","protected":false},"author":1,"featured_media":0,"parent":5572,"menu_order":0,"comment_status":"closed","ping_status":"closed","template":"","meta":{"_acf_changed":false,"footnotes":""},"class_list":["post-2904","page","type-page","status-publish","hentry"],"acf":[],"_links":{"self":[{"href":"https:\/\/steinberglawfirm-staging.clmcloud.app\/es\/wp-json\/wp\/v2\/pages\/2904"}],"collection":[{"href":"https:\/\/steinberglawfirm-staging.clmcloud.app\/es\/wp-json\/wp\/v2\/pages"}],"about":[{"href":"https:\/\/steinberglawfirm-staging.clmcloud.app\/es\/wp-json\/wp\/v2\/types\/page"}],"author":[{"embeddable":true,"href":"https:\/\/steinberglawfirm-staging.clmcloud.app\/es\/wp-json\/wp\/v2\/users\/1"}],"replies":[{"embeddable":true,"href":"https:\/\/steinberglawfirm-staging.clmcloud.app\/es\/wp-json\/wp\/v2\/comments?post=2904"}],"version-history":[{"count":0,"href":"https:\/\/steinberglawfirm-staging.clmcloud.app\/es\/wp-json\/wp\/v2\/pages\/2904\/revisions"}],"up":[{"embeddable":true,"href":"https:\/\/steinberglawfirm-staging.clmcloud.app\/es\/wp-json\/wp\/v2\/pages\/5572"}],"wp:attachment":[{"href":"https:\/\/steinberglawfirm-staging.clmcloud.app\/es\/wp-json\/wp\/v2\/media?parent=2904"}],"curies":[{"name":"wp","href":"https:\/\/api.w.org\/{rel}","templated":true}]}}