{"id":2902,"date":"2017-08-31T00:00:29","date_gmt":"2017-08-31T00:00:29","guid":{"rendered":"https:\/\/www.steinberglawfirm.com\/?page_id=2902"},"modified":"2018-10-06T01:07:47","modified_gmt":"2018-10-06T01:07:47","slug":"how-much-is-my-case-worth","status":"publish","type":"page","link":"https:\/\/steinberglawfirm-staging.clmcloud.app\/es\/faq\/faq-demanda-proceso\/cuanto-vale-mi-caso\/","title":{"rendered":"\u00bfCu\u00e1nto vale mi caso?"},"content":{"rendered":"<p>Determinar el valor exacto de un caso es un proceso complicado en el que intervienen varios factores. Una parte de la ecuaci\u00f3n consiste en calcular las p\u00e9rdidas cuantificables que ha sufrido como resultado de su lesi\u00f3n. Esto podr\u00eda incluir cosas como los salarios perdidos, las facturas m\u00e9dicas y las tasas judiciales. Otra parte crucial de la ecuaci\u00f3n son las p\u00e9rdidas intangibles, como el dolor y el sufrimiento, la p\u00e9rdida de compa\u00f1\u00eda y la p\u00e9rdida de disfrute de la vida.<\/p>\n<p>A\u00a0<a href=\"https:\/\/www.steinberglawfirm.com\/practice-areas\/personal-injury\/\" target=\"_blank\" rel=\"noopener\">Charleston abogado de lesiones personales<\/a>\u00a0puede consultar con usted sobre su caso y ayudarle a determinar la cantidad de indemnizaci\u00f3n que debe pedir en el tribunal. Llame al 843-720-2800 para hablar con un profesional del\u00a0<a href=\"https:\/\/www.steinberglawfirm.com\/about-us\/\" target=\"_blank\" rel=\"noopener\">Steinberg Law Firm<\/a> hoy.<\/p>\n<h3>Otras preguntas frecuentes<\/h3>\n<ul class=\"list-pages-shortcode sibling-pages\"><li class=\"page_item page-item-2894\"><a href=\"https:\/\/steinberglawfirm-staging.clmcloud.app\/es\/faq\/faq-demanda-proceso\/do-i-have-to-sue\/\">\u00bfTengo que demandar?<\/a><\/li>\n<li class=\"page_item page-item-2896\"><a href=\"https:\/\/steinberglawfirm-staging.clmcloud.app\/es\/faq\/faq-demanda-proceso\/necesito-un-abogado\/\">\u00bfNecesito un abogado?<\/a><\/li>\n<li class=\"page_item page-item-7894\"><a href=\"https:\/\/steinberglawfirm-staging.clmcloud.app\/es\/faq\/faq-demanda-proceso\/cuanta-indemnizacion-tengo-derecho-a-recibir\/\">\u00bfCu\u00e1l es la cuant\u00eda de la indemnizaci\u00f3n a la que tengo derecho?<\/a><\/li>\n<li class=\"page_item page-item-2902\"><a href=\"https:\/\/steinberglawfirm-staging.clmcloud.app\/es\/faq\/faq-demanda-proceso\/cuanto-vale-mi-caso\/\">\u00bfCu\u00e1nto vale mi caso?<\/a><\/li>\n<li class=\"page_item page-item-2910\"><a href=\"https:\/\/steinberglawfirm-staging.clmcloud.app\/es\/faq\/faq-demanda-proceso\/si-presento-acusaciones-delictivas-contra-un-atacante-puedo-presentar-una-demanda\/\">Si presento cargos penales contra un agresor, \u00bfpuedo presentar una demanda?<\/a><\/li>\n<li class=\"page_item page-item-2912\"><a href=\"https:\/\/steinberglawfirm-staging.clmcloud.app\/es\/faq\/faq-demanda-proceso\/que-buscan-la-mayoria-de-sus-clientes-cuando-acuden-a-usted\/\">\u00bfQu\u00e9 busca la mayor\u00eda de sus clientes cuando acuden a usted?<\/a><\/li>\n<li class=\"page_item page-item-7913\"><a href=\"https:\/\/steinberglawfirm-staging.clmcloud.app\/es\/faq\/faq-demanda-proceso\/que-son-los-danos-punitivos-y-compensatorios\/\">\u00bfQu\u00e9 son los da\u00f1os punitivos y compensatorios?<\/a><\/li>\n<li class=\"page_item page-item-2914\"><a href=\"https:\/\/steinberglawfirm-staging.clmcloud.app\/es\/faq\/faq-demanda-proceso\/que-puedo-esperar-cuando-trato-con-la-firma-de-abogados-de-steinberg\/\">\u00bfQu\u00e9 puedo esperar al tratar con el Steinberg Law Firm?<\/a><\/li>\n<li class=\"page_item page-item-2916\"><a href=\"https:\/\/steinberglawfirm-staging.clmcloud.app\/es\/faq\/faq-demanda-proceso\/que-cosas-extra-puede-garantizar-un-abogado-que-este-cubierto\/\">\u00bfQu\u00e9 otras cosas puede hacer un abogado para asegurarse de que est\u00e1n cubiertas?<\/a><\/li>\n<li class=\"page_item page-item-2926\"><a href=\"https:\/\/steinberglawfirm-staging.clmcloud.app\/es\/faq\/faq-demanda-proceso\/que-es-un-estatuto-de-limitaciones-2\/\">\u00bfQu\u00e9 es la prescripci\u00f3n?<\/a><\/li>\n<li class=\"page_item page-item-2934\"><a href=\"https:\/\/steinberglawfirm-staging.clmcloud.app\/es\/faq\/faq-demanda-proceso\/por-que-necesito-contratar-a-un-abogado\/\">\u00bfPor qu\u00e9 necesito contratar a un abogado?<\/a><\/li>\n<li class=\"page_item page-item-2936\"><a href=\"https:\/\/steinberglawfirm-staging.clmcloud.app\/es\/faq\/faq-demanda-proceso\/por-que-deberia-contratar-a-un-abogado\/\">\u00bfPor qu\u00e9 deber\u00eda contratar a un abogado?<\/a><\/li>\n<\/ul>","protected":false},"excerpt":{"rendered":"<p>Determinar el valor exacto de un caso es un proceso complicado en el que intervienen varios factores. Una parte de la ecuaci\u00f3n consiste en calcular las p\u00e9rdidas cuantificables que ha sufrido como resultado de su lesi\u00f3n. Esto podr\u00eda incluir cosas como los salarios perdidos, las facturas m\u00e9dicas y las tasas judiciales. Otra parte crucial de la ecuaci\u00f3n son las p\u00e9rdidas intangibles, como...<\/p>","protected":false},"author":1,"featured_media":0,"parent":5519,"menu_order":0,"comment_status":"closed","ping_status":"closed","template":"","meta":{"_acf_changed":false,"footnotes":""},"class_list":["post-2902","page","type-page","status-publish","hentry"],"acf":[],"_links":{"self":[{"href":"https:\/\/steinberglawfirm-staging.clmcloud.app\/es\/wp-json\/wp\/v2\/pages\/2902"}],"collection":[{"href":"https:\/\/steinberglawfirm-staging.clmcloud.app\/es\/wp-json\/wp\/v2\/pages"}],"about":[{"href":"https:\/\/steinberglawfirm-staging.clmcloud.app\/es\/wp-json\/wp\/v2\/types\/page"}],"author":[{"embeddable":true,"href":"https:\/\/steinberglawfirm-staging.clmcloud.app\/es\/wp-json\/wp\/v2\/users\/1"}],"replies":[{"embeddable":true,"href":"https:\/\/steinberglawfirm-staging.clmcloud.app\/es\/wp-json\/wp\/v2\/comments?post=2902"}],"version-history":[{"count":0,"href":"https:\/\/steinberglawfirm-staging.clmcloud.app\/es\/wp-json\/wp\/v2\/pages\/2902\/revisions"}],"up":[{"embeddable":true,"href":"https:\/\/steinberglawfirm-staging.clmcloud.app\/es\/wp-json\/wp\/v2\/pages\/5519"}],"wp:attachment":[{"href":"https:\/\/steinberglawfirm-staging.clmcloud.app\/es\/wp-json\/wp\/v2\/media?parent=2902"}],"curies":[{"name":"wp","href":"https:\/\/api.w.org\/{rel}","templated":true}]}}