{"id":2900,"date":"2017-08-30T23:59:51","date_gmt":"2017-08-30T23:59:51","guid":{"rendered":"https:\/\/www.steinberglawfirm.com\/?page_id=2900"},"modified":"2018-10-06T01:18:19","modified_gmt":"2018-10-06T01:18:19","slug":"how-do-i-prove-my-elderly-family-member-is-being-abused","status":"publish","type":"page","link":"https:\/\/steinberglawfirm-staging.clmcloud.app\/es\/faq\/faq-danos-personales\/como-pruebo-que-mi-familiar-mayor-esta-siendo-abusado\/","title":{"rendered":"\u00bfC\u00f3mo puedo demostrar que mi familiar mayor est\u00e1 siendo maltratado?"},"content":{"rendered":"<h2>Abogados de lesiones personales que representan a Charleston y \u00e1reas cercanas de South Carolina<\/h2>\n<p>Recogida de pruebas de\u00a0<a href=\"https:\/\/www.steinberglawfirm.com\/practice-areas\/nursing-home-abuse\/\" target=\"_blank\" rel=\"noopener\">abuso en residencias de ancianos<\/a>\u00a0es una tarea muy compleja. Muchos centros se esfuerzan por disimular la negligencia o los abusos, y muchos residentes tienen dificultades cognitivas que pueden hacer que sus testimonios sean sospechosos. La documentaci\u00f3n de las lesiones, las complicaciones de salud y cualquier indicio de un entorno sucio o inseguro son vitales para hacer justicia.<\/p>\n<p>Un experimentado\u00a0<a href=\"https:\/\/www.steinberglawfirm.com\/practice-areas\/personal-injury\/\" target=\"_blank\" rel=\"noopener\">Charleston abogado de lesiones personales<\/a>\u00a0conocer\u00e1 los entresijos del sistema legal, as\u00ed como las formas m\u00e1s eficaces de reunir pruebas \u00fatiles. Si sospecha de los cuidados que recibe un ser querido mayor,\u00a0<a href=\"https:\/\/www.steinberglawfirm.com\/contact-us\/\" target=\"_blank\" rel=\"noopener\">contactar con<\/a> el\u00a0<a href=\"https:\/\/www.steinberglawfirm.com\/about-us\/\" target=\"_blank\" rel=\"noopener\">Steinberg Law Firm<\/a>\u00a0hoy.<\/p>","protected":false},"excerpt":{"rendered":"<p>Abogados de lesiones personales que representan a Charleston y \u00e1reas cercanas de South Carolina Reunir pruebas de abuso en residencias de ancianos es una tarea muy compleja. Muchas instalaciones se esfuerzan por disimular la negligencia o el abuso, y muchos residentes tienen dificultades cognitivas que pueden hacer que sus testimonios sean sospechosos. La documentaci\u00f3n de las lesiones, las complicaciones de salud y cualquier signo de un entorno sucio o inseguro...<\/p>","protected":false},"author":1,"featured_media":0,"parent":5527,"menu_order":0,"comment_status":"closed","ping_status":"closed","template":"","meta":{"_acf_changed":false,"footnotes":""},"class_list":["post-2900","page","type-page","status-publish","hentry"],"acf":[],"_links":{"self":[{"href":"https:\/\/steinberglawfirm-staging.clmcloud.app\/es\/wp-json\/wp\/v2\/pages\/2900"}],"collection":[{"href":"https:\/\/steinberglawfirm-staging.clmcloud.app\/es\/wp-json\/wp\/v2\/pages"}],"about":[{"href":"https:\/\/steinberglawfirm-staging.clmcloud.app\/es\/wp-json\/wp\/v2\/types\/page"}],"author":[{"embeddable":true,"href":"https:\/\/steinberglawfirm-staging.clmcloud.app\/es\/wp-json\/wp\/v2\/users\/1"}],"replies":[{"embeddable":true,"href":"https:\/\/steinberglawfirm-staging.clmcloud.app\/es\/wp-json\/wp\/v2\/comments?post=2900"}],"version-history":[{"count":0,"href":"https:\/\/steinberglawfirm-staging.clmcloud.app\/es\/wp-json\/wp\/v2\/pages\/2900\/revisions"}],"up":[{"embeddable":true,"href":"https:\/\/steinberglawfirm-staging.clmcloud.app\/es\/wp-json\/wp\/v2\/pages\/5527"}],"wp:attachment":[{"href":"https:\/\/steinberglawfirm-staging.clmcloud.app\/es\/wp-json\/wp\/v2\/media?parent=2900"}],"curies":[{"name":"wp","href":"https:\/\/api.w.org\/{rel}","templated":true}]}}