{"id":2898,"date":"2017-08-30T23:59:16","date_gmt":"2017-08-30T23:59:16","guid":{"rendered":"https:\/\/www.steinberglawfirm.com\/?page_id=2898"},"modified":"2018-10-06T01:12:11","modified_gmt":"2018-10-06T01:12:11","slug":"how-do-i-know-who-is-responsible-for-my-injuries","status":"publish","type":"page","link":"https:\/\/steinberglawfirm-staging.clmcloud.app\/es\/faq\/faq-danos-personales\/como-saber-quien-es-el-responsable-de-mis-lesiones\/","title":{"rendered":"\u00bfC\u00f3mo puedo saber qui\u00e9n es responsable de mis lesiones?"},"content":{"rendered":"<p>No siempre es f\u00e1cil. De hecho, el objetivo de la mayor\u00eda de las audiencias judiciales es responder a esa misma pregunta. Hay muchas complicaciones que pueden entrar en juego. Por ejemplo, m\u00e1s de una parte puede ser responsable de una lesi\u00f3n en diferentes grados; incluso usted puede ser considerado parcialmente responsable de sus lesiones. Tambi\u00e9n est\u00e1 el reto de documentar el alcance de las lesiones, c\u00f3mo fueron causadas y si alguien pod\u00eda haber previsto el accidente.<\/p>\n<p>Si se ha lesionado, probablemente no sea buena idea resolver estas dif\u00edciles cuestiones legales por s\u00ed solo. El asesoramiento de un profesional cualificado\u00a0<a href=\"https:\/\/www.steinberglawfirm.com\/practice-areas\/personal-injury\/\" target=\"_blank\" rel=\"noopener\">Charleston abogado de lesiones personales<\/a>\u00a0puede ser de gran ayuda.<\/p>\n<h3>Otras preguntas frecuentes sobre da\u00f1os personales<\/h3>\n<ul class=\"list-pages-shortcode sibling-pages\"><li class=\"page_item page-item-2898\"><a href=\"https:\/\/steinberglawfirm-staging.clmcloud.app\/es\/faq\/faq-danos-personales\/como-saber-quien-es-el-responsable-de-mis-lesiones\/\">\u00bfC\u00f3mo puedo saber qui\u00e9n es responsable de mis lesiones?<\/a><\/li>\n<li class=\"page_item page-item-2900\"><a href=\"https:\/\/steinberglawfirm-staging.clmcloud.app\/es\/faq\/faq-danos-personales\/como-pruebo-que-mi-familiar-mayor-esta-siendo-abusado\/\">\u00bfC\u00f3mo puedo demostrar que mi familiar mayor est\u00e1 siendo maltratado?<\/a><\/li>\n<li class=\"page_item page-item-13286\"><a href=\"https:\/\/steinberglawfirm-staging.clmcloud.app\/es\/faq\/faq-danos-personales\/cuanto-tiempo-tengo-que-presentar-una-reclamacion-por-danos-personales-en-carolina-del-sur\/\">\u00bfDe cu\u00e1nto tiempo dispongo para presentar una reclamaci\u00f3n por da\u00f1os personales en South Carolina?<\/a><\/li>\n<li class=\"page_item page-item-13291\"><a href=\"https:\/\/steinberglawfirm-staging.clmcloud.app\/es\/faq\/faq-danos-personales\/cuanto-vale-mi-caso-de-lesion-personal\/\">\u00bfCu\u00e1nto vale mi caso de da\u00f1os personales?<\/a><\/li>\n<li class=\"page_item page-item-2906\"><a href=\"https:\/\/steinberglawfirm-staging.clmcloud.app\/es\/faq\/faq-danos-personales\/he-sido-herido-en-un-accidente-deberia-presentar-una-demanda-por-dano-personal\/\">Me he lesionado en un accidente. \u00bfDebo presentar una demanda por da\u00f1os personales?<\/a><\/li>\n<li class=\"page_item page-item-2908\"><a href=\"https:\/\/steinberglawfirm-staging.clmcloud.app\/es\/faq\/faq-danos-personales\/si-presento-una-demanda-por-lesiones-personales-necesito-acudir-al-tribunal\/\">Si presento una demanda por da\u00f1os personales, \u00bftengo que ir a juicio?<\/a><\/li>\n<li class=\"page_item page-item-13278\"><a href=\"https:\/\/steinberglawfirm-staging.clmcloud.app\/es\/faq\/faq-danos-personales\/que-danos-puedo-obtener-en-un-caso-de-lesiones-personales\/\">\u00bfQu\u00e9 da\u00f1os y perjuicios puedo obtener en un caso de lesiones personales?<\/a><\/li>\n<li class=\"page_item page-item-2922\"><a href=\"https:\/\/steinberglawfirm-staging.clmcloud.app\/es\/faq\/faq-danos-personales\/que-si-me-contactan-los-de-la-otra-compania-de-seguros\/\">\u00bfQu\u00e9 pasa si la otra compa\u00f1\u00eda de seguros se pone en contacto conmigo?<\/a><\/li>\n<li class=\"page_item page-item-10897\"><a href=\"https:\/\/steinberglawfirm-staging.clmcloud.app\/es\/faq\/faq-danos-personales\/que-tipos-de-danos-puedo-solicitar-si-presento-una-demanda-por-dano-personal\/\">\u00bfQu\u00e9 tipos de da\u00f1os y perjuicios puedo solicitar si presento una demanda por lesiones personales?<\/a><\/li>\n<li class=\"page_item page-item-2932\"><a href=\"https:\/\/steinberglawfirm-staging.clmcloud.app\/es\/faq\/faq-danos-personales\/quien-es-responsable-de-mis-danos\/\">\u00bfQui\u00e9n es responsable de mis da\u00f1os?<\/a><\/li>\n<\/ul>","protected":false},"excerpt":{"rendered":"<p>No siempre es f\u00e1cil. De hecho, el objetivo de la mayor\u00eda de las audiencias judiciales es responder a esa misma pregunta. Hay muchas complicaciones que pueden entrar en juego. Por ejemplo, m\u00e1s de una parte puede ser responsable de una lesi\u00f3n en diferentes grados; incluso usted puede ser considerado parcialmente responsable de sus lesiones. Tambi\u00e9n hay...<\/p>","protected":false},"author":1,"featured_media":0,"parent":5527,"menu_order":0,"comment_status":"closed","ping_status":"closed","template":"","meta":{"_acf_changed":false,"footnotes":""},"class_list":["post-2898","page","type-page","status-publish","hentry"],"acf":[],"_links":{"self":[{"href":"https:\/\/steinberglawfirm-staging.clmcloud.app\/es\/wp-json\/wp\/v2\/pages\/2898"}],"collection":[{"href":"https:\/\/steinberglawfirm-staging.clmcloud.app\/es\/wp-json\/wp\/v2\/pages"}],"about":[{"href":"https:\/\/steinberglawfirm-staging.clmcloud.app\/es\/wp-json\/wp\/v2\/types\/page"}],"author":[{"embeddable":true,"href":"https:\/\/steinberglawfirm-staging.clmcloud.app\/es\/wp-json\/wp\/v2\/users\/1"}],"replies":[{"embeddable":true,"href":"https:\/\/steinberglawfirm-staging.clmcloud.app\/es\/wp-json\/wp\/v2\/comments?post=2898"}],"version-history":[{"count":0,"href":"https:\/\/steinberglawfirm-staging.clmcloud.app\/es\/wp-json\/wp\/v2\/pages\/2898\/revisions"}],"up":[{"embeddable":true,"href":"https:\/\/steinberglawfirm-staging.clmcloud.app\/es\/wp-json\/wp\/v2\/pages\/5527"}],"wp:attachment":[{"href":"https:\/\/steinberglawfirm-staging.clmcloud.app\/es\/wp-json\/wp\/v2\/media?parent=2898"}],"curies":[{"name":"wp","href":"https:\/\/api.w.org\/{rel}","templated":true}]}}