{"id":2888,"date":"2017-08-30T23:54:13","date_gmt":"2017-08-30T23:54:13","guid":{"rendered":"https:\/\/www.steinberglawfirm.com\/?page_id=2888"},"modified":"2022-04-19T23:10:48","modified_gmt":"2022-04-19T23:10:48","slug":"why-you-shouldnt-go-it-alone","status":"publish","type":"page","link":"https:\/\/steinberglawfirm-staging.clmcloud.app\/es\/articulos\/por-que-no-debes-seguir-solo\/","title":{"rendered":"Por qu\u00e9 no debe ir solo"},"content":{"rendered":"<h1 class=\"wp-block-heading\">Por qu\u00e9 no debe ir solo<\/h1>\n\n\n\n<div style=\"height:15px\" aria-hidden=\"true\" class=\"wp-block-spacer\"><\/div>\n\n\n\n<p>Los clientes a menudo nos dicen que habr\u00edan pedido ayuda antes, pero que no estaban seguros de cu\u00e1ndo o por qu\u00e9 llamar a un abogado.<\/p>\n\n\n\n<p>Lo entendemos. El mundo del derecho puede ser complejo; y a veces, los que estamos en la profesi\u00f3n jur\u00eddica no facilitamos las cosas, ya que lanzamos todo tipo de jerga.<\/p>\n\n\n\n<p>Si ha visto nuestro&nbsp;<a href=\"https:\/\/www.steinberglawfirm.com\/video-hub\/\" target=\"_blank\" rel=\"noopener\">anuncios en la televisi\u00f3n y en la web<\/a>Ya sabe que somos partidarios de que los clientes no deben ir solos. Decimos esto porque durante m\u00e1s de 80 a\u00f1os, nuestros abogados han ayudado al \"peque\u00f1o\" a luchar contra las grandes compa\u00f1\u00edas de seguros para obtener los beneficios que merecen. Miles de veces, les hemos ayudado a ganar.<\/p>\n\n\n\n<p>Este <a href=\"https:\/\/www.americanbar.org\/groups\/public_education\/resources\/law_issues_for_consumers\/lawyerlooking.html\" target=\"_blank\" rel=\"noopener\">P\u00e1gina web de la American Bar Association<\/a>&nbsp;ofrece una lista de respuestas y consejos para las personas que est\u00e1n considerando contratar a un abogado.<\/p>\n\n\n\n<p>En las \u00e1reas de&nbsp;<a href=\"https:\/\/www.steinberglawfirm.com\/practice-areas\/personal-injury\/\" target=\"_blank\" rel=\"noopener\">Lesiones personales<\/a>&nbsp;y Compensaci\u00f3n de Trabajadores, nuestros abogados ofrecen estas pautas a los clientes potenciales de la&nbsp;<a href=\"https:\/\/www.steinberglawfirm.com\/attorney\/\" target=\"_blank\" rel=\"noopener\">Steinberg Law Firm<\/a>:<\/p>\n\n\n\n<p>- \u00bfLe preocupa el coste? No se cobra nada por discutir su caso con un abogado. Si el abogado cree que usted tiene un caso, celebrar\u00e1 un acuerdo y s\u00f3lo se le pagar\u00e1 si se cobran las indemnizaciones legales. Usted se queda con la mayor parte de esos beneficios.<br>- \u00bfNo est\u00e1 seguro de tener un caso? Mientras que ning\u00fan abogado puede garantizar un resultado, los abogados experimentados PUEDEN proporcionar la perspectiva sobre sus derechos, y su probabilidad de la recuperaci\u00f3n. Usted no paga a nuestros abogados por esa reuni\u00f3n inicial.<br>- \u00bfNecesita dinero r\u00e1pido? No es el \u00fanico; muchos clientes se enfrentan a cargas financieras despu\u00e9s de sufrir una lesi\u00f3n. A veces no pueden trabajar o se les reduce el horario. Los gastos m\u00e9dicos se acumulan. Nosotros lo entendemos. A menudo ayudamos a los clientes a gestionar sus cargas inmediatas. Pero tambi\u00e9n nos ocupamos de sus necesidades a largo plazo, luchando por conseguir todas las prestaciones que se merecen.<\/p>\n\n\n\n<h2 class=\"wp-block-heading\">Abogados de lesiones personales que representan a Charleston y \u00e1reas cercanas de South Carolina<\/h2>\n\n\n\n<p>Sea cual sea su caso, usted merece ser representado por abogados experimentados, que se han ganado el respeto de sus compa\u00f1eros y comunidades. En el Steinberg Law Firm, lo decimos en serio cuando aconsejamos a los clientes que se apoyen en el Bufete. No importa a qui\u00e9n contrate finalmente para representar sus intereses, creemos firmemente que sus probabilidades son mejores si no lo hace solo. Ll\u00e1menos hoy para programar una&nbsp;<a href=\"https:\/\/www.steinberglawfirm.com\/contact-us\/\" target=\"_blank\" rel=\"noopener\">consulta gratuita y confidencial<\/a>.<\/p>","protected":false},"excerpt":{"rendered":"<p>Por qu\u00e9 no debe ir solo Los clientes a menudo nos dicen que habr\u00edan pedido ayuda antes, pero no estaban seguros de cu\u00e1ndo o por qu\u00e9 llamar a un abogado. Lo entendemos. El mundo legal puede ser complejo; y a veces, los que estamos en la profesi\u00f3n legal no facilitamos las cosas, ya que lanzamos todo tipo...<\/p>","protected":false},"author":1,"featured_media":5589,"parent":2195,"menu_order":0,"comment_status":"closed","ping_status":"closed","template":"","meta":{"_acf_changed":false,"footnotes":""},"class_list":["post-2888","page","type-page","status-publish","has-post-thumbnail","hentry"],"acf":[],"_links":{"self":[{"href":"https:\/\/steinberglawfirm-staging.clmcloud.app\/es\/wp-json\/wp\/v2\/pages\/2888"}],"collection":[{"href":"https:\/\/steinberglawfirm-staging.clmcloud.app\/es\/wp-json\/wp\/v2\/pages"}],"about":[{"href":"https:\/\/steinberglawfirm-staging.clmcloud.app\/es\/wp-json\/wp\/v2\/types\/page"}],"author":[{"embeddable":true,"href":"https:\/\/steinberglawfirm-staging.clmcloud.app\/es\/wp-json\/wp\/v2\/users\/1"}],"replies":[{"embeddable":true,"href":"https:\/\/steinberglawfirm-staging.clmcloud.app\/es\/wp-json\/wp\/v2\/comments?post=2888"}],"version-history":[{"count":1,"href":"https:\/\/steinberglawfirm-staging.clmcloud.app\/es\/wp-json\/wp\/v2\/pages\/2888\/revisions"}],"predecessor-version":[{"id":20013,"href":"https:\/\/steinberglawfirm-staging.clmcloud.app\/es\/wp-json\/wp\/v2\/pages\/2888\/revisions\/20013"}],"up":[{"embeddable":true,"href":"https:\/\/steinberglawfirm-staging.clmcloud.app\/es\/wp-json\/wp\/v2\/pages\/2195"}],"wp:featuredmedia":[{"embeddable":true,"href":"https:\/\/steinberglawfirm-staging.clmcloud.app\/es\/wp-json\/wp\/v2\/media\/5589"}],"wp:attachment":[{"href":"https:\/\/steinberglawfirm-staging.clmcloud.app\/es\/wp-json\/wp\/v2\/media?parent=2888"}],"curies":[{"name":"wp","href":"https:\/\/api.w.org\/{rel}","templated":true}]}}