{"id":2886,"date":"2017-08-30T23:52:46","date_gmt":"2017-08-30T23:52:46","guid":{"rendered":"https:\/\/www.steinberglawfirm.com\/?page_id=2886"},"modified":"2022-04-19T23:17:26","modified_gmt":"2022-04-19T23:17:26","slug":"what-to-do-after-a-dog-bite","status":"publish","type":"page","link":"https:\/\/steinberglawfirm-staging.clmcloud.app\/es\/articulos\/que-hacer-despues-de-una-mordedura-de-perro\/","title":{"rendered":"Qu\u00e9 hacer despu\u00e9s de una mordedura de perro"},"content":{"rendered":"<h1 class=\"wp-block-heading\">Qu\u00e9 hacer despu\u00e9s de una mordedura de perro<\/h1>\n\n\n\n<div style=\"height:15px\" aria-hidden=\"true\" class=\"wp-block-spacer\"><\/div>\n\n\n\n<p>Los perros se encuentran entre las mascotas m\u00e1s populares de Estados Unidos. De hecho, actualmente hay alrededor de 74,8 millones de perros viviendo en todo nuestro pa\u00eds. Por desgracia, no todos los propietarios de perros tienen el nivel de responsabilidad necesario para cuidar de estas mascotas. Si un perro no est\u00e1 debidamente adiestrado para estar cerca de la gente, o si se le permite vagar por el vecindario sin supervisi\u00f3n, puede suponer una amenaza para todos los habitantes del barrio.<\/p>\n\n\n\n<p>\u00bfQu\u00e9 debe hacer si es uno de los 4,7 millones de estadounidenses que son mordidos por un perro cada a\u00f1o? Hay dos cuestiones b\u00e1sicas que debe tener en cuenta: su salud y sus derechos.<\/p>\n\n\n\n<p><strong>AYUDA M\u00c9DICA<\/strong><\/p>\n\n\n\n<p>Tan pronto como un&nbsp;<a href=\"https:\/\/www.steinberglawfirm.com\/practice-areas\/dog-bites\/\" target=\"_blank\" rel=\"noopener\">mordeduras de perro<\/a>&nbsp;usted u otra persona, aseg\u00farese de seguir los siguientes pasos:<\/p>\n\n\n\n<ul class=\"wp-block-list\"><li>Aplicar presi\u00f3n a la herida con material limpio<\/li><li>Lavar suavemente la zona lesionada con agua y jab\u00f3n antibacteriano<\/li><li>Mantener la lesi\u00f3n elevada por encima del coraz\u00f3n para frenar la hemorragia\/inflamaci\u00f3n<\/li><li>Cubrir la lesi\u00f3n con un vendaje est\u00e9ril<\/li><li>Limpiar la herida regularmente hasta que est\u00e9 completamente curada<\/li><\/ul>\n\n\n\n<p>Contacte con un m\u00e9dico inmediatamente en cualquiera de estas circunstancias:<\/p>\n\n\n\n<ul class=\"wp-block-list\"><li>La herida sigue sangrando durante 15 minutos o m\u00e1s<\/li><li>Hay signos de infecci\u00f3n, como fiebre, hinchaz\u00f3n excesiva o enrojecimiento<\/li><li>No sabe si el perro ha sido vacunado<\/li><\/ul>\n\n\n\n<p><strong>DERECHOS LEGALES<\/strong><\/p>\n\n\n\n<p>Una vez atendida su salud, su siguiente preocupaci\u00f3n ser\u00e1 probablemente asegurarse de que este tipo de incidentes no se repitan. La \u00fanica manera de hacerlo es responsabilizar legalmente al due\u00f1o negligente de la mascota por sus acciones. Lamentablemente, muchos propietarios negligentes no se preocupan seriamente por el da\u00f1o que pueden causar sus mascotas hasta que empieza a afectarles legal o econ\u00f3micamente.<\/p>\n\n\n\n<p>Un abogado cualificado en mordeduras de perro Charleston puede ayudarle a obtener una indemnizaci\u00f3n por las facturas m\u00e9dicas, los salarios perdidos y el dolor y el sufrimiento. Y lo que es m\u00e1s importante, podr\u00e1 enviar un mensaje a la comunidad de que los perros mal entrenados o supervisados no son aceptables.<\/p>\n\n\n\n<h2 class=\"wp-block-heading\">Abogados de lesiones personales que representan a Charleston y \u00e1reas cercanas de South Carolina<\/h2>\n\n\n\n<p><strong>CONTACTAR CON UN ABOGADO DE MORDEDURAS DE PERRO EN CHARLESTON<\/strong><\/p>\n\n\n\n<p>Para saber m\u00e1s,&nbsp;<a href=\"https:\/\/www.steinberglawfirm.com\/contact-us\/\" target=\"_blank\" rel=\"noopener\">contactar con<\/a>&nbsp;un abogado con experiencia en mordeduras de perro Charleston a trav\u00e9s de la&nbsp;<a href=\"https:\/\/www.steinberglawfirm.com\/about-us\/\" target=\"_blank\" rel=\"noopener\">Steinberg Law Firm<\/a>&nbsp;llamando al 843-720-2800.<\/p>","protected":false},"excerpt":{"rendered":"<p>Qu\u00e9 hacer tras una mordedura de perro Los perros se encuentran entre las mascotas m\u00e1s populares de Estados Unidos. De hecho, actualmente hay alrededor de 74,8 millones de perros viviendo en todo nuestro pa\u00eds. Por desgracia, no todos los propietarios de perros tienen el nivel de responsabilidad necesario para cuidar de estas mascotas. Si un perro no est\u00e1 bien entrenado para...<\/p>","protected":false},"author":1,"featured_media":15250,"parent":2195,"menu_order":0,"comment_status":"closed","ping_status":"closed","template":"","meta":{"_acf_changed":false,"footnotes":""},"class_list":["post-2886","page","type-page","status-publish","has-post-thumbnail","hentry"],"acf":[],"_links":{"self":[{"href":"https:\/\/steinberglawfirm-staging.clmcloud.app\/es\/wp-json\/wp\/v2\/pages\/2886"}],"collection":[{"href":"https:\/\/steinberglawfirm-staging.clmcloud.app\/es\/wp-json\/wp\/v2\/pages"}],"about":[{"href":"https:\/\/steinberglawfirm-staging.clmcloud.app\/es\/wp-json\/wp\/v2\/types\/page"}],"author":[{"embeddable":true,"href":"https:\/\/steinberglawfirm-staging.clmcloud.app\/es\/wp-json\/wp\/v2\/users\/1"}],"replies":[{"embeddable":true,"href":"https:\/\/steinberglawfirm-staging.clmcloud.app\/es\/wp-json\/wp\/v2\/comments?post=2886"}],"version-history":[{"count":1,"href":"https:\/\/steinberglawfirm-staging.clmcloud.app\/es\/wp-json\/wp\/v2\/pages\/2886\/revisions"}],"predecessor-version":[{"id":20022,"href":"https:\/\/steinberglawfirm-staging.clmcloud.app\/es\/wp-json\/wp\/v2\/pages\/2886\/revisions\/20022"}],"up":[{"embeddable":true,"href":"https:\/\/steinberglawfirm-staging.clmcloud.app\/es\/wp-json\/wp\/v2\/pages\/2195"}],"wp:featuredmedia":[{"embeddable":true,"href":"https:\/\/steinberglawfirm-staging.clmcloud.app\/es\/wp-json\/wp\/v2\/media\/15250"}],"wp:attachment":[{"href":"https:\/\/steinberglawfirm-staging.clmcloud.app\/es\/wp-json\/wp\/v2\/media?parent=2886"}],"curies":[{"name":"wp","href":"https:\/\/api.w.org\/{rel}","templated":true}]}}