{"id":2884,"date":"2017-08-30T23:51:37","date_gmt":"2017-08-30T23:51:37","guid":{"rendered":"https:\/\/www.steinberglawfirm.com\/?page_id=2884"},"modified":"2022-04-19T23:34:35","modified_gmt":"2022-04-19T23:34:35","slug":"what-do-you-need-to-prove-if-a-car-defect-injures-you","status":"publish","type":"page","link":"https:\/\/steinberglawfirm-staging.clmcloud.app\/es\/articulos\/que-necesita-probar-si-un-defecto-de-coche-le-lesiona\/","title":{"rendered":"\u00bfQu\u00e9 hay que demostrar si un defecto del coche le causa lesiones?"},"content":{"rendered":"<h1 class=\"wp-block-heading\">\u00bfQu\u00e9 hay que demostrar si un defecto del coche le causa lesiones?<\/h1>\n\n\n\n<div style=\"height:15px\" aria-hidden=\"true\" class=\"wp-block-spacer\"><\/div>\n\n\n\n<p>Desgraciadamente, los accidentes de coche suelen estar causados por factores que est\u00e1n completamente fuera del control del conductor, como los defectos o el mal funcionamiento del coche. Estos defectos pueden producirse por problemas que surgen durante los procesos de dise\u00f1o, fabricaci\u00f3n o instalaci\u00f3n. Sin embargo, demostrar la responsabilidad de&nbsp;<a href=\"https:\/\/www.steinberglawfirm.com\/practice-areas\/auto-accidents\/\" target=\"_blank\" rel=\"noopener\">accidentes de tr\u00e1fico<\/a>&nbsp;causados por los defectos del coche puede ser dif\u00edcil.<\/p>\n\n\n\n<p>Si ha sufrido una lesi\u00f3n a causa de un defecto del veh\u00edculo, puede tener derecho a presentar una reclamaci\u00f3n de indemnizaci\u00f3n contra el fabricante responsable del defecto. Para saber m\u00e1s sobre sus opciones legales despu\u00e9s de un accidente de coche, p\u00f3ngase en contacto con un abogado de accidentes Charleston de la&nbsp;<a href=\"https:\/\/www.steinberglawfirm.com\/about-us\/\" target=\"_blank\" rel=\"noopener\">Steinberg Law Firm<\/a>&nbsp;hoy llamando al 843-720-2800.<\/p>\n\n\n\n<p><strong>PROBAR LA CULPA<\/strong><\/p>\n\n\n\n<p>Un defecto del autom\u00f3vil es un problema de seguridad grave que puede provocar un accidente de coche destructivo. En estas situaciones, la v\u00edctima del accidente de coche puede tener derecho a una indemnizaci\u00f3n del dise\u00f1ador o fabricante de la pieza de autom\u00f3vil culpable. Sin embargo, el perjudicado debe ser capaz de demostrar que el fabricante o dise\u00f1ador actu\u00f3 de forma negligente si quiere presentar una reclamaci\u00f3n de indemnizaci\u00f3n.<\/p>\n\n\n\n<p>Algunos de los requisitos para determinar la culpa incluyen la prueba de lo siguiente:<\/p>\n\n\n\n<ul class=\"wp-block-list\"><li>El producto estaba mal dise\u00f1ado<\/li><li>El producto estaba mal fabricado<\/li><li>El producto no fue probado suficientemente por el fabricante<\/li><li>El producto era intr\u00ednsecamente peligroso y no hab\u00eda suficientes advertencias<\/li><\/ul>\n\n\n\n<p><strong>NEGLIGENCIA VS. RESPONSABILIDAD OBJETIVA<\/strong><\/p>\n\n\n\n<p>Las reclamaciones por defectos en los coches pueden argumentarse con dos argumentos legales diferentes. El primero se conoce como negligencia, o sea, responsabilizar a alguien por algo que fue su culpa. Sin embargo, en el caso de muchos defectos del autom\u00f3vil, es muy dif\u00edcil demostrar la culpa. En estos casos, una persona puede utilizar el segundo argumento, conocido como responsabilidad objetiva. Para estas reclamaciones, una persona debe demostrar que el producto era peligroso y que se lesion\u00f3 a causa de \u00e9l.<\/p>\n\n\n\n<h2 class=\"wp-block-heading\">Abogados de lesiones personales que representan a Charleston y \u00e1reas cercanas de South Carolina<\/h2>\n\n\n\n<p><strong>CONTACTAR CON NOSOTROS<\/strong><\/p>\n\n\n\n<p>Si las lesiones de su accidente de coche fueron causadas por una empresa&nbsp;<a href=\"https:\/\/www.steinberglawfirm.com\/practice-areas\/dangerous-products\/\" target=\"_blank\" rel=\"noopener\">producto peligroso<\/a>Podemos ayudarle con su demanda de indemnizaci\u00f3n. Para obtener m\u00e1s informaci\u00f3n sobre las opciones de demanda por defectos en el autom\u00f3vil, p\u00f3ngase en contacto con un <a href=\"https:\/\/www.steinberglawfirm.com\/practice-areas\/personal-injury\/\" target=\"_blank\" rel=\"noopener\">Charleston abogado de lesiones personales<\/a> del Steinberg Law Firm al 843-720-2800 hoy mismo.<\/p>","protected":false},"excerpt":{"rendered":"<p>\u00bfQu\u00e9 hay que demostrar si un defecto del coche le ha lesionado? Desafortunadamente, los accidentes de coche son frecuentemente causados por factores que est\u00e1n completamente fuera del control del conductor, como defectos o mal funcionamiento del coche. Estos defectos pueden ocurrir debido a problemas que surgen durante los procesos de dise\u00f1o, fabricaci\u00f3n o instalaci\u00f3n. Sin embargo, probar la responsabilidad de los accidentes de auto causados...<\/p>","protected":false},"author":1,"featured_media":19678,"parent":2195,"menu_order":0,"comment_status":"closed","ping_status":"closed","template":"","meta":{"_acf_changed":false,"footnotes":""},"class_list":["post-2884","page","type-page","status-publish","has-post-thumbnail","hentry"],"acf":[],"_links":{"self":[{"href":"https:\/\/steinberglawfirm-staging.clmcloud.app\/es\/wp-json\/wp\/v2\/pages\/2884"}],"collection":[{"href":"https:\/\/steinberglawfirm-staging.clmcloud.app\/es\/wp-json\/wp\/v2\/pages"}],"about":[{"href":"https:\/\/steinberglawfirm-staging.clmcloud.app\/es\/wp-json\/wp\/v2\/types\/page"}],"author":[{"embeddable":true,"href":"https:\/\/steinberglawfirm-staging.clmcloud.app\/es\/wp-json\/wp\/v2\/users\/1"}],"replies":[{"embeddable":true,"href":"https:\/\/steinberglawfirm-staging.clmcloud.app\/es\/wp-json\/wp\/v2\/comments?post=2884"}],"version-history":[{"count":1,"href":"https:\/\/steinberglawfirm-staging.clmcloud.app\/es\/wp-json\/wp\/v2\/pages\/2884\/revisions"}],"predecessor-version":[{"id":20026,"href":"https:\/\/steinberglawfirm-staging.clmcloud.app\/es\/wp-json\/wp\/v2\/pages\/2884\/revisions\/20026"}],"up":[{"embeddable":true,"href":"https:\/\/steinberglawfirm-staging.clmcloud.app\/es\/wp-json\/wp\/v2\/pages\/2195"}],"wp:featuredmedia":[{"embeddable":true,"href":"https:\/\/steinberglawfirm-staging.clmcloud.app\/es\/wp-json\/wp\/v2\/media\/19678"}],"wp:attachment":[{"href":"https:\/\/steinberglawfirm-staging.clmcloud.app\/es\/wp-json\/wp\/v2\/media?parent=2884"}],"curies":[{"name":"wp","href":"https:\/\/api.w.org\/{rel}","templated":true}]}}