{"id":28824,"date":"2023-12-22T21:30:34","date_gmt":"2023-12-22T21:30:34","guid":{"rendered":"https:\/\/www.steinberglawfirm.com\/?page_id=28824"},"modified":"2024-01-26T22:22:41","modified_gmt":"2024-01-26T22:22:41","slug":"doordash-work-accident-attorneys","status":"publish","type":"page","link":"https:\/\/steinberglawfirm-staging.clmcloud.app\/es\/indemnizacion-de-los-trabajadores\/doordash-abogados-de-accidentes-de-trabajo\/","title":{"rendered":"South Carolina Abogados de accidentes de trabajo DoorDash"},"content":{"rendered":"<h1 class=\"wp-block-heading\">South Carolina Abogados de accidentes de trabajo DoorDash<\/h1>\n\n\n\n<h2 class=\"wp-block-heading\"><em>Abogados expertos en accidentes South Carolina ayudan a proteger a conductores de DoorDash tras accidentes laborales<\/em><\/h2>\n\n\n\n<p>DoorDash no ha dejado de crecer desde su fundaci\u00f3n en Palo Alto (California). En la actualidad, DoorDash posee el 45 % de la cuota de mercado de los servicios de entrega de comida a domicilio basados en aplicaciones, superando ampliamente a Gruhub y Uber Eats.<\/p>\n\n\n\n<p>En la actualidad, DoorDash cuenta con unos 32 millones de usuarios activos anuales, y 15 millones de usuarios est\u00e1n suscritos a DashPass, que ofrece entrega y cancelaci\u00f3n gratuitas. M\u00e1s de 390.000 restaurantes y tiendas de comestibles se hab\u00edan asociado con DoorDash en 2021.<\/p>\n\n\n\n<p>Para conectar a los vendedores de comida con los clientes hambrientos, DoorDash conf\u00eda en sus conductores. A medida que la pandemia cambiaba nuestros h\u00e1bitos sobre la comida y el trabajo, el n\u00famero de conductores de DoorDash se dispar\u00f3. Entre marzo y septiembre de 2020, DoorDash inform\u00f3 de que hab\u00eda incorporado 1,9 millones de nuevos conductores.&nbsp;<\/p>\n\n\n\n<p>La mayor\u00eda de los conductores trabajan s\u00f3lo a tiempo parcial - sin embargo, cada viaje expone a un conductor a los riesgos en las carreteras South Carolina, incluyendo el riesgo de un accidente. Si te has lesionado mientras conduc\u00edas para DoorDash, habla con un <a href=\"https:\/\/www.steinberglawfirm.com\/personal-injury\/auto-accidents\/\" target=\"_blank\" rel=\"noopener\">abogado experto en accidentes South Carolina<\/a> hoy.&nbsp;<\/p>\n\n\n\n<h3 class=\"wp-block-heading\">Tipos de riesgo de accidente para los conductores de DoorDash<\/h3>\n\n\n\n<p>Debido a que los conductores de DoorDash dependen de su capacidad para conducir para trabajar con DoorDash, a menudo conducen con cuidado. Incluso el conductor m\u00e1s cuidadoso, sin embargo, puede encontrarse en un accidente por causas ajenas a su voluntad.&nbsp;<\/p>\n\n\n\n<p>Los riesgos a los que se enfrentan los conductores de DoorDash en la carretera son los siguientes:<\/p>\n\n\n\n<ul class=\"wp-block-list\">\n<li><a href=\"https:\/\/www.steinberglawfirm.com\/personal-injury\/auto-accidents\/speeding-car-accidents\/\" target=\"_blank\" rel=\"noopener\">Exceso de velocidad<\/a>, <a href=\"https:\/\/www.steinberglawfirm.com\/personal-injury\/auto-accidents\/distracted-driving-accidents\/\" target=\"_blank\" rel=\"noopener\">distra\u00eddo<\/a>o <a href=\"https:\/\/www.steinberglawfirm.com\/personal-injury\/auto-accidents\/drunk-driving-accident\/\" target=\"_blank\" rel=\"noopener\">conductores con discapacidad<\/a> en otros veh\u00edculos.<\/li>\n\n\n\n<li>Conductores, peatones y ciclistas que no respetan las normas de tr\u00e1fico.<\/li>\n\n\n\n<li><a href=\"https:\/\/www.steinberglawfirm.com\/personal-injury\/dangerous-products\/\" target=\"_blank\" rel=\"noopener\">Defectos ocultos de los veh\u00edculos<\/a> que provocan un accidente.&nbsp;<\/li>\n\n\n\n<li>Mantenimiento negligente de sem\u00e1foros, carteles y se\u00f1ales de tr\u00e1fico, o problemas con el firme de las carreteras, puentes y pasos elevados que provoquen lesiones.&nbsp;<\/li>\n\n\n\n<li>Problemas meteorol\u00f3gicos como luz solar intensa, aguanieve, lluvia o niebla.&nbsp;<\/li>\n\n\n\n<li>Condiciones de iluminaci\u00f3n deficientes, especialmente por la noche o en d\u00edas nublados o con niebla.&nbsp;<\/li>\n<\/ul>\n\n\n\n<p>Cualquier combinaci\u00f3n de estos factores puede aumentar el riesgo de colisi\u00f3n o provocar un accidente.&nbsp;<\/p>\n\n\n\n<h3 class=\"wp-block-heading\">Indemnizaci\u00f3n tras un accidente con DoorDash<\/h3>\n\n\n\n<p>En South Carolina, el sistema de indemnizaci\u00f3n de los trabajadores protege a los empleados que se lesionan mientras realizan su trabajo. Los repartidores empleados por una empresa, por ejemplo, pueden solicitar la protecci\u00f3n de la compensaci\u00f3n de los trabajadores si sufren <a href=\"https:\/\/www.steinberglawfirm.com\/workers-compensation\/delivery-worker-injury\/\" target=\"_blank\" rel=\"noopener\">heridos mientras hac\u00edan sus entregas<\/a>.<\/p>\n\n\n\n<p>Sin embargo, muchos conductores de DoorDash no pueden confiar en la compensaci\u00f3n de los trabajadores si se lesionan mientras conducen para DoorDash. El acuerdo de trabajadores de DoorDash especifica que cuando una persona acepta encargos a trav\u00e9s de la app de DoorDash, trabaja como contratista independiente, no como empleado. A diferencia de los empleados, los contratistas independientes no est\u00e1n cubiertos por la compensaci\u00f3n de los trabajadores en South Carolina.<\/p>\n\n\n\n<p>Incluso si un conductor no puede solicitar la cobertura de compensaci\u00f3n de los trabajadores, la compensaci\u00f3n por sus lesiones todav\u00eda puede estar disponible a partir de otras fuentes, incluyendo el seguro y cualquier parte culpable en el accidente. Es posible que pueda solicitar una indemnizaci\u00f3n por p\u00e9rdidas como facturas m\u00e9dicas, salarios perdidos, reparaciones del veh\u00edculo y dolor y sufrimiento.&nbsp;<\/p>\n\n\n\n<h3 class=\"wp-block-heading\">\u00bfDe qui\u00e9n es la culpa del accidente de un veh\u00edculo de DoorDash?<\/h3>\n\n\n\n<p>Todos los accidentes de tr\u00e1fico tienen una causa. Sin embargo, averiguar cu\u00e1l es exactamente puede resultar complicado. Encontrar la causa de un accidente es a\u00fan m\u00e1s dif\u00edcil cuando se combinan m\u00faltiples factores para desencadenarlo.&nbsp;<\/p>\n\n\n\n<p>Cuando un conductor de DoorDash sufre un accidente:<\/p>\n\n\n\n<ul class=\"wp-block-list\">\n<li><strong>Otros conductores <\/strong>puede tener la culpa. La negligencia o imprudencia de otro conductor en la carretera puede provocar un accidente.<\/li>\n\n\n\n<li><strong>Defectos en el veh\u00edculo <\/strong>puede desencadenar un accidente. Por ejemplo, una pieza defectuosa en el sistema de frenos puede hacer que \u00e9stos fallen en un momento cr\u00edtico. Es posible que el conductor ni siquiera sepa que hay un problema hasta que sea demasiado tarde.&nbsp;<\/li>\n\n\n\n<li><strong>El entorno <\/strong>pueden causar o contribuir a un accidente. El mal tiempo, los sem\u00e1foros fundidos, las se\u00f1ales inadecuadas o inexistentes, los defectos en el dise\u00f1o de la carretera, la oscuridad, los animales y otros factores pueden influir en un accidente.<\/li>\n<\/ul>\n\n\n\n<p>Resolver el rompecabezas de las aver\u00edas es dif\u00edcil cuando se est\u00e1 sano. Cuando est\u00e1s luchando por recuperarte de lesiones graves, puede parecer imposible. Un abogado con experiencia puede ayudar. Tener un bufete de abogados que puede manejar tanto <a href=\"https:\/\/www.steinberglawfirm.com\/workers-compensation\/\" target=\"_blank\" rel=\"noopener\">indemnizaci\u00f3n por accidente de trabajo<\/a> y <a href=\"https:\/\/www.steinberglawfirm.com\/personal-injury\/personal-injury-lawyers\/\" target=\"_blank\" rel=\"noopener\">casos de da\u00f1os personales<\/a> puede ser cr\u00edtico en casos en los que hay empleados contratados o negligencia de terceros implicados. Algunas lesiones en el trabajo pueden tener tanto una demanda de compensaci\u00f3n de trabajo y un caso de lesiones personales.&nbsp;<\/p>\n\n\n\n<h2 class=\"wp-block-heading\">Hable hoy mismo con un abogado especializado en accidentes South Carolina DoorDash<\/h2>\n\n\n\n<p>Si eres como la mayor\u00eda de los conductores de DoorDash, probablemente empezaste a conducir con DoorDash porque necesitabas algo de dinero extra. Conducir por tu ciudad o pueblo para hacer entregas parec\u00eda una forma f\u00e1cil, incluso divertida, de aumentar tus ingresos.&nbsp;<\/p>\n\n\n\n<p><a href=\"https:\/\/www.steinberglawfirm.com\/locations\/charleston\/workers-compensation-lawyers\/delivery-driver-accident-lawyers\/\" target=\"_blank\" rel=\"noopener\">Cuando se produce un accidente<\/a>te cambia la vida. Puede que tengas que hacer frente a lesiones graves. Tu trabajo de reparto de comida ha sido sustituido por las visitas al m\u00e9dico. Tal vez se pregunte cu\u00e1ndo volver\u00e1 a trabajar, si es que vuelve a hacerlo. Puede que eches de menos tus antiguas aficiones y te preguntes si volver\u00e1s a ellas alg\u00fan d\u00eda.<\/p>\n\n\n\n<p>Si esto te suena familiar, no est\u00e1s solo. Hable con los experimentados abogados de lesiones South Carolina DoorDash en el <a href=\"https:\/\/www.steinberglawfirm.com\/\" target=\"_blank\" rel=\"noopener\">Steinberg Law Firm<\/a> hoy mismo. Responderemos a sus preguntas y le ayudaremos a avanzar en su lucha por una indemnizaci\u00f3n. Para saber m\u00e1s, <a href=\"https:\/\/www.steinberglawfirm.com\/free-consultation\/\" target=\"_blank\" rel=\"noopener\">programar una consulta gratuita<\/a> con una de <a href=\"https:\/\/www.steinberglawfirm.com\/attorney\/\" target=\"_blank\" rel=\"noopener\">nuestros abogados<\/a> hoy.<\/p>","protected":false},"excerpt":{"rendered":"<p>South Carolina DoorDash Abogados de Accidentes de Trabajo Abogados experimentados en accidentes South Carolina ayudan a proteger a los conductores de DoorDash despu\u00e9s de accidentes en el trabajo DoorDash ha crecido constantemente desde su fundaci\u00f3n en Palo Alto, California. Hoy en d\u00eda, DoorDash tiene el 45 por ciento de la cuota de mercado de servicios de entrega de alimentos basados en aplicaciones \u30fc superando agresivamente a Gruhub y Uber Eats. En la actualidad, DoorDash cuenta con unos 32...<\/p>","protected":false},"author":1,"featured_media":28827,"parent":8874,"menu_order":0,"comment_status":"closed","ping_status":"closed","template":"","meta":{"_acf_changed":false,"footnotes":""},"class_list":["post-28824","page","type-page","status-publish","has-post-thumbnail","hentry"],"acf":[],"_links":{"self":[{"href":"https:\/\/steinberglawfirm-staging.clmcloud.app\/es\/wp-json\/wp\/v2\/pages\/28824"}],"collection":[{"href":"https:\/\/steinberglawfirm-staging.clmcloud.app\/es\/wp-json\/wp\/v2\/pages"}],"about":[{"href":"https:\/\/steinberglawfirm-staging.clmcloud.app\/es\/wp-json\/wp\/v2\/types\/page"}],"author":[{"embeddable":true,"href":"https:\/\/steinberglawfirm-staging.clmcloud.app\/es\/wp-json\/wp\/v2\/users\/1"}],"replies":[{"embeddable":true,"href":"https:\/\/steinberglawfirm-staging.clmcloud.app\/es\/wp-json\/wp\/v2\/comments?post=28824"}],"version-history":[{"count":3,"href":"https:\/\/steinberglawfirm-staging.clmcloud.app\/es\/wp-json\/wp\/v2\/pages\/28824\/revisions"}],"predecessor-version":[{"id":30443,"href":"https:\/\/steinberglawfirm-staging.clmcloud.app\/es\/wp-json\/wp\/v2\/pages\/28824\/revisions\/30443"}],"up":[{"embeddable":true,"href":"https:\/\/steinberglawfirm-staging.clmcloud.app\/es\/wp-json\/wp\/v2\/pages\/8874"}],"wp:featuredmedia":[{"embeddable":true,"href":"https:\/\/steinberglawfirm-staging.clmcloud.app\/es\/wp-json\/wp\/v2\/media\/28827"}],"wp:attachment":[{"href":"https:\/\/steinberglawfirm-staging.clmcloud.app\/es\/wp-json\/wp\/v2\/media?parent=28824"}],"curies":[{"name":"wp","href":"https:\/\/api.w.org\/{rel}","templated":true}]}}