{"id":2882,"date":"2017-08-30T23:50:42","date_gmt":"2017-08-30T23:50:42","guid":{"rendered":"https:\/\/www.steinberglawfirm.com\/?page_id=2882"},"modified":"2022-04-19T23:41:33","modified_gmt":"2022-04-19T23:41:33","slug":"vocal-cord-paralysis-injuries","status":"publish","type":"page","link":"https:\/\/steinberglawfirm-staging.clmcloud.app\/es\/articulos\/lesiones-de-las-cuerdas-vocales\/","title":{"rendered":"Lesiones por par\u00e1lisis de las cuerdas vocales"},"content":{"rendered":"<h1 class=\"wp-block-heading\">Lesiones por par\u00e1lisis de las cuerdas vocales<\/h1>\n\n\n\n<div style=\"height:15px\" aria-hidden=\"true\" class=\"wp-block-spacer\"><\/div>\n\n\n\n<p>Una persona lesionada por la negligencia de otro individuo puede desarrollar una par\u00e1lisis de las cuerdas vocales debido a sus lesiones. La par\u00e1lisis de las cuerdas vocales se produce cuando el colgajo de tejido de la garganta que se abre y se cierra al hablar, respirar y tragar ya no se mueve libremente. En su lugar, es posible que el colgajo no se mueva en absoluto o que no se abra ni se cierre por completo. Esta afecci\u00f3n puede dar lugar a importantes complicaciones que pueden tener un grave impacto en la vida de una persona.<\/p>\n\n\n\n<p>Si ha sufrido una par\u00e1lisis de las cuerdas vocales debido a la negligencia de otra parte, una demanda civil puede ser lo mejor para usted. P\u00f3ngase en contacto con el&nbsp;<a href=\"https:\/\/www.steinberglawfirm.com\/practice-areas\/personal-injury\/\" target=\"_blank\" rel=\"noopener\">Charleston abogados de da\u00f1os personales<\/a>&nbsp;de la&nbsp;<a href=\"https:\/\/www.steinberglawfirm.com\/about-us\/\" target=\"_blank\" rel=\"noopener\">Steinberg Law Firm<\/a>&nbsp;al 843-720-2800 hoy mismo.<\/p>\n\n\n\n<p><strong>LAS CONSECUENCIAS DE LA PAR\u00c1LISIS DE LAS CUERDAS VOCALES<\/strong><\/p>\n\n\n\n<p>Las cuerdas vocales son las principales responsables de la capacidad humana de producir el lenguaje hablado. Estas cuerdas se cierran durante el habla, lo que permite al hablante hacer vibrar ese tejido para producir sonidos. Estos sonidos se forman en la boca para crear sonidos que otros hablantes del idioma reconocer\u00e1n como significativos. La par\u00e1lisis puede cambiar dr\u00e1sticamente este proceso.<\/p>\n\n\n\n<p>Una persona que sufre una par\u00e1lisis de las cuerdas vocales puede experimentar los siguientes problemas:<\/p>\n\n\n\n<ul class=\"wp-block-list\"><li>Incapacidad para hablar correctamente<\/li><li>Incapacidad para tragar alimentos o l\u00edquidos<\/li><li>Incapacidad para respirar debido a las obstrucciones creadas por las cuerdas vocales<\/li><\/ul>\n\n\n\n<p>Estas complicaciones pueden poner en peligro la vida de la persona si se atraganta con la comida o no puede respirar. En estas situaciones, la persona puede necesitar una traqueotom\u00eda de urgencia, que puede resultar costosa y peligrosa.<\/p>\n\n\n\n<h2 class=\"wp-block-heading\">Abogados de lesiones personales que representan a Charleston y \u00e1reas cercanas de South Carolina<\/h2>\n\n\n\n<p><strong>CONTACTAR CON NOSOTROS<\/strong><\/p>\n\n\n\n<p>Si usted o un ser querido se ha lesionado hasta el punto de desarrollar una par\u00e1lisis de las cuerdas vocales debido a la negligencia de otro individuo, es posible que podamos ayudarle. Para m\u00e1s informaci\u00f3n sobre sus opciones legales, <a href=\"https:\/\/www.steinberglawfirm.com\/contact-us\/\" target=\"_blank\" rel=\"noopener\">contactar con<\/a> los abogados de lesiones personales del Charleston hoy llamando al 843-720-2800.<\/p>","protected":false},"excerpt":{"rendered":"<p>Lesiones por par\u00e1lisis de las cuerdas vocales Una persona lesionada por la negligencia de otro individuo puede desarrollar una par\u00e1lisis de las cuerdas vocales debido a sus lesiones. La par\u00e1lisis de las cuerdas vocales se produce cuando el colgajo de tejido de la garganta que se abre y se cierra al hablar, respirar y tragar ya no se mueve libremente. En su lugar, el colgajo puede no moverse en absoluto o...<\/p>","protected":false},"author":1,"featured_media":5589,"parent":2195,"menu_order":0,"comment_status":"closed","ping_status":"closed","template":"","meta":{"_acf_changed":false,"footnotes":""},"class_list":["post-2882","page","type-page","status-publish","has-post-thumbnail","hentry"],"acf":[],"_links":{"self":[{"href":"https:\/\/steinberglawfirm-staging.clmcloud.app\/es\/wp-json\/wp\/v2\/pages\/2882"}],"collection":[{"href":"https:\/\/steinberglawfirm-staging.clmcloud.app\/es\/wp-json\/wp\/v2\/pages"}],"about":[{"href":"https:\/\/steinberglawfirm-staging.clmcloud.app\/es\/wp-json\/wp\/v2\/types\/page"}],"author":[{"embeddable":true,"href":"https:\/\/steinberglawfirm-staging.clmcloud.app\/es\/wp-json\/wp\/v2\/users\/1"}],"replies":[{"embeddable":true,"href":"https:\/\/steinberglawfirm-staging.clmcloud.app\/es\/wp-json\/wp\/v2\/comments?post=2882"}],"version-history":[{"count":1,"href":"https:\/\/steinberglawfirm-staging.clmcloud.app\/es\/wp-json\/wp\/v2\/pages\/2882\/revisions"}],"predecessor-version":[{"id":20033,"href":"https:\/\/steinberglawfirm-staging.clmcloud.app\/es\/wp-json\/wp\/v2\/pages\/2882\/revisions\/20033"}],"up":[{"embeddable":true,"href":"https:\/\/steinberglawfirm-staging.clmcloud.app\/es\/wp-json\/wp\/v2\/pages\/2195"}],"wp:featuredmedia":[{"embeddable":true,"href":"https:\/\/steinberglawfirm-staging.clmcloud.app\/es\/wp-json\/wp\/v2\/media\/5589"}],"wp:attachment":[{"href":"https:\/\/steinberglawfirm-staging.clmcloud.app\/es\/wp-json\/wp\/v2\/media?parent=2882"}],"curies":[{"name":"wp","href":"https:\/\/api.w.org\/{rel}","templated":true}]}}