{"id":28817,"date":"2023-12-22T21:17:19","date_gmt":"2023-12-22T21:17:19","guid":{"rendered":"https:\/\/www.steinberglawfirm.com\/?page_id=28817"},"modified":"2024-01-26T22:23:25","modified_gmt":"2024-01-26T22:23:25","slug":"fedex-accident-attorneys","status":"publish","type":"page","link":"https:\/\/steinberglawfirm-staging.clmcloud.app\/es\/indemnizacion-de-los-trabajadores\/fedex-accidentes-abogados\/","title":{"rendered":"South Carolina Abogados de accidentes FedEx"},"content":{"rendered":"<h1 class=\"wp-block-heading\">South Carolina Abogados de accidentes FedEx<\/h1>\n\n\n\n<h2 class=\"wp-block-heading\"><em>Abogados expertos en accidentes South Carolina ayudan a proteger a los conductores de FedEx tras accidentes laborales<\/em><\/h2>\n\n\n\n<p>Federal Express Corporation, popularmente llamada \"FedEx\", gestiona unos 16,5 millones de paquetes diarios, con m\u00e1s de 210.000 veh\u00edculos en su flota. FedEx emplea a m\u00e1s de 850.000 personas; el 18% de su plantilla tiene carn\u00e9 de conducir comercial (CDL), mientras que otros miles pueden conducir veh\u00edculos m\u00e1s peque\u00f1os para la empresa.&nbsp;<\/p>\n\n\n\n<p>Seg\u00fan la Administraci\u00f3n Federal de Seguridad de Autotransportes (FMCSA), FedEx emplea a m\u00e1s de 42.000 conductores para operar sus veh\u00edculos. Aunque la mayor\u00eda de los conductores de FedEx conocen bien sus rutas, pueden estar <a href=\"https:\/\/www.steinberglawfirm.com\/personal-injury\/auto-accidents\/\" target=\"_blank\" rel=\"noopener\">implicado en un accidente<\/a> con otro veh\u00edculo de pasajeros durante su turno. Cuando otras personas en la carretera act\u00faan con negligencia o imprudencia, incluso el conductor de FedEx m\u00e1s cuidadoso puede ser impotente para evitar lesiones.&nbsp;<\/p>\n\n\n\n<p>Si usted o un ser querido se ha lesionado mientras conduc\u00eda para FedEx, hable con un <a href=\"https:\/\/www.steinberglawfirm.com\/workers-compensation\/\" target=\"_blank\" rel=\"noopener\">abogado experto en accidentes laborales South Carolina FedEx<\/a> hoy. En <a href=\"https:\/\/www.steinberglawfirm.com\/attorney\/\" target=\"_blank\" rel=\"noopener\">equipo en el Steinberg Law Firm<\/a> est\u00e1 aqu\u00ed para ayudar.&nbsp;<\/p>\n\n\n\n<h3 class=\"wp-block-heading\">Tipos de riesgo de accidente para los conductores de FedEx<\/h3>\n\n\n\n<p>Los conductores de FedEx utilizan una gran variedad de veh\u00edculos para llevar a cabo sus tareas diarias de reparto. Entre ellos se incluyen <a href=\"https:\/\/www.steinberglawfirm.com\/personal-injury\/truck-accidents\/\" target=\"_blank\" rel=\"noopener\">cabezas tractoras, camiones y furgonetas<\/a>. Los conductores de FedEx se enfrentan a los mismos riesgos en la carretera que los dem\u00e1s conductores, entre ellos:<\/p>\n\n\n\n<ul class=\"wp-block-list\">\n<li><a href=\"https:\/\/www.steinberglawfirm.com\/personal-injury\/auto-accidents\/speeding-car-accidents\/\" target=\"_blank\" rel=\"noopener\">Exceso de velocidad<\/a>.<\/li>\n\n\n\n<li><a href=\"https:\/\/www.steinberglawfirm.com\/personal-injury\/auto-accidents\/distracted-driving-accidents\/\" target=\"_blank\" rel=\"noopener\">Conducci\u00f3n distra\u00edda<\/a>.<\/li>\n\n\n\n<li>Conducir cansado o <a href=\"https:\/\/www.steinberglawfirm.com\/personal-injury\/auto-accidents\/drunk-driving-accident\/\" target=\"_blank\" rel=\"noopener\">alterado por medicamentos u otras sustancias<\/a>.&nbsp;<\/li>\n\n\n\n<li>Inclemencias meteorol\u00f3gicas como nieve, lluvia, hielo, aguanieve o niebla.<\/li>\n\n\n\n<li>Sem\u00e1foros, se\u00f1ales y carteles averiados o rotos.<\/li>\n\n\n\n<li>Problemas de mantenimiento del veh\u00edculo o <a href=\"https:\/\/www.steinberglawfirm.com\/personal-injury\/dangerous-products\/\" target=\"_blank\" rel=\"noopener\">mal funcionamiento de las piezas del veh\u00edculo<\/a>.<\/li>\n\n\n\n<li>Encontrarse con otros conductores que circulan con exceso de velocidad, distra\u00eddos, en estado de embriaguez o de forma temeraria.<\/li>\n<\/ul>\n\n\n\n<p>Los datos de la FMCSA muestran que los conductores de FedEx est\u00e1n comprometidos con la seguridad. La compa\u00f1\u00eda no recibi\u00f3 ninguna sanci\u00f3n por \"conducci\u00f3n insegura\" en ning\u00fan caso de aplicaci\u00f3n de seguridad de la FMCSA entre 2018 y 2023. En las inspecciones de m\u00e1s de 500 registros de conductores, la FMCSA no encontr\u00f3 evidencia de violaciones de horas de servicio. Del mismo modo, la FMCSA no registra problemas relacionados con drogas o alcohol entre los conductores de FedEx entre 2018 y 2023.&nbsp;<\/p>\n\n\n\n<p>Los conductores de FedEx saben que la seguridad en las carreteras es un compromiso compartido. Incluso los conductores que hacen su parte pueden resultar lesionados por otra persona o parte que no tenga el cuidado razonable para evitar un choque. Cuando se producen lesiones en un accidente, un conductor puede preguntarse c\u00f3mo hacer que las partes responsables rindan cuentas.&nbsp;<\/p>\n\n\n\n<h3 class=\"wp-block-heading\">Compensaci\u00f3n de los trabajadores despu\u00e9s de un accidente South Carolina FedEx<\/h3>\n\n\n\n<p>La indemnizaci\u00f3n por accidente laboral protege a los empleados South Carolina que se lesionan en el trabajo. Para un conductor de FedEx, una <a href=\"https:\/\/www.steinberglawfirm.com\/workers-compensation\/delivery-worker-injury\/\" target=\"_blank\" rel=\"noopener\">accidente de coche mientras repart\u00eda paquetes<\/a> puede ser una lesi\u00f3n en el trabajo.&nbsp;<\/p>\n\n\n\n<p>Si se lesiona mientras conduce su ruta FedEx:<\/p>\n\n\n\n<ul class=\"wp-block-list\">\n<li><strong>Informe inmediatamente a su supervisor. <\/strong>Comunique las lesiones a su supervisor lo antes posible. Tu supervisor puede presentar una reclamaci\u00f3n ante la Comisi\u00f3n Estatal de Indemnizaci\u00f3n por Accidentes de Trabajo.<\/li>\n\n\n\n<li><strong>Presente su propia reclamaci\u00f3n. <\/strong>El trabajador lesionado debe presentar una reclamaci\u00f3n de indemnizaci\u00f3n en un plazo de dos a\u00f1os a partir del accidente. Puedes encontrar formularios para presentar tu reclamaci\u00f3n en el sitio web de compensaci\u00f3n de trabajadores South Carolina.&nbsp;<\/li>\n\n\n\n<li><strong>Recoger y guardar pruebas y documentos. <\/strong>Conserve copias de todas sus facturas m\u00e9dicas, informaci\u00f3n de la comisi\u00f3n de compensaci\u00f3n de los trabajadores y cualquier otra documentaci\u00f3n relacionada con su accidente o trabajo.&nbsp;<\/li>\n<\/ul>\n\n\n\n<p>\u00bfNo sabe por d\u00f3nde empezar? <a href=\"https:\/\/www.steinberglawfirm.com\/contact-us\/\" target=\"_blank\" rel=\"noopener\">Hable con un abogado con experiencia South Carolina FedEx accidente<\/a>. Su abogado puede ayudarle a iniciar el proceso de indemnizaci\u00f3n por accidente laboral o a buscar cualquier otra forma de indemnizaci\u00f3n que pueda corresponderle.&nbsp;<\/p>\n\n\n\n<h3 class=\"wp-block-heading\">\u00bfQui\u00e9n es el culpable del accidente de un cami\u00f3n de FedEx?<\/h3>\n\n\n\n<p>Tras un accidente, un conductor puede quedar desconcertado. El conductor sabe que ha tomado las medidas habituales para mantener la seguridad. \u00bfQu\u00e9 fall\u00f3?&nbsp;<\/p>\n\n\n\n<p>Un accidente de FedEx puede causar da\u00f1os graves que no son culpa del conductor. Por ejemplo:<\/p>\n\n\n\n<ul class=\"wp-block-list\">\n<li>Otro conductor, ciclista o peat\u00f3n puede actuar con negligencia o imprudencia y provocar un accidente.<\/li>\n\n\n\n<li>El veh\u00edculo puede tener un defecto oculto en una de sus piezas que haga que esa pieza falle, provocando un accidente.<\/li>\n\n\n\n<li>Un mantenimiento descuidado del veh\u00edculo puede hacer que fallen la direcci\u00f3n, los frenos u otros sistemas cr\u00edticos, provocando un accidente.&nbsp;<\/li>\n\n\n\n<li>Las autoridades responsables del mantenimiento de los sem\u00e1foros, las calzadas o los puentes pueden descuidar su trabajo, creando las condiciones para que se produzca un accidente.&nbsp;<\/li>\n<\/ul>\n\n\n\n<p>Determinar qui\u00e9n tiene la culpa de un accidente de FedEx puede ser dif\u00edcil \u4e00 pero tambi\u00e9n es esencial para obtener una indemnizaci\u00f3n completa y justa por sus lesiones. Algunos accidentes con lesiones pueden ser a la vez un <a href=\"https:\/\/www.steinberglawfirm.com\/workers-compensation\/\" target=\"_blank\" rel=\"noopener\">caso de indemnizaci\u00f3n de los trabajadores<\/a> Y un <a href=\"https:\/\/www.steinberglawfirm.com\/personal-injury\/personal-injury-lawyers\/\" target=\"_blank\" rel=\"noopener\">caso de da\u00f1os personales<\/a>. Contar con un bufete de abogados con experiencia que pueda ocuparse de ambos tipos de casos es fundamental en esta situaci\u00f3n.<\/p>\n\n\n\n<h2 class=\"wp-block-heading\">Hable hoy mismo con un abogado especializado en accidentes de FedEx South Carolina<\/h2>\n\n\n\n<p>Si fueras <a href=\"https:\/\/www.steinberglawfirm.com\/locations\/charleston\/workers-compensation-lawyers\/delivery-driver-accident-lawyers\/\" target=\"_blank\" rel=\"noopener\">herido en un accidente<\/a> mientras conduc\u00eda para FedEx, es probable que su mundo se haya puesto patas arriba. Puede que est\u00e9 luchando contra lesiones graves. Puede que le preocupe cu\u00e1ndo podr\u00e1 volver al trabajo y c\u00f3mo pagar\u00e1 las facturas mientras tanto. Puede que se pregunte si volver\u00e1 a hacer el mismo trabajo o a disfrutar de las aficiones que antes le gustaban.<\/p>\n\n\n\n<p>Si esto le resulta familiar, hay esperanza. En <a href=\"https:\/\/www.steinberglawfirm.com\/\" target=\"_blank\" rel=\"noopener\">abogados expertos en accidentes de FedEx en el Steinberg Law Firm<\/a> sabemos lo que es que tu mundo cambie al instante. Estamos aqu\u00ed para responder a sus preguntas y proporcionarle orientaci\u00f3n competente y compasiva. M\u00e1s informaci\u00f3n, <a href=\"https:\/\/www.steinberglawfirm.com\/contact-us\/\" target=\"_blank\" rel=\"noopener\">contacte con nuestra oficina<\/a> hoy a <a href=\"https:\/\/www.steinberglawfirm.com\/free-consultation\/\" target=\"_blank\" rel=\"noopener\">programar una consulta gratuita<\/a> con uno de nuestros abogados de accidentes.<\/p>","protected":false},"excerpt":{"rendered":"<p>South Carolina Abogados de accidentes de FedEx Abogados experimentados en accidentes de South Carolina ayudan a proteger a los conductores de FedEx despu\u00e9s de accidentes en el trabajo Federal Express Corporation, popularmente llamada \"FedEx\", maneja alrededor de 16,5 millones de paquetes diarios, con m\u00e1s de 210.000 veh\u00edculos en su flota. FedEx emplea a m\u00e1s de 850.000 personas; 18 por ciento de su fuerza de trabajo tiene una licencia de conducir comercial (CDL), mientras que miles m\u00e1s...<\/p>","protected":false},"author":1,"featured_media":28821,"parent":8874,"menu_order":0,"comment_status":"closed","ping_status":"closed","template":"","meta":{"_acf_changed":false,"footnotes":""},"class_list":["post-28817","page","type-page","status-publish","has-post-thumbnail","hentry"],"acf":[],"_links":{"self":[{"href":"https:\/\/steinberglawfirm-staging.clmcloud.app\/es\/wp-json\/wp\/v2\/pages\/28817"}],"collection":[{"href":"https:\/\/steinberglawfirm-staging.clmcloud.app\/es\/wp-json\/wp\/v2\/pages"}],"about":[{"href":"https:\/\/steinberglawfirm-staging.clmcloud.app\/es\/wp-json\/wp\/v2\/types\/page"}],"author":[{"embeddable":true,"href":"https:\/\/steinberglawfirm-staging.clmcloud.app\/es\/wp-json\/wp\/v2\/users\/1"}],"replies":[{"embeddable":true,"href":"https:\/\/steinberglawfirm-staging.clmcloud.app\/es\/wp-json\/wp\/v2\/comments?post=28817"}],"version-history":[{"count":4,"href":"https:\/\/steinberglawfirm-staging.clmcloud.app\/es\/wp-json\/wp\/v2\/pages\/28817\/revisions"}],"predecessor-version":[{"id":30445,"href":"https:\/\/steinberglawfirm-staging.clmcloud.app\/es\/wp-json\/wp\/v2\/pages\/28817\/revisions\/30445"}],"up":[{"embeddable":true,"href":"https:\/\/steinberglawfirm-staging.clmcloud.app\/es\/wp-json\/wp\/v2\/pages\/8874"}],"wp:featuredmedia":[{"embeddable":true,"href":"https:\/\/steinberglawfirm-staging.clmcloud.app\/es\/wp-json\/wp\/v2\/media\/28821"}],"wp:attachment":[{"href":"https:\/\/steinberglawfirm-staging.clmcloud.app\/es\/wp-json\/wp\/v2\/media?parent=28817"}],"curies":[{"name":"wp","href":"https:\/\/api.w.org\/{rel}","templated":true}]}}