{"id":2880,"date":"2017-08-30T23:49:38","date_gmt":"2017-08-30T23:49:38","guid":{"rendered":"https:\/\/www.steinberglawfirm.com\/?page_id=2880"},"modified":"2022-04-19T23:37:54","modified_gmt":"2022-04-19T23:37:54","slug":"violation-of-patient-privacy-laws","status":"publish","type":"page","link":"https:\/\/steinberglawfirm-staging.clmcloud.app\/es\/articulos\/violacion-de-las-leyes-de-privacidad-de-los-pacientes\/","title":{"rendered":"Violaci\u00f3n de las leyes de privacidad del paciente"},"content":{"rendered":"<h1 class=\"wp-block-heading\">Violaci\u00f3n de las leyes de privacidad del paciente<\/h1>\n\n\n\n<div style=\"height:15px\" aria-hidden=\"true\" class=\"wp-block-spacer\"><\/div>\n\n\n\n<p>Se supone que una persona enferma o lesionada puede disfrutar de una privacidad legalmente protegida cuando busca tratamiento. Sin embargo, los m\u00e9dicos y otros proveedores de atenci\u00f3n m\u00e9dica no siempre respetan estos acuerdos de confidencialidad m\u00e9dico-paciente. En muchos casos, esta violaci\u00f3n de las leyes de privacidad del paciente puede permitirle emprender acciones legales. Sin embargo, hay algunos casos en los que un m\u00e9dico puede divulgar la informaci\u00f3n de sus pacientes.<\/p>\n\n\n\n<p>Si su m\u00e9dico ha divulgado ilegalmente su informaci\u00f3n, usted puede responsabilizar a esa persona por su comportamiento negligente. Para m\u00e1s informaci\u00f3n sobre sus opciones legales si su m\u00e9dico le ha maltratado, p\u00f3ngase en contacto con el Charleston&nbsp;<a href=\"https:\/\/www.steinberglawfirm.com\/practice-areas\/medical-malpractice\/\" target=\"_blank\" rel=\"noopener\">abogados de negligencia m\u00e9dica<\/a>&nbsp;de la&nbsp;<a href=\"https:\/\/www.steinberglawfirm.com\/about-us\/\" target=\"_blank\" rel=\"noopener\">Steinberg Law Firm<\/a>&nbsp;llamando al 843-720-2800 hoy mismo.<\/p>\n\n\n\n<p><strong>EXCEPCIONES DE LAS LEYES DE PRIVACIDAD DEL PACIENTE<\/strong><\/p>\n\n\n\n<p>En algunas situaciones, un m\u00e9dico est\u00e1 obligado por ley a ceder la informaci\u00f3n de sus pacientes a otra persona que lo solicite. Algunas de estas excepciones est\u00e1n pensadas para favorecer la salud p\u00fablica en general y permitir una mejor respuesta de emergencia a un problema de salud grave. Otras son simplemente el resultado de requisitos legales de un tribunal.<\/p>\n\n\n\n<p>Las excepciones a los acuerdos de confidencialidad m\u00e9dico-paciente pueden ser las siguientes:<\/p>\n\n\n\n<ul class=\"wp-block-list\"><li>Informaci\u00f3n proporcionada a las aseguradoras<\/li><li>Registros entregados a los funcionarios de salud p\u00fablica<\/li><li>Pruebas de maltrato infantil<\/li><li>Informaci\u00f3n entregada tras una citaci\u00f3n judicial<\/li><\/ul>\n\n\n\n<p>Fuera de las pocas excepciones previstas por la ley, un m\u00e9dico no puede dar informaci\u00f3n sobre el tratamiento o el diagn\u00f3stico sin el consentimiento del paciente.<\/p>\n\n\n\n<h2 class=\"wp-block-heading\">Abogados de lesiones personales que representan a Charleston y \u00e1reas cercanas de South Carolina<\/h2>\n\n\n\n<p><strong>CONTACTAR CON NOSOTROS<\/strong><\/p>\n\n\n\n<p>Si su m\u00e9dico ha regalado o distribuido ilegalmente su historial m\u00e9dico, usted puede tener derecho a emprender acciones legales contra esa persona. Para obtener m\u00e1s informaci\u00f3n sobre sus opciones como paciente perjudicado, p\u00f3ngase en contacto con los abogados de negligencia m\u00e9dica del Charleston hoy en el 843-720-2800.<\/p>","protected":false},"excerpt":{"rendered":"<p>Violaci\u00f3n de las leyes de privacidad del paciente Se supone que una persona enferma o lesionada puede disfrutar de una privacidad legalmente protegida cuando busca tratamiento. Sin embargo, los m\u00e9dicos y otros proveedores de atenci\u00f3n m\u00e9dica no siempre respetan estos acuerdos de confidencialidad m\u00e9dico-paciente. En muchos casos, esta violaci\u00f3n de las leyes de privacidad del paciente puede permitirle emprender acciones legales....<\/p>","protected":false},"author":1,"featured_media":5589,"parent":2195,"menu_order":0,"comment_status":"closed","ping_status":"closed","template":"","meta":{"_acf_changed":false,"footnotes":""},"class_list":["post-2880","page","type-page","status-publish","has-post-thumbnail","hentry"],"acf":[],"_links":{"self":[{"href":"https:\/\/steinberglawfirm-staging.clmcloud.app\/es\/wp-json\/wp\/v2\/pages\/2880"}],"collection":[{"href":"https:\/\/steinberglawfirm-staging.clmcloud.app\/es\/wp-json\/wp\/v2\/pages"}],"about":[{"href":"https:\/\/steinberglawfirm-staging.clmcloud.app\/es\/wp-json\/wp\/v2\/types\/page"}],"author":[{"embeddable":true,"href":"https:\/\/steinberglawfirm-staging.clmcloud.app\/es\/wp-json\/wp\/v2\/users\/1"}],"replies":[{"embeddable":true,"href":"https:\/\/steinberglawfirm-staging.clmcloud.app\/es\/wp-json\/wp\/v2\/comments?post=2880"}],"version-history":[{"count":1,"href":"https:\/\/steinberglawfirm-staging.clmcloud.app\/es\/wp-json\/wp\/v2\/pages\/2880\/revisions"}],"predecessor-version":[{"id":20031,"href":"https:\/\/steinberglawfirm-staging.clmcloud.app\/es\/wp-json\/wp\/v2\/pages\/2880\/revisions\/20031"}],"up":[{"embeddable":true,"href":"https:\/\/steinberglawfirm-staging.clmcloud.app\/es\/wp-json\/wp\/v2\/pages\/2195"}],"wp:featuredmedia":[{"embeddable":true,"href":"https:\/\/steinberglawfirm-staging.clmcloud.app\/es\/wp-json\/wp\/v2\/media\/5589"}],"wp:attachment":[{"href":"https:\/\/steinberglawfirm-staging.clmcloud.app\/es\/wp-json\/wp\/v2\/media?parent=2880"}],"curies":[{"name":"wp","href":"https:\/\/api.w.org\/{rel}","templated":true}]}}