{"id":2878,"date":"2017-08-30T23:48:49","date_gmt":"2017-08-30T23:48:49","guid":{"rendered":"https:\/\/www.steinberglawfirm.com\/?page_id=2878"},"modified":"2022-04-19T23:37:24","modified_gmt":"2022-04-19T23:37:24","slug":"upper-gastrointestinal-bleed-treatments","status":"publish","type":"page","link":"https:\/\/steinberglawfirm-staging.clmcloud.app\/es\/articulos\/tratamientos-de-sangrado-gastrointestinal-superior\/","title":{"rendered":"Tratamientos de las hemorragias digestivas altas"},"content":{"rendered":"<h1 class=\"wp-block-heading\">Tratamientos de las hemorragias digestivas altas<\/h1>\n\n\n\n<div style=\"height:15px\" aria-hidden=\"true\" class=\"wp-block-spacer\"><\/div>\n\n\n\n<p>Las hemorragias digestivas altas (que pueden estar relacionadas con diversas enfermedades) requieren un tratamiento especialmente cuidadoso. Estas emergencias m\u00e9dicas pueden provocar una p\u00e9rdida masiva de sangre en el sistema digestivo, causando da\u00f1os relacionados tanto con la p\u00e9rdida de sangre como con el efecto de \u00e9sta en los procesos digestivos. Existe una variedad de opciones de tratamiento empleadas para combatir este problema potencialmente mortal, y es deber del m\u00e9dico del paciente seleccionar la m\u00e1s razonable.<\/p>\n\n\n\n<p>Para saber m\u00e1s sobre sus opciones legales tras un tratamiento m\u00e9dico negligente, contacte con el&nbsp;<a href=\"https:\/\/www.steinberglawfirm.com\/practice-areas\/medical-malpractice\/\" target=\"_blank\" rel=\"noopener\">Charleston abogados de negligencia m\u00e9dica<\/a>&nbsp;de la&nbsp;<a href=\"https:\/\/www.steinberglawfirm.com\/about-us\/\" target=\"_blank\" rel=\"noopener\">Steinberg Law Firm<\/a>&nbsp;llamando al 843-720-2800.<\/p>\n\n\n\n<p><strong>PROBLEMAS DE TRATAMIENTO<\/strong><\/p>\n\n\n\n<p>Suponiendo que un diagn\u00f3stico exhaustivo revele el origen de la hemorragia, es responsabilidad del m\u00e9dico proporcionar un tratamiento que no cause m\u00e1s da\u00f1o al paciente. Aunque hay varias opciones de tratamiento disponibles para esta emergencia, tambi\u00e9n hay consideraciones que pueden estar relacionadas con estas opciones. El m\u00e9dico debe tener en cuenta lo siguiente si se presenta:<\/p>\n\n\n\n<ul class=\"wp-block-list\"><li>Posibles complicaciones farmac\u00e9uticas<\/li><li>Estr\u00e9s corporal por opciones quir\u00fargicas invasivas<\/li><li>Problemas relativos a los equilibrios qu\u00edmicos<\/li><li>Problemas de salud concurrentes o preexistentes<\/li><\/ul>\n\n\n\n<p>Adem\u00e1s de una opci\u00f3n de tratamiento que aborde directamente la hemorragia, el profesional sanitario debe proporcionar al paciente una atenci\u00f3n adecuada para la p\u00e9rdida de sangre ya sufrida. Esto puede requerir soluciones intravenosas para restablecer los nutrientes o incluso introducir sangre de sustituci\u00f3n.<\/p>\n\n\n\n<h2 class=\"wp-block-heading\">Abogados de lesiones personales que representan a Charleston y \u00e1reas cercanas de South Carolina<\/h2>\n\n\n\n<p><strong>CONTACTAR CON NOSOTROS<\/strong><\/p>\n\n\n\n<p>Usted y su familia se merecen un tratamiento m\u00e9dico adecuado. Cuando no se le proporciona, puede tener derecho a una compensaci\u00f3n econ\u00f3mica. Para obtener m\u00e1s informaci\u00f3n sobre sus derechos como paciente, p\u00f3ngase en contacto con los abogados de negligencia m\u00e9dica del Charleston en el 843-720-2800 hoy mismo.<\/p>","protected":false},"excerpt":{"rendered":"<p>Tratamientos de las hemorragias gastrointestinales superiores Las hemorragias gastrointestinales superiores (que pueden estar relacionadas con diversas enfermedades) requieren un tratamiento especialmente cuidadoso. Estas emergencias m\u00e9dicas pueden provocar una p\u00e9rdida masiva de sangre en el sistema digestivo, causando da\u00f1os relacionados tanto con la p\u00e9rdida de sangre como con el efecto de \u00e9sta en los procesos digestivos. Hay una...<\/p>","protected":false},"author":1,"featured_media":18839,"parent":2195,"menu_order":0,"comment_status":"closed","ping_status":"closed","template":"","meta":{"_acf_changed":false,"footnotes":""},"class_list":["post-2878","page","type-page","status-publish","has-post-thumbnail","hentry"],"acf":[],"_links":{"self":[{"href":"https:\/\/steinberglawfirm-staging.clmcloud.app\/es\/wp-json\/wp\/v2\/pages\/2878"}],"collection":[{"href":"https:\/\/steinberglawfirm-staging.clmcloud.app\/es\/wp-json\/wp\/v2\/pages"}],"about":[{"href":"https:\/\/steinberglawfirm-staging.clmcloud.app\/es\/wp-json\/wp\/v2\/types\/page"}],"author":[{"embeddable":true,"href":"https:\/\/steinberglawfirm-staging.clmcloud.app\/es\/wp-json\/wp\/v2\/users\/1"}],"replies":[{"embeddable":true,"href":"https:\/\/steinberglawfirm-staging.clmcloud.app\/es\/wp-json\/wp\/v2\/comments?post=2878"}],"version-history":[{"count":1,"href":"https:\/\/steinberglawfirm-staging.clmcloud.app\/es\/wp-json\/wp\/v2\/pages\/2878\/revisions"}],"predecessor-version":[{"id":20030,"href":"https:\/\/steinberglawfirm-staging.clmcloud.app\/es\/wp-json\/wp\/v2\/pages\/2878\/revisions\/20030"}],"up":[{"embeddable":true,"href":"https:\/\/steinberglawfirm-staging.clmcloud.app\/es\/wp-json\/wp\/v2\/pages\/2195"}],"wp:featuredmedia":[{"embeddable":true,"href":"https:\/\/steinberglawfirm-staging.clmcloud.app\/es\/wp-json\/wp\/v2\/media\/18839"}],"wp:attachment":[{"href":"https:\/\/steinberglawfirm-staging.clmcloud.app\/es\/wp-json\/wp\/v2\/media?parent=2878"}],"curies":[{"name":"wp","href":"https:\/\/api.w.org\/{rel}","templated":true}]}}