{"id":2876,"date":"2017-08-30T23:47:59","date_gmt":"2017-08-30T23:47:59","guid":{"rendered":"https:\/\/www.steinberglawfirm.com\/?page_id=2876"},"modified":"2022-04-19T23:36:35","modified_gmt":"2022-04-19T23:36:35","slug":"types-of-visitors-for-premises-liability","status":"publish","type":"page","link":"https:\/\/steinberglawfirm-staging.clmcloud.app\/es\/articulos\/tipos-de-visitantes-para-responsabilidad-civil\/","title":{"rendered":"Tipos de visitantes para la responsabilidad de los locales"},"content":{"rendered":"<h1 class=\"wp-block-heading\">Tipos de visitantes para la responsabilidad de los locales<\/h1>\n\n\n\n<div style=\"height:15px\" aria-hidden=\"true\" class=\"wp-block-spacer\"><\/div>\n\n\n\n<p><a href=\"https:\/\/www.steinberglawfirm.com\/practice-areas\/premises-liability\/\" target=\"_blank\" rel=\"noopener\">Responsabilidad civil de los locales<\/a>&nbsp;es el conjunto de leyes relativas a los deberes del propietario con sus hu\u00e9spedes. El alcance de estos deberes depende de la clasificaci\u00f3n legal de determinados invitados. South Carolina reconoce cuatro tipos b\u00e1sicos de visitantes: los titulares de licencias comerciales, los invitados, los ni\u00f1os y los intrusos.<\/p>\n\n\n\n<p>Si est\u00e1 interesado en presentar una demanda de responsabilidad civil contra un propietario negligente, el primer paso ser\u00e1 determinar qu\u00e9 tipo de responsabilidades legales tiene esa parte hacia usted. Para obtener asistencia jur\u00eddica bien informada, llame a un abogado especializado en responsabilidad civil de las instalaciones Charleston al&nbsp;<a href=\"https:\/\/www.steinberglawfirm.com\/about-us\/\" target=\"_blank\" rel=\"noopener\">Steinberg Law Firm<\/a>&nbsp;llamando al 843-720-2800.<\/p>\n\n\n\n<p><strong>LAS CUATRO CATEGOR\u00cdAS DE VISITANTES<\/strong><\/p>\n\n\n\n<p>En la ley de responsabilidad de locales South Carolina, los tipos de visitantes legalmente reconocidos son:<\/p>\n\n\n\n<ul class=\"wp-block-list\"><li>Invitaci\u00f3n a un negocio: Cuando una empresa abre sus puertas al p\u00fablico, est\u00e1 invitando a todo el mundo a su propiedad durante el horario comercial. Debido a esta invitaci\u00f3n permanente, las empresas tienen el deber de prevenir las lesiones previsibles y evitables a todos sus invitados.<\/li><li>Concesionario: Un licenciatario es un invitado privado a la casa de un individuo o familia. Los propietarios tienen la obligaci\u00f3n de reparar cualquier peligro que conozcan en su propiedad o de advertir a sus invitados sobre estos peligros. Es m\u00e1s dif\u00edcil presentar una&nbsp;<a href=\"https:\/\/www.steinberglawfirm.com\/practice-areas\/personal-injury\/\" target=\"_blank\" rel=\"noopener\">da\u00f1os personales<\/a>&nbsp;reclamar como licenciatario que como invitado comercial.<\/li><li>Ni\u00f1os: La ley reconoce que los ni\u00f1os no pueden asumir la misma responsabilidad por su propia seguridad que los adultos. Los propietarios deben tomar precauciones razonables para proteger a los ni\u00f1os invitados y a los intrusos de cualquier da\u00f1o. Para determinar la responsabilidad de un ni\u00f1o que entra en una propiedad ajena, el tribunal tendr\u00e1 en cuenta su edad, madurez y experiencia.<\/li><li>Intruso: Un intruso entra en una propiedad privada sin permiso de su propietario. Los propietarios tienen muy poca responsabilidad sobre los intrusos adultos. S\u00f3lo tienen que evitar herir deliberadamente a los intrusos m\u00e1s de lo necesario para protegerse.<\/li><\/ul>\n\n\n\n<p>Si tiene alguna pregunta sobre sus derechos y responsabilidades como hu\u00e9sped, un abogado especializado en responsabilidad civil de locales Charleston puede ayudarle.<\/p>\n\n\n\n<h2 class=\"wp-block-heading\">Abogados de lesiones personales que representan a Charleston y \u00e1reas cercanas de South Carolina<\/h2>\n\n\n\n<p><strong>CONTACTAR CON NOSOTROS<\/strong><\/p>\n\n\n\n<p>No siempre es f\u00e1cil presentar con \u00e9xito una reclamaci\u00f3n de responsabilidad civil de los locales. Para obtener asesoramiento y asistencia legal,&nbsp;<a href=\"https:\/\/www.steinberglawfirm.com\/contact-us\/\" target=\"_blank\" rel=\"noopener\">contactar con<\/a>&nbsp;el Steinberg Law Firm al 843-720-2800 para hablar con un abogado especializado en responsabilidad civil de locales.<\/p>","protected":false},"excerpt":{"rendered":"<p>Tipos de visitantes para la responsabilidad de los locales La responsabilidad de los locales es el conjunto de leyes relativas a los deberes del due\u00f1o de una propiedad para con sus hu\u00e9spedes. El alcance de estas obligaciones depende de la clasificaci\u00f3n legal de determinados visitantes. El South Carolina reconoce cuatro tipos b\u00e1sicos de visitantes: los titulares de licencias comerciales, los invitados, los ni\u00f1os y los intrusos. Si est\u00e1 interesado en presentar...<\/p>","protected":false},"author":1,"featured_media":5589,"parent":2195,"menu_order":0,"comment_status":"closed","ping_status":"closed","template":"","meta":{"_acf_changed":false,"footnotes":""},"class_list":["post-2876","page","type-page","status-publish","has-post-thumbnail","hentry"],"acf":[],"_links":{"self":[{"href":"https:\/\/steinberglawfirm-staging.clmcloud.app\/es\/wp-json\/wp\/v2\/pages\/2876"}],"collection":[{"href":"https:\/\/steinberglawfirm-staging.clmcloud.app\/es\/wp-json\/wp\/v2\/pages"}],"about":[{"href":"https:\/\/steinberglawfirm-staging.clmcloud.app\/es\/wp-json\/wp\/v2\/types\/page"}],"author":[{"embeddable":true,"href":"https:\/\/steinberglawfirm-staging.clmcloud.app\/es\/wp-json\/wp\/v2\/users\/1"}],"replies":[{"embeddable":true,"href":"https:\/\/steinberglawfirm-staging.clmcloud.app\/es\/wp-json\/wp\/v2\/comments?post=2876"}],"version-history":[{"count":2,"href":"https:\/\/steinberglawfirm-staging.clmcloud.app\/es\/wp-json\/wp\/v2\/pages\/2876\/revisions"}],"predecessor-version":[{"id":20029,"href":"https:\/\/steinberglawfirm-staging.clmcloud.app\/es\/wp-json\/wp\/v2\/pages\/2876\/revisions\/20029"}],"up":[{"embeddable":true,"href":"https:\/\/steinberglawfirm-staging.clmcloud.app\/es\/wp-json\/wp\/v2\/pages\/2195"}],"wp:featuredmedia":[{"embeddable":true,"href":"https:\/\/steinberglawfirm-staging.clmcloud.app\/es\/wp-json\/wp\/v2\/media\/5589"}],"wp:attachment":[{"href":"https:\/\/steinberglawfirm-staging.clmcloud.app\/es\/wp-json\/wp\/v2\/media?parent=2876"}],"curies":[{"name":"wp","href":"https:\/\/api.w.org\/{rel}","templated":true}]}}